{"id":5799,"date":"2024-12-05T18:39:34","date_gmt":"2024-12-05T18:39:34","guid":{"rendered":"https:\/\/www.hyflexpack.com\/?post_type=product&#038;p=5799"},"modified":"2025-09-09T10:56:17","modified_gmt":"2025-09-09T10:56:17","slug":"custom-cosmetic-packaging-3-side-seal","status":"publish","type":"product","link":"https:\/\/www.hyflexpack.com\/tr\/product\/custom-cosmetic-packaging-3-side-seal\/","title":{"rendered":"\u00d6zel Kozmetik Ambalaj 3 Yan M\u00fch\u00fcr K\u0131l\u0131f\u0131, G\u00fczellik Y\u00fcz Maskesi Paketi \u00c7antas\u0131"},"content":{"rendered":"<div class=\"wp-block-columns is-layout-flex wp-container-core-columns-is-layout-9d6595d7 wp-block-columns-is-layout-flex\">\n<div class=\"wp-block-column is-layout-flow wp-block-column-is-layout-flow\">\n<h3 class=\"wp-block-heading\">\u00d6zel Kozmetik Ambalajlar\u0131n\u0131n \u00d6zellikleri<\/h3>\n\n\n\n<ul class=\"wp-block-list\">\n<li><strong>Y\u00fcksek Kaliteli Malzeme<\/strong>Torban\u0131n sa\u011flaml\u0131\u011f\u0131n\u0131 ve dayan\u0131kl\u0131l\u0131\u011f\u0131n\u0131 sa\u011flamak i\u00e7in y\u00fcksek kaliteli esnek ambalaj malzemesi kullan\u0131l\u0131r, bu da \u00fcr\u00fcn\u00fc d\u0131\u015f kontaminasyondan etkili bir \u015fekilde koruyabilir ve g\u00fczellik maskesinin tazeli\u011fini ve etkinli\u011fini sa\u011flayabilir. <\/li>\n\n\n\n<li><strong>\u00dc\u00e7 taraf\u0131 s\u0131zd\u0131rmaz tasar\u0131m<\/strong>: Benzersiz \u00fc\u00e7 tarafl\u0131 s\u0131zd\u0131rmazl\u0131k yap\u0131s\u0131, maske \u00fcr\u00fcn\u00fcn\u00fcn s\u0131zmas\u0131n\u0131 veya nemlenmesini \u00f6nlemek i\u00e7in iyi bir s\u0131zd\u0131rmazl\u0131k etkisi sunar ve \u00f6zel kozmetik ambalaj\u0131n g\u00fcvenli\u011fini ve b\u00fct\u00fcnl\u00fc\u011f\u00fcn\u00fc sa\u011flar.<\/li>\n\n\n\n<li><strong>\u00c7evre Dostu ve Geri D\u00f6n\u00fc\u015ft\u00fcr\u00fclebilir<\/strong>: K\u00fcresel \u00e7evre standartlar\u0131na uygun olarak geri d\u00f6n\u00fc\u015ft\u00fcr\u00fclebilir ve \u00e7evre dostu malzemelerin kullan\u0131lmas\u0131, modern t\u00fcketicinin s\u00fcrd\u00fcr\u00fclebilir kalk\u0131nma ve \u00e7evresel etkinin azalt\u0131lmas\u0131na y\u00f6nelik talebinin kar\u015f\u0131lanmas\u0131na yard\u0131mc\u0131 olur.<\/li>\n\n\n\n<li><strong>Y\u00fcksek Kaliteli Bask\u0131 Efekti<\/strong>: Geli\u015fmi\u015f bask\u0131 teknolojisi, net, canl\u0131 ve dayan\u0131kl\u0131 desenler sa\u011flayarak marka imaj\u0131n\u0131 ve \u00fcr\u00fcn kalitesini vurgular ve m\u00fc\u015fterilerin dikkatini \u00e7eker.<\/li>\n\n\n\n<li><strong>Hafif ve Kullan\u0131\u015fl\u0131<\/strong>Hafif tasar\u0131m, 3 taraf\u0131 kapal\u0131 po\u015feti ki\u015fisel kullan\u0131m ve \u00f6zellikle perakende ve \u00e7evrimi\u00e7i sat\u0131\u015flar i\u00e7in birden fazla sat\u0131\u015f kanal\u0131 i\u00e7in daha uygun hale getirir.<\/li>\n\n\n\n<li><strong>Ki\u015fiselle\u015ftirme<\/strong>: Marka sahiplerinin benzersiz ihtiya\u00e7lar\u0131n\u0131 kar\u015f\u0131lamak ve pazar rekabet g\u00fcc\u00fcn\u00fc art\u0131rmak i\u00e7in boyut, renk, desen ve malzeme dahil olmak \u00fczere eksiksiz bir \u00f6zelle\u015ftirme hizmetleri yelpazesi sunun.<\/li>\n\n\n\n<li><strong>Nem ge\u00e7irmez ve Antioksidatif<\/strong>: En iyi maskeleme etkisini uzun s\u00fcre korumak i\u00e7in \u00fcst\u00fcn nem direnci ve antioksidatif etki performanslar\u0131 kullanan \u00f6zel al\u00fcminyum folyo tabakas\u0131 veya birle\u015fik film.<\/li>\n\n\n\n<li><strong>Uygulama Kapsam\u0131<\/strong>\u00c7e\u015fitli g\u00fczellik maskeleri, cilt bak\u0131m \u00fcr\u00fcnleri ve y\u00fcz cilt bak\u0131m ambalajlar\u0131 i\u00e7in ge\u00e7erlidir ve \u00fcst d\u00fczey \u00f6zel kozmetik ambalajlarda t\u00fcketici gereksinimlerini kar\u015f\u0131lar.<\/li>\n<\/ul>\n<\/div>\n\n\n\n<div class=\"wp-block-column is-layout-flow wp-block-column-is-layout-flow\">\n<h2 class=\"wp-block-heading\"><\/h2>\n\n\n\n<figure class=\"wp-block-image size-full\"><img fetchpriority=\"high\" decoding=\"async\" width=\"750\" height=\"750\" src=\"https:\/\/www.hyflexpack.com\/wp-content\/uploads\/2024\/11\/Custom-Flexible-Packaging-Bags1.webp\" alt=\"\u00d6zel Kozmetik Ambalaj\u0131 - 3 Tarafl\u0131 M\u00fch\u00fcrl\u00fc Po\u015fet\" class=\"wp-image-5786\" srcset=\"https:\/\/www.hyflexpack.com\/wp-content\/uploads\/2024\/11\/Custom-Flexible-Packaging-Bags1.webp 750w, https:\/\/www.hyflexpack.com\/wp-content\/uploads\/2024\/11\/Custom-Flexible-Packaging-Bags1-300x300.webp 300w, https:\/\/www.hyflexpack.com\/wp-content\/uploads\/2024\/11\/Custom-Flexible-Packaging-Bags1-150x150.webp 150w, https:\/\/www.hyflexpack.com\/wp-content\/uploads\/2024\/11\/Custom-Flexible-Packaging-Bags1-12x12.webp 12w, https:\/\/www.hyflexpack.com\/wp-content\/uploads\/2024\/11\/Custom-Flexible-Packaging-Bags1-285x285.webp 285w, https:\/\/www.hyflexpack.com\/wp-content\/uploads\/2024\/11\/Custom-Flexible-Packaging-Bags1-270x270.webp 270w, https:\/\/www.hyflexpack.com\/wp-content\/uploads\/2024\/11\/Custom-Flexible-Packaging-Bags1-540x540.webp 540w, https:\/\/www.hyflexpack.com\/wp-content\/uploads\/2024\/11\/Custom-Flexible-Packaging-Bags1-660x660.webp 660w\" sizes=\"(max-width: 750px) 100vw, 750px\" \/><\/figure>\n<\/div>\n<\/div>\n\n\n\n<p><\/p>","protected":false},"excerpt":{"rendered":"<p>\u00d6zelle\u015ftirilmi\u015f bir kozmetik ambalaj \u00e7\u00f6z\u00fcm\u00fc m\u00fc ar\u0131yorsunuz? 3 taraf\u0131 kapal\u0131 po\u015fetimiz g\u00fczellik maskesi ambalaj\u0131 i\u00e7in m\u00fckemmel \u015fekilde uygundur. Nem ve oksidasyon korumas\u0131 sa\u011flar ve marka imaj\u0131n\u0131 geli\u015ftirmek ve daha fazla t\u00fcketici \u00e7ekmek i\u00e7in \u00f6zel kozmetik ambalaj \u00f6zelle\u015ftirmesini destekler. Daha fazlas\u0131n\u0131 \u00f6\u011frenmek i\u00e7in bug\u00fcn bize ula\u015f\u0131n!<\/p>\n<h3>Kozmetik Ambalaj Tedarik\u00e7isinin Avantajlar\u0131<\/h3>\n<ul>\n<li>\n<p><strong>\u00d6zel Kozmetik Ambalajlar\u0131<\/strong><span style=\"font-size: 16px;\">: M\u00fc\u015fterilerin ihtiya\u00e7lar\u0131n\u0131 kar\u015f\u0131lamak i\u00e7in \u00f6zelle\u015ftirilmi\u015f malzeme, boyut ve bask\u0131 deseni \u00f6zelle\u015ftirmesi sa\u011fl\u0131yoruz ve <\/span><a style=\"font-size: 16px;\" href=\"https:\/\/www.hyflexpack.com\/tr\/ozel-esnek-ambalajlar\/\"><strong>OEM ve ODM deste\u011fi<\/strong><\/a><span style=\"font-size: 16px;\">.<\/span><\/p>\n<\/li>\n<li><strong>\u00dcretim<\/strong>: Geli\u015fmi\u015f ekipman ve teknoloji ile sipari\u015flerin \u00fcretimini y\u00fcksek verimlilik ve y\u00fcksek kalite ile tamamlayabilir ve zaman\u0131nda teslim edebiliriz.<\/li>\n<li><strong>Kalite Denetimi<\/strong>: \u00dcr\u00fcnlerin standartlar\u0131 kar\u015f\u0131lad\u0131\u011f\u0131ndan emin olmak i\u00e7in kalite standartlar\u0131n\u0131 ve g\u0131da g\u00fcvenli\u011fi gereksinimlerini s\u0131k\u0131 bir \u015fekilde takip edin.<\/li>\n<li><strong>Teknik Destek Ekibi<\/strong>: Ekibimiz zengin end\u00fcstri deneyimine ve profesyonel bilgiye sahiptir ve m\u00fc\u015fterilerimize teknik destek ve 24 saat dan\u0131\u015fmanl\u0131k hizmeti sa\u011flayabilir.<\/li>\n<li><strong>\u00dccretsiz \u00d6rnek<\/strong>: \u00dc\u00e7 taraf\u0131 m\u00fch\u00fcrl\u00fc po\u015feti de\u011ferlendirmeniz i\u00e7in \u00fccretsiz numune hizmeti sa\u011flay\u0131n.<\/li>\n<\/ul>","protected":false},"featured_media":5788,"comment_status":"open","ping_status":"closed","template":"","meta":[],"product_brand":[],"product_cat":[52],"product_tag":[],"class_list":{"0":"post-5799","1":"product","2":"type-product","3":"status-publish","4":"has-post-thumbnail","6":"product_cat-custom-daily-chemical-packaging","8":"first","9":"instock","10":"shipping-taxable","11":"product-type-simple"},"_links":{"self":[{"href":"https:\/\/www.hyflexpack.com\/tr\/wp-json\/wp\/v2\/product\/5799","targetHints":{"allow":["GET"]}}],"collection":[{"href":"https:\/\/www.hyflexpack.com\/tr\/wp-json\/wp\/v2\/product"}],"about":[{"href":"https:\/\/www.hyflexpack.com\/tr\/wp-json\/wp\/v2\/types\/product"}],"replies":[{"embeddable":true,"href":"https:\/\/www.hyflexpack.com\/tr\/wp-json\/wp\/v2\/comments?post=5799"}],"wp:featuredmedia":[{"embeddable":true,"href":"https:\/\/www.hyflexpack.com\/tr\/wp-json\/wp\/v2\/media\/5788"}],"wp:attachment":[{"href":"https:\/\/www.hyflexpack.com\/tr\/wp-json\/wp\/v2\/media?parent=5799"}],"wp:term":[{"taxonomy":"product_brand","embeddable":true,"href":"https:\/\/www.hyflexpack.com\/tr\/wp-json\/wp\/v2\/product_brand?post=5799"},{"taxonomy":"product_cat","embeddable":true,"href":"https:\/\/www.hyflexpack.com\/tr\/wp-json\/wp\/v2\/product_cat?post=5799"},{"taxonomy":"product_tag","embeddable":true,"href":"https:\/\/www.hyflexpack.com\/tr\/wp-json\/wp\/v2\/product_tag?post=5799"}],"curies":[{"name":"wp","href":"https:\/\/api.w.org\/{rel}","templated":true}]}}