{"id":5794,"date":"2024-12-06T07:21:58","date_gmt":"2024-12-06T07:21:58","guid":{"rendered":"https:\/\/www.hyflexpack.com\/?post_type=product&#038;p=5794"},"modified":"2025-11-04T09:20:51","modified_gmt":"2025-11-04T09:20:51","slug":"oem-flexible-packaging-film","status":"publish","type":"product","link":"https:\/\/www.hyflexpack.com\/tr\/product\/oem-flexible-packaging-film\/","title":{"rendered":"OEM Esnek Ambalaj Filmi \u015earap K\u0131l\u0131f\u0131, Buz lolly i\u00e7in Rulo Film"},"content":{"rendered":"<div class=\"wp-block-columns is-layout-flex wp-container-core-columns-is-layout-9d6595d7 wp-block-columns-is-layout-flex\">\n<div class=\"wp-block-column is-layout-flow wp-block-column-is-layout-flow\">\n<h3 class=\"wp-block-heading\">Y\u00fcksek Kaliteli OEM Esnek Ambalaj Filminin \u00d6zellikleri<\/h3>\n\n\n\n<ul class=\"wp-block-list\">\n<li><strong>Y\u00fcksek s\u0131zd\u0131rmazl\u0131k ve bariyer<\/strong>: G\u0131da s\u0131n\u0131f\u0131 g\u00fcvenli\u011fi sa\u011flamak i\u00e7in y\u00fcksek kaliteli Esnek Ambalaj Filmi malzemesinden yap\u0131lm\u0131\u015ft\u0131r, toksik olmayan, kokusuz, g\u00fc\u00e7l\u00fc ve dayan\u0131kl\u0131d\u0131r, \u015earap Torbas\u0131 Ambalaj\u0131 dahil olmak \u00fczere \u00e7e\u015fitli g\u0131da ambalaj\u0131 ihtiya\u00e7lar\u0131 i\u00e7in uygundur ve \u00fcr\u00fcnleriniz i\u00e7in sa\u011flam koruma sa\u011flar.<\/li>\n\n\n\n<li><strong>Verimli paketleme<\/strong>: P\u00fcr\u00fczs\u00fcz Esnek Ambalaj Filmi tasar\u0131m\u0131, y\u00fcksek h\u0131zl\u0131 paketleme s\u0131ras\u0131nda ka\u011f\u0131t s\u0131k\u0131\u015fmalar\u0131n\u0131 \u00f6nleyerek \u00fcretim s\u00fcrecini optimize eder. \u00d6zellikle \u015earap Torbas\u0131 ambalaj\u0131 i\u00e7in uygundur, sorunsuz ve verimli ambalajlama sa\u011flar.<\/li>\n\n\n\n<li><strong>\u0130yi bariyer \u00f6zellikleri<\/strong>: esnek ambalaj filmleri d\u0131\u015f neme ve kirleticilere kar\u015f\u0131 koruma sa\u011flar; bu nedenle, genel olarak y\u00fcksek de\u011ferli \u00fcr\u00fcnlere bile daha iyi hizmet edebilir Wine Pouch, bu i\u00e7eri\u011fi (alkol) ve di\u011fer s\u0131cakl\u0131\u011fa \/ buhara duyarl\u0131 \u00f6\u011feleri g\u00fcvende tutar.<\/li>\n\n\n\n<li><strong>Ye\u015fil se\u00e7enekler<\/strong>Biyolojik olarak par\u00e7alanabilir ve geri d\u00f6n\u00fc\u015ft\u00fcr\u00fclebilir malzemeler i\u00e7erir. Her bir film t\u00fcr\u00fc i\u00e7in mevcut olan \u00e7ok \u00e7e\u015fitli farkl\u0131 kal\u0131nl\u0131klar sayesinde FPF, malzeme israf\u0131n\u0131 en aza indirmeye ve m\u00fc\u015fterilere \u015farap kesesi de dahil olmak \u00fczere ambalaj i\u00e7in \u00e7ok daha \u00e7evreci bir se\u00e7enek sunmaya \u00e7al\u0131\u015fmaktad\u0131r.<\/li>\n\n\n\n<li><strong>Kullan\u0131ma uygun<\/strong>: Depolanmas\u0131 ve ta\u015f\u0131nmas\u0131 kolay, depolarda yer tasarrufu sa\u011flayan esnek ambalaj filmi, di\u011ferlerinin yan\u0131 s\u0131ra \u015earap Torbas\u0131 ambalaj\u0131 i\u00e7in de uygulamalara sahiptir ve bu da lojistik ve depolamay\u0131 olduk\u00e7a verimli hale getirir.<\/li>\n<\/ul>\n<\/div>\n\n\n\n<div class=\"wp-block-column is-layout-flow wp-block-column-is-layout-flow\">\n<figure class=\"wp-block-image size-full\"><img fetchpriority=\"high\" decoding=\"async\" width=\"750\" height=\"750\" src=\"https:\/\/www.hyflexpack.com\/wp-content\/uploads\/2024\/11\/OEM-Flexible-Packaging-Film1.webp\" alt=\"OEM Esnek Ambalaj Filmi\" class=\"wp-image-5774\" srcset=\"https:\/\/www.hyflexpack.com\/wp-content\/uploads\/2024\/11\/OEM-Flexible-Packaging-Film1.webp 750w, https:\/\/www.hyflexpack.com\/wp-content\/uploads\/2024\/11\/OEM-Flexible-Packaging-Film1-300x300.webp 300w, https:\/\/www.hyflexpack.com\/wp-content\/uploads\/2024\/11\/OEM-Flexible-Packaging-Film1-150x150.webp 150w, https:\/\/www.hyflexpack.com\/wp-content\/uploads\/2024\/11\/OEM-Flexible-Packaging-Film1-12x12.webp 12w, https:\/\/www.hyflexpack.com\/wp-content\/uploads\/2024\/11\/OEM-Flexible-Packaging-Film1-285x285.webp 285w, https:\/\/www.hyflexpack.com\/wp-content\/uploads\/2024\/11\/OEM-Flexible-Packaging-Film1-270x270.webp 270w, https:\/\/www.hyflexpack.com\/wp-content\/uploads\/2024\/11\/OEM-Flexible-Packaging-Film1-540x540.webp 540w, https:\/\/www.hyflexpack.com\/wp-content\/uploads\/2024\/11\/OEM-Flexible-Packaging-Film1-660x660.webp 660w\" sizes=\"(max-width: 750px) 100vw, 750px\" \/><\/figure>\n<\/div>\n<\/div>\n\n\n\n<p><\/p>","protected":false},"excerpt":{"rendered":"<p>Esnek ambalaj filmimizi sat\u0131n almaya ho\u015f geldiniz, g\u0131da s\u0131n\u0131f\u0131 g\u00fcvenlik, dayan\u0131kl\u0131l\u0131k ve toksik olmayan birinci s\u0131n\u0131f bir ambalaj \u00e7\u00f6z\u00fcm\u00fc sa\u011flar. \u015earap po\u015fetleri de dahil olmak \u00fczere her t\u00fcrl\u00fc esnek ambalaj i\u00e7in uygundur, \u00e7evre dostu geri d\u00f6n\u00fc\u015ft\u00fcr\u00fclebilir malzemeleri destekler ve modern \u00e7evre gereksinimlerini kar\u015f\u0131lar. otomatik ekipman i\u00e7in uygundur, \u00fcretim verimlili\u011fini art\u0131r\u0131r, depo alan\u0131ndan tasarruf sa\u011flar, ideal ambalaj se\u00e7iminizdir.<\/p>\n<h3>Esnek Ambalaj Filmi \u00dcreticisinin Avantajlar\u0131<\/h3>\n<ul>\n<li><strong>\u00d6zel Tasar\u0131m<\/strong>: M\u00fc\u015fterilerin ihtiya\u00e7lar\u0131n\u0131 kar\u015f\u0131lamak i\u00e7in malzeme, boyut ve bask\u0131 deseni \u00f6zelle\u015ftirme dahil olmak \u00fczere \u00f6zelle\u015ftirilmi\u015f \u015farap po\u015fetleri hizmeti sunuyoruz ve <strong>OEM ve ODM deste\u011fi<\/strong>.<\/li>\n<li><strong>\u00dcretim<\/strong>: Geli\u015fmi\u015f ekipman ve teknoloji ile sipari\u015fleri y\u00fcksek verimlilik ve y\u00fcksek kalitede tamamlayabilir ve zaman\u0131nda teslim edebiliriz.<\/li>\n<li><strong>Kalite Denetimi<\/strong>: \u00dcr\u00fcnlerin standartlar\u0131 kar\u015f\u0131lad\u0131\u011f\u0131ndan emin olmak i\u00e7in kalite standartlar\u0131n\u0131 ve g\u0131da g\u00fcvenli\u011fi gereksinimlerini s\u0131k\u0131 bir \u015fekilde takip edin.<\/li>\n<li><strong>Teknik Destek Ekibi<\/strong>: Ekibimiz zengin end\u00fcstri deneyimine ve profesyonel bilgiye sahiptir ve m\u00fc\u015fterilerimize teknik destek ve 24 saat dan\u0131\u015fmanl\u0131k hizmeti sa\u011flayabilir.<\/li>\n<li><strong>\u00dccretsiz \u00d6rnek<\/strong>: Esnek ambalaj filmini de\u011ferlendirmeniz i\u00e7in \u00fccretsiz numune hizmeti sa\u011flay\u0131n.<\/li>\n<\/ul>\n<p><a href=\"https:\/\/www.hyflexpack.com\/tr\/\"><strong>Huiyang Ambalaj<\/strong><\/a> m\u00fc\u015fterilerin \u00fcr\u00fcn imajlar\u0131n\u0131 iyile\u015ftirmelerine ve pazar rekabet g\u00fcc\u00fcn\u00fc art\u0131rmalar\u0131na yard\u0131mc\u0131 olmak i\u00e7in m\u00fc\u015fterilere y\u00fcksek kaliteli ve \u00f6zel esnek ambalaj filmi sa\u011flamay\u0131 taahh\u00fct eder.<\/p>","protected":false},"featured_media":5774,"comment_status":"open","ping_status":"closed","template":"","meta":[],"product_brand":[],"product_cat":[53,86],"product_tag":[],"class_list":{"0":"post-5794","1":"product","2":"type-product","3":"status-publish","4":"has-post-thumbnail","6":"product_cat-packaging-film-supplier","7":"product_cat-cold-seal-film","9":"first","10":"instock","11":"shipping-taxable","12":"product-type-simple"},"_links":{"self":[{"href":"https:\/\/www.hyflexpack.com\/tr\/wp-json\/wp\/v2\/product\/5794","targetHints":{"allow":["GET"]}}],"collection":[{"href":"https:\/\/www.hyflexpack.com\/tr\/wp-json\/wp\/v2\/product"}],"about":[{"href":"https:\/\/www.hyflexpack.com\/tr\/wp-json\/wp\/v2\/types\/product"}],"replies":[{"embeddable":true,"href":"https:\/\/www.hyflexpack.com\/tr\/wp-json\/wp\/v2\/comments?post=5794"}],"wp:featuredmedia":[{"embeddable":true,"href":"https:\/\/www.hyflexpack.com\/tr\/wp-json\/wp\/v2\/media\/5774"}],"wp:attachment":[{"href":"https:\/\/www.hyflexpack.com\/tr\/wp-json\/wp\/v2\/media?parent=5794"}],"wp:term":[{"taxonomy":"product_brand","embeddable":true,"href":"https:\/\/www.hyflexpack.com\/tr\/wp-json\/wp\/v2\/product_brand?post=5794"},{"taxonomy":"product_cat","embeddable":true,"href":"https:\/\/www.hyflexpack.com\/tr\/wp-json\/wp\/v2\/product_cat?post=5794"},{"taxonomy":"product_tag","embeddable":true,"href":"https:\/\/www.hyflexpack.com\/tr\/wp-json\/wp\/v2\/product_tag?post=5794"}],"curies":[{"name":"wp","href":"https:\/\/api.w.org\/{rel}","templated":true}]}}