{"id":5753,"date":"2024-11-24T15:25:57","date_gmt":"2024-11-24T15:25:57","guid":{"rendered":"https:\/\/www.hyflexpack.com\/?post_type=product&#038;p=5753"},"modified":"2024-11-24T15:25:59","modified_gmt":"2024-11-24T15:25:59","slug":"custom-snack-food-packaging","status":"publish","type":"product","link":"https:\/\/www.hyflexpack.com\/tr\/product\/custom-snack-food-packaging\/","title":{"rendered":"\u00d6zel At\u0131\u015ft\u0131rmal\u0131k G\u0131da Ambalaj\u0131, Ki\u015fiselle\u015ftirilmi\u015f At\u0131\u015ft\u0131rmal\u0131k Torbalar\u0131 Laminasyon Rulo Stok Film Fabrikas\u0131"},"content":{"rendered":"<div class=\"wp-block-columns is-layout-flex wp-container-core-columns-is-layout-9d6595d7 wp-block-columns-is-layout-flex\">\n<div class=\"wp-block-column is-layout-flow wp-block-column-is-layout-flow\">\n<h3 class=\"wp-block-heading\">\u00d6zel At\u0131\u015ft\u0131rmal\u0131k G\u0131da Ambalaj Filminin \u00d6zellikleri<\/h3>\n\n\n\n<p><strong>Y\u00fcksek kaliteli malzemeler<\/strong>: G\u0131da s\u0131n\u0131f\u0131 g\u00fcvenli\u011fi sa\u011flayan, toksik olmayan ve kokusuz, y\u00fcksek kaliteli ambalaj filmi malzemelerinden yap\u0131lm\u0131\u015ft\u0131r. G\u00fc\u00e7l\u00fc ve dayan\u0131kl\u0131, \u00e7e\u015fitli g\u0131da paketleme ihtiya\u00e7lar\u0131 i\u00e7in uygundur.<\/p>\n\n\n\n<p><\/p>\n\n\n\n<p><strong>Verimli paketleme<\/strong>: \u00dcretim verimlili\u011fini art\u0131rmak i\u00e7in otomatik paketleme ekipman\u0131 i\u00e7in uygundur. P\u00fcr\u00fczs\u00fcz film rulosu tasar\u0131m\u0131, y\u00fcksek h\u0131zl\u0131 paketleme s\u0131ras\u0131nda ka\u011f\u0131t s\u0131k\u0131\u015fmas\u0131 olmamas\u0131n\u0131 sa\u011flar.<\/p>\n\n\n\n<p><\/p>\n\n\n\n<p><strong>\u00dcst\u00fcn koruyucu performans<\/strong>: Etkili nem ve toz ge\u00e7irmezlik, iyi y\u0131rt\u0131lma direnci, nakliye ve depolama s\u0131ras\u0131nda \u00fcr\u00fcn\u00fcn b\u00fct\u00fcnl\u00fc\u011f\u00fcn\u00fc korur.<\/p>\n\n\n\n<p><\/p>\n\n\n\n<p><strong>\u00c7evre dostu se\u00e7enekler<\/strong>: \u00c7evre koruma gereksinimlerini kar\u015f\u0131lamak i\u00e7in biyolojik olarak par\u00e7alanabilir ve geri d\u00f6n\u00fc\u015ft\u00fcr\u00fclebilir malzemelerin kullan\u0131m\u0131n\u0131 destekliyoruz. Malzeme israf\u0131n\u0131 azaltmak ve karbon ayak izini d\u00fc\u015f\u00fcrmek i\u00e7in film kal\u0131nl\u0131\u011f\u0131 se\u00e7enekleri de sunulmaktad\u0131r.<\/p>\n\n\n\n<p><\/p>\n\n\n\n<p><strong>Rahat kullan\u0131m<\/strong>: Kompozit ambalaj filmi rulosunun depolanmas\u0131 ve ta\u015f\u0131nmas\u0131 kolayd\u0131r, depo alan\u0131ndan tasarruf sa\u011flar.<\/p>\n<\/div>\n\n\n\n<div class=\"wp-block-column is-layout-flow wp-block-column-is-layout-flow\">\n<figure class=\"wp-block-image size-full\"><img fetchpriority=\"high\" decoding=\"async\" width=\"750\" height=\"750\" src=\"https:\/\/www.hyflexpack.com\/wp-content\/uploads\/2024\/11\/Custom-Biscuit-Packaging-Film2.webp\" alt=\"\u00d6zel Bisk\u00fcvi Ambalaj Filmi\" class=\"wp-image-5745\" srcset=\"https:\/\/www.hyflexpack.com\/wp-content\/uploads\/2024\/11\/Custom-Biscuit-Packaging-Film2.webp 750w, https:\/\/www.hyflexpack.com\/wp-content\/uploads\/2024\/11\/Custom-Biscuit-Packaging-Film2-300x300.webp 300w, https:\/\/www.hyflexpack.com\/wp-content\/uploads\/2024\/11\/Custom-Biscuit-Packaging-Film2-150x150.webp 150w, https:\/\/www.hyflexpack.com\/wp-content\/uploads\/2024\/11\/Custom-Biscuit-Packaging-Film2-12x12.webp 12w, https:\/\/www.hyflexpack.com\/wp-content\/uploads\/2024\/11\/Custom-Biscuit-Packaging-Film2-285x285.webp 285w, https:\/\/www.hyflexpack.com\/wp-content\/uploads\/2024\/11\/Custom-Biscuit-Packaging-Film2-270x270.webp 270w, https:\/\/www.hyflexpack.com\/wp-content\/uploads\/2024\/11\/Custom-Biscuit-Packaging-Film2-540x540.webp 540w, https:\/\/www.hyflexpack.com\/wp-content\/uploads\/2024\/11\/Custom-Biscuit-Packaging-Film2-660x660.webp 660w\" sizes=\"(max-width: 750px) 100vw, 750px\" \/><\/figure>\n<\/div>\n<\/div>\n\n\n\n<p><\/p>","protected":false},"excerpt":{"rendered":"<p>At\u0131\u015ft\u0131rmal\u0131k g\u0131da ambalaj filmlerimizin \u00fcr\u00fcnleriniz i\u00e7in nas\u0131l g\u00fcvenli ve \u00e7ekici ambalaj \u00e7\u00f6z\u00fcmleri sa\u011flayabilece\u011fini \u00f6\u011frenin. G\u0131da s\u0131n\u0131f\u0131 malzemeler, y\u00fcksek \u015feffafl\u0131k ve m\u00fckemmel bariyer \u00f6zellikleriyle yiyeceklerinizin tazeli\u011fini uzatabilirler. Bug\u00fcn bize ula\u015f\u0131n ve \u00f6zel g\u0131da ambalajlar\u0131n\u0131z\u0131 \u00f6zelle\u015ftirelim!<\/p>\n<h3>At\u0131\u015ft\u0131rmal\u0131k G\u0131da Ambalaj Filmi Tedarik\u00e7isinin Avantajlar\u0131<\/h3>\n<p>\u00d6zelle\u015ftirilmi\u015f tasar\u0131m: M\u00fc\u015fteri ihtiya\u00e7lar\u0131n\u0131 kar\u015f\u0131lamak i\u00e7in malzeme, boyut ve bask\u0131 deseni \u00f6zelle\u015ftirmesi dahil olmak \u00fczere \u00f6zelle\u015ftirilmi\u015f hizmetler sunuyoruz ve OEM ve ODM'yi destekliyoruz.<br \/>\u00dcretim: Verimli ve istikrarl\u0131 \u00fcretim s\u00fcre\u00e7leri ve zaman\u0131nda teslimat sa\u011flamak i\u00e7in uluslararas\u0131 d\u00fczeyde geli\u015fmi\u015f kompozit \u00fcretim hatlar\u0131 ve otomatik kontrol sistemleri benimseyin.<br \/>Kalite denetimi: \u00dcr\u00fcnlerin standartlar\u0131 kar\u015f\u0131lad\u0131\u011f\u0131ndan emin olmak i\u00e7in kalite standartlar\u0131na ve g\u0131da g\u00fcvenli\u011fi gerekliliklerine uyarak s\u0131k\u0131 bir \u015fekilde \u00fcretim yap\u0131n.<br \/>M\u00fc\u015fteri hizmetleri: G\u00fcn\u00fcn 24 saati h\u0131zl\u0131 yan\u0131t ve \u00f6zenli m\u00fc\u015fteri hizmetleri deste\u011fi sa\u011flay\u0131n.<br \/>\u00dccretsiz numuneler: M\u00fc\u015fterilerin denemesi ve de\u011ferlendirmesi i\u00e7in k\u00fc\u00e7\u00fck parti numuneleri haz\u0131rlay\u0131n<\/p>\n<p>Huiyang Packaging, m\u00fc\u015fterilerin \u00fcr\u00fcn imajlar\u0131n\u0131 iyile\u015ftirmelerine ve pazar rekabet g\u00fc\u00e7lerini art\u0131rmalar\u0131na yard\u0131mc\u0131 olmak i\u00e7in m\u00fc\u015fterilere y\u00fcksek kaliteli \u00f6zel at\u0131\u015ft\u0131rmal\u0131k ambalaj filmi sa\u011flamay\u0131 taahh\u00fct eder<\/p>","protected":false},"featured_media":5745,"comment_status":"open","ping_status":"closed","template":"","meta":[],"product_brand":[],"product_cat":[53],"product_tag":[],"class_list":{"0":"post-5753","1":"product","2":"type-product","3":"status-publish","4":"has-post-thumbnail","6":"product_cat-packaging-film-supplier","8":"first","9":"instock","10":"shipping-taxable","11":"product-type-simple"},"_links":{"self":[{"href":"https:\/\/www.hyflexpack.com\/tr\/wp-json\/wp\/v2\/product\/5753","targetHints":{"allow":["GET"]}}],"collection":[{"href":"https:\/\/www.hyflexpack.com\/tr\/wp-json\/wp\/v2\/product"}],"about":[{"href":"https:\/\/www.hyflexpack.com\/tr\/wp-json\/wp\/v2\/types\/product"}],"replies":[{"embeddable":true,"href":"https:\/\/www.hyflexpack.com\/tr\/wp-json\/wp\/v2\/comments?post=5753"}],"wp:featuredmedia":[{"embeddable":true,"href":"https:\/\/www.hyflexpack.com\/tr\/wp-json\/wp\/v2\/media\/5745"}],"wp:attachment":[{"href":"https:\/\/www.hyflexpack.com\/tr\/wp-json\/wp\/v2\/media?parent=5753"}],"wp:term":[{"taxonomy":"product_brand","embeddable":true,"href":"https:\/\/www.hyflexpack.com\/tr\/wp-json\/wp\/v2\/product_brand?post=5753"},{"taxonomy":"product_cat","embeddable":true,"href":"https:\/\/www.hyflexpack.com\/tr\/wp-json\/wp\/v2\/product_cat?post=5753"},{"taxonomy":"product_tag","embeddable":true,"href":"https:\/\/www.hyflexpack.com\/tr\/wp-json\/wp\/v2\/product_tag?post=5753"}],"curies":[{"name":"wp","href":"https:\/\/api.w.org\/{rel}","templated":true}]}}