{"id":5719,"date":"2024-11-23T08:41:47","date_gmt":"2024-11-23T08:41:47","guid":{"rendered":"https:\/\/www.hyflexpack.com\/?post_type=product&#038;p=5719"},"modified":"2025-05-17T06:48:35","modified_gmt":"2025-05-17T06:48:35","slug":"candy-twist-wrap-packaging-film","status":"publish","type":"product","link":"https:\/\/www.hyflexpack.com\/tr\/product\/candy-twist-wrap-packaging-film\/","title":{"rendered":"OEM \u015eeker B\u00fck\u00fcm Wrap Ambalaj Filmi Esnek Ambalaj Tedarik\u00e7isi"},"content":{"rendered":"<div class=\"wp-block-columns is-layout-flex wp-container-core-columns-is-layout-9d6595d7 wp-block-columns-is-layout-flex\">\n<div class=\"wp-block-column is-layout-flow wp-block-column-is-layout-flow\">\n<h3 class=\"wp-block-heading\">Y\u00fcksek Kaliteli Candy Twist Wrap Ambalaj Filminin \u00d6zellikleri<\/h3>\n\n\n\n<ul class=\"wp-block-list\">\n<li><strong>\u00c7evre Dostu Malzemeler<\/strong>: The twist wrap packaging film is made of high-quality packaging film materials, food-grade safe, non-toxic, and odorless. Firm and durable to serve a wide range of food packaging needs.<\/li>\n<\/ul>\n\n\n\n<p><\/p>\n\n\n\n<ul class=\"wp-block-list\">\n<li><strong>Verimli Paketleme<\/strong>: \u00dcretim verimlili\u011fini art\u0131rmak i\u00e7in otomatik paketleme ekipman\u0131 i\u00e7in uygundur. \u0130\u00e7inde p\u00fcr\u00fczs\u00fczl\u00fck bulunan film rulosu tasar\u0131m\u0131, y\u00fcksek h\u0131zl\u0131 paketleme s\u0131ras\u0131nda ka\u011f\u0131t s\u0131k\u0131\u015fmas\u0131 olmayaca\u011f\u0131n\u0131 garanti eder.<\/li>\n<\/ul>\n\n\n\n<p><\/p>\n\n\n\n<ul class=\"wp-block-list\">\n<li><strong>\u00dcst\u00fcn Koruyucu Performans<\/strong>Nemi ve tozu etkili bir \u015fekilde \u00f6nleyebilir ve \u015fekerin raf \u00f6mr\u00fcn\u00fc uzatabilir. \u0130yi y\u0131rt\u0131lma direnci, nakliye ve depolamada \u00fcr\u00fcn b\u00fct\u00fcnl\u00fc\u011f\u00fcn\u00fc korur.<\/li>\n<\/ul>\n\n\n\n<p><\/p>\n\n\n\n<ul class=\"wp-block-list\">\n<li><strong>\u00c7evre Koruma<\/strong>: supports biodegradable, recyclable materials to use, also film thickness options are provided to decrease material waste and lower carbon footprint.<\/li>\n<\/ul>\n\n\n\n<p><\/p>\n\n\n\n<ul class=\"wp-block-list\">\n<li><strong>Kullan\u0131ma Uygun<\/strong>: Plastik film rulosu, s\u0131zd\u0131rmazl\u0131\u011f\u0131 sa\u011flayan \u0131s\u0131yla yap\u0131\u015ft\u0131rma i\u00e7in uygundur; rulo filmlerin depolanmas\u0131 ve ta\u015f\u0131nmas\u0131 kolayd\u0131r, depo alan\u0131ndan tasarruf sa\u011flar.<\/li>\n<\/ul>\n<\/div>\n\n\n\n<div class=\"wp-block-column is-layout-flow wp-block-column-is-layout-flow\">\n<figure class=\"wp-block-image size-full\"><img fetchpriority=\"high\" decoding=\"async\" width=\"750\" height=\"750\" src=\"https:\/\/www.hyflexpack.com\/wp-content\/uploads\/2024\/11\/OEM-Candy-Twist-Film1.webp\" alt=\"OEM \u015eeker B\u00fck\u00fcm Wrap Ambalaj Filmi Tedarik\u00e7isi\" class=\"wp-image-5708\" srcset=\"https:\/\/www.hyflexpack.com\/wp-content\/uploads\/2024\/11\/OEM-Candy-Twist-Film1.webp 750w, https:\/\/www.hyflexpack.com\/wp-content\/uploads\/2024\/11\/OEM-Candy-Twist-Film1-300x300.webp 300w, https:\/\/www.hyflexpack.com\/wp-content\/uploads\/2024\/11\/OEM-Candy-Twist-Film1-150x150.webp 150w, https:\/\/www.hyflexpack.com\/wp-content\/uploads\/2024\/11\/OEM-Candy-Twist-Film1-12x12.webp 12w, https:\/\/www.hyflexpack.com\/wp-content\/uploads\/2024\/11\/OEM-Candy-Twist-Film1-285x285.webp 285w, https:\/\/www.hyflexpack.com\/wp-content\/uploads\/2024\/11\/OEM-Candy-Twist-Film1-270x270.webp 270w, https:\/\/www.hyflexpack.com\/wp-content\/uploads\/2024\/11\/OEM-Candy-Twist-Film1-540x540.webp 540w, https:\/\/www.hyflexpack.com\/wp-content\/uploads\/2024\/11\/OEM-Candy-Twist-Film1-660x660.webp 660w\" sizes=\"(max-width: 750px) 100vw, 750px\" \/><\/figure>\n<\/div>\n<\/div>\n\n\n\n<p><\/p>","protected":false},"excerpt":{"rendered":"<p>High-quality OEM twist wrap packaging film ensures complete control for secure twisting and easy opening, keeping candies tightly sealed during production and transport, perfect for flexible packaging needs.<\/p>\n<h3>Advantages of Twist Wrap Packaging Film Supplier<\/h3>\n<ul>\n<li>\u00d6zelle\u015ftirilmi\u015f Hizmet: Sa\u011flay\u0131n <a href=\"https:\/\/www.hyflexpack.com\/tr\/ozel-esnek-ambalajlar\/\"><strong>ODM ve ODM hizmeti<\/strong><\/a>, customize the size, printing, and material according to the customer\u2019s needs.<\/li>\n<li>H\u0131zl\u0131 Teslimat: M\u00fc\u015fterilerin acil ihtiya\u00e7lar\u0131n\u0131 kar\u015f\u0131lamak \u00fczere sipari\u015flerin zaman\u0131nda teslim edilmesini sa\u011flamak i\u00e7in verimli \u00fcretim s\u00fcreci ve tedarik zinciri y\u00f6netimi.<\/li>\n<li>Kalite G\u00fcvencesi: S\u0131k\u0131 bir kalite kontrol sistemi, her \u00fcr\u00fcn\u00fcn m\u00fc\u015fterilerin gereksinimlerini ve standartlar\u0131n\u0131 kar\u015f\u0131lamas\u0131n\u0131 sa\u011flar.<\/li>\n<li>Maliyet etkinli\u011fi: \u00dcretim s\u00fcre\u00e7lerini ve maliyet y\u00f6netimini optimize ederek rekabet\u00e7i fiyatlar sa\u011flay\u0131n ve m\u00fc\u015fterilerin sat\u0131n alma maliyetlerini azalt\u0131n.<\/li>\n<li>\u00dccretsiz Numune: \u00dcr\u00fcnlerinizi de\u011ferlendirmek i\u00e7in \u00fccretsiz numune hizmeti sunuyoruz.<\/li>\n<\/ul>","protected":false},"featured_media":5709,"comment_status":"open","ping_status":"closed","template":"","meta":[],"product_brand":[],"product_cat":[53,89],"product_tag":[],"class_list":{"0":"post-5719","1":"product","2":"type-product","3":"status-publish","4":"has-post-thumbnail","6":"product_cat-packaging-film-supplier","7":"product_cat-custom-twist-film","9":"first","10":"instock","11":"shipping-taxable","12":"product-type-simple"},"_links":{"self":[{"href":"https:\/\/www.hyflexpack.com\/tr\/wp-json\/wp\/v2\/product\/5719","targetHints":{"allow":["GET"]}}],"collection":[{"href":"https:\/\/www.hyflexpack.com\/tr\/wp-json\/wp\/v2\/product"}],"about":[{"href":"https:\/\/www.hyflexpack.com\/tr\/wp-json\/wp\/v2\/types\/product"}],"replies":[{"embeddable":true,"href":"https:\/\/www.hyflexpack.com\/tr\/wp-json\/wp\/v2\/comments?post=5719"}],"wp:featuredmedia":[{"embeddable":true,"href":"https:\/\/www.hyflexpack.com\/tr\/wp-json\/wp\/v2\/media\/5709"}],"wp:attachment":[{"href":"https:\/\/www.hyflexpack.com\/tr\/wp-json\/wp\/v2\/media?parent=5719"}],"wp:term":[{"taxonomy":"product_brand","embeddable":true,"href":"https:\/\/www.hyflexpack.com\/tr\/wp-json\/wp\/v2\/product_brand?post=5719"},{"taxonomy":"product_cat","embeddable":true,"href":"https:\/\/www.hyflexpack.com\/tr\/wp-json\/wp\/v2\/product_cat?post=5719"},{"taxonomy":"product_tag","embeddable":true,"href":"https:\/\/www.hyflexpack.com\/tr\/wp-json\/wp\/v2\/product_tag?post=5719"}],"curies":[{"name":"wp","href":"https:\/\/api.w.org\/{rel}","templated":true}]}}