{"id":5718,"date":"2024-11-23T08:17:19","date_gmt":"2024-11-23T08:17:19","guid":{"rendered":"https:\/\/www.hyflexpack.com\/?post_type=product&#038;p=5718"},"modified":"2024-11-23T08:17:21","modified_gmt":"2024-11-23T08:17:21","slug":"custom-shrink-sleeves","status":"publish","type":"product","link":"https:\/\/www.hyflexpack.com\/tr\/product\/custom-shrink-sleeves\/","title":{"rendered":"Custom Shrink Sleeves Plastic Film PVC\/PET Roll Film Manufacturer"},"content":{"rendered":"<div class=\"wp-block-columns is-layout-flex wp-container-core-columns-is-layout-9d6595d7 wp-block-columns-is-layout-flex\">\n<div class=\"wp-block-column is-layout-flow wp-block-column-is-layout-flow\">\n<h3 class=\"wp-block-heading\">Features of High Quality Custom Shrink Sleeves<\/h3>\n\n\n\n<p><strong>Y\u00fcksek kaliteli malzemeler<\/strong>: G\u0131da s\u0131n\u0131f\u0131 g\u00fcvenli\u011fi sa\u011flayan, toksik olmayan ve kokusuz, y\u00fcksek kaliteli ambalaj filmi malzemelerinden yap\u0131lm\u0131\u015ft\u0131r. G\u00fc\u00e7l\u00fc ve dayan\u0131kl\u0131, \u00e7e\u015fitli g\u0131da paketleme ihtiya\u00e7lar\u0131 i\u00e7in uygundur.<\/p>\n\n\n\n<p><\/p>\n\n\n\n<p><strong>Verimli paketleme<\/strong>: \u00dcretim verimlili\u011fini art\u0131rmak i\u00e7in otomatik paketleme ekipman\u0131 i\u00e7in uygundur. P\u00fcr\u00fczs\u00fcz film rulosu tasar\u0131m\u0131, y\u00fcksek h\u0131zl\u0131 paketleme s\u0131ras\u0131nda ka\u011f\u0131t s\u0131k\u0131\u015fmas\u0131 olmamas\u0131n\u0131 sa\u011flar.<\/p>\n\n\n\n<p><\/p>\n\n\n\n<p><strong>\u00dcst\u00fcn koruyucu performans<\/strong>: Etkili nem ve toz ge\u00e7irmezlik, iyi y\u0131rt\u0131lma direnci, nakliye ve depolama s\u0131ras\u0131nda \u00fcr\u00fcn\u00fcn b\u00fct\u00fcnl\u00fc\u011f\u00fcn\u00fc korur.<\/p>\n\n\n\n<p><\/p>\n\n\n\n<p><strong>\u00c7evre dostu se\u00e7enekler<\/strong>: Support the use of biodegradable and recyclable materials to meet environmental protection requirements. Film thickness options are also provided to reduce material waste and lower carbon footprint.<\/p>\n\n\n\n<p><\/p>\n\n\n\n<p><strong>Kullan\u0131ma uygun<\/strong>: The heat shrink film has good shrinkage, and the film roll is easy to store and handle, saving warehouse space.<\/p>\n<\/div>\n\n\n\n<div class=\"wp-block-column is-layout-flow wp-block-column-is-layout-flow\">\n<figure class=\"wp-block-image size-full\"><img fetchpriority=\"high\" decoding=\"async\" width=\"750\" height=\"750\" src=\"https:\/\/www.hyflexpack.com\/wp-content\/uploads\/2024\/11\/Custom-Shrink-sleeve3.webp\" alt=\"Custom Shrink sleeves\" class=\"wp-image-5706\" srcset=\"https:\/\/www.hyflexpack.com\/wp-content\/uploads\/2024\/11\/Custom-Shrink-sleeve3.webp 750w, https:\/\/www.hyflexpack.com\/wp-content\/uploads\/2024\/11\/Custom-Shrink-sleeve3-300x300.webp 300w, https:\/\/www.hyflexpack.com\/wp-content\/uploads\/2024\/11\/Custom-Shrink-sleeve3-150x150.webp 150w, https:\/\/www.hyflexpack.com\/wp-content\/uploads\/2024\/11\/Custom-Shrink-sleeve3-12x12.webp 12w, https:\/\/www.hyflexpack.com\/wp-content\/uploads\/2024\/11\/Custom-Shrink-sleeve3-285x285.webp 285w, https:\/\/www.hyflexpack.com\/wp-content\/uploads\/2024\/11\/Custom-Shrink-sleeve3-270x270.webp 270w, https:\/\/www.hyflexpack.com\/wp-content\/uploads\/2024\/11\/Custom-Shrink-sleeve3-540x540.webp 540w, https:\/\/www.hyflexpack.com\/wp-content\/uploads\/2024\/11\/Custom-Shrink-sleeve3-660x660.webp 660w\" sizes=\"(max-width: 750px) 100vw, 750px\" \/><\/figure>\n<\/div>\n<\/div>\n\n\n\n<p><\/p>","protected":false},"excerpt":{"rendered":"<p>Discover custom shrink sleeves with PVC\/PET roll film, perfect for bringing your cool shrink wrap sleeve ideas to life with vibrant, durable packaging solutions. Get your free quote now!<\/p>\n<h3>\u00d6zel Shrink Sleeve Tedarik\u00e7isinin Avantajlar\u0131<\/h3>\n<ul>\n<li>\u00d6zel tasar\u0131m: M\u00fc\u015fteri ihtiya\u00e7lar\u0131n\u0131 kar\u015f\u0131lamak i\u00e7in malzeme, boyut ve bask\u0131 deseni \u00f6zelle\u015ftirmesi dahil olmak \u00fczere \u00f6zelle\u015ftirilmi\u015f hizmetler sunuyoruz ve <a href=\"https:\/\/www.hyflexpack.com\/tr\/ozel-esnek-ambalajlar\/\"><strong>OEM ve ODM deste\u011fi<\/strong><\/a>.<\/li>\n<li>\u00dcretim: Geli\u015fmi\u015f ekipman ve teknoloji ile sipari\u015f \u00fcretimini verimli ve y\u00fcksek kalitede tamamlayabilir ve zaman\u0131nda teslim edebiliriz.<\/li>\n<li>Kalite Denetimi: \u00dcretim, \u00fcr\u00fcnlerin standartlar\u0131 kar\u015f\u0131lad\u0131\u011f\u0131ndan emin olmak i\u00e7in kalite standartlar\u0131na ve g\u0131da g\u00fcvenli\u011fi gerekliliklerine s\u0131k\u0131 s\u0131k\u0131ya ba\u011fl\u0131 olarak ger\u00e7ekle\u015ftirilir.<\/li>\n<li>Sertifikasyon<strong>\uff1a<\/strong>\u00a0<strong>FDA\/BRC\/ISO 9001\/RoHS<\/strong><\/li>\n<li>M\u00fc\u015fteri hizmetleri: <strong>24 hours<\/strong> to provide fast response and thoughtful customer service support.<\/li>\n<li>\u00dccretsiz numune: \u00dcr\u00fcn\u00fc de\u011ferlendirebilmeniz i\u00e7in \u00fccretsiz numune hizmeti sa\u011flay\u0131n.<\/li>\n<\/ul>\n<p>Huiyang Packaging is committed to providing customers with high-quality custom shrink sleeves to help customers improve their product image and enhance their market competitiveness.<\/p>","protected":false},"featured_media":5704,"comment_status":"open","ping_status":"closed","template":"","meta":[],"product_brand":[],"product_cat":[53],"product_tag":[],"class_list":{"0":"post-5718","1":"product","2":"type-product","3":"status-publish","4":"has-post-thumbnail","6":"product_cat-packaging-film-supplier","8":"first","9":"instock","10":"shipping-taxable","11":"product-type-simple"},"_links":{"self":[{"href":"https:\/\/www.hyflexpack.com\/tr\/wp-json\/wp\/v2\/product\/5718","targetHints":{"allow":["GET"]}}],"collection":[{"href":"https:\/\/www.hyflexpack.com\/tr\/wp-json\/wp\/v2\/product"}],"about":[{"href":"https:\/\/www.hyflexpack.com\/tr\/wp-json\/wp\/v2\/types\/product"}],"replies":[{"embeddable":true,"href":"https:\/\/www.hyflexpack.com\/tr\/wp-json\/wp\/v2\/comments?post=5718"}],"wp:featuredmedia":[{"embeddable":true,"href":"https:\/\/www.hyflexpack.com\/tr\/wp-json\/wp\/v2\/media\/5704"}],"wp:attachment":[{"href":"https:\/\/www.hyflexpack.com\/tr\/wp-json\/wp\/v2\/media?parent=5718"}],"wp:term":[{"taxonomy":"product_brand","embeddable":true,"href":"https:\/\/www.hyflexpack.com\/tr\/wp-json\/wp\/v2\/product_brand?post=5718"},{"taxonomy":"product_cat","embeddable":true,"href":"https:\/\/www.hyflexpack.com\/tr\/wp-json\/wp\/v2\/product_cat?post=5718"},{"taxonomy":"product_tag","embeddable":true,"href":"https:\/\/www.hyflexpack.com\/tr\/wp-json\/wp\/v2\/product_tag?post=5718"}],"curies":[{"name":"wp","href":"https:\/\/api.w.org\/{rel}","templated":true}]}}