{"id":5716,"date":"2024-11-23T07:59:52","date_gmt":"2024-11-23T07:59:52","guid":{"rendered":"https:\/\/www.hyflexpack.com\/?post_type=product&#038;p=5716"},"modified":"2024-11-23T07:59:58","modified_gmt":"2024-11-23T07:59:58","slug":"china-custom-tea-bag-packaging","status":"publish","type":"product","link":"https:\/\/www.hyflexpack.com\/tr\/product\/china-custom-tea-bag-packaging\/","title":{"rendered":"\u00c7in \u00d6zel \u00c7ay Po\u015feti Ambalaj\u0131 Plastik Lamine Fermuarl\u0131 Stand Up K\u0131l\u0131f\u0131"},"content":{"rendered":"<div class=\"wp-block-columns is-layout-flex wp-container-core-columns-is-layout-9d6595d7 wp-block-columns-is-layout-flex\">\n<div class=\"wp-block-column is-layout-flow wp-block-column-is-layout-flow\">\n<h3 class=\"wp-block-heading\">\u00d6zel Po\u015fet \u00c7ay Ambalajlar\u0131n\u0131n \u00d6zellikleri<\/h3>\n\n\n\n<p><strong>\u00c7evre Dostu Kuma\u015flar<\/strong>: \u00c7evre \u00fczerindeki olumsuz etkileri azaltmak i\u00e7in biyolojik olarak par\u00e7alanabilir veya \u00e7evre koruma ilkelerine uygun mente\u015fe se\u00e7enekleri de dahil olmak \u00fczere s\u00fcrd\u00fcr\u00fclebilir malzemeler kullan\u0131larak tasarlanm\u0131\u015ft\u0131r.<\/p>\n\n\n\n<p><\/p>\n\n\n\n<p><strong>Y\u00fcksek Performansl\u0131 G\u0131da S\u0131n\u0131f\u0131 Malzemeler<\/strong>: Nem direnci, anti-oksidasyon etkisi sa\u011flamak ve \u00fcr\u00fcn korumas\u0131 i\u00e7in raf \u00f6mr\u00fcn\u00fc uzatmak amac\u0131yla PET, PE ve al\u00fcminyum folyo gibi g\u00fcvenli \u00e7evre dostu y\u00fcksek bariyerli malzemelerden \u00fcretilen \u00f6zel yumu\u015fak ambalaj po\u015fetleri.<\/p>\n\n\n\n<p><\/p>\n\n\n\n<p><strong>Kolay Fermuar Kapatma<\/strong>: \u00c7antan\u0131n a\u00e7\u0131ld\u0131ktan sonra tekrar kapat\u0131lmas\u0131n\u0131 sa\u011flayan dahili bir fermuar ile birlikte gelir ve i\u00e7indekileri d\u0131\u015f hava neminden ve ha\u015fere giri\u015finden korurken birka\u00e7 kullan\u0131ma olanak tan\u0131r.<\/p>\n\n\n\n<p><\/p>\n\n\n\n<p><strong>Kendinden Destekli Tabanlar<\/strong>: Daha iyi sunum ve ekstra hacim i\u00e7in torbalar\u0131n rafta dik olarak sergilenmesini sa\u011flayan sa\u011flam bir yap\u0131ya sahip g\u00fc\u00e7lendirilmi\u015f alttan m\u00fch\u00fcrl\u00fc torbalar.<\/p>\n\n\n\n<p><\/p>\n\n\n\n<p><strong>\u015eeffaf Pencere \u00d6zelli\u011fi<\/strong>: M\u00fc\u015fterinin i\u00e7 \u00fcr\u00fcnleri incelemesini kolayla\u015ft\u0131rmak i\u00e7in \u015feffaf malzemeden yap\u0131lm\u0131\u015f bir pencere sa\u011flanm\u0131\u015ft\u0131r.<\/p>\n<\/div>\n\n\n\n<div class=\"wp-block-column is-layout-flow wp-block-column-is-layout-flow\">\n<figure class=\"wp-block-image size-full\"><img fetchpriority=\"high\" decoding=\"async\" width=\"750\" height=\"750\" src=\"https:\/\/www.hyflexpack.com\/wp-content\/uploads\/2024\/11\/Custom-Tea-Bag-Packaging1.webp\" alt=\"\u00d6zel \u00c7ay Po\u015feti Ambalaj\u0131 toptan sat\u0131\u015f\u0131\" class=\"wp-image-5696\" srcset=\"https:\/\/www.hyflexpack.com\/wp-content\/uploads\/2024\/11\/Custom-Tea-Bag-Packaging1.webp 750w, https:\/\/www.hyflexpack.com\/wp-content\/uploads\/2024\/11\/Custom-Tea-Bag-Packaging1-300x300.webp 300w, https:\/\/www.hyflexpack.com\/wp-content\/uploads\/2024\/11\/Custom-Tea-Bag-Packaging1-150x150.webp 150w, https:\/\/www.hyflexpack.com\/wp-content\/uploads\/2024\/11\/Custom-Tea-Bag-Packaging1-12x12.webp 12w, https:\/\/www.hyflexpack.com\/wp-content\/uploads\/2024\/11\/Custom-Tea-Bag-Packaging1-285x285.webp 285w, https:\/\/www.hyflexpack.com\/wp-content\/uploads\/2024\/11\/Custom-Tea-Bag-Packaging1-270x270.webp 270w, https:\/\/www.hyflexpack.com\/wp-content\/uploads\/2024\/11\/Custom-Tea-Bag-Packaging1-540x540.webp 540w, https:\/\/www.hyflexpack.com\/wp-content\/uploads\/2024\/11\/Custom-Tea-Bag-Packaging1-660x660.webp 660w\" sizes=\"(max-width: 750px) 100vw, 750px\" \/><\/figure>\n<\/div>\n<\/div>\n\n\n\n<p><\/p>","protected":false},"excerpt":{"rendered":"<p class=\"product_title entry-title elementor-heading-title elementor-size-default\">\u00dcr\u00fcnlerinizi taze ve pazara haz\u0131r tutmak i\u00e7in toptan \u00e7ay po\u015feti ambalaj\u0131 i\u00e7in m\u00fckemmel olan lamine dik po\u015fetler ve fermuarlarla yarat\u0131c\u0131 \u00f6zel \u00e7ay po\u015feti paketleme \u00e7\u00f6z\u00fcmleri \u00dccretsiz numune i\u00e7in bizimle ileti\u015fime ge\u00e7in!<\/p>\n<h3>\u00d6zel Po\u015fet \u00c7ay Paketleme \u00dcreticisinin Avantajlar\u0131<\/h3>\n<ul>\n<li>\u00d6zel Tasar\u0131m: M\u00fc\u015fteri ihtiya\u00e7lar\u0131n\u0131 kar\u015f\u0131lamak i\u00e7in malzeme, boyut ve bask\u0131 deseni \u00f6zelle\u015ftirmesi dahil olmak \u00fczere \u00f6zel ambalaj po\u015feti hizmeti sunuyoruz ve <a href=\"https:\/\/www.hyflexpack.com\/tr\/ozel-esnek-ambalajlar\/\"><strong>OEM ve ODM deste\u011fi<\/strong><\/a>.<\/li>\n<li>\u00dcretim: Geli\u015fmi\u015f ekipman ve teknoloji ile sipari\u015f \u00fcretimini y\u00fcksek verimlilik ve y\u00fcksek kalite ile tamamlayabilir ve zaman\u0131nda teslim edebiliriz.<\/li>\n<li>Kalite Denetimi: \u00dcr\u00fcnlerin standartlar\u0131 kar\u015f\u0131lad\u0131\u011f\u0131ndan emin olmak i\u00e7in \u00fcretim i\u00e7in kalite standartlar\u0131n\u0131 ve g\u0131da g\u00fcvenli\u011fi gereksinimlerini s\u0131k\u0131 bir \u015fekilde takip edin.<\/li>\n<li>M\u00fc\u015fteri Hizmetleri: H\u0131zl\u0131 yan\u0131t ve \u00f6zenli m\u00fc\u015fteri hizmetleri deste\u011fi sa\u011flamak i\u00e7in 24 saat.<\/li>\n<li>\u00dccretsiz \u00d6rnek \uff1a \u00dcr\u00fcnleri de\u011ferlendirmeniz i\u00e7in \u00fccretsiz \u00f6rnek hizmeti sa\u011flay\u0131n.<\/li>\n<\/ul>","protected":false},"featured_media":5696,"comment_status":"open","ping_status":"closed","template":"","meta":[],"product_brand":[],"product_cat":[51,58],"product_tag":[],"class_list":{"0":"post-5716","1":"product","2":"type-product","3":"status-publish","4":"has-post-thumbnail","6":"product_cat-custom-food-packaging-bags","7":"product_cat-tea-bag-packaging","9":"first","10":"instock","11":"shipping-taxable","12":"product-type-simple"},"_links":{"self":[{"href":"https:\/\/www.hyflexpack.com\/tr\/wp-json\/wp\/v2\/product\/5716","targetHints":{"allow":["GET"]}}],"collection":[{"href":"https:\/\/www.hyflexpack.com\/tr\/wp-json\/wp\/v2\/product"}],"about":[{"href":"https:\/\/www.hyflexpack.com\/tr\/wp-json\/wp\/v2\/types\/product"}],"replies":[{"embeddable":true,"href":"https:\/\/www.hyflexpack.com\/tr\/wp-json\/wp\/v2\/comments?post=5716"}],"wp:featuredmedia":[{"embeddable":true,"href":"https:\/\/www.hyflexpack.com\/tr\/wp-json\/wp\/v2\/media\/5696"}],"wp:attachment":[{"href":"https:\/\/www.hyflexpack.com\/tr\/wp-json\/wp\/v2\/media?parent=5716"}],"wp:term":[{"taxonomy":"product_brand","embeddable":true,"href":"https:\/\/www.hyflexpack.com\/tr\/wp-json\/wp\/v2\/product_brand?post=5716"},{"taxonomy":"product_cat","embeddable":true,"href":"https:\/\/www.hyflexpack.com\/tr\/wp-json\/wp\/v2\/product_cat?post=5716"},{"taxonomy":"product_tag","embeddable":true,"href":"https:\/\/www.hyflexpack.com\/tr\/wp-json\/wp\/v2\/product_tag?post=5716"}],"curies":[{"name":"wp","href":"https:\/\/api.w.org\/{rel}","templated":true}]}}