{"id":5636,"date":"2024-11-11T07:09:54","date_gmt":"2024-11-11T07:09:54","guid":{"rendered":"https:\/\/www.hyflexpack.com\/?post_type=product&#038;p=5636"},"modified":"2024-11-11T07:09:56","modified_gmt":"2024-11-11T07:09:56","slug":"eco-friendly-soap-packaging-supplier","status":"publish","type":"product","link":"https:\/\/www.hyflexpack.com\/tr\/product\/eco-friendly-soap-packaging-supplier\/","title":{"rendered":"\u00c7evre Dostu Sabun Ambalaj Filmi \u00d6zel Bask\u0131l\u0131 Rollstock Tedarik\u00e7isi"},"content":{"rendered":"<div class=\"wp-block-columns is-layout-flex wp-container-core-columns-is-layout-9d6595d7 wp-block-columns-is-layout-flex\">\n<div class=\"wp-block-column is-layout-flow wp-block-column-is-layout-flow\">\n<h3 class=\"wp-block-heading\">Y\u00fcksek Kaliteli \u00d6zel \u00c7evre Dostu Sabun Ambalaj\u0131n\u0131n \u00d6zellikleri<\/h3>\n\n\n\n<ul class=\"wp-block-list\">\n<li><strong>Y\u00fcksek kaliteli malzeme<\/strong>: G\u0131da s\u0131n\u0131f\u0131, toksik olmayan ve kokusuz g\u00fcvenli\u011fini sa\u011flayan \u00fcst\u00fcn ambalaj filmi malzemelerinden yap\u0131lm\u0131\u015ft\u0131r. Sa\u011flam ve dayan\u0131kl\u0131 performanslar\u0131 ile g\u0131dalar\u0131n \u00e7e\u015fitli ambalajlama ama\u00e7lar\u0131 i\u00e7in uygulanabilir.<\/li>\n\n\n\n<li><strong>Garantili verimli paketleme<\/strong>: \u00dcretim verimlili\u011fini art\u0131rmak i\u00e7in otomatik paketleme ekipman\u0131 i\u00e7in uygundur. Film rulosunun p\u00fcr\u00fczs\u00fcz tasar\u0131m\u0131, y\u00fcksek h\u0131zl\u0131 paketleme s\u0131ras\u0131nda herhangi bir ka\u011f\u0131t s\u0131k\u0131\u015fmas\u0131 olmamas\u0131n\u0131 sa\u011flar.<\/li>\n\n\n\n<li><strong>M\u00fckemmel koruma performans\u0131<\/strong>e: nem ve tozun i\u00e7eri girmesini etkili bir \u015fekilde \u00f6nler ve \u00e7ama\u015f\u0131r deterjanlar\u0131n\u0131n ge\u00e7erlili\u011fini uzat\u0131r. Y\u0131rt\u0131lmaya kar\u015f\u0131 iyi diren\u00e7, nakliye ve depolamada \u00fcr\u00fcn\u00fcn b\u00fct\u00fcnl\u00fc\u011f\u00fcn\u00fc korur.<\/li>\n\n\n\n<li><strong>\u00c7evrenin korunmas\u0131 g\u00f6z \u00f6n\u00fcnde bulundurulur<\/strong>\u00c7evre koruma gereksinimlerini kar\u015f\u0131lamak i\u00e7in biyolojik olarak par\u00e7alanabilir ve geri d\u00f6n\u00fc\u015ft\u00fcr\u00fclebilir malzemeler i\u00e7in destek. Malzeme israf\u0131n\u0131 azaltmak ve karbon ayak izini d\u00fc\u015f\u00fcrmek i\u00e7in farkl\u0131 kal\u0131nl\u0131klarda malzemeler de sa\u011flanmaktad\u0131r.<\/li>\n\n\n\n<li><strong>Kullan\u0131ma uygun<\/strong>: Plastik film rulosunun kapat\u0131lmas\u0131 kolayd\u0131r; \u0131s\u0131t\u0131lacak ve i\u00e7indeki \u00e7ama\u015f\u0131r deterjan\u0131na nem girmesine izin vermeyecek \u015fekilde s\u0131k\u0131ca kapat\u0131lacakt\u0131r. Depolanmas\u0131 ve ta\u015f\u0131nmas\u0131 kolayd\u0131r, depo alan\u0131ndan tasarruf sa\u011flar.<\/li>\n<\/ul>\n<\/div>\n\n\n\n<div class=\"wp-block-column is-layout-flow wp-block-column-is-layout-flow\">\n<figure class=\"wp-block-image size-full\"><img fetchpriority=\"high\" decoding=\"async\" width=\"750\" height=\"750\" src=\"https:\/\/www.hyflexpack.com\/wp-content\/uploads\/2024\/11\/Custom-Washing-Powder-Packaging-Film\uff081\uff09.webp\" alt=\"\u00d6zel \u00c7ama\u015f\u0131r Tozu Ambalaj Filmi\" class=\"wp-image-5637\" srcset=\"https:\/\/www.hyflexpack.com\/wp-content\/uploads\/2024\/11\/Custom-Washing-Powder-Packaging-Film\uff081\uff09.webp 750w, https:\/\/www.hyflexpack.com\/wp-content\/uploads\/2024\/11\/Custom-Washing-Powder-Packaging-Film\uff081\uff09-300x300.webp 300w, https:\/\/www.hyflexpack.com\/wp-content\/uploads\/2024\/11\/Custom-Washing-Powder-Packaging-Film\uff081\uff09-150x150.webp 150w, https:\/\/www.hyflexpack.com\/wp-content\/uploads\/2024\/11\/Custom-Washing-Powder-Packaging-Film\uff081\uff09-12x12.webp 12w, https:\/\/www.hyflexpack.com\/wp-content\/uploads\/2024\/11\/Custom-Washing-Powder-Packaging-Film\uff081\uff09-285x285.webp 285w, https:\/\/www.hyflexpack.com\/wp-content\/uploads\/2024\/11\/Custom-Washing-Powder-Packaging-Film\uff081\uff09-270x270.webp 270w, https:\/\/www.hyflexpack.com\/wp-content\/uploads\/2024\/11\/Custom-Washing-Powder-Packaging-Film\uff081\uff09-540x540.webp 540w, https:\/\/www.hyflexpack.com\/wp-content\/uploads\/2024\/11\/Custom-Washing-Powder-Packaging-Film\uff081\uff09-660x660.webp 660w\" sizes=\"(max-width: 750px) 100vw, 750px\" \/><\/figure>\n<\/div>\n<\/div>\n\n\n\n<p><\/p>","protected":false},"excerpt":{"rendered":"<p>Sabun \u00fcr\u00fcnlerinizi s\u00fcrd\u00fcr\u00fclebilir, y\u00fcksek kaliteli malzemelerle korumak ve geli\u015ftirmek i\u00e7in tasarlanm\u0131\u015f \u00f6zel bask\u0131l\u0131 \u00e7evre dostu sabun ambalaj filmi. Daha ye\u015fil bir etki i\u00e7in \u00e7evre dostu ambalaj\u0131 se\u00e7in. Bug\u00fcn bize ula\u015f\u0131n!<\/p>\n<h3>\u00c7evre Dostu Sabun Ambalaj\u0131 Toptanc\u0131s\u0131n\u0131n Avantajlar\u0131<\/h3>\n<ul>\n<li><strong>Ki\u015fiselle\u015ftirilmi\u015f Tasar\u0131m<\/strong>: Farkl\u0131 m\u00fc\u015fterilerin markala\u015fma ihtiya\u00e7lar\u0131n\u0131 kar\u015f\u0131lamak i\u00e7in \u00e7e\u015fitli boyutlarda, \u015fekillerde, renklerde ve bask\u0131 desenlerinde \u00f6zelle\u015ftirilmi\u015f hizmetler sa\u011flay\u0131n.<\/li>\n<li><strong>\u00dcretim<\/strong>: Geli\u015fmi\u015f ekipman ve teknoloji ile sipari\u015f \u00fcretimini y\u00fcksek verimlilik ve y\u00fcksek kalite ile tamamlayabilir ve zaman\u0131nda teslim edebiliriz.<\/li>\n<li><strong>Tam Aral\u0131kl\u0131 \u0130zleme<\/strong>: Hammadde al\u0131m\u0131ndan fabrikadan \u00e7\u0131kan bitmi\u015f \u00fcr\u00fcnlere kadar her ad\u0131mda s\u0131k\u0131 kalite kontrol\u00fc yap\u0131l\u0131r ve g\u00fcvenilir kaliteyi sa\u011flamak i\u00e7in \u00e7e\u015fitli uluslararas\u0131 kalite sertifikalar\u0131n\u0131 ge\u00e7tik.<\/li>\n<li><strong>Kaliteli M\u00fc\u015fteri Hizmetleri<\/strong>: M\u00fc\u015fterilerin en uygun ambalaj \u00e7\u00f6z\u00fcmlerini ve m\u00fckemmel sat\u0131\u015f sonras\u0131 hizmet sistemini se\u00e7melerine yard\u0131mc\u0131 olmak i\u00e7in profesyonel \u00fcr\u00fcn ve pazar dan\u0131\u015fmanl\u0131\u011f\u0131 hizmetleri sunmak.<\/li>\n<li><strong>\u00dccretsiz \u00d6rnek<\/strong>: \u00dcr\u00fcnleri de\u011ferlendirebilmeniz i\u00e7in \u00fccretsiz numune hizmeti sunuyoruz.<\/li>\n<\/ul>\n<p><a href=\"https:\/\/www.hyflexpack.com\/tr\/\"><strong>Huiyang Ambalaj<\/strong><\/a> m\u00fc\u015fterilerin \u00fcr\u00fcn imajlar\u0131n\u0131 iyile\u015ftirmelerine ve pazar rekabet g\u00fcc\u00fcn\u00fc art\u0131rmalar\u0131na yard\u0131mc\u0131 olmak i\u00e7in m\u00fc\u015fterilere y\u00fcksek kaliteli, \u00f6zel \u00e7evre dostu sabun ambalaj filmi sa\u011flamay\u0131 taahh\u00fct eder.<\/p>","protected":false},"featured_media":5637,"comment_status":"open","ping_status":"closed","template":"","meta":[],"product_brand":[],"product_cat":[53],"product_tag":[],"class_list":{"0":"post-5636","1":"product","2":"type-product","3":"status-publish","4":"has-post-thumbnail","6":"product_cat-packaging-film-supplier","8":"first","9":"instock","10":"shipping-taxable","11":"product-type-simple"},"_links":{"self":[{"href":"https:\/\/www.hyflexpack.com\/tr\/wp-json\/wp\/v2\/product\/5636","targetHints":{"allow":["GET"]}}],"collection":[{"href":"https:\/\/www.hyflexpack.com\/tr\/wp-json\/wp\/v2\/product"}],"about":[{"href":"https:\/\/www.hyflexpack.com\/tr\/wp-json\/wp\/v2\/types\/product"}],"replies":[{"embeddable":true,"href":"https:\/\/www.hyflexpack.com\/tr\/wp-json\/wp\/v2\/comments?post=5636"}],"wp:featuredmedia":[{"embeddable":true,"href":"https:\/\/www.hyflexpack.com\/tr\/wp-json\/wp\/v2\/media\/5637"}],"wp:attachment":[{"href":"https:\/\/www.hyflexpack.com\/tr\/wp-json\/wp\/v2\/media?parent=5636"}],"wp:term":[{"taxonomy":"product_brand","embeddable":true,"href":"https:\/\/www.hyflexpack.com\/tr\/wp-json\/wp\/v2\/product_brand?post=5636"},{"taxonomy":"product_cat","embeddable":true,"href":"https:\/\/www.hyflexpack.com\/tr\/wp-json\/wp\/v2\/product_cat?post=5636"},{"taxonomy":"product_tag","embeddable":true,"href":"https:\/\/www.hyflexpack.com\/tr\/wp-json\/wp\/v2\/product_tag?post=5636"}],"curies":[{"name":"wp","href":"https:\/\/api.w.org\/{rel}","templated":true}]}}