{"id":5583,"date":"2024-11-11T03:18:41","date_gmt":"2024-11-11T03:18:41","guid":{"rendered":"https:\/\/www.hyflexpack.com\/?post_type=product&#038;p=5583"},"modified":"2025-10-23T08:27:08","modified_gmt":"2025-10-23T08:27:08","slug":"custom-dog-treat-packaging","status":"publish","type":"product","link":"https:\/\/www.hyflexpack.com\/tr\/product\/custom-dog-treat-packaging\/","title":{"rendered":"PET Pencereli \u00d6zel K\u00f6pek \u00d6d\u00fcl Ambalaj Torbas\u0131 Geri D\u00f6n\u00fc\u015f\u00fcml\u00fc Stand Up K\u0131l\u0131f\u0131"},"content":{"rendered":"<div class=\"wp-block-columns is-layout-flex wp-container-core-columns-is-layout-9d6595d7 wp-block-columns-is-layout-flex\">\n<div class=\"wp-block-column is-layout-flow wp-block-column-is-layout-flow\">\n<h3 class=\"wp-block-heading\">Advantages of Custom Dog Treat Packaging Bag Supplier<\/h3>\n\n\n\n<ul class=\"wp-block-list\">\n<li><strong>\u00d6zel Tasar\u0131m<\/strong>: Ki\u015fiselle\u015ftirilmi\u015f tasar\u0131m \u00e7\u00f6z\u00fcmleri sa\u011flay\u0131n, OEM \/ ODM'yi destekleyin, farkl\u0131 \u00f6zellikler, boyutlar, bask\u0131 desenleri vb. ile \u00f6zelle\u015ftirin.<\/li>\n<\/ul>\n\n\n\n<p><\/p>\n\n\n\n<ul class=\"wp-block-list\">\n<li><strong>Kalite G\u00fcvence<\/strong>: Maintain the manufacturing process and amend high-quality materials and advanced equipment to retain product quality.<\/li>\n<\/ul>\n\n\n\n<ul class=\"wp-block-list\">\n<li><strong>Zaman\u0131nda Teslimat<\/strong>: Optimize the production process including enhanced productivity for on-time delivery and customers&#8217; urgent requirements.<\/li>\n<\/ul>\n\n\n\n<ul class=\"wp-block-list\">\n<li><strong>Profesyonel Teknik Destek<\/strong>: Professional technical support by an experienced technical team and 24-hour after-sales consulting service.<\/li>\n<\/ul>\n\n\n\n<ul class=\"wp-block-list\">\n<li><strong>Sertifikasyon<\/strong>: FDA\/BRC\/<strong><a href=\"https:\/\/www.iso.org\/standard\/62085.html\" target=\"_blank\" rel=\"noopener\">ISO 9001<\/a><\/strong>\/RoHS<\/li>\n<\/ul>\n\n\n\n<p><\/p>\n\n\n\n<ul class=\"wp-block-list\">\n<li><strong>\u00dccretsiz \u00d6rnek<\/strong>: \u00dcr\u00fcnleri de\u011ferlendirmeniz i\u00e7in \u00fccretsiz numune hizmeti sa\u011flay\u0131n.<\/li>\n<\/ul>\n<\/div>\n\n\n\n<div class=\"wp-block-column is-layout-flow wp-block-column-is-layout-flow\">\n<figure class=\"wp-block-image size-full\"><img fetchpriority=\"high\" decoding=\"async\" width=\"750\" height=\"750\" src=\"https:\/\/www.hyflexpack.com\/wp-content\/uploads\/2024\/11\/Manufacturer-Recyclable-Stand-Up-Pouch\uff081\uff09.webp\" alt=\"Manufacturer Recyclable Stand Up Pouch\" class=\"wp-image-5585\" srcset=\"https:\/\/www.hyflexpack.com\/wp-content\/uploads\/2024\/11\/Manufacturer-Recyclable-Stand-Up-Pouch\uff081\uff09.webp 750w, https:\/\/www.hyflexpack.com\/wp-content\/uploads\/2024\/11\/Manufacturer-Recyclable-Stand-Up-Pouch\uff081\uff09-300x300.webp 300w, https:\/\/www.hyflexpack.com\/wp-content\/uploads\/2024\/11\/Manufacturer-Recyclable-Stand-Up-Pouch\uff081\uff09-150x150.webp 150w, https:\/\/www.hyflexpack.com\/wp-content\/uploads\/2024\/11\/Manufacturer-Recyclable-Stand-Up-Pouch\uff081\uff09-12x12.webp 12w, https:\/\/www.hyflexpack.com\/wp-content\/uploads\/2024\/11\/Manufacturer-Recyclable-Stand-Up-Pouch\uff081\uff09-285x285.webp 285w, https:\/\/www.hyflexpack.com\/wp-content\/uploads\/2024\/11\/Manufacturer-Recyclable-Stand-Up-Pouch\uff081\uff09-270x270.webp 270w, https:\/\/www.hyflexpack.com\/wp-content\/uploads\/2024\/11\/Manufacturer-Recyclable-Stand-Up-Pouch\uff081\uff09-540x540.webp 540w, https:\/\/www.hyflexpack.com\/wp-content\/uploads\/2024\/11\/Manufacturer-Recyclable-Stand-Up-Pouch\uff081\uff09-660x660.webp 660w\" sizes=\"(max-width: 750px) 100vw, 750px\" \/><\/figure>\n<\/div>\n<\/div>\n\n\n\n<div class=\"wp-block-columns is-layout-flex wp-container-core-columns-is-layout-9d6595d7 wp-block-columns-is-layout-flex\">\n<div class=\"wp-block-column is-layout-flow wp-block-column-is-layout-flow\">\n<figure class=\"wp-block-embed is-type-video is-provider-youtube wp-block-embed-youtube wp-embed-aspect-16-9 wp-has-aspect-ratio\"><div class=\"wp-block-embed__wrapper\">\n<iframe title=\"\u00f6zelle\u015ftirilmi\u015f evcil hayvan mamas\u0131 ambalaj\u0131\" width=\"940\" height=\"529\" src=\"https:\/\/www.youtube.com\/embed\/uU_9aG02aJY?feature=oembed\" frameborder=\"0\" allow=\"accelerometer; autoplay; clipboard-write; encrypted-media; gyroscope; picture-in-picture; web-share\" referrerpolicy=\"strict-origin-when-cross-origin\" allowfullscreen><\/iframe>\n<\/div><\/figure>\n<\/div>\n\n\n\n<div class=\"wp-block-column is-layout-flow wp-block-column-is-layout-flow\">\n<h3 class=\"wp-block-heading\"><strong>\u00c7in'de bir K\u00f6pek Tedavi Ambalaj Torbas\u0131 \u00fcreticisi olarak<\/strong><\/h3>\n\n\n\n<p>Taraf\u0131ndan sunulan \u00e7ok \u00e7e\u015fitli k\u00f6pek at\u0131\u015ft\u0131rmal\u0131k po\u015fetleri hakk\u0131nda bilgi edinin\u00a0<strong>Huiyang Ambalaj<\/strong>, Evcil hayvan\u0131n\u0131z i\u00e7in en iyi \u00fcr\u00fcn\u00fc se\u00e7menize yard\u0131mc\u0131 olmak i\u00e7in farkl\u0131 malzemeleri, boyutlar\u0131 ve tasar\u0131mlar\u0131 kapsar. Videomuz, bilin\u00e7li bir se\u00e7im yapman\u0131za yard\u0131mc\u0131 olmak i\u00e7in her stilin \u00f6zelliklerini ve faydalar\u0131n\u0131 ayr\u0131nt\u0131l\u0131 olarak a\u00e7\u0131klamaktad\u0131r.<\/p>\n<\/div>\n<\/div>\n\n\n\n<p><\/p>","protected":false},"excerpt":{"rendered":"<p>Recyclable custom dog treat packaging stand-up pouches ensure freshness and durability and come in wholesale dog food bags and pet treat pouches for eye-catching displays. Keep your pet treat fresh and eco-friendly! Contact us today to customize your packaging! We are committed to providing one-stop environmentally friendly and high-quality packaging solutions.<\/p>\n<h3>Features of Dog Treat Packaging Bag<\/h3>\n<p><strong>Recyclable Green Material<\/strong>: Employed the use of green, recyclable material, meeting demands for trends in green packaging with minimal impact on the environment.<\/p>\n<p><strong>PET Material<\/strong>: transparent window. Creative transparent window design allows customers to see the appearance of dog snacks, increasing their desire to purchase.<\/p>\n<p><strong>Stand-up Pouch Design<\/strong>: Custom dog treat packaging is easy to display and store; also, the design of stand-up packaging can increase appeal on the shelf for easy display.<\/p>\n<p><strong>Strong Seal<\/strong>: High-quality sealing that is moisture and oxygen-resistant to keep dog snacks fresh and delicious for quite a while.<\/p>\n<p><strong>Easy to Open<\/strong>: The dog treat bag has an easy-tear design feature for easy access to snacks by the pet owner when there may be an urgent need for them.<\/p>\n<p><strong>Durable<\/strong>: made of high-quality material and with excellent processing technology, with long life for transportation and long-term storage.<\/p>","protected":false},"featured_media":5585,"comment_status":"open","ping_status":"closed","template":"","meta":[],"product_brand":[],"product_cat":[56],"product_tag":[],"class_list":{"0":"post-5583","1":"product","2":"type-product","3":"status-publish","4":"has-post-thumbnail","6":"product_cat-custom-pet-food-packaging","8":"first","9":"instock","10":"shipping-taxable","11":"product-type-simple"},"_links":{"self":[{"href":"https:\/\/www.hyflexpack.com\/tr\/wp-json\/wp\/v2\/product\/5583","targetHints":{"allow":["GET"]}}],"collection":[{"href":"https:\/\/www.hyflexpack.com\/tr\/wp-json\/wp\/v2\/product"}],"about":[{"href":"https:\/\/www.hyflexpack.com\/tr\/wp-json\/wp\/v2\/types\/product"}],"replies":[{"embeddable":true,"href":"https:\/\/www.hyflexpack.com\/tr\/wp-json\/wp\/v2\/comments?post=5583"}],"wp:featuredmedia":[{"embeddable":true,"href":"https:\/\/www.hyflexpack.com\/tr\/wp-json\/wp\/v2\/media\/5585"}],"wp:attachment":[{"href":"https:\/\/www.hyflexpack.com\/tr\/wp-json\/wp\/v2\/media?parent=5583"}],"wp:term":[{"taxonomy":"product_brand","embeddable":true,"href":"https:\/\/www.hyflexpack.com\/tr\/wp-json\/wp\/v2\/product_brand?post=5583"},{"taxonomy":"product_cat","embeddable":true,"href":"https:\/\/www.hyflexpack.com\/tr\/wp-json\/wp\/v2\/product_cat?post=5583"},{"taxonomy":"product_tag","embeddable":true,"href":"https:\/\/www.hyflexpack.com\/tr\/wp-json\/wp\/v2\/product_tag?post=5583"}],"curies":[{"name":"wp","href":"https:\/\/api.w.org\/{rel}","templated":true}]}}