{"id":5522,"date":"2024-10-19T08:00:05","date_gmt":"2024-10-19T08:00:05","guid":{"rendered":"https:\/\/www.hyflexpack.com\/?post_type=product&#038;p=5522"},"modified":"2024-12-13T07:29:40","modified_gmt":"2024-12-13T07:29:40","slug":"custom-spice-packaging-bags","status":"publish","type":"product","link":"https:\/\/www.hyflexpack.com\/tr\/product\/custom-spice-packaging-bags\/","title":{"rendered":"Pi\u015firme \u0130\u00e7in Biyobozunur Baharat Paketleme Torbalar\u0131 Stand Up K\u0131l\u0131f\u0131 Toptanc\u0131s\u0131"},"content":{"rendered":"<div class=\"wp-block-columns is-layout-flex wp-container-core-columns-is-layout-9d6595d7 wp-block-columns-is-layout-flex\">\n<div class=\"wp-block-column is-layout-flow wp-block-column-is-layout-flow\">\n<h3 class=\"wp-block-heading\">Features of Custom Spice Packaging Bags<\/h3>\n\n\n\n<ul class=\"wp-block-list\">\n<li><strong>Biodegradable Material<\/strong>: Our spice packaging pouches are made from biodegradable material friendly to the environment and nature, hence lessening the impact on the environment.<\/li>\n\n\n\n<li><strong>Stand-Up Tasar\u0131m<\/strong>: Stand-Up design for easy display, increasing the product&#8217;s visibility on a store shelf and giving your products an edge over others in the retail environment.<\/li>\n\n\n\n<li><strong>Secure Closure<\/strong>: Offers a reliable seal to ensure freshness and flavor for your spices and against moisture and outside contamination. Keep the powder dry, and prevent pests and outside air from entering.<\/li>\n\n\n\n<li><strong>Size and Design<\/strong>: It can be customized for size and design to suit various brands and different markets.<\/li>\n\n\n\n<li><strong>Light and Durable<\/strong>: The light and durable sections make the product easy to transport and store while offering very good product protection.<\/li>\n\n\n\n<li><strong>Kullan\u0131m Kolayl\u0131\u011f\u0131<\/strong>: Easy to open and use, creating a very positive consumer experience and increasing brand satisfaction.<\/li>\n\n\n\n<li><strong>It serves many purposes<\/strong>: it is suitable for packaging all kinds of spices and condiments both in household cooking and at commercial levels.<\/li>\n\n\n\n<li><strong>Food-Grade High-Barrier Materials<\/strong>: Customized spice packaging bags use environmentally friendly high-barrier antistatic materials, such as PET, PE, aluminum foil, etc., to ensure the dryness and safety of the product, moisture-proof, anti-oxidation, and extend the shelf life. <\/li>\n<\/ul>\n<\/div>\n\n\n\n<div class=\"wp-block-column is-layout-flow wp-block-column-is-layout-flow\">\n<figure class=\"wp-block-image size-full\"><img fetchpriority=\"high\" decoding=\"async\" width=\"750\" height=\"750\" src=\"https:\/\/www.hyflexpack.com\/wp-content\/uploads\/2024\/10\/wholesale-spices-packaging-bags\uff081\uff09.webp\" alt=\"toptan baharat paketleme po\u015fetleri\" class=\"wp-image-5515\" srcset=\"https:\/\/www.hyflexpack.com\/wp-content\/uploads\/2024\/10\/wholesale-spices-packaging-bags\uff081\uff09.webp 750w, https:\/\/www.hyflexpack.com\/wp-content\/uploads\/2024\/10\/wholesale-spices-packaging-bags\uff081\uff09-300x300.webp 300w, https:\/\/www.hyflexpack.com\/wp-content\/uploads\/2024\/10\/wholesale-spices-packaging-bags\uff081\uff09-150x150.webp 150w, https:\/\/www.hyflexpack.com\/wp-content\/uploads\/2024\/10\/wholesale-spices-packaging-bags\uff081\uff09-12x12.webp 12w, https:\/\/www.hyflexpack.com\/wp-content\/uploads\/2024\/10\/wholesale-spices-packaging-bags\uff081\uff09-285x285.webp 285w, https:\/\/www.hyflexpack.com\/wp-content\/uploads\/2024\/10\/wholesale-spices-packaging-bags\uff081\uff09-270x270.webp 270w, https:\/\/www.hyflexpack.com\/wp-content\/uploads\/2024\/10\/wholesale-spices-packaging-bags\uff081\uff09-540x540.webp 540w, https:\/\/www.hyflexpack.com\/wp-content\/uploads\/2024\/10\/wholesale-spices-packaging-bags\uff081\uff09-660x660.webp 660w\" sizes=\"(max-width: 750px) 100vw, 750px\" \/><\/figure>\n<\/div>\n<\/div>\n\n\n\n<p><\/p>","protected":false},"excerpt":{"rendered":"<p>Find out how our custom spice packaging bags are made with eco-friendly food-grade laminated packaging film. Vertical pouches are perfect for preserving freshness and enhancing your brand&#8217;s eco-friendly image. Contact us today for a quote, we are committed to providing a one-stop eco-friendly quality packaging solution.<\/p>\n<h3>Advantages of Custom Spice Packaging Bags Supplier<\/h3>\n<ul>\n<li><strong>\u00d6zel Tasar\u0131m<\/strong>: M\u00fc\u015fteri ihtiya\u00e7lar\u0131n\u0131 kar\u015f\u0131lamak i\u00e7in malzeme, boyut ve bask\u0131 deseni \u00f6zelle\u015ftirmesi dahil olmak \u00fczere \u00f6zelle\u015ftirilmi\u015f ambalaj po\u015feti hizmeti sa\u011fl\u0131yoruz ve OEM ve ODM'yi destekliyoruz.<\/li>\n<li><strong>\u00dcretim<\/strong>: Geli\u015fmi\u015f ekipman ve teknoloji ile sipari\u015f \u00fcretimini y\u00fcksek verimlilik ve y\u00fcksek kalite ile tamamlayabilir, zaman\u0131nda teslim edebiliriz.<\/li>\n<li><strong>Kalite Denetimi<\/strong>: \u00dcr\u00fcnlerin standartlar\u0131 kar\u015f\u0131lad\u0131\u011f\u0131ndan emin olmak i\u00e7in \u00fcretim i\u00e7in kalite standartlar\u0131n\u0131 ve g\u0131da g\u00fcvenli\u011fi gereksinimlerini s\u0131k\u0131 bir \u015fekilde takip edin.<\/li>\n<li><strong>M\u00fc\u015fteri Hizmetleri<\/strong>: H\u0131zl\u0131 yan\u0131t ve \u00f6zenli m\u00fc\u015fteri hizmetleri deste\u011fi sa\u011flamak i\u00e7in 24 saat.<\/li>\n<li><strong>Sertifikalar:<\/strong>\u00a0\u00a0BRC, ISO, QS, FDA<\/li>\n<li><strong>\u00dccretsiz \u00d6rnek<\/strong>\u00dcr\u00fcnleri de\u011ferlendirmeniz i\u00e7in \u00fccretsiz numune hizmeti sa\u011flay\u0131n.<\/li>\n<\/ul>\n<p><strong>Huiyang Ambalaj<\/strong> is committed to providing customers with high-quality, customized spice packaging bags to help customers improve their product image and enhance their market competitiveness.<\/p>","protected":false},"featured_media":5515,"comment_status":"open","ping_status":"closed","template":"","meta":[],"product_brand":[],"product_cat":[51,66],"product_tag":[],"class_list":{"0":"post-5522","1":"product","2":"type-product","3":"status-publish","4":"has-post-thumbnail","6":"product_cat-custom-food-packaging-bags","7":"product_cat-condiment-packaging-custom","9":"first","10":"instock","11":"shipping-taxable","12":"product-type-simple"},"_links":{"self":[{"href":"https:\/\/www.hyflexpack.com\/tr\/wp-json\/wp\/v2\/product\/5522","targetHints":{"allow":["GET"]}}],"collection":[{"href":"https:\/\/www.hyflexpack.com\/tr\/wp-json\/wp\/v2\/product"}],"about":[{"href":"https:\/\/www.hyflexpack.com\/tr\/wp-json\/wp\/v2\/types\/product"}],"replies":[{"embeddable":true,"href":"https:\/\/www.hyflexpack.com\/tr\/wp-json\/wp\/v2\/comments?post=5522"}],"wp:featuredmedia":[{"embeddable":true,"href":"https:\/\/www.hyflexpack.com\/tr\/wp-json\/wp\/v2\/media\/5515"}],"wp:attachment":[{"href":"https:\/\/www.hyflexpack.com\/tr\/wp-json\/wp\/v2\/media?parent=5522"}],"wp:term":[{"taxonomy":"product_brand","embeddable":true,"href":"https:\/\/www.hyflexpack.com\/tr\/wp-json\/wp\/v2\/product_brand?post=5522"},{"taxonomy":"product_cat","embeddable":true,"href":"https:\/\/www.hyflexpack.com\/tr\/wp-json\/wp\/v2\/product_cat?post=5522"},{"taxonomy":"product_tag","embeddable":true,"href":"https:\/\/www.hyflexpack.com\/tr\/wp-json\/wp\/v2\/product_tag?post=5522"}],"curies":[{"name":"wp","href":"https:\/\/api.w.org\/{rel}","templated":true}]}}