{"id":5520,"date":"2024-10-26T06:31:39","date_gmt":"2024-10-26T06:31:39","guid":{"rendered":"https:\/\/www.hyflexpack.com\/?post_type=product&#038;p=5520"},"modified":"2024-12-13T07:27:59","modified_gmt":"2024-12-13T07:27:59","slug":"custom-cookie-packaging-ideas-for-bags","status":"publish","type":"product","link":"https:\/\/www.hyflexpack.com\/tr\/product\/custom-cookie-packaging-ideas-for-bags\/","title":{"rendered":"Yarat\u0131c\u0131 Kurabiye Paketleme Fikirleri \u00d6zel Stand Up Torbalar G\u0131da S\u0131n\u0131f\u0131 Ambalaj \u00dcreticisi"},"content":{"rendered":"<div class=\"wp-block-columns is-layout-flex wp-container-core-columns-is-layout-9d6595d7 wp-block-columns-is-layout-flex\">\n<div class=\"wp-block-column is-layout-flow wp-block-column-is-layout-flow\">\n<h3 class=\"wp-block-heading\">Po\u015fetler i\u00e7in Yarat\u0131c\u0131 Kurabiye Paketleme Fikirlerinin \u00d6zellikleri<\/h3>\n\n\n\n<ul class=\"wp-block-list\">\n<li><strong>Malzeme Kalitesi<\/strong>: Bu kurabiyelerin ambalaj\u0131n\u0131n \u00f6zelle\u015ftirilmesinde kullan\u0131lan hammaddeler g\u0131da s\u0131n\u0131f\u0131 ve g\u00fcvenlidir, bu nedenle kurabiyelerin g\u00fcvenli bir \u015fekilde saklanmas\u0131n\u0131 ve tazeli\u011fini ve tad\u0131n\u0131 korumas\u0131n\u0131 garanti eder.<\/li>\n\n\n\n<li><strong>Kurabiye Paketleme i\u00e7in \u00d6zelle\u015ftirilebilir \u00c7anta<\/strong>: Logolar, renk \u015femalar\u0131 ve yarat\u0131c\u0131 \u015fekiller arac\u0131l\u0131\u011f\u0131yla \u00e7erezlerinizin \u00f6ne \u00e7\u0131kmas\u0131n\u0131 sa\u011flayacak bireysel markalama yapar.<\/li>\n\n\n\n<li><strong>Ayakta Tasar\u0131mlar<\/strong>: Raftaki g\u00f6r\u00fcnt\u00fcy\u00fc iyile\u015ftirme \u00f6zelli\u011fi, bu kurabiye \u00e7antas\u0131 fikirlerinin \u00fcst d\u00fczey g\u00f6r\u00fcnmesini ve hissettirmesini sa\u011flar; dolay\u0131s\u0131yla t\u00fcketiciye \u00e7ekici gelir.<\/li>\n\n\n\n<li><strong>Neme Dayan\u0131kl\u0131l\u0131k ve Tazelik<\/strong>: Bu kurabiye ambalaj\u0131, kurabiyeleri nemden ve havadan koruyan \u00e7ok katmanl\u0131 bariyer teknolojisini i\u00e7erir, bu da kurabiyelerin \u00f6mr\u00fcn\u00fc uzatmaya yard\u0131mc\u0131 olur ve dokular\u0131n\u0131 taze tutar.<\/li>\n\n\n\n<li><strong>\u00c7evre Dostu Se\u00e7im<\/strong>: S\u00fcrd\u00fcr\u00fclebilir ambalajlamaya izin vererek \u00e7evresel etkiyi azaltmak i\u00e7in biyolojik olarak par\u00e7alanabilir ve geri d\u00f6n\u00fc\u015ft\u00fcr\u00fclebilir malzemeler sa\u011flan\u0131r.<\/li>\n\n\n\n<li><strong>Do\u011fu A\u00e7\u0131k Kolay M\u00fch\u00fcrl\u00fc Kapak: <\/strong>Kurabiyeleri a\u00e7may\u0131 olduk\u00e7a kolay ve h\u0131zl\u0131 hale getiren kolay y\u0131rt\u0131labilir ve yeniden kapat\u0131labilir bir fermuar kapa\u011f\u0131 i\u00e7erir. Ayr\u0131ca, a\u00e7\u0131ld\u0131ktan sonra tazeli\u011fini korumak i\u00e7in g\u00fcvenli bir \u015fekilde saklanabilir.<\/li>\n<\/ul>\n<\/div>\n\n\n\n<div class=\"wp-block-column is-layout-flow wp-block-column-is-layout-flow\">\n<figure class=\"wp-block-image size-full\"><img fetchpriority=\"high\" decoding=\"async\" width=\"750\" height=\"750\" src=\"https:\/\/www.hyflexpack.com\/wp-content\/uploads\/2024\/10\/Manufacturer-Cookie-Packaging-Bags\uff081\uff09.webp\" alt=\"\u00dcretici \u00c7erez Ambalaj Torbalar\u0131\" class=\"wp-image-5507\" srcset=\"https:\/\/www.hyflexpack.com\/wp-content\/uploads\/2024\/10\/Manufacturer-Cookie-Packaging-Bags\uff081\uff09.webp 750w, https:\/\/www.hyflexpack.com\/wp-content\/uploads\/2024\/10\/Manufacturer-Cookie-Packaging-Bags\uff081\uff09-300x300.webp 300w, https:\/\/www.hyflexpack.com\/wp-content\/uploads\/2024\/10\/Manufacturer-Cookie-Packaging-Bags\uff081\uff09-150x150.webp 150w, https:\/\/www.hyflexpack.com\/wp-content\/uploads\/2024\/10\/Manufacturer-Cookie-Packaging-Bags\uff081\uff09-12x12.webp 12w, https:\/\/www.hyflexpack.com\/wp-content\/uploads\/2024\/10\/Manufacturer-Cookie-Packaging-Bags\uff081\uff09-285x285.webp 285w, https:\/\/www.hyflexpack.com\/wp-content\/uploads\/2024\/10\/Manufacturer-Cookie-Packaging-Bags\uff081\uff09-270x270.webp 270w, https:\/\/www.hyflexpack.com\/wp-content\/uploads\/2024\/10\/Manufacturer-Cookie-Packaging-Bags\uff081\uff09-540x540.webp 540w, https:\/\/www.hyflexpack.com\/wp-content\/uploads\/2024\/10\/Manufacturer-Cookie-Packaging-Bags\uff081\uff09-660x660.webp 660w\" sizes=\"(max-width: 750px) 100vw, 750px\" \/><\/figure>\n<\/div>\n<\/div>\n\n\n\n<p><\/p>","protected":false},"excerpt":{"rendered":"<p>Po\u015fetler i\u00e7in \u00f6zel yarat\u0131c\u0131 kurabiye ambalaj\u0131 fikirlerimizin \u00e7evre dostu g\u0131da s\u0131n\u0131f\u0131 kompozit ambalaj filmleriyle nas\u0131l yap\u0131ld\u0131\u011f\u0131n\u0131 \u00f6\u011frenin. Kompozit malzemelerin uygulanmas\u0131 iyi nem ge\u00e7irmezlik ve anti-oksidasyon i\u015flevleri sa\u011flayabilir ve y\u00fcksek bariyer \u00f6zellikleri \u00fcr\u00fcnlerin kurulu\u011funu ve g\u00fcvenli\u011fini sa\u011flayarak \u00fcr\u00fcnlerin nem nedeniyle bozulmamas\u0131n\u0131 sa\u011flar. Geni\u015fletilmi\u015f alt ve yan diki\u015flerin tasar\u0131m\u0131, t\u00fcm \u00e7antay\u0131 daha kapsay\u0131c\u0131 hale getirir. Teklif almak i\u00e7in bug\u00fcn bize ula\u015f\u0131n, tek elden \u00e7evre dostu ve y\u00fcksek kaliteli ambalaj \u00e7\u00f6z\u00fcmleri sunmay\u0131 taahh\u00fct ediyoruz.<\/p>\n<h3>Po\u015fet \u00dcreticileri i\u00e7in Kurabiye Paketleme Fikirlerinin Avantajlar\u0131<\/h3>\n<ul>\n<li>\u00d6zel Tasar\u0131m: M\u00fc\u015fteri ihtiya\u00e7lar\u0131n\u0131 kar\u015f\u0131lamak i\u00e7in malzeme, boyut ve bask\u0131 deseni \u00f6zelle\u015ftirmesi dahil olmak \u00fczere \u00f6zel ambalaj po\u015feti hizmeti sa\u011fl\u0131yor ve OEM ve ODM'yi destekliyoruz.<\/li>\n<li>\u00dcretim: Geli\u015fmi\u015f ekipman ve teknoloji ile sipari\u015f \u00fcretimini y\u00fcksek verimlilik ve y\u00fcksek kalite ile tamamlayabilir ve zaman\u0131nda teslim edebiliriz.<\/li>\n<li>Kalite Denetimi: \u00dcr\u00fcnlerin standartlar\u0131 kar\u015f\u0131lad\u0131\u011f\u0131ndan emin olmak i\u00e7in \u00fcretim i\u00e7in kalite standartlar\u0131n\u0131 ve g\u0131da g\u00fcvenli\u011fi gereksinimlerini s\u0131k\u0131 bir \u015fekilde takip edin.<\/li>\n<li>M\u00fc\u015fteri Hizmetleri: H\u0131zl\u0131 yan\u0131t ve \u00f6zenli m\u00fc\u015fteri hizmetleri deste\u011fi sa\u011flamak i\u00e7in 24 saat.<\/li>\n<li>\u00dccretsiz \u00d6rnek \uff1a \u00dcr\u00fcnleri de\u011ferlendirmeniz i\u00e7in \u00fccretsiz \u00f6rnek hizmeti sa\u011flay\u0131n.<\/li>\n<\/ul>\n<p><a href=\"https:\/\/www.hyflexpack.com\/tr\/\"><strong>Huiyang Ambalaj<\/strong><\/a> m\u00fc\u015fterilerin \u00fcr\u00fcn imajlar\u0131n\u0131 iyile\u015ftirmelerine ve pazar rekabet g\u00fc\u00e7lerini art\u0131rmalar\u0131na yard\u0131mc\u0131 olmak i\u00e7in m\u00fc\u015fterilere y\u00fcksek kaliteli, \u00f6zel \u00e7erez ambalaj po\u015fetleri sa\u011flamay\u0131 taahh\u00fct eder.<\/p>","protected":false},"featured_media":5507,"comment_status":"open","ping_status":"closed","template":"","meta":[],"product_brand":[],"product_cat":[51,57],"product_tag":[],"class_list":{"0":"post-5520","1":"product","2":"type-product","3":"status-publish","4":"has-post-thumbnail","6":"product_cat-custom-food-packaging-bags","7":"product_cat-snack-packaging-bags-wholesale","9":"first","10":"instock","11":"shipping-taxable","12":"product-type-simple"},"_links":{"self":[{"href":"https:\/\/www.hyflexpack.com\/tr\/wp-json\/wp\/v2\/product\/5520","targetHints":{"allow":["GET"]}}],"collection":[{"href":"https:\/\/www.hyflexpack.com\/tr\/wp-json\/wp\/v2\/product"}],"about":[{"href":"https:\/\/www.hyflexpack.com\/tr\/wp-json\/wp\/v2\/types\/product"}],"replies":[{"embeddable":true,"href":"https:\/\/www.hyflexpack.com\/tr\/wp-json\/wp\/v2\/comments?post=5520"}],"wp:featuredmedia":[{"embeddable":true,"href":"https:\/\/www.hyflexpack.com\/tr\/wp-json\/wp\/v2\/media\/5507"}],"wp:attachment":[{"href":"https:\/\/www.hyflexpack.com\/tr\/wp-json\/wp\/v2\/media?parent=5520"}],"wp:term":[{"taxonomy":"product_brand","embeddable":true,"href":"https:\/\/www.hyflexpack.com\/tr\/wp-json\/wp\/v2\/product_brand?post=5520"},{"taxonomy":"product_cat","embeddable":true,"href":"https:\/\/www.hyflexpack.com\/tr\/wp-json\/wp\/v2\/product_cat?post=5520"},{"taxonomy":"product_tag","embeddable":true,"href":"https:\/\/www.hyflexpack.com\/tr\/wp-json\/wp\/v2\/product_tag?post=5520"}],"curies":[{"name":"wp","href":"https:\/\/api.w.org\/{rel}","templated":true}]}}