{"id":5459,"date":"2024-10-15T02:45:54","date_gmt":"2024-10-15T02:45:54","guid":{"rendered":"https:\/\/www.hyflexpack.com\/?post_type=product&#038;p=5459"},"modified":"2025-10-21T06:41:06","modified_gmt":"2025-10-21T06:41:06","slug":"stand-up-spout-bag-wholesale","status":"publish","type":"product","link":"https:\/\/www.hyflexpack.com\/tr\/product\/stand-up-spout-bag-wholesale\/","title":{"rendered":"Toptan Stand Up Bacal\u0131 \u00c7anta \u0130\u00e7ecek Al\u00fcminyum Ambalaj OEM \u00d6zel Bask\u0131l\u0131 \u00dcretici"},"content":{"rendered":"<div class=\"wp-block-columns is-layout-flex wp-container-core-columns-is-layout-9d6595d7 wp-block-columns-is-layout-flex\">\n<div class=\"wp-block-column is-layout-flow wp-block-column-is-layout-flow\">\n<h3 class=\"wp-block-heading\">Y\u00fcksek Kaliteli Stand Up Emzikli \u00c7antan\u0131n \u00d6zellikleri<\/h3>\n\n\n\n<ul class=\"wp-block-list\">\n<li><strong>Dayan\u0131kl\u0131 Malzeme<\/strong>: \u00d6zelle\u015ftirilmi\u015f dik emzikli torbalar, i\u00e7eceklere m\u00fckemmel koruma ve tazelik sa\u011flayan \u00fcst\u00fcn kaliteli al\u00fcminyum ve ambalaj filmi malzemelerinden yap\u0131lm\u0131\u015ft\u0131r.<br><\/li>\n\n\n\n<li><strong>Cilt<\/strong>: \u00d6zel i\u00e7ecek po\u015fetleri, \u00e7e\u015fitli paketleme \u00e7\u00f6z\u00fcmleriyle kullan\u0131lmak \u00fczere \u00e7e\u015fitli \u00fcr\u00fcnlerin ihtiya\u00e7lar\u0131n\u0131 kar\u015f\u0131lamak i\u00e7in geni\u015f bir hacim alan\u0131nda mevcuttur.<br><\/li>\n\n\n\n<li><strong>Emzik<\/strong>: Bir\u00e7ok dik duran po\u015fet, d\u00f6kmek i\u00e7in bir a\u011f\u0131zl\u0131k ve \u00e7oklu m\u00fch\u00fcrleme kolayl\u0131\u011f\u0131 ile birlikte gelir.<br><\/li>\n\n\n\n<li><strong>S\u0131zd\u0131rmaz Tasar\u0131m<\/strong>: G\u0131da s\u0131n\u0131f\u0131 malzeme, g\u00fcvenli ta\u015f\u0131ma ve depolama i\u00e7in s\u0131k\u0131 bir s\u0131zd\u0131rmazl\u0131k sa\u011flar.<br><\/li>\n\n\n\n<li><strong>Ekoloji Dostu Alternatifler<\/strong>: S\u00fcrd\u00fcr\u00fclebilir kalk\u0131nmay\u0131 desteklemek i\u00e7in kullan\u0131lan malzemeler geri d\u00f6n\u00fc\u015ft\u00fcr\u00fclebilir.<br><\/li>\n\n\n\n<li><strong>Toptan \u00d6zelle\u015ftirme<\/strong>: dik duran emzik torbalar\u0131, m\u00fc\u015fterilerin markala\u015fma ihtiya\u00e7lar\u0131n\u0131 kar\u015f\u0131lamak i\u00e7in esnek OEM \u00f6zel bask\u0131 hizmetleri ile toplu sat\u0131n alma i\u00e7in uygun olabilir.<\/li>\n<\/ul>\n<\/div>\n\n\n\n<div class=\"wp-block-column is-layout-flow wp-block-column-is-layout-flow\">\n<figure class=\"wp-block-image size-full\"><img fetchpriority=\"high\" decoding=\"async\" width=\"750\" height=\"750\" src=\"https:\/\/www.hyflexpack.com\/wp-content\/uploads\/2024\/10\/Bespoke-Beverage-Packaging1.webp\" alt=\"Ismarlama \u0130\u00e7ecek Ambalajlar\u0131\" class=\"wp-image-5451\" srcset=\"https:\/\/www.hyflexpack.com\/wp-content\/uploads\/2024\/10\/Bespoke-Beverage-Packaging1.webp 750w, https:\/\/www.hyflexpack.com\/wp-content\/uploads\/2024\/10\/Bespoke-Beverage-Packaging1-300x300.webp 300w, https:\/\/www.hyflexpack.com\/wp-content\/uploads\/2024\/10\/Bespoke-Beverage-Packaging1-150x150.webp 150w, https:\/\/www.hyflexpack.com\/wp-content\/uploads\/2024\/10\/Bespoke-Beverage-Packaging1-12x12.webp 12w, https:\/\/www.hyflexpack.com\/wp-content\/uploads\/2024\/10\/Bespoke-Beverage-Packaging1-285x285.webp 285w, https:\/\/www.hyflexpack.com\/wp-content\/uploads\/2024\/10\/Bespoke-Beverage-Packaging1-270x270.webp 270w, https:\/\/www.hyflexpack.com\/wp-content\/uploads\/2024\/10\/Bespoke-Beverage-Packaging1-540x540.webp 540w, https:\/\/www.hyflexpack.com\/wp-content\/uploads\/2024\/10\/Bespoke-Beverage-Packaging1-660x660.webp 660w\" sizes=\"(max-width: 750px) 100vw, 750px\" \/><\/figure>\n<\/div>\n<\/div>\n\n\n\n<p><\/p>","protected":false},"excerpt":{"rendered":"<p>\u0130\u00e7ecekler i\u00e7in s\u0131zd\u0131rmaz, yeniden kapat\u0131labilir \u00e7\u00f6z\u00fcmler sunan, dik duran emzikli po\u015fetlere sahip \u00f6zel i\u00e7ecek ambalajlar\u0131. \u00d6zelle\u015ftirilebilir kapasitesi ve tasar\u0131m\u0131yla toptan sipari\u015fler i\u00e7in idealdir ve markan\u0131z\u0131n g\u00f6r\u00fcn\u00fcrl\u00fc\u011f\u00fcn\u00fc art\u0131rmak i\u00e7in m\u00fckemmeldir. Dik duran emzikli po\u015fetler hakk\u0131nda daha fazla \u00fcr\u00fcn bilgisi i\u00e7in bizimle ileti\u015fime ge\u00e7in.<\/p>\n<h3>Stand Up Emzikli \u00c7anta Tedarik\u00e7isinin Avantajlar\u0131<\/h3>\n<ul>\n<li>\u00d6zel tasar\u0131m: M\u00fc\u015fteri ihtiya\u00e7lar\u0131n\u0131 kar\u015f\u0131lamak i\u00e7in malzeme, boyut ve bask\u0131 deseni \u00f6zelle\u015ftirmesi dahil olmak \u00fczere \u00f6zelle\u015ftirilmi\u015f hizmetler sunuyoruz ve OEM ve ODM'yi destekliyoruz.<\/li>\n<li>\u00dcretim: Geli\u015fmi\u015f ekipman ve teknoloji ile sipari\u015flerin \u00fcretimini verimli ve garantili kalite ile zaman\u0131nda teslim ederek tamamlayabiliriz.<\/li>\n<li>Kalite kontrol\u00fc: \u00dcretim, \u00fcr\u00fcnlerin standard\u0131 tam olarak kar\u015f\u0131lad\u0131\u011f\u0131ndan emin olabilen s\u0131k\u0131 kalite standartlar\u0131na ve g\u0131da g\u00fcvenli\u011fi gereksinimlerine g\u00f6re yap\u0131l\u0131r.<\/li>\n<li>M\u00fc\u015fteri hizmetleri: 24 saat h\u0131zl\u0131 yan\u0131t, \u00f6zenli m\u00fc\u015fteri hizmetleri deste\u011fi.<\/li>\n<li>Sertifikasyon<strong>\uff1a<\/strong>\u00a0FDA\/BRC\/ISO 9001\/RoHS<\/li>\n<li>\u00dccretsiz numune: De\u011ferlendirme i\u00e7in size \u00fccretsiz bir numune sunun.<\/li>\n<\/ul>\n<p>Mevcut duruma g\u00f6re, <a href=\"https:\/\/www.hyflexpack.com\/tr\/\"><strong>Huiyang Ambalaj<\/strong><\/a> Gelecekte m\u00fc\u015fterilerine daha kaliteli i\u00e7ecek ambalajlar\u0131 sunacaklar\u0131n\u0131 ve pazar rekabetinde \u00f6ne ge\u00e7mek i\u00e7in \u00fcr\u00fcnlerinin imaj\u0131n\u0131 geli\u015ftirmelerine yard\u0131mc\u0131 olacaklar\u0131n\u0131 vaat ediyor.<\/p>","protected":false},"featured_media":5451,"comment_status":"open","ping_status":"closed","template":"","meta":[],"product_brand":[],"product_cat":[103],"product_tag":[],"class_list":{"0":"post-5459","1":"product","2":"type-product","3":"status-publish","4":"has-post-thumbnail","6":"product_cat-beverage-packaging-bags-supplier","8":"first","9":"instock","10":"shipping-taxable","11":"product-type-simple"},"_links":{"self":[{"href":"https:\/\/www.hyflexpack.com\/tr\/wp-json\/wp\/v2\/product\/5459","targetHints":{"allow":["GET"]}}],"collection":[{"href":"https:\/\/www.hyflexpack.com\/tr\/wp-json\/wp\/v2\/product"}],"about":[{"href":"https:\/\/www.hyflexpack.com\/tr\/wp-json\/wp\/v2\/types\/product"}],"replies":[{"embeddable":true,"href":"https:\/\/www.hyflexpack.com\/tr\/wp-json\/wp\/v2\/comments?post=5459"}],"wp:featuredmedia":[{"embeddable":true,"href":"https:\/\/www.hyflexpack.com\/tr\/wp-json\/wp\/v2\/media\/5451"}],"wp:attachment":[{"href":"https:\/\/www.hyflexpack.com\/tr\/wp-json\/wp\/v2\/media?parent=5459"}],"wp:term":[{"taxonomy":"product_brand","embeddable":true,"href":"https:\/\/www.hyflexpack.com\/tr\/wp-json\/wp\/v2\/product_brand?post=5459"},{"taxonomy":"product_cat","embeddable":true,"href":"https:\/\/www.hyflexpack.com\/tr\/wp-json\/wp\/v2\/product_cat?post=5459"},{"taxonomy":"product_tag","embeddable":true,"href":"https:\/\/www.hyflexpack.com\/tr\/wp-json\/wp\/v2\/product_tag?post=5459"}],"curies":[{"name":"wp","href":"https:\/\/api.w.org\/{rel}","templated":true}]}}