{"id":5433,"date":"2024-10-12T09:39:30","date_gmt":"2024-10-12T09:39:30","guid":{"rendered":"https:\/\/www.hyflexpack.com\/?post_type=product&#038;p=5433"},"modified":"2025-03-14T06:59:53","modified_gmt":"2025-03-14T06:59:53","slug":"custom-printed-coffee-bags","status":"publish","type":"product","link":"https:\/\/www.hyflexpack.com\/tr\/product\/custom-printed-coffee-bags\/","title":{"rendered":"OEM \u00d6zel Bask\u0131l\u0131 Kahve Po\u015fetleri Stand Up Torbalar A\u00e7\u0131l\u0131p Kapanabilir Plastik Torbalar"},"content":{"rendered":"<div class=\"wp-block-columns is-layout-flex wp-container-core-columns-is-layout-9d6595d7 wp-block-columns-is-layout-flex\">\n<div class=\"wp-block-column is-layout-flow wp-block-column-is-layout-flow\">\n<h3 class=\"wp-block-heading\">Y\u00fcksek Kaliteli \u00d6zel Bask\u0131l\u0131 Kahve Po\u015fetlerinin \u00d6zellikleri<\/h3>\n\n\n\n<p><\/p>\n\n\n\n<ul class=\"wp-block-list\">\n<li><strong>G\u0131da s\u0131n\u0131f\u0131 Y\u00fcksek Bariyer Malzemesi<\/strong>Kahvenin tazeli\u011fini ve g\u00fcvenli\u011fini sa\u011flamak, nem ge\u00e7irmez, oksidasyona dayan\u0131kl\u0131 ve raf \u00f6mr\u00fcn\u00fc uzatmak i\u00e7in PET, PE ve al\u00fcminyum folyo gibi g\u0131da s\u0131n\u0131f\u0131 y\u00fcksek bariyer malzemelerden yap\u0131lm\u0131\u015ft\u0131r.<\/li>\n<\/ul>\n\n\n\n<p><\/p>\n\n\n\n<ul class=\"wp-block-list\">\n<li><strong>Kolay Y\u0131rt\u0131labilir Tasar\u0131m<\/strong>: \u00d6zel bask\u0131l\u0131 kahve po\u015fetleri, t\u00fcketicilerin ek alet kullanmadan paketi kolayca a\u00e7mas\u0131na olanak tan\u0131yan Easy Tear ile donat\u0131lm\u0131\u015ft\u0131r, bu da kullan\u0131\u015fl\u0131 ve h\u0131zl\u0131 hale getirir.<\/li>\n<\/ul>\n\n\n\n<p><\/p>\n\n\n\n<ul class=\"wp-block-list\">\n<li><strong>Fermuar Kapatma<\/strong>: Yerle\u015fik fermuar kapatma, \u00e7antay\u0131 bir\u00e7ok kez yeniden a\u00e7may\u0131 ve kapatmay\u0131 kolayla\u015ft\u0131r\u0131r, kahveyi taze tutar ve d\u0131\u015far\u0131dan hava girmesini \u00f6nler.<\/li>\n<\/ul>\n\n\n\n<p><\/p>\n\n\n\n<ul class=\"wp-block-list\">\n<li><strong>Ayakta Kese Tasar\u0131m\u0131<\/strong>: Ayakta duran po\u015fet yap\u0131s\u0131, po\u015fetlerin raflarda veya vitrinlerde sa\u011flam bir \u015fekilde durmas\u0131n\u0131 sa\u011flayarak te\u015fhir alan\u0131ndan tasarruf sa\u011flar ve \u00fcr\u00fcn sunumunu geli\u015ftirir.<\/li>\n<\/ul>\n\n\n\n<p><\/p>\n\n\n\n<ul class=\"wp-block-list\">\n<li><strong>Toptan Tedarik<\/strong>: B\u00fcy\u00fck \u00f6l\u00e7ekli sat\u0131n alma talebini kar\u015f\u0131lamak ve istikrarl\u0131 tedarik sa\u011flamak i\u00e7in toptan sat\u0131\u015f hizmeti veriyoruz.<\/li>\n<\/ul>\n<\/div>\n\n\n\n<div class=\"wp-block-column is-layout-flow wp-block-column-is-layout-flow\">\n<figure class=\"wp-block-image size-full\"><img fetchpriority=\"high\" decoding=\"async\" width=\"750\" height=\"750\" src=\"https:\/\/www.hyflexpack.com\/wp-content\/uploads\/2024\/10\/OEM-coffee-packaging-bags1.webp\" alt=\"OEM kahve paketleme po\u015fetleri\" class=\"wp-image-5434\" srcset=\"https:\/\/www.hyflexpack.com\/wp-content\/uploads\/2024\/10\/OEM-coffee-packaging-bags1.webp 750w, https:\/\/www.hyflexpack.com\/wp-content\/uploads\/2024\/10\/OEM-coffee-packaging-bags1-300x300.webp 300w, https:\/\/www.hyflexpack.com\/wp-content\/uploads\/2024\/10\/OEM-coffee-packaging-bags1-150x150.webp 150w, https:\/\/www.hyflexpack.com\/wp-content\/uploads\/2024\/10\/OEM-coffee-packaging-bags1-12x12.webp 12w, https:\/\/www.hyflexpack.com\/wp-content\/uploads\/2024\/10\/OEM-coffee-packaging-bags1-285x285.webp 285w, https:\/\/www.hyflexpack.com\/wp-content\/uploads\/2024\/10\/OEM-coffee-packaging-bags1-270x270.webp 270w, https:\/\/www.hyflexpack.com\/wp-content\/uploads\/2024\/10\/OEM-coffee-packaging-bags1-540x540.webp 540w, https:\/\/www.hyflexpack.com\/wp-content\/uploads\/2024\/10\/OEM-coffee-packaging-bags1-660x660.webp 660w\" sizes=\"(max-width: 750px) 100vw, 750px\" \/><\/figure>\n<\/div>\n<\/div>\n\n\n\n<div class=\"wp-block-columns is-layout-flex wp-container-core-columns-is-layout-9d6595d7 wp-block-columns-is-layout-flex\">\n<div class=\"wp-block-column is-layout-flow wp-block-column-is-layout-flow\">\n<figure class=\"wp-block-embed is-type-video is-provider-youtube wp-block-embed-youtube wp-embed-aspect-16-9 wp-has-aspect-ratio\"><div class=\"wp-block-embed__wrapper\">\n<iframe title=\"\u00f6zel kahve ambalajlari\" width=\"940\" height=\"529\" src=\"https:\/\/www.youtube.com\/embed\/mcO7TezjD_0?feature=oembed\" frameborder=\"0\" allow=\"accelerometer; autoplay; clipboard-write; encrypted-media; gyroscope; picture-in-picture; web-share\" referrerpolicy=\"strict-origin-when-cross-origin\" allowfullscreen><\/iframe>\n<\/div><\/figure>\n<\/div>\n\n\n\n<div class=\"wp-block-column is-layout-flow wp-block-column-is-layout-flow\"><\/div>\n<\/div>","protected":false},"excerpt":{"rendered":"<p>A\u00e7\u0131l\u0131p kapanabilir ve neme dayan\u0131kl\u0131 \u00f6zel bask\u0131l\u0131 kahve po\u015fetleri, stand-up po\u015fet tasar\u0131m\u0131 toptan, OEM kahve ambalaj po\u015fetleri toptan tazeli\u011fi korumak ve marka bilinirli\u011fini art\u0131rmak i\u00e7in m\u00fckemmeldir. Her zaman sormaya ho\u015f geldiniz!<\/p>\n<h3>\u00d6zel Bask\u0131l\u0131 Kahve Po\u015fetleri Tedarik\u00e7isinin Avantajlar\u0131<\/h3>\n<ul>\n<li><strong>\u00d6zel Tasar\u0131m<\/strong>: M\u00fc\u015fteri ihtiya\u00e7lar\u0131n\u0131 kar\u015f\u0131lamak i\u00e7in malzeme, boyut ve bask\u0131 deseni \u00f6zelle\u015ftirmesi dahil olmak \u00fczere \u00f6zelle\u015ftirilmi\u015f hizmetler sunuyoruz ve OEM ve ODM'yi destekliyoruz.<\/li>\n<li><strong>\u00dcretim<\/strong>: Geli\u015fmi\u015f ekipman ve teknoloji ile sipari\u015f \u00fcretimini verimli ve kaliteli bir \u015fekilde tamamlayabilir ve zaman\u0131nda teslim edebiliriz.<\/li>\n<li><strong>Kalite Denetimi<\/strong>: \u00dcretim, \u00fcr\u00fcnlerin standartlar\u0131 kar\u015f\u0131lamas\u0131n\u0131 sa\u011flamak i\u00e7in kalite standartlar\u0131na ve g\u0131da g\u00fcvenli\u011fi gerekliliklerine s\u0131k\u0131 s\u0131k\u0131ya ba\u011fl\u0131 olarak ger\u00e7ekle\u015ftirilir.<\/li>\n<li><strong>M\u00fc\u015fteri Hizmetleri<\/strong>: H\u0131zl\u0131 yan\u0131t ve \u00f6zenli m\u00fc\u015fteri hizmetleri deste\u011fi sa\u011flamak i\u00e7in 24 saat.<\/li>\n<li><strong>Sertifikasyon\uff1a<\/strong>\u00a0FDA\/BRC\/ISO 9001\/RoHS<\/li>\n<li><strong>\u00dccretsiz \u00d6rnek<\/strong>: Bask\u0131l\u0131 kahve po\u015fetlerini de\u011ferlendirmeniz i\u00e7in \u00fccretsiz numune hizmeti sa\u011flay\u0131n.<\/li>\n<\/ul>\n<p>.\u00a0<\/p>","protected":false},"featured_media":5434,"comment_status":"open","ping_status":"closed","template":"","meta":[],"product_brand":[],"product_cat":[55],"product_tag":[],"class_list":{"0":"post-5433","1":"product","2":"type-product","3":"status-publish","4":"has-post-thumbnail","6":"product_cat-custom-coffee-packaging","8":"first","9":"instock","10":"shipping-taxable","11":"product-type-simple"},"_links":{"self":[{"href":"https:\/\/www.hyflexpack.com\/tr\/wp-json\/wp\/v2\/product\/5433","targetHints":{"allow":["GET"]}}],"collection":[{"href":"https:\/\/www.hyflexpack.com\/tr\/wp-json\/wp\/v2\/product"}],"about":[{"href":"https:\/\/www.hyflexpack.com\/tr\/wp-json\/wp\/v2\/types\/product"}],"replies":[{"embeddable":true,"href":"https:\/\/www.hyflexpack.com\/tr\/wp-json\/wp\/v2\/comments?post=5433"}],"wp:featuredmedia":[{"embeddable":true,"href":"https:\/\/www.hyflexpack.com\/tr\/wp-json\/wp\/v2\/media\/5434"}],"wp:attachment":[{"href":"https:\/\/www.hyflexpack.com\/tr\/wp-json\/wp\/v2\/media?parent=5433"}],"wp:term":[{"taxonomy":"product_brand","embeddable":true,"href":"https:\/\/www.hyflexpack.com\/tr\/wp-json\/wp\/v2\/product_brand?post=5433"},{"taxonomy":"product_cat","embeddable":true,"href":"https:\/\/www.hyflexpack.com\/tr\/wp-json\/wp\/v2\/product_cat?post=5433"},{"taxonomy":"product_tag","embeddable":true,"href":"https:\/\/www.hyflexpack.com\/tr\/wp-json\/wp\/v2\/product_tag?post=5433"}],"curies":[{"name":"wp","href":"https:\/\/api.w.org\/{rel}","templated":true}]}}