{"id":5395,"date":"2024-09-28T06:24:18","date_gmt":"2024-09-28T06:24:18","guid":{"rendered":"https:\/\/www.hyflexpack.com\/?post_type=product&#038;p=5395"},"modified":"2025-11-04T08:20:31","modified_gmt":"2025-11-04T08:20:31","slug":"custom-candy-bags-packaging","status":"publish","type":"product","link":"https:\/\/www.hyflexpack.com\/tr\/product\/custom-candy-bags-packaging\/","title":{"rendered":"\u00d6zel Bask\u0131l\u0131 \u015eeker Torbalar\u0131 Ambalaj Stand Up G\u0131da K\u0131l\u0131f\u0131 Fabrikas\u0131"},"content":{"rendered":"<div class=\"wp-block-columns is-layout-flex wp-container-core-columns-is-layout-9d6595d7 wp-block-columns-is-layout-flex\">\n<div class=\"wp-block-column is-layout-flow wp-block-column-is-layout-flow\">\n<h3 class=\"wp-block-heading\">Premium \u00d6zel Bask\u0131l\u0131 \u015eeker Po\u015fetlerinin \u00d6zellikleri<\/h3>\n\n\n\n<ul class=\"wp-block-list\">\n<li><strong>Kendinden Ayakl\u0131 Tasar\u0131m<\/strong>: yeniden kapat\u0131labilir \u015feker torbalar\u0131, uygun yerle\u015ftirme ve sergileme i\u00e7in benzersiz bir kendili\u011finden duran taban ile tasarlanm\u0131\u015ft\u0131r ve depolama alan\u0131ndan tasarruf sa\u011flar.<\/li>\n<\/ul>\n\n\n\n<p><\/p>\n\n\n\n<ul class=\"wp-block-list\">\n<li><strong>Y\u00fcksek Bariyer Malzemesi: <\/strong>Bu, \u00f6zel bask\u0131l\u0131 \u015feker po\u015fetlerindeki \u015fekerlerin geleneksel \u015feker ambalajlar\u0131ndan daha uzun s\u00fcre taze kalmas\u0131n\u0131 sa\u011flar ve b\u00f6ylece raf \u00f6mr\u00fcn\u00fc uzat\u0131r! \u015eekeri taze ve lezzetli tutar.<\/li>\n<\/ul>\n\n\n\n<p><\/p>\n\n\n\n<ul class=\"wp-block-list\">\n<li><strong>\u00c7oklu \u00d6zellikler<\/strong>: Farkl\u0131 \u00fcr\u00fcn ihtiya\u00e7lar\u0131n\u0131 kar\u015f\u0131lamak i\u00e7in \u00e7e\u015fitli boyut ve kapasite se\u00e7enekleri sunar.<\/li>\n<\/ul>\n\n\n\n<p><\/p>\n\n\n\n<ul class=\"wp-block-list\">\n<li><strong>Kapatmas\u0131 Kolay<\/strong>M\u00fc\u015fterilerin \u015fekerleri esnek bir \u015fekilde saklamas\u0131na olanak tan\u0131yan, paketin b\u00fct\u00fcnl\u00fc\u011f\u00fcn\u00fc sa\u011flayan ve nem ve tozdan koruyan fermuarlar sa\u011flanm\u0131\u015ft\u0131r.<\/li>\n<\/ul>\n\n\n\n<p><\/p>\n\n\n\n<ul class=\"wp-block-list\">\n<li><strong>\u00c7evre Dostu Se\u00e7enekler<\/strong>: \u00c7evre standartlar\u0131n\u0131 kar\u015f\u0131lamak ve \u00e7evreye duyarl\u0131 t\u00fcketicilere hitap etmek i\u00e7in geri d\u00f6n\u00fc\u015ft\u00fcr\u00fclebilir veya biyolojik olarak par\u00e7alanabilir malzemeler mevcuttur.<\/li>\n<\/ul>\n\n\n\n<p><\/p>\n\n\n\n<ul class=\"wp-block-list\">\n<li><strong>Maliyet Tasarrufu: <\/strong>\u00f6zel bask\u0131l\u0131 \u015feker po\u015fetleri Esnek po\u015fetlerde ambalajlama, karton kutular gibi daha pahal\u0131 se\u00e7eneklere k\u0131yasla maliyetleri azaltabilir.<\/li>\n<\/ul>\n<\/div>\n\n\n\n<div class=\"wp-block-column is-layout-flow wp-block-column-is-layout-flow\">\n<figure class=\"wp-block-image size-full\"><img fetchpriority=\"high\" decoding=\"async\" width=\"750\" height=\"750\" src=\"https:\/\/www.hyflexpack.com\/wp-content\/uploads\/2024\/09\/Custom-Candy-Wrapper-Packaging\uff082\uff09.webp\" alt=\"\u00d6zel Bask\u0131l\u0131 \u015eeker Po\u015fetleri\" class=\"wp-image-5397\" srcset=\"https:\/\/www.hyflexpack.com\/wp-content\/uploads\/2024\/09\/Custom-Candy-Wrapper-Packaging\uff082\uff09.webp 750w, https:\/\/www.hyflexpack.com\/wp-content\/uploads\/2024\/09\/Custom-Candy-Wrapper-Packaging\uff082\uff09-300x300.webp 300w, https:\/\/www.hyflexpack.com\/wp-content\/uploads\/2024\/09\/Custom-Candy-Wrapper-Packaging\uff082\uff09-150x150.webp 150w, https:\/\/www.hyflexpack.com\/wp-content\/uploads\/2024\/09\/Custom-Candy-Wrapper-Packaging\uff082\uff09-12x12.webp 12w, https:\/\/www.hyflexpack.com\/wp-content\/uploads\/2024\/09\/Custom-Candy-Wrapper-Packaging\uff082\uff09-285x285.webp 285w, https:\/\/www.hyflexpack.com\/wp-content\/uploads\/2024\/09\/Custom-Candy-Wrapper-Packaging\uff082\uff09-270x270.webp 270w, https:\/\/www.hyflexpack.com\/wp-content\/uploads\/2024\/09\/Custom-Candy-Wrapper-Packaging\uff082\uff09-540x540.webp 540w, https:\/\/www.hyflexpack.com\/wp-content\/uploads\/2024\/09\/Custom-Candy-Wrapper-Packaging\uff082\uff09-660x660.webp 660w\" sizes=\"(max-width: 750px) 100vw, 750px\" \/><\/figure>\n<\/div>\n<\/div>\n\n\n\n<p><\/p>","protected":false},"excerpt":{"rendered":"<p>Toptan \u00f6zelle\u015ftirilmi\u015f \u015feker torbalar\u0131 ile ilgileniyor musunuz? Huiyang Packaging, \u015firketinizin sanat eserleriyle \u00f6zelle\u015ftirilebilen \u00e7e\u015fitli formatlarda ve y\u00fczeylerde esnek \u015feker ambalajlar\u0131 sunar.<\/p>\n<h3>\u015eeker Torbalar\u0131 Tedarik\u00e7isinin Avantajlar\u0131<\/h3>\n<ul>\n<li><strong style=\"box-sizing: border-box;\">\u00d6zel Tasar\u0131m<\/strong>: Ki\u015fiselle\u015ftirilmi\u015f tasar\u0131m \u00e7\u00f6z\u00fcmleri sa\u011flay\u0131n, OEM \/ ODM'yi destekleyin, farkl\u0131 \u00f6zellikler, boyutlar, bask\u0131 desenleri vb. ile \u00f6zelle\u015ftirin.<\/li>\n<li><strong style=\"box-sizing: border-box;\">Kalite G\u00fcvence<\/strong>: \u00dcretim s\u00fcrecini kontrol edin ve \u00fcr\u00fcn kalitesini sa\u011flamak i\u00e7in y\u00fcksek kaliteli malzemelere ve geli\u015fmi\u015f ekipmanlara sahip olun.<\/li>\n<li><strong style=\"box-sizing: border-box;\">Zaman\u0131nda Teslimat<\/strong>: Zaman\u0131nda teslimat sa\u011flamak ve m\u00fc\u015fterilerin acil ihtiya\u00e7lar\u0131n\u0131 kar\u015f\u0131lamak i\u00e7in \u00fcretim s\u00fcrecini optimize etmek ve \u00fcretim verimlili\u011fini art\u0131rmak.<\/li>\n<li><strong style=\"box-sizing: border-box;\">Profesyonel Teknik Destek<\/strong>: Deneyimli teknik ekip, profesyonel teknik destek ve 24 saat sat\u0131\u015f sonras\u0131 dan\u0131\u015fmanl\u0131k hizmeti sa\u011flar.<\/li>\n<li><strong style=\"box-sizing: border-box;\">\u00dccretsiz \u00d6rnek<\/strong>: \u00dcr\u00fcnleri de\u011ferlendirmeniz i\u00e7in \u00fccretsiz numune hizmeti sa\u011flay\u0131n.<\/li>\n<\/ul>\n<p><a href=\"https:\/\/www.hyflexpack.com\/tr\/\"><strong>Huiyang Ambalaj<\/strong><\/a> y\u00fcksek h\u0131zl\u0131 paketleme hatlar\u0131 i\u00e7in e\u011flenceli \u015feker torbalar\u0131 sunar. Neme ve a\u015f\u0131nmaya dayan\u0131kl\u0131; \u00fcr\u00fcnleri uzun s\u00fcre paketlemek i\u00e7in y\u00fcksek oksijen ve \u0131\u015f\u0131k bariyeri. \u015eirketinizin logosunun bas\u0131l\u0131 oldu\u011fu ekonomik po\u015fetler ile \u00f6zelle\u015ftirilmi\u015f \u015feker torbalar\u0131n\u0131z\u0131n marka bilinirli\u011fini art\u0131rmas\u0131n\u0131 sa\u011flay\u0131n.<\/p>\n<p>&nbsp;<\/p>","protected":false},"featured_media":5396,"comment_status":"open","ping_status":"closed","template":"","meta":[],"product_brand":[],"product_cat":[51,107,57],"product_tag":[],"class_list":{"0":"post-5395","1":"product","2":"type-product","3":"status-publish","4":"has-post-thumbnail","6":"product_cat-custom-food-packaging-bags","7":"product_cat-candy-packaging-bags-wholesale","8":"product_cat-snack-packaging-bags-wholesale","10":"first","11":"instock","12":"shipping-taxable","13":"product-type-simple"},"_links":{"self":[{"href":"https:\/\/www.hyflexpack.com\/tr\/wp-json\/wp\/v2\/product\/5395","targetHints":{"allow":["GET"]}}],"collection":[{"href":"https:\/\/www.hyflexpack.com\/tr\/wp-json\/wp\/v2\/product"}],"about":[{"href":"https:\/\/www.hyflexpack.com\/tr\/wp-json\/wp\/v2\/types\/product"}],"replies":[{"embeddable":true,"href":"https:\/\/www.hyflexpack.com\/tr\/wp-json\/wp\/v2\/comments?post=5395"}],"wp:featuredmedia":[{"embeddable":true,"href":"https:\/\/www.hyflexpack.com\/tr\/wp-json\/wp\/v2\/media\/5396"}],"wp:attachment":[{"href":"https:\/\/www.hyflexpack.com\/tr\/wp-json\/wp\/v2\/media?parent=5395"}],"wp:term":[{"taxonomy":"product_brand","embeddable":true,"href":"https:\/\/www.hyflexpack.com\/tr\/wp-json\/wp\/v2\/product_brand?post=5395"},{"taxonomy":"product_cat","embeddable":true,"href":"https:\/\/www.hyflexpack.com\/tr\/wp-json\/wp\/v2\/product_cat?post=5395"},{"taxonomy":"product_tag","embeddable":true,"href":"https:\/\/www.hyflexpack.com\/tr\/wp-json\/wp\/v2\/product_tag?post=5395"}],"curies":[{"name":"wp","href":"https:\/\/api.w.org\/{rel}","templated":true}]}}