{"id":5385,"date":"2024-09-28T02:45:53","date_gmt":"2024-09-28T02:45:53","guid":{"rendered":"https:\/\/www.hyflexpack.com\/?post_type=product&#038;p=5385"},"modified":"2025-10-23T08:56:57","modified_gmt":"2025-10-23T08:56:57","slug":"wholesale-beef-jerky-packaging-bags","status":"publish","type":"product","link":"https:\/\/www.hyflexpack.com\/tr\/product\/wholesale-beef-jerky-packaging-bags\/","title":{"rendered":"Toptan S\u0131\u011f\u0131r Sars\u0131nt\u0131l\u0131 Ambalaj Torbalar\u0131 \u00d6zel Bask\u0131l\u0131 Mylar Torbalar"},"content":{"rendered":"<div class=\"wp-block-columns is-layout-flex wp-container-core-columns-is-layout-9d6595d7 wp-block-columns-is-layout-flex\">\n<div class=\"wp-block-column is-layout-flow wp-block-column-is-layout-flow\">\n<h3 class=\"wp-block-heading\">Premium Beef Jerky Ambalaj Torbalar\u0131n\u0131n \u00d6zellikleri<\/h3>\n\n\n\n<ul class=\"wp-block-list\">\n<li><strong>Y\u00fcksek Kaliteli Malzeme<\/strong>: Oksijen, nem ve kokular\u0131n n\u00fcfuz etmesini \u00f6nlerken kurutulmu\u015f s\u0131\u011f\u0131r etini taze tutmak i\u00e7in tasarlanm\u0131\u015f, g\u0131da s\u0131n\u0131f\u0131, y\u00fcksek bariyerli bir film se\u00e7ilmi\u015ftir.<\/li>\n<\/ul>\n\n\n\n<p><\/p>\n\n\n\n<ul class=\"wp-block-list\">\n<li><strong>\u015eeffaf Pencere<\/strong>: Kuru et po\u015fetleri, i\u00e7 i\u00e7eri\u011fini \u00f6nizlemek i\u00e7in \u015feffaf veya bulutlu bir pencere ile eklenir.<\/li>\n<\/ul>\n\n\n\n<p><\/p>\n\n\n\n<ul class=\"wp-block-list\">\n<li><strong>Kolay Y\u0131rtma \u00c7enti\u011fi<\/strong>: Kurutulmu\u015f et ambalaj po\u015fetlerinin kolay a\u00e7\u0131lmas\u0131n\u0131 ve temiz bir y\u0131rt\u0131lma sa\u011flar.<\/li>\n<\/ul>\n\n\n\n<p><\/p>\n\n\n\n<ul class=\"wp-block-list\">\n<li><strong>\u00c7ekici<\/strong>: Modaya uygun g\u00f6r\u00fcn\u00fcm tasar\u0131m\u0131 marka imaj\u0131n\u0131 geli\u015ftirir ve pazarlamaya yard\u0131mc\u0131 olur.<\/li>\n<\/ul>\n\n\n\n<p><\/p>\n\n\n\n<ul class=\"wp-block-list\">\n<li><strong>\u00d6zel Bask\u0131<\/strong>: l\u00fcks bir g\u00f6r\u00fcn\u00fcm sa\u011flamak i\u00e7in dikkati paket \u00fczerindeki belirli resimlere veya metinlere \u00e7eker.<\/li>\n<\/ul>\n\n\n\n<p><\/p>\n\n\n\n<ul class=\"wp-block-list\">\n<li><strong>\u00c7evre Dostu Se\u00e7enekler<\/strong>: S\u00fcrd\u00fcr\u00fclebilir trendler do\u011frultusunda ve \u00e7evreye duyarl\u0131 t\u00fcketicilere hitap eden biyolojik olarak par\u00e7alanabilir malzeme se\u00e7enekleri mevcuttur.<\/li>\n<\/ul>\n<\/div>\n\n\n\n<div class=\"wp-block-column is-layout-flow wp-block-column-is-layout-flow\">\n<figure class=\"wp-block-image size-full\"><img fetchpriority=\"high\" decoding=\"async\" width=\"750\" height=\"750\" src=\"https:\/\/www.hyflexpack.com\/wp-content\/uploads\/2024\/09\/Manufacturer-Beef-Jerky-Packaging-Bags\uff087\uff09.webp\" alt=\"Toptan S\u0131\u011f\u0131r Sars\u0131nt\u0131l\u0131 Ambalaj Torbalar\u0131\" class=\"wp-image-5392\" srcset=\"https:\/\/www.hyflexpack.com\/wp-content\/uploads\/2024\/09\/Manufacturer-Beef-Jerky-Packaging-Bags\uff087\uff09.webp 750w, https:\/\/www.hyflexpack.com\/wp-content\/uploads\/2024\/09\/Manufacturer-Beef-Jerky-Packaging-Bags\uff087\uff09-300x300.webp 300w, https:\/\/www.hyflexpack.com\/wp-content\/uploads\/2024\/09\/Manufacturer-Beef-Jerky-Packaging-Bags\uff087\uff09-150x150.webp 150w, https:\/\/www.hyflexpack.com\/wp-content\/uploads\/2024\/09\/Manufacturer-Beef-Jerky-Packaging-Bags\uff087\uff09-12x12.webp 12w, https:\/\/www.hyflexpack.com\/wp-content\/uploads\/2024\/09\/Manufacturer-Beef-Jerky-Packaging-Bags\uff087\uff09-285x285.webp 285w, https:\/\/www.hyflexpack.com\/wp-content\/uploads\/2024\/09\/Manufacturer-Beef-Jerky-Packaging-Bags\uff087\uff09-270x270.webp 270w, https:\/\/www.hyflexpack.com\/wp-content\/uploads\/2024\/09\/Manufacturer-Beef-Jerky-Packaging-Bags\uff087\uff09-540x540.webp 540w, https:\/\/www.hyflexpack.com\/wp-content\/uploads\/2024\/09\/Manufacturer-Beef-Jerky-Packaging-Bags\uff087\uff09-660x660.webp 660w\" sizes=\"(max-width: 750px) 100vw, 750px\" \/><\/figure>\n<\/div>\n<\/div>\n\n\n\n<p><\/p>","protected":false},"excerpt":{"rendered":"<p>Stand-up po\u015fetler, d\u00fcz po\u015fetler ve rulolar dahil olmak \u00fczere farkl\u0131 kurutulmu\u015f et paketleme se\u00e7enekleri sunuyoruz. Y\u00fcksek bariyerli malzemelerin kullan\u0131m\u0131 sars\u0131nt\u0131l\u0131 etin tazeli\u011fini sa\u011flarken, t\u00fcm i\u015fletmeler i\u00e7in inan\u0131lmaz fabrika fiyatlar\u0131yla ola\u011fan\u00fcst\u00fc esnek ambalaj \u00e7\u00f6z\u00fcmleri sunuyoruz.<\/p>\n<h3>Beef Jerky Ambalaj Tedarik\u00e7isinin Avantajlar\u0131<\/h3>\n<ul>\n<li>\u00d6zelle\u015ftirilmi\u015f Hizmet: Kapsaml\u0131 \u00f6zelle\u015ftirilmi\u015f hizmet sa\u011flay\u0131n, boyutu, bask\u0131y\u0131 ve malzemeyi m\u00fc\u015fterinin ihtiya\u00e7lar\u0131na g\u00f6re \u00f6zelle\u015ftirin.<\/li>\n<li>H\u0131zl\u0131 Teslimat: M\u00fc\u015fterilerin acil ihtiya\u00e7lar\u0131n\u0131 kar\u015f\u0131lamak \u00fczere sipari\u015flerin zaman\u0131nda teslim edilmesini sa\u011flamak i\u00e7in verimli \u00fcretim s\u00fcreci ve tedarik zinciri y\u00f6netimi.<\/li>\n<li>Kalite G\u00fcvencesi: S\u0131k\u0131 bir kalite kontrol sistemi, her \u00fcr\u00fcn\u00fcn m\u00fc\u015fterilerin gereksinimlerini ve standartlar\u0131n\u0131 kar\u015f\u0131lamas\u0131n\u0131 sa\u011flar.<\/li>\n<li>Maliyet etkinli\u011fi: \u00dcretim s\u00fcre\u00e7lerini ve maliyet y\u00f6netimini optimize ederek rekabet\u00e7i fiyatlar sa\u011flay\u0131n ve m\u00fc\u015fterilerin sat\u0131n alma maliyetlerini azalt\u0131n.<\/li>\n<li>\u00dccretsiz Numune: \u00dcr\u00fcnlerinizi de\u011ferlendirmek i\u00e7in \u00fccretsiz numune hizmeti sunuyoruz.<\/li>\n<\/ul>\n<p><a href=\"https:\/\/www.hyflexpack.com\/tr\/\"><strong>Huiyang Ambalaj<\/strong><\/a> ambalaj filmleri geli\u015ftirmek i\u00e7in en son ara\u015ft\u0131rmalardan ve en ileri teknolojiden yararlan\u0131r ve kurutulmu\u015f s\u0131\u011f\u0131r eti ambalaj po\u015fetlerimizle pazardaki \u015fans\u0131n\u0131z\u0131 art\u0131rmak i\u00e7in tasarlanm\u0131\u015f \u00fcst\u00fcn \u00fcr\u00fcn kalitesinin keyfini \u00e7\u0131karaca\u011f\u0131n\u0131zdan emin olabilirsiniz.<\/p>\n<p>&nbsp;<\/p>","protected":false},"featured_media":5392,"comment_status":"open","ping_status":"closed","template":"","meta":[],"product_brand":[],"product_cat":[57],"product_tag":[],"class_list":{"0":"post-5385","1":"product","2":"type-product","3":"status-publish","4":"has-post-thumbnail","6":"product_cat-snack-packaging-bags-wholesale","8":"first","9":"instock","10":"shipping-taxable","11":"product-type-simple"},"_links":{"self":[{"href":"https:\/\/www.hyflexpack.com\/tr\/wp-json\/wp\/v2\/product\/5385","targetHints":{"allow":["GET"]}}],"collection":[{"href":"https:\/\/www.hyflexpack.com\/tr\/wp-json\/wp\/v2\/product"}],"about":[{"href":"https:\/\/www.hyflexpack.com\/tr\/wp-json\/wp\/v2\/types\/product"}],"replies":[{"embeddable":true,"href":"https:\/\/www.hyflexpack.com\/tr\/wp-json\/wp\/v2\/comments?post=5385"}],"wp:featuredmedia":[{"embeddable":true,"href":"https:\/\/www.hyflexpack.com\/tr\/wp-json\/wp\/v2\/media\/5392"}],"wp:attachment":[{"href":"https:\/\/www.hyflexpack.com\/tr\/wp-json\/wp\/v2\/media?parent=5385"}],"wp:term":[{"taxonomy":"product_brand","embeddable":true,"href":"https:\/\/www.hyflexpack.com\/tr\/wp-json\/wp\/v2\/product_brand?post=5385"},{"taxonomy":"product_cat","embeddable":true,"href":"https:\/\/www.hyflexpack.com\/tr\/wp-json\/wp\/v2\/product_cat?post=5385"},{"taxonomy":"product_tag","embeddable":true,"href":"https:\/\/www.hyflexpack.com\/tr\/wp-json\/wp\/v2\/product_tag?post=5385"}],"curies":[{"name":"wp","href":"https:\/\/api.w.org\/{rel}","templated":true}]}}