{"id":5362,"date":"2024-09-22T18:30:39","date_gmt":"2024-09-22T18:30:39","guid":{"rendered":"https:\/\/www.hyflexpack.com\/?post_type=product&#038;p=5362"},"modified":"2025-11-04T09:09:10","modified_gmt":"2025-11-04T09:09:10","slug":"custom-dried-fruit-packaging-bags","status":"publish","type":"product","link":"https:\/\/www.hyflexpack.com\/tr\/product\/custom-dried-fruit-packaging-bags\/","title":{"rendered":"\u00d6zel Kurutulmu\u015f Meyve Paketleme Torbalar\u0131 Stand Up G\u0131da Torbas\u0131 Fermuarl\u0131 Esnek Ambalaj"},"content":{"rendered":"<div class=\"wp-block-columns is-layout-flex wp-container-core-columns-is-layout-9d6595d7 wp-block-columns-is-layout-flex\">\n<div class=\"wp-block-column is-layout-flow wp-block-column-is-layout-flow\">\n<h3 class=\"wp-block-heading\">Y\u00fcksek Kaliteli Kuru Meyve Ambalaj Torbalar\u0131n\u0131n \u00d6zellikleri<\/h3>\n\n\n\n<ul class=\"wp-block-list\">\n<li>Durable Barrier Material: Adopting edible grade high quality material ensures that the dried fruit packaging bags are safe, healthy, and durable, effectively protecting the freshness of the dried fruits.<\/li>\n<\/ul>\n\n\n\n<p><\/p>\n\n\n\n<ul class=\"wp-block-list\">\n<li>Standing Design: A unique self-standing structure makes the bag stand firmly, which is easy to display and show.<\/li>\n<\/ul>\n\n\n\n<p><\/p>\n\n\n\n<ul class=\"wp-block-list\">\n<li>Zipper Closure: The dried fruit packaging bags are equipped with zipper closure, which plays a role in sealing the dried fruits, and at the same time, it is convenient to open and close the bags many times.<\/li>\n<\/ul>\n\n\n\n<p><\/p>\n\n\n\n<ul class=\"wp-block-list\">\n<li>Customizable Printing: Seeing our printing pattern, we know that we support personalized printing design, that is, you can customize the pattern and information according to the demand.<\/li>\n<\/ul>\n\n\n\n<p><\/p>\n\n\n\n<ul class=\"wp-block-list\">\n<li>Eco-Friendly Materials: We use eco-friendly materials to meet the demand for sustainable packaging and attract environmentally conscious consumers.<\/li>\n<\/ul>\n<\/div>\n\n\n\n<div class=\"wp-block-column is-layout-flow wp-block-column-is-layout-flow\">\n<figure class=\"wp-block-image size-full\"><img fetchpriority=\"high\" decoding=\"async\" width=\"750\" height=\"750\" src=\"https:\/\/www.hyflexpack.com\/wp-content\/uploads\/2024\/09\/Supplier-Dry-Fruits-Packaging-Bags1.webp\" alt=\"Supplier Dry Fruits Packaging Bags\" class=\"wp-image-5341\" srcset=\"https:\/\/www.hyflexpack.com\/wp-content\/uploads\/2024\/09\/Supplier-Dry-Fruits-Packaging-Bags1.webp 750w, https:\/\/www.hyflexpack.com\/wp-content\/uploads\/2024\/09\/Supplier-Dry-Fruits-Packaging-Bags1-300x300.webp 300w, https:\/\/www.hyflexpack.com\/wp-content\/uploads\/2024\/09\/Supplier-Dry-Fruits-Packaging-Bags1-150x150.webp 150w, https:\/\/www.hyflexpack.com\/wp-content\/uploads\/2024\/09\/Supplier-Dry-Fruits-Packaging-Bags1-12x12.webp 12w, https:\/\/www.hyflexpack.com\/wp-content\/uploads\/2024\/09\/Supplier-Dry-Fruits-Packaging-Bags1-285x285.webp 285w, https:\/\/www.hyflexpack.com\/wp-content\/uploads\/2024\/09\/Supplier-Dry-Fruits-Packaging-Bags1-270x270.webp 270w, https:\/\/www.hyflexpack.com\/wp-content\/uploads\/2024\/09\/Supplier-Dry-Fruits-Packaging-Bags1-540x540.webp 540w, https:\/\/www.hyflexpack.com\/wp-content\/uploads\/2024\/09\/Supplier-Dry-Fruits-Packaging-Bags1-660x660.webp 660w\" sizes=\"(max-width: 750px) 100vw, 750px\" \/><\/figure>\n<\/div>\n<\/div>\n\n\n\n<p><\/p>","protected":false},"excerpt":{"rendered":"<p>Looking for quality packaging solutions for dried fruits? Choose Huiyang Packaging&#8217;s customized dried fruit packaging bags feature a self-standing design and convenient zipper closure to ensure freshness and easy storage. Made of environmentally friendly materials and supporting personalized printing, they perfectly showcase your brand image and are suitable for a variety of food packaging needs.<\/p>\n<h3>Advantages of\u00a0 Dried Fruit Packaging Bags Supplier<\/h3>\n<ul>\n<li><strong>\u00d6zel Tasar\u0131m<\/strong>: We provide customized dried fruit packaging bags service, including material, size, and printing pattern customization to meet customers\u2019 needs, and support OEM and ODM.<\/li>\n<li><strong>\u00dcretim<\/strong>: Geli\u015fmi\u015f ekipman ve teknoloji ile sipari\u015flerin \u00fcretimini y\u00fcksek verimlilik ve y\u00fcksek kalite ile tamamlayabilir ve zaman\u0131nda teslim edebiliriz.<\/li>\n<li><strong>Kalite Denetimi<\/strong>: \u00dcr\u00fcnlerin standartlar\u0131 kar\u015f\u0131lad\u0131\u011f\u0131ndan emin olmak i\u00e7in kalite standartlar\u0131n\u0131 ve g\u0131da g\u00fcvenli\u011fi gereksinimlerini s\u0131k\u0131 bir \u015fekilde takip edin.<\/li>\n<li><strong>Teknik Destek Ekibi<\/strong>: Ekibimiz zengin end\u00fcstri deneyimine ve profesyonel bilgiye sahiptir ve m\u00fc\u015fterilerimize teknik destek ve 24 saat dan\u0131\u015fmanl\u0131k hizmeti sa\u011flayabilir.<\/li>\n<li><strong>\u00dccretsiz \u00d6rnek<\/strong>: \u00dcr\u00fcnleri de\u011ferlendirmeniz i\u00e7in \u00fccretsiz numune hizmeti sa\u011flay\u0131n.<\/li>\n<\/ul>","protected":false},"featured_media":5341,"comment_status":"open","ping_status":"closed","template":"","meta":[],"product_brand":[],"product_cat":[51,87],"product_tag":[],"class_list":{"0":"post-5362","1":"product","2":"type-product","3":"status-publish","4":"has-post-thumbnail","6":"product_cat-custom-food-packaging-bags","7":"product_cat-dried-fruit-packaging-bags-wholesale","9":"first","10":"instock","11":"shipping-taxable","12":"product-type-simple"},"_links":{"self":[{"href":"https:\/\/www.hyflexpack.com\/tr\/wp-json\/wp\/v2\/product\/5362","targetHints":{"allow":["GET"]}}],"collection":[{"href":"https:\/\/www.hyflexpack.com\/tr\/wp-json\/wp\/v2\/product"}],"about":[{"href":"https:\/\/www.hyflexpack.com\/tr\/wp-json\/wp\/v2\/types\/product"}],"replies":[{"embeddable":true,"href":"https:\/\/www.hyflexpack.com\/tr\/wp-json\/wp\/v2\/comments?post=5362"}],"wp:featuredmedia":[{"embeddable":true,"href":"https:\/\/www.hyflexpack.com\/tr\/wp-json\/wp\/v2\/media\/5341"}],"wp:attachment":[{"href":"https:\/\/www.hyflexpack.com\/tr\/wp-json\/wp\/v2\/media?parent=5362"}],"wp:term":[{"taxonomy":"product_brand","embeddable":true,"href":"https:\/\/www.hyflexpack.com\/tr\/wp-json\/wp\/v2\/product_brand?post=5362"},{"taxonomy":"product_cat","embeddable":true,"href":"https:\/\/www.hyflexpack.com\/tr\/wp-json\/wp\/v2\/product_cat?post=5362"},{"taxonomy":"product_tag","embeddable":true,"href":"https:\/\/www.hyflexpack.com\/tr\/wp-json\/wp\/v2\/product_tag?post=5362"}],"curies":[{"name":"wp","href":"https:\/\/api.w.org\/{rel}","templated":true}]}}