{"id":5354,"date":"2024-09-23T04:15:15","date_gmt":"2024-09-23T04:15:15","guid":{"rendered":"https:\/\/www.hyflexpack.com\/?post_type=product&#038;p=5354"},"modified":"2025-10-23T08:45:51","modified_gmt":"2025-10-23T08:45:51","slug":"custom-juice-pouch-supplier","status":"publish","type":"product","link":"https:\/\/www.hyflexpack.com\/tr\/product\/custom-juice-pouch-supplier\/","title":{"rendered":"\u00d6zel Meyve Suyu Torbas\u0131 Ambalaj\u0131 Plastik A\u00e7\u0131l\u0131p Kapanabilir Stand Up Torbalar"},"content":{"rendered":"<div class=\"wp-block-columns is-layout-flex wp-container-core-columns-is-layout-9d6595d7 wp-block-columns-is-layout-flex\">\n<div class=\"wp-block-column is-layout-flow wp-block-column-is-layout-flow\">\n<h3 class=\"wp-block-heading\">Y\u00fcksek Kaliteli Meyve Suyu Torbalar\u0131n\u0131n \u00d6zellikleri<\/h3>\n\n\n\n<ul class=\"wp-block-list\">\n<li>Taze Tutun: \u00c7\u0131kar\u0131labilir conta tasar\u0131m\u0131 ile meyve suyu po\u015fetlerinin oksitlenme nedeniyle bozulmas\u0131n\u0131 \u00f6nleyerek raf \u00f6mr\u00fcn\u00fc uzatabilirsiniz.<\/li>\n<\/ul>\n\n\n\n<p><\/p>\n\n\n\n<ul class=\"wp-block-list\">\n<li>UV Korumas\u0131: \u00d6zelle\u015ftirilmi\u015f meyve suyu po\u015fetlerimiz g\u00fcne\u015fin ultraviyole \u0131\u015f\u0131nlar\u0131ndan korunarak meyve suyunun lezzetini ve besleyicili\u011fini korur.<\/li>\n<\/ul>\n\n\n\n<p><\/p>\n\n\n\n<ul class=\"wp-block-list\">\n<li>G\u00fcvenli ve hijyenik: kirlilik kontaminasyonunu \u00f6nler ve i\u00e7eceklerin g\u00fcvenli\u011fini sa\u011flar.<\/li>\n<\/ul>\n\n\n\n<p><\/p>\n\n\n\n<ul class=\"wp-block-list\">\n<li>Kullan\u0131ma Uygun: Kolay a\u00e7\u0131l\u0131r, ta\u015f\u0131mas\u0131 ve saklamas\u0131 kolayd\u0131r.<\/li>\n<\/ul>\n\n\n\n<p><\/p>\n\n\n\n<ul class=\"wp-block-list\">\n<li>Sa\u011flam ve dayan\u0131kl\u0131d\u0131r: Meyve suyu keseleri, ha\u015fereleri \u00f6nlemek i\u00e7in sert bir d\u0131\u015f katmana sahiptir ve \u00e7ocuklar i\u00e7in uygundur.<\/li>\n<\/ul>\n\n\n\n<p><\/p>\n\n\n\n<ul class=\"wp-block-list\">\n<li>\u00c7evre Dostu ve Ekonomik: Geri d\u00f6n\u00fc\u015ft\u00fcr\u00fclebilir malzemeler, uygun fiyatl\u0131 ve s\u00fcrd\u00fcr\u00fclebilir.<\/li>\n<\/ul>\n<\/div>\n\n\n\n<div class=\"wp-block-column is-layout-flow wp-block-column-is-layout-flow\">\n<figure class=\"wp-block-image size-full\"><img fetchpriority=\"high\" decoding=\"async\" width=\"750\" height=\"750\" src=\"https:\/\/www.hyflexpack.com\/wp-content\/uploads\/2024\/09\/custom-stand-up-juice-pouch-bag2-2.webp\" alt=\"\u00f6zel dik duran meyve suyu po\u015feti \u00e7antas\u0131\" class=\"wp-image-5361\" srcset=\"https:\/\/www.hyflexpack.com\/wp-content\/uploads\/2024\/09\/custom-stand-up-juice-pouch-bag2-2.webp 750w, https:\/\/www.hyflexpack.com\/wp-content\/uploads\/2024\/09\/custom-stand-up-juice-pouch-bag2-2-300x300.webp 300w, https:\/\/www.hyflexpack.com\/wp-content\/uploads\/2024\/09\/custom-stand-up-juice-pouch-bag2-2-150x150.webp 150w, https:\/\/www.hyflexpack.com\/wp-content\/uploads\/2024\/09\/custom-stand-up-juice-pouch-bag2-2-12x12.webp 12w, https:\/\/www.hyflexpack.com\/wp-content\/uploads\/2024\/09\/custom-stand-up-juice-pouch-bag2-2-285x285.webp 285w, https:\/\/www.hyflexpack.com\/wp-content\/uploads\/2024\/09\/custom-stand-up-juice-pouch-bag2-2-270x270.webp 270w, https:\/\/www.hyflexpack.com\/wp-content\/uploads\/2024\/09\/custom-stand-up-juice-pouch-bag2-2-540x540.webp 540w, https:\/\/www.hyflexpack.com\/wp-content\/uploads\/2024\/09\/custom-stand-up-juice-pouch-bag2-2-660x660.webp 660w\" sizes=\"(max-width: 750px) 100vw, 750px\" \/><\/figure>\n<\/div>\n<\/div>\n\n\n\n<p><\/p>","protected":false},"excerpt":{"rendered":"<p>\u00d6zel meyve suyu po\u015fetlerinin y\u00fcksek kaliteli plastikten yap\u0131ld\u0131\u011f\u0131n\u0131 ve kolay saklama ve ta\u015f\u0131nabilirlik i\u00e7in yeniden kapat\u0131labilir stand-up paketler olarak tasarland\u0131\u011f\u0131n\u0131 anlay\u0131n. Farkl\u0131 m\u00fc\u015fterilerin ihtiya\u00e7lar\u0131n\u0131 kar\u015f\u0131lay\u0131n. Meyve suyu po\u015feti fiyatlar\u0131 s\u00f6z konusu oldu\u011funda bile, piyasadaki rekabet\u00e7i fiyatlar\u0131 garanti edebiliriz. T\u00fcm meyve suyu po\u015fetleriniz i\u00e7in l\u00fctfen bizimle ileti\u015fime ge\u00e7mekten \u00e7ekinmeyin.<\/p>\n<h3>\u00d6zel Meyve Suyu Torbas\u0131 Tedarik\u00e7isinin Avantajlar\u0131<\/h3>\n<ul>\n<li><strong>\u00d6zel Tasar\u0131m<\/strong>: M\u00fc\u015fterilerin ihtiya\u00e7lar\u0131n\u0131 kar\u015f\u0131lamak i\u00e7in malzeme, boyut ve bask\u0131 deseni \u00f6zelle\u015ftirmesi dahil olmak \u00fczere \u00f6zel meyve suyu po\u015feti hizmeti sa\u011fl\u0131yoruz ve OEM ve ODM'yi destekliyoruz.<\/li>\n<li><strong>\u00dcretim<\/strong>: Geli\u015fmi\u015f ekipman ve teknoloji ile sipari\u015flerin \u00fcretimini y\u00fcksek verimlilik ve y\u00fcksek kalite ile tamamlayabilir ve zaman\u0131nda teslim edebiliriz.<\/li>\n<li><strong>Kalite Denetimi<\/strong>: \u00dcr\u00fcnlerin standartlar\u0131 kar\u015f\u0131lad\u0131\u011f\u0131ndan emin olmak i\u00e7in kalite standartlar\u0131n\u0131 ve g\u0131da g\u00fcvenli\u011fi gereksinimlerini s\u0131k\u0131 bir \u015fekilde takip edin.<\/li>\n<li><strong>Teknik Destek Ekibi<\/strong>: Ekibimiz zengin end\u00fcstri deneyimine ve profesyonel bilgiye sahiptir ve m\u00fc\u015fterilerimize teknik destek ve 24 saat dan\u0131\u015fmanl\u0131k hizmeti sa\u011flayabilir.<\/li>\n<li><strong>\u00dccretsiz \u00d6rnek<\/strong>: \u00dcr\u00fcnleri de\u011ferlendirmeniz i\u00e7in \u00fccretsiz numune hizmeti sa\u011flay\u0131n.<\/li>\n<\/ul>","protected":false},"featured_media":5355,"comment_status":"open","ping_status":"closed","template":"","meta":[],"product_brand":[],"product_cat":[103],"product_tag":[],"class_list":{"0":"post-5354","1":"product","2":"type-product","3":"status-publish","4":"has-post-thumbnail","6":"product_cat-beverage-packaging-bags-supplier","8":"first","9":"instock","10":"shipping-taxable","11":"product-type-simple"},"_links":{"self":[{"href":"https:\/\/www.hyflexpack.com\/tr\/wp-json\/wp\/v2\/product\/5354","targetHints":{"allow":["GET"]}}],"collection":[{"href":"https:\/\/www.hyflexpack.com\/tr\/wp-json\/wp\/v2\/product"}],"about":[{"href":"https:\/\/www.hyflexpack.com\/tr\/wp-json\/wp\/v2\/types\/product"}],"replies":[{"embeddable":true,"href":"https:\/\/www.hyflexpack.com\/tr\/wp-json\/wp\/v2\/comments?post=5354"}],"wp:featuredmedia":[{"embeddable":true,"href":"https:\/\/www.hyflexpack.com\/tr\/wp-json\/wp\/v2\/media\/5355"}],"wp:attachment":[{"href":"https:\/\/www.hyflexpack.com\/tr\/wp-json\/wp\/v2\/media?parent=5354"}],"wp:term":[{"taxonomy":"product_brand","embeddable":true,"href":"https:\/\/www.hyflexpack.com\/tr\/wp-json\/wp\/v2\/product_brand?post=5354"},{"taxonomy":"product_cat","embeddable":true,"href":"https:\/\/www.hyflexpack.com\/tr\/wp-json\/wp\/v2\/product_cat?post=5354"},{"taxonomy":"product_tag","embeddable":true,"href":"https:\/\/www.hyflexpack.com\/tr\/wp-json\/wp\/v2\/product_tag?post=5354"}],"curies":[{"name":"wp","href":"https:\/\/api.w.org\/{rel}","templated":true}]}}