{"id":5329,"date":"2024-09-15T02:37:15","date_gmt":"2024-09-15T02:37:15","guid":{"rendered":"https:\/\/www.hyflexpack.com\/?post_type=product&#038;p=5329"},"modified":"2025-10-23T08:46:11","modified_gmt":"2025-10-23T08:46:11","slug":"custom-juice-pouches","status":"publish","type":"product","link":"https:\/\/www.hyflexpack.com\/tr\/product\/custom-juice-pouches\/","title":{"rendered":"\u00d6zel Meyve Suyu Torbalar\u0131, Emzikli Torbalar Stand Up Esnek Torbalar Asma Delikli M\u00fch\u00fcrl\u00fc Bariyer \u00dcretici"},"content":{"rendered":"<div class=\"wp-block-columns is-layout-flex wp-container-core-columns-is-layout-9d6595d7 wp-block-columns-is-layout-flex\">\n<div class=\"wp-block-column is-layout-flow wp-block-column-is-layout-flow\">\n<h3 class=\"wp-block-heading\">Y\u00fcksek Kaliteli Meyve Suyu Torbalar\u0131n\u0131n \u00d6zellikleri<\/h3>\n\n\n\n<ul class=\"wp-block-list\">\n<li>G\u00fc\u00e7l\u00fc M\u00fch\u00fcr: Torbalar, s\u0131z\u0131nt\u0131y\u0131 \u00f6nlemek ve meyve sular\u0131 ve di\u011fer \u00fcr\u00fcnler gibi s\u0131v\u0131lar\u0131n g\u00fcvenli bir \u015fekilde depolanmas\u0131n\u0131 ve ta\u015f\u0131nmas\u0131n\u0131 sa\u011flamak i\u00e7in y\u00fcksek kaliteli bir s\u0131zd\u0131rmazl\u0131k bariyeri ile donat\u0131lm\u0131\u015ft\u0131r.<\/li>\n<\/ul>\n\n\n\n<p><\/p>\n\n\n\n<ul class=\"wp-block-list\">\n<li>Kendi Kendine Duran Tasar\u0131m: \u00f6zel meyve suyu po\u015fetleri sa\u011flam ve insanlar\u0131n g\u00f6rmesi i\u00e7in kolay sergilenecek \u015fekilde tasarlanm\u0131\u015ft\u0131r ve ayn\u0131 zamanda raf alan\u0131ndan tasarruf sa\u011flar.<\/li>\n<\/ul>\n\n\n\n<p><\/p>\n\n\n\n<ul class=\"wp-block-list\">\n<li>Asma Delikli Tasar\u0131m: Benzersiz asma deli\u011fi tasar\u0131m\u0131 perakende te\u015fhirini kolayla\u015ft\u0131r\u0131r ve marka g\u00f6r\u00fcn\u00fcrl\u00fc\u011f\u00fcn\u00fc art\u0131r\u0131r.<\/li>\n<\/ul>\n\n\n\n<p><\/p>\n\n\n\n<ul class=\"wp-block-list\">\n<li>\u00d6zel Emzik: Meyve suyu po\u015fetleri, t\u00fcketicilerin d\u00f6kmesini ve kullanmas\u0131n\u0131 kolayla\u015ft\u0131ran ve israf\u0131 \u00f6nleyen \u00f6zelle\u015ftirilebilir bir a\u011f\u0131zl\u0131k ile donat\u0131lm\u0131\u015ft\u0131r.<\/li>\n<\/ul>\n\n\n\n<p><\/p>\n\n\n\n<ul class=\"wp-block-list\">\n<li>\u00c7evre Dostu Malzeme: \u00d6zel emzik torbalar\u0131, uluslararas\u0131 \u00e7evre standartlar\u0131n\u0131 kar\u015f\u0131layan ve ye\u015fil ambalajlamay\u0131 destekleyen g\u0131da s\u0131n\u0131f\u0131 geri d\u00f6n\u00fc\u015ft\u00fcr\u00fclebilir malzemeden yap\u0131lm\u0131\u015ft\u0131r.<\/li>\n<\/ul>\n\n\n\n<p><\/p>\n\n\n\n<ul class=\"wp-block-list\">\n<li>Yayg\u0131n olarak kullan\u0131l\u0131r: Bu meyve suyu torbalar\u0131, meyve suyu, s\u0131v\u0131 tatland\u0131r\u0131c\u0131lar, deterjanlar ve benzeri gibi \u00e7e\u015fitli s\u0131v\u0131 \u00fcr\u00fcnlerin paketlenmesi i\u00e7in uygundur.<\/li>\n<\/ul>\n<\/div>\n\n\n\n<div class=\"wp-block-column is-layout-flow wp-block-column-is-layout-flow\">\n<figure class=\"wp-block-image size-full\"><img fetchpriority=\"high\" decoding=\"async\" width=\"750\" height=\"750\" src=\"https:\/\/www.hyflexpack.com\/wp-content\/uploads\/2024\/09\/custom-stand-up-juice-pouch-bag1.webp\" alt=\"\u00d6zel Meyve Suyu Torbalar\u0131\" class=\"wp-image-5330\" srcset=\"https:\/\/www.hyflexpack.com\/wp-content\/uploads\/2024\/09\/custom-stand-up-juice-pouch-bag1.webp 750w, https:\/\/www.hyflexpack.com\/wp-content\/uploads\/2024\/09\/custom-stand-up-juice-pouch-bag1-300x300.webp 300w, https:\/\/www.hyflexpack.com\/wp-content\/uploads\/2024\/09\/custom-stand-up-juice-pouch-bag1-150x150.webp 150w, https:\/\/www.hyflexpack.com\/wp-content\/uploads\/2024\/09\/custom-stand-up-juice-pouch-bag1-12x12.webp 12w, https:\/\/www.hyflexpack.com\/wp-content\/uploads\/2024\/09\/custom-stand-up-juice-pouch-bag1-285x285.webp 285w, https:\/\/www.hyflexpack.com\/wp-content\/uploads\/2024\/09\/custom-stand-up-juice-pouch-bag1-270x270.webp 270w, https:\/\/www.hyflexpack.com\/wp-content\/uploads\/2024\/09\/custom-stand-up-juice-pouch-bag1-540x540.webp 540w, https:\/\/www.hyflexpack.com\/wp-content\/uploads\/2024\/09\/custom-stand-up-juice-pouch-bag1-660x660.webp 660w\" sizes=\"(max-width: 750px) 100vw, 750px\" \/><\/figure>\n<\/div>\n<\/div>\n\n\n\n<p><\/p>","protected":false},"excerpt":{"rendered":"<p>\u00d6zel meyve suyu po\u015fetlerimizin, g\u00fcvenli ve hijyenik meyve suyu ve kolay ta\u015f\u0131nabilirlik sa\u011flamak i\u00e7in g\u0131da s\u0131n\u0131f\u0131 \u00e7evre dostu lamine ambalaj filmiyle nas\u0131l yap\u0131ld\u0131\u011f\u0131n\u0131 ke\u015ffedin. Dik duran po\u015fet tasar\u0131m\u0131 sadece kapsay\u0131c\u0131 olmakla kalmaz, ayn\u0131 zamanda te\u015fhir i\u00e7in de daha iyidir. A\u011f\u0131zl\u0131 tasar\u0131m\u0131n saklanmas\u0131 ve ta\u015f\u0131nmas\u0131 kolayd\u0131r. Fiyat teklifi i\u00e7in bug\u00fcn bize ula\u015f\u0131n. Tek elden \u00e7evre dostu ve kaliteli ambalaj \u00e7\u00f6z\u00fcmleri sunmaya kararl\u0131y\u0131z.<\/p>\n<h3>\u00d6zel Meyve Suyu Torbalar\u0131 Toptanc\u0131s\u0131n\u0131n Avantajlar\u0131<\/h3>\n<ul>\n<li><strong>\u00d6zel Tasar\u0131m<\/strong>: Ki\u015fiselle\u015ftirilmi\u015f tasar\u0131m \u00e7\u00f6z\u00fcmleri sa\u011flay\u0131n, OEM \/ ODM'yi destekleyin, farkl\u0131 \u00f6zellikler, boyutlar, bask\u0131 desenleri vb. ile \u00f6zelle\u015ftirin.<\/li>\n<li><strong>Kalite G\u00fcvence<\/strong>: \u00dcretim s\u00fcrecini kontrol edin ve \u00fcr\u00fcn kalitesini sa\u011flamak i\u00e7in y\u00fcksek kaliteli malzemelere ve geli\u015fmi\u015f ekipmanlara sahip olun.<\/li>\n<li><strong>Zaman\u0131nda Teslimat<\/strong>: Zaman\u0131nda teslimat sa\u011flamak ve m\u00fc\u015fterilerin acil ihtiya\u00e7lar\u0131n\u0131 kar\u015f\u0131lamak i\u00e7in \u00fcretim s\u00fcrecini optimize etmek ve \u00fcretim verimlili\u011fini art\u0131rmak.<\/li>\n<li><strong>Profesyonel Teknik Destek<\/strong>: Deneyimli teknik ekip, profesyonel teknik destek ve 24 saat sat\u0131\u015f sonras\u0131 dan\u0131\u015fmanl\u0131k hizmeti sa\u011flar.<\/li>\n<li><strong>\u00dccretsiz \u00d6rnek<\/strong>: \u00dcr\u00fcnleri de\u011ferlendirmeniz i\u00e7in \u00fccretsiz numune hizmeti sa\u011flay\u0131n.<\/li>\n<\/ul>\n<p>Huiyang Packaging, m\u00fc\u015fterilerin \u00fcr\u00fcn imajlar\u0131n\u0131 iyile\u015ftirmelerine ve pazar rekabet g\u00fc\u00e7lerini art\u0131rmalar\u0131na yard\u0131mc\u0131 olmak i\u00e7in m\u00fc\u015fterilere y\u00fcksek kaliteli \u00f6zel meyve suyu po\u015fetleri sa\u011flamay\u0131 taahh\u00fct eder<\/p>","protected":false},"featured_media":5330,"comment_status":"open","ping_status":"closed","template":"","meta":[],"product_brand":[],"product_cat":[103],"product_tag":[],"class_list":{"0":"post-5329","1":"product","2":"type-product","3":"status-publish","4":"has-post-thumbnail","6":"product_cat-beverage-packaging-bags-supplier","8":"first","9":"instock","10":"shipping-taxable","11":"product-type-simple"},"_links":{"self":[{"href":"https:\/\/www.hyflexpack.com\/tr\/wp-json\/wp\/v2\/product\/5329","targetHints":{"allow":["GET"]}}],"collection":[{"href":"https:\/\/www.hyflexpack.com\/tr\/wp-json\/wp\/v2\/product"}],"about":[{"href":"https:\/\/www.hyflexpack.com\/tr\/wp-json\/wp\/v2\/types\/product"}],"replies":[{"embeddable":true,"href":"https:\/\/www.hyflexpack.com\/tr\/wp-json\/wp\/v2\/comments?post=5329"}],"wp:featuredmedia":[{"embeddable":true,"href":"https:\/\/www.hyflexpack.com\/tr\/wp-json\/wp\/v2\/media\/5330"}],"wp:attachment":[{"href":"https:\/\/www.hyflexpack.com\/tr\/wp-json\/wp\/v2\/media?parent=5329"}],"wp:term":[{"taxonomy":"product_brand","embeddable":true,"href":"https:\/\/www.hyflexpack.com\/tr\/wp-json\/wp\/v2\/product_brand?post=5329"},{"taxonomy":"product_cat","embeddable":true,"href":"https:\/\/www.hyflexpack.com\/tr\/wp-json\/wp\/v2\/product_cat?post=5329"},{"taxonomy":"product_tag","embeddable":true,"href":"https:\/\/www.hyflexpack.com\/tr\/wp-json\/wp\/v2\/product_tag?post=5329"}],"curies":[{"name":"wp","href":"https:\/\/api.w.org\/{rel}","templated":true}]}}