{"id":5324,"date":"2024-09-15T02:09:08","date_gmt":"2024-09-15T02:09:08","guid":{"rendered":"https:\/\/www.hyflexpack.com\/?post_type=product&#038;p=5324"},"modified":"2024-09-15T02:09:10","modified_gmt":"2024-09-15T02:09:10","slug":"custom-food-pouches-packaging","status":"publish","type":"product","link":"https:\/\/www.hyflexpack.com\/tr\/product\/custom-food-pouches-packaging\/","title":{"rendered":"\u00d6zel G\u0131da Torbalar\u0131 Ambalaj Is\u0131 Yal\u0131t\u0131m Torbalar\u0131 \u00c7evre Dostu Fermuarl\u0131 Stand Up Torbalar"},"content":{"rendered":"<div class=\"wp-block-columns is-layout-flex wp-container-core-columns-is-layout-9d6595d7 wp-block-columns-is-layout-flex\">\n<div class=\"wp-block-column is-layout-flow wp-block-column-is-layout-flow\">\n<h3 class=\"wp-block-heading\">Features of High Quality Food Pouches Packaging<\/h3>\n\n\n\n<ul class=\"wp-block-list\">\n<li>Eco-Friendly Material: Made with recyclable and eco-friendly materials to minimize the impact on the environment and meet the standards of sustainable development.<\/li>\n<\/ul>\n\n\n\n<p><\/p>\n\n\n\n<ul class=\"wp-block-list\">\n<li>Heat Seal Design: Heat seal bags provide a strong seal to prevent air and moisture from entering, ensuring that food stays fresh for a long time.<\/li>\n<\/ul>\n\n\n\n<p><\/p>\n\n\n\n<ul class=\"wp-block-list\">\n<li>Self-Standing Construction: Custom food pouches packaging design allows the package to stand, making it easy to display for buyers to see and improve presentation.<\/li>\n<\/ul>\n\n\n\n<p><\/p>\n\n\n\n<ul class=\"wp-block-list\">\n<li>Convenient Zipper: The re-sealable zipper design makes it easy for users to use the package multiple times to keep the food fresh.<\/li>\n<\/ul>\n\n\n\n<p><\/p>\n\n\n\n<ul class=\"wp-block-list\">\n<li>High-Quality Printing: Heat Seal Bags support customized printing to help brands enhance the appearance and market recognition of their products.<\/li>\n<\/ul>\n\n\n\n<p><\/p>\n\n\n\n<ul class=\"wp-block-list\">\n<li>Wide Range of Applications: The food pouches packaging is suitable for a wide range of food packaging needs, with strong barrier performance, applications include nuts, snacks, seasonings, etc., to meet a wide range of packaging requirements.<\/li>\n<\/ul>\n<\/div>\n\n\n\n<div class=\"wp-block-column is-layout-flow wp-block-column-is-layout-flow\">\n<figure class=\"wp-block-image size-full\"><img fetchpriority=\"high\" decoding=\"async\" width=\"750\" height=\"750\" src=\"https:\/\/www.hyflexpack.com\/wp-content\/uploads\/2024\/09\/Custom-sri-lanka-tea-packaging-bag1.webp\" alt=\"\u00d6zel G\u0131da Torbalar\u0131 Ambalaj\u0131\" class=\"wp-image-5325\" srcset=\"https:\/\/www.hyflexpack.com\/wp-content\/uploads\/2024\/09\/Custom-sri-lanka-tea-packaging-bag1.webp 750w, https:\/\/www.hyflexpack.com\/wp-content\/uploads\/2024\/09\/Custom-sri-lanka-tea-packaging-bag1-300x300.webp 300w, https:\/\/www.hyflexpack.com\/wp-content\/uploads\/2024\/09\/Custom-sri-lanka-tea-packaging-bag1-150x150.webp 150w, https:\/\/www.hyflexpack.com\/wp-content\/uploads\/2024\/09\/Custom-sri-lanka-tea-packaging-bag1-12x12.webp 12w, https:\/\/www.hyflexpack.com\/wp-content\/uploads\/2024\/09\/Custom-sri-lanka-tea-packaging-bag1-285x285.webp 285w, https:\/\/www.hyflexpack.com\/wp-content\/uploads\/2024\/09\/Custom-sri-lanka-tea-packaging-bag1-270x270.webp 270w, https:\/\/www.hyflexpack.com\/wp-content\/uploads\/2024\/09\/Custom-sri-lanka-tea-packaging-bag1-540x540.webp 540w, https:\/\/www.hyflexpack.com\/wp-content\/uploads\/2024\/09\/Custom-sri-lanka-tea-packaging-bag1-660x660.webp 660w\" sizes=\"(max-width: 750px) 100vw, 750px\" \/><\/figure>\n<\/div>\n<\/div>\n\n\n\n<p><\/p>","protected":false},"excerpt":{"rendered":"<p>Learn about food pouches packaging, where we typically use a single material or composite to give the package high barrier properties. Stand-up pouch design is not only inclusive but also better for presentation. Contact us today for a quote. We are committed to providing one-stop environmentally friendly and high-quality packaging solutions.<\/p>\n<h3>Advantages of Food Pouches Packaging Manufacturer<\/h3>\n<p>\u25cf<strong>\u00d6zel tasar\u0131m<\/strong>: We provide custom food pouch packaging services, including material, size, and printing pattern customization to meet customer needs, and support OEM and ODM.<\/p>\n<p>\u25cf<strong>\u00dcretim<\/strong>: Geli\u015fmi\u015f ekipman ve teknoloji ile sipari\u015f \u00fcretimini verimli ve kaliteli bir \u015fekilde tamamlayabilir ve zaman\u0131nda teslim edebiliriz.<\/p>\n<p>\u25cf<strong>Kalite Denetimi<\/strong>: \u00dcretim, \u00fcr\u00fcnlerin standartlar\u0131 kar\u015f\u0131lamas\u0131n\u0131 sa\u011flamak i\u00e7in kalite standartlar\u0131na ve g\u0131da g\u00fcvenli\u011fi gerekliliklerine s\u0131k\u0131 s\u0131k\u0131ya ba\u011fl\u0131 olarak ger\u00e7ekle\u015ftirilir.<\/p>\n<p>\u25cf<strong>M\u00fc\u015fteri Hizmetleri<\/strong>: H\u0131zl\u0131 yan\u0131t ve \u00f6zenli m\u00fc\u015fteri hizmetleri deste\u011fi sa\u011flamak i\u00e7in 24 saat.<\/p>\n<p>\u25cf<strong>\u00dccretsiz \u00d6rnek<\/strong>: Provide a free sample service for you to evaluate the flexible packaging bag.<\/p>","protected":false},"featured_media":5325,"comment_status":"open","ping_status":"closed","template":"","meta":[],"product_brand":[],"product_cat":[51],"product_tag":[],"class_list":{"0":"post-5324","1":"product","2":"type-product","3":"status-publish","4":"has-post-thumbnail","6":"product_cat-custom-food-packaging-bags","8":"first","9":"instock","10":"shipping-taxable","11":"product-type-simple"},"_links":{"self":[{"href":"https:\/\/www.hyflexpack.com\/tr\/wp-json\/wp\/v2\/product\/5324","targetHints":{"allow":["GET"]}}],"collection":[{"href":"https:\/\/www.hyflexpack.com\/tr\/wp-json\/wp\/v2\/product"}],"about":[{"href":"https:\/\/www.hyflexpack.com\/tr\/wp-json\/wp\/v2\/types\/product"}],"replies":[{"embeddable":true,"href":"https:\/\/www.hyflexpack.com\/tr\/wp-json\/wp\/v2\/comments?post=5324"}],"wp:featuredmedia":[{"embeddable":true,"href":"https:\/\/www.hyflexpack.com\/tr\/wp-json\/wp\/v2\/media\/5325"}],"wp:attachment":[{"href":"https:\/\/www.hyflexpack.com\/tr\/wp-json\/wp\/v2\/media?parent=5324"}],"wp:term":[{"taxonomy":"product_brand","embeddable":true,"href":"https:\/\/www.hyflexpack.com\/tr\/wp-json\/wp\/v2\/product_brand?post=5324"},{"taxonomy":"product_cat","embeddable":true,"href":"https:\/\/www.hyflexpack.com\/tr\/wp-json\/wp\/v2\/product_cat?post=5324"},{"taxonomy":"product_tag","embeddable":true,"href":"https:\/\/www.hyflexpack.com\/tr\/wp-json\/wp\/v2\/product_tag?post=5324"}],"curies":[{"name":"wp","href":"https:\/\/api.w.org\/{rel}","templated":true}]}}