{"id":5268,"date":"2024-09-08T15:32:29","date_gmt":"2024-09-08T15:32:29","guid":{"rendered":"https:\/\/www.hyflexpack.com\/?post_type=product&#038;p=5268"},"modified":"2025-10-23T08:52:02","modified_gmt":"2025-10-23T08:52:02","slug":"eco-friendly-pet-food-packaging-bag","status":"publish","type":"product","link":"https:\/\/www.hyflexpack.com\/tr\/product\/eco-friendly-pet-food-packaging-bag\/","title":{"rendered":"\u00c7evre Dostu Pet G\u0131da Ambalaj Torbas\u0131 Geri D\u00f6n\u00fc\u015f\u00fcm Kompozit Plastik Torbalar Toptanc\u0131"},"content":{"rendered":"<div class=\"wp-block-columns is-layout-flex wp-container-core-columns-is-layout-9d6595d7 wp-block-columns-is-layout-flex\">\n<div class=\"wp-block-column is-layout-flow wp-block-column-is-layout-flow\">\n<h3 class=\"wp-block-heading\">Y\u00fcksek Kaliteli \u00c7evre Dostu Evcil Hayvan Mamas\u0131 Ambalaj Torbas\u0131n\u0131n \u00d6zellikleri<\/h3>\n\n\n\n<ul class=\"wp-block-list\">\n<li>G\u0131da S\u0131n\u0131f\u0131 Y\u00fcksek Bariyer Malzemeler: \u00d6zel evcil hayvan mamas\u0131 ambalaj po\u015fetleri, patates cipslerinin kuru bir ortamda, neme dayan\u0131kl\u0131, oksidasyon \u00f6nleyici ve raf \u00f6mr\u00fcn\u00fc uzatmak i\u00e7in PET, PE, BOPP, MCPP, MPET, AL vb. gibi g\u0131da s\u0131n\u0131f\u0131 y\u00fcksek bariyer malzemeleri kullan\u0131r. <\/li>\n<\/ul>\n\n\n\n<p><\/p>\n\n\n\n<ul class=\"wp-block-list\">\n<li>Dayan\u0131kl\u0131 ve Y\u0131rt\u0131lmaya Diren\u00e7li: \u00c7evre dostu evcil hayvan mamas\u0131 ambalaj po\u015fetleri, ambalaj\u0131n evcil hayvan mamas\u0131n\u0131 hasardan, nemden ve elementlerden korumas\u0131n\u0131 sa\u011flamak i\u00e7in mukavemet i\u00e7in tasarlanm\u0131\u015ft\u0131r.<\/li>\n<\/ul>\n\n\n\n<p><\/p>\n\n\n\n<ul class=\"wp-block-list\">\n<li>Fermuarl\u0131 M\u00fch\u00fcr: Yerle\u015fik fermuar contas\u0131, contay\u0131 birden \u00e7ok kez a\u00e7mak i\u00e7in uygundur, at\u0131\u015ft\u0131rmal\u0131klar\u0131 taze tutar ve d\u0131\u015far\u0131dan hava girmesini \u00f6nler.<\/li>\n<\/ul>\n\n\n\n<p><\/p>\n\n\n\n<ul class=\"wp-block-list\">\n<li>A\u00e7\u0131l\u0131p Kapanabilir Se\u00e7enekler: \u00d6zel evcil hayvan mamas\u0131 ambalajlar\u0131, kolay eri\u015fim ve a\u00e7\u0131ld\u0131ktan sonra taze kalmas\u0131 i\u00e7in yeniden kapat\u0131labilir fermuarlar veya kapaklar i\u00e7erir. <\/li>\n<\/ul>\n\n\n\n<p><\/p>\n\n\n\n<ul class=\"wp-block-list\">\n<li>Ayakl\u0131 \u00c7anta Tasar\u0131m\u0131: Ayakta duran \u00e7anta yap\u0131s\u0131, \u00e7antan\u0131n rafta veya vitrinde s\u0131k\u0131ca durmas\u0131n\u0131 sa\u011flayarak te\u015fhir alan\u0131ndan tasarruf sa\u011flar ve \u00fcr\u00fcn te\u015fhir etkisini art\u0131r\u0131r.<\/li>\n<\/ul>\n<\/div>\n\n\n\n<div class=\"wp-block-column is-layout-flow wp-block-column-is-layout-flow\">\n<figure class=\"wp-block-image size-full\"><img fetchpriority=\"high\" decoding=\"async\" width=\"750\" height=\"750\" src=\"https:\/\/www.hyflexpack.com\/wp-content\/uploads\/2024\/09\/Eco-friendly-Pet-Food-Packaging-Wholesaler\uff081\uff09.webp\" alt=\"\u00c7evre Dostu Evcil Hayvan Mamas\u0131 Ambalaj\u0131 Toptanc\u0131s\u0131\" class=\"wp-image-5269\" srcset=\"https:\/\/www.hyflexpack.com\/wp-content\/uploads\/2024\/09\/Eco-friendly-Pet-Food-Packaging-Wholesaler\uff081\uff09.webp 750w, https:\/\/www.hyflexpack.com\/wp-content\/uploads\/2024\/09\/Eco-friendly-Pet-Food-Packaging-Wholesaler\uff081\uff09-300x300.webp 300w, https:\/\/www.hyflexpack.com\/wp-content\/uploads\/2024\/09\/Eco-friendly-Pet-Food-Packaging-Wholesaler\uff081\uff09-150x150.webp 150w, https:\/\/www.hyflexpack.com\/wp-content\/uploads\/2024\/09\/Eco-friendly-Pet-Food-Packaging-Wholesaler\uff081\uff09-12x12.webp 12w, https:\/\/www.hyflexpack.com\/wp-content\/uploads\/2024\/09\/Eco-friendly-Pet-Food-Packaging-Wholesaler\uff081\uff09-285x285.webp 285w, https:\/\/www.hyflexpack.com\/wp-content\/uploads\/2024\/09\/Eco-friendly-Pet-Food-Packaging-Wholesaler\uff081\uff09-270x270.webp 270w, https:\/\/www.hyflexpack.com\/wp-content\/uploads\/2024\/09\/Eco-friendly-Pet-Food-Packaging-Wholesaler\uff081\uff09-540x540.webp 540w, https:\/\/www.hyflexpack.com\/wp-content\/uploads\/2024\/09\/Eco-friendly-Pet-Food-Packaging-Wholesaler\uff081\uff09-660x660.webp 660w\" sizes=\"(max-width: 750px) 100vw, 750px\" \/><\/figure>\n<\/div>\n<\/div>","protected":false},"excerpt":{"rendered":"<p>Evcil hayvan mamalar\u0131n\u0131n tazeli\u011fini ve g\u00fcvenli\u011fini sa\u011flamak i\u00e7in \u00f6zel evcil hayvan mamas\u0131 ambalaj po\u015fetlerimizin g\u0131da s\u0131n\u0131f\u0131 \u00e7evre dostu kompozit ambalaj filmlerinden nas\u0131l yap\u0131ld\u0131\u011f\u0131n\u0131 \u00f6\u011frenin. Al\u00fcminyum i\u00e7eren kompozit kraft ka\u011f\u0131t malzemeler g\u00fc\u00e7l\u00fc \u0131\u015f\u0131k koruma \u00f6zelliklerine ve g\u00fc\u00e7l\u00fc antioksidan kapasiteye sahiptir. \u00d6zel bask\u0131, \u00fcr\u00fcn\u00fc daha ay\u0131rt edici hale getirir. Fiyat teklifi i\u00e7in bug\u00fcn bize ula\u015f\u0131n. Tek elden \u00e7evre dostu ve y\u00fcksek kaliteli ambalaj \u00e7\u00f6z\u00fcmleri sunmaya kararl\u0131y\u0131z.<\/p>\n<h3>\u00c7evre Dostu Evcil Hayvan Mamas\u0131 Ambalaj\u0131 Toptanc\u0131s\u0131n\u0131n Avantajlar\u0131<\/h3>\n<ul>\n<li><strong>\u00d6zel Tasar\u0131m<\/strong>: M\u00fc\u015fteri ihtiya\u00e7lar\u0131n\u0131 kar\u015f\u0131lamak i\u00e7in malzeme, boyut ve bask\u0131 deseni \u00f6zelle\u015ftirmesi dahil olmak \u00fczere \u00f6zel hizmet sa\u011fl\u0131yoruz ve OEM ve ODM'yi destekliyoruz.<\/li>\n<li><strong>\u00dcretim<\/strong>: Geli\u015fmi\u015f ekipman ve teknoloji ile sipari\u015f \u00fcretimini y\u00fcksek verimlilik ve y\u00fcksek kalite ile tamamlayabilir, zaman\u0131nda teslim edebiliriz.<\/li>\n<li><strong>Kalite Denetimi<\/strong>: \u00dcr\u00fcnlerin standartlar\u0131 kar\u015f\u0131lad\u0131\u011f\u0131ndan emin olmak i\u00e7in \u00fcretim i\u00e7in kalite standartlar\u0131n\u0131 ve g\u0131da g\u00fcvenli\u011fi gereksinimlerini s\u0131k\u0131 bir \u015fekilde takip edin.<\/li>\n<li><strong>M\u00fc\u015fteri Hizmetleri<\/strong>: H\u0131zl\u0131 yan\u0131t ve \u00f6zenli m\u00fc\u015fteri hizmetleri deste\u011fi sa\u011flamak i\u00e7in 24 saat.<\/li>\n<li><strong>\u00dccretsiz \u00d6rnek<\/strong>Esnek ambalaj\u0131 de\u011ferlendirmeniz i\u00e7in \u00fccretsiz numune hizmeti sa\u011flay\u0131n.<\/li>\n<\/ul>\n<p>Huiyang Packaging, m\u00fc\u015fterilerin \u00fcr\u00fcn imajlar\u0131n\u0131 iyile\u015ftirmelerine ve pazar rekabet g\u00fcc\u00fcn\u00fc art\u0131rmalar\u0131na yard\u0131mc\u0131 olmak i\u00e7in m\u00fc\u015fterilere y\u00fcksek kaliteli, \u00e7evre dostu evcil hayvan mamas\u0131 paketleme \u00e7antas\u0131 sa\u011flamay\u0131 taahh\u00fct eder.<\/p>","protected":false},"featured_media":5269,"comment_status":"open","ping_status":"closed","template":"","meta":[],"product_brand":[],"product_cat":[56],"product_tag":[],"class_list":{"0":"post-5268","1":"product","2":"type-product","3":"status-publish","4":"has-post-thumbnail","6":"product_cat-custom-pet-food-packaging","8":"first","9":"instock","10":"shipping-taxable","11":"product-type-simple"},"_links":{"self":[{"href":"https:\/\/www.hyflexpack.com\/tr\/wp-json\/wp\/v2\/product\/5268","targetHints":{"allow":["GET"]}}],"collection":[{"href":"https:\/\/www.hyflexpack.com\/tr\/wp-json\/wp\/v2\/product"}],"about":[{"href":"https:\/\/www.hyflexpack.com\/tr\/wp-json\/wp\/v2\/types\/product"}],"replies":[{"embeddable":true,"href":"https:\/\/www.hyflexpack.com\/tr\/wp-json\/wp\/v2\/comments?post=5268"}],"wp:featuredmedia":[{"embeddable":true,"href":"https:\/\/www.hyflexpack.com\/tr\/wp-json\/wp\/v2\/media\/5269"}],"wp:attachment":[{"href":"https:\/\/www.hyflexpack.com\/tr\/wp-json\/wp\/v2\/media?parent=5268"}],"wp:term":[{"taxonomy":"product_brand","embeddable":true,"href":"https:\/\/www.hyflexpack.com\/tr\/wp-json\/wp\/v2\/product_brand?post=5268"},{"taxonomy":"product_cat","embeddable":true,"href":"https:\/\/www.hyflexpack.com\/tr\/wp-json\/wp\/v2\/product_cat?post=5268"},{"taxonomy":"product_tag","embeddable":true,"href":"https:\/\/www.hyflexpack.com\/tr\/wp-json\/wp\/v2\/product_tag?post=5268"}],"curies":[{"name":"wp","href":"https:\/\/api.w.org\/{rel}","templated":true}]}}