{"id":5263,"date":"2024-09-07T02:12:44","date_gmt":"2024-09-07T02:12:44","guid":{"rendered":"https:\/\/www.hyflexpack.com\/?post_type=product&#038;p=5263"},"modified":"2024-09-07T02:12:46","modified_gmt":"2024-09-07T02:12:46","slug":"custom-chip-bags-packaging","status":"publish","type":"product","link":"https:\/\/www.hyflexpack.com\/tr\/product\/custom-chip-bags-packaging\/","title":{"rendered":"\u00d6zel Tala\u015f Torbalar\u0131 Ambalaj Stand Up K\u0131l\u0131f\u0131 G\u0131da Ambalaj Torbas\u0131 Fabrikas\u0131"},"content":{"rendered":"<div class=\"wp-block-columns is-layout-flex wp-container-core-columns-is-layout-9d6595d7 wp-block-columns-is-layout-flex\">\n<div class=\"wp-block-column is-layout-flow wp-block-column-is-layout-flow\">\n<h3 class=\"wp-block-heading\">Y\u00fcksek Kaliteli \u00d6zel \u00c7ip Torba Ambalajlar\u0131n\u0131n \u00d6zellikleri<\/h3>\n\n\n\n<ul class=\"wp-block-list\">\n<li><strong>\u00c7evre dostu malzemeler<\/strong>: \u00c7evre \u00fczerindeki etkiyi azaltmak i\u00e7in biyolojik olarak par\u00e7alanabilen malzemeler veya geri d\u00f6n\u00fc\u015ft\u00fcr\u00fclebilir malzemeler gibi \u00e7evresel gereklilikleri kar\u015f\u0131layan \u00e7evre dostu malzemeler kullan\u0131n. <\/li>\n<\/ul>\n\n\n\n<p><\/p>\n\n\n\n<ul class=\"wp-block-list\">\n<li><strong>G\u0131da s\u0131n\u0131f\u0131 y\u00fcksek bariyerli malzemeler<\/strong>: \u00d6zel Cips Torbalar\u0131 Ambalaj\u0131, patates cipslerinin kuru bir ortamda saklanmas\u0131n\u0131, neme dayan\u0131kl\u0131, oksidasyon \u00f6nleyici olmas\u0131n\u0131 ve raf \u00f6mr\u00fcn\u00fc uzatmas\u0131n\u0131 sa\u011flamak i\u00e7in PET, PE, BOPP, MCPP, MPET, AL vb. gibi g\u0131da s\u0131n\u0131f\u0131 y\u00fcksek bariyerli malzemeler kullan\u0131r. <\/li>\n<\/ul>\n\n\n\n<p><\/p>\n\n\n\n<ul class=\"wp-block-list\">\n<li><strong>Fermuar contas\u0131<\/strong>: Yerle\u015fik fermuarl\u0131 conta, contay\u0131 birden \u00e7ok kez a\u00e7mak i\u00e7in uygundur, at\u0131\u015ft\u0131rmal\u0131klar\u0131 taze tutar ve d\u0131\u015far\u0131dan hava girmesini \u00f6nler. <\/li>\n<\/ul>\n\n\n\n<p><\/p>\n\n\n\n<ul class=\"wp-block-list\">\n<li><strong>Ayakta duran \u00e7anta tasar\u0131m\u0131<\/strong>: Ayakta duran \u00e7anta yap\u0131s\u0131, \u00e7antan\u0131n rafta veya vitrinde sa\u011flam bir \u015fekilde durmas\u0131n\u0131 sa\u011flayarak te\u015fhir alan\u0131ndan tasarruf sa\u011flar ve \u00fcr\u00fcn te\u015fhir etkisini art\u0131r\u0131r.<\/li>\n<\/ul>\n<\/div>\n\n\n\n<div class=\"wp-block-column is-layout-flow wp-block-column-is-layout-flow\">\n<figure class=\"wp-block-image size-full\"><img fetchpriority=\"high\" decoding=\"async\" width=\"750\" height=\"750\" src=\"https:\/\/www.hyflexpack.com\/wp-content\/uploads\/2024\/09\/Customize-Chip-Bag-Packaging\uff081\uff09.webp\" alt=\"Cips Torbas\u0131 Ambalaj\u0131n\u0131 \u00d6zelle\u015ftirin\" class=\"wp-image-5264\" srcset=\"https:\/\/www.hyflexpack.com\/wp-content\/uploads\/2024\/09\/Customize-Chip-Bag-Packaging\uff081\uff09.webp 750w, https:\/\/www.hyflexpack.com\/wp-content\/uploads\/2024\/09\/Customize-Chip-Bag-Packaging\uff081\uff09-300x300.webp 300w, https:\/\/www.hyflexpack.com\/wp-content\/uploads\/2024\/09\/Customize-Chip-Bag-Packaging\uff081\uff09-150x150.webp 150w, https:\/\/www.hyflexpack.com\/wp-content\/uploads\/2024\/09\/Customize-Chip-Bag-Packaging\uff081\uff09-12x12.webp 12w, https:\/\/www.hyflexpack.com\/wp-content\/uploads\/2024\/09\/Customize-Chip-Bag-Packaging\uff081\uff09-285x285.webp 285w, https:\/\/www.hyflexpack.com\/wp-content\/uploads\/2024\/09\/Customize-Chip-Bag-Packaging\uff081\uff09-270x270.webp 270w, https:\/\/www.hyflexpack.com\/wp-content\/uploads\/2024\/09\/Customize-Chip-Bag-Packaging\uff081\uff09-540x540.webp 540w, https:\/\/www.hyflexpack.com\/wp-content\/uploads\/2024\/09\/Customize-Chip-Bag-Packaging\uff081\uff09-660x660.webp 660w\" sizes=\"(max-width: 750px) 100vw, 750px\" \/><\/figure>\n<\/div>\n<\/div>\n\n\n\n<p><\/p>","protected":false},"excerpt":{"rendered":"<p>Huiyang Packaging, \u00fcr\u00fcn \u00e7ekicili\u011fini art\u0131rmak ve tazeli\u011fi sa\u011flamak i\u00e7in tasarlanm\u0131\u015f \u00f6zel cips po\u015fetleri ve dik duran po\u015fet g\u0131da ambalajlar\u0131 sunar - toplu sipari\u015fler ve \u00f6zelle\u015ftirilmi\u015f \u00e7\u00f6z\u00fcmler i\u00e7in m\u00fckemmeldir.<\/p>\n<h3>\u00d6zel \u00c7ip Torba Ambalaj Tedarik\u00e7isinin Avantajlar\u0131<\/h3>\n<ul>\n<li><strong>\u00d6zel Tasar\u0131m<\/strong>: M\u00fc\u015fterilerin ihtiya\u00e7lar\u0131n\u0131 kar\u015f\u0131lamak i\u00e7in malzeme, boyut ve bask\u0131 deseni \u00f6zelle\u015ftirmesi dahil olmak \u00fczere \u00d6zel \u00e7ip po\u015fetleri paketleme hizmeti sa\u011fl\u0131yoruz ve OEM ve ODM'yi destekliyoruz.<\/li>\n<li><strong>\u00dcretim<\/strong>: Geli\u015fmi\u015f ekipman ve teknoloji ile sipari\u015fleri y\u00fcksek verimlilik ve y\u00fcksek kalitede tamamlayabilir ve zaman\u0131nda teslim edebiliriz.<\/li>\n<li><strong>Kalite Denetimi<\/strong>: \u00dcr\u00fcnlerin standartlar\u0131 kar\u015f\u0131lad\u0131\u011f\u0131ndan emin olmak i\u00e7in kalite standartlar\u0131n\u0131 ve g\u0131da g\u00fcvenli\u011fi gereksinimlerini s\u0131k\u0131 bir \u015fekilde takip edin.<\/li>\n<li><strong>Teknik Destek Ekibi<\/strong>: Ekibimiz zengin end\u00fcstri deneyimine ve profesyonel bilgiye sahiptir ve m\u00fc\u015fterilerimize teknik destek ve 24 saat dan\u0131\u015fmanl\u0131k hizmeti sa\u011flayabilir.<\/li>\n<li><strong>\u00dccretsiz \u00d6rnek<\/strong>: \u00dcr\u00fcnleri de\u011ferlendirmeniz i\u00e7in \u00fccretsiz numune hizmeti sa\u011flay\u0131n.<\/li>\n<\/ul>","protected":false},"featured_media":5264,"comment_status":"open","ping_status":"closed","template":"","meta":[],"product_brand":[],"product_cat":[51],"product_tag":[],"class_list":{"0":"post-5263","1":"product","2":"type-product","3":"status-publish","4":"has-post-thumbnail","6":"product_cat-custom-food-packaging-bags","8":"first","9":"instock","10":"shipping-taxable","11":"product-type-simple"},"_links":{"self":[{"href":"https:\/\/www.hyflexpack.com\/tr\/wp-json\/wp\/v2\/product\/5263","targetHints":{"allow":["GET"]}}],"collection":[{"href":"https:\/\/www.hyflexpack.com\/tr\/wp-json\/wp\/v2\/product"}],"about":[{"href":"https:\/\/www.hyflexpack.com\/tr\/wp-json\/wp\/v2\/types\/product"}],"replies":[{"embeddable":true,"href":"https:\/\/www.hyflexpack.com\/tr\/wp-json\/wp\/v2\/comments?post=5263"}],"wp:featuredmedia":[{"embeddable":true,"href":"https:\/\/www.hyflexpack.com\/tr\/wp-json\/wp\/v2\/media\/5264"}],"wp:attachment":[{"href":"https:\/\/www.hyflexpack.com\/tr\/wp-json\/wp\/v2\/media?parent=5263"}],"wp:term":[{"taxonomy":"product_brand","embeddable":true,"href":"https:\/\/www.hyflexpack.com\/tr\/wp-json\/wp\/v2\/product_brand?post=5263"},{"taxonomy":"product_cat","embeddable":true,"href":"https:\/\/www.hyflexpack.com\/tr\/wp-json\/wp\/v2\/product_cat?post=5263"},{"taxonomy":"product_tag","embeddable":true,"href":"https:\/\/www.hyflexpack.com\/tr\/wp-json\/wp\/v2\/product_tag?post=5263"}],"curies":[{"name":"wp","href":"https:\/\/api.w.org\/{rel}","templated":true}]}}