{"id":5244,"date":"2024-08-30T17:46:04","date_gmt":"2024-08-30T17:46:04","guid":{"rendered":"https:\/\/www.hyflexpack.com\/?post_type=product&#038;p=5244"},"modified":"2025-11-04T08:21:02","modified_gmt":"2025-11-04T08:21:02","slug":"custom-gummy-candy-packaging","status":"publish","type":"product","link":"https:\/\/www.hyflexpack.com\/tr\/product\/custom-gummy-candy-packaging\/","title":{"rendered":"\u00d6zel Sak\u0131zl\u0131 \u015eeker Paketleme Noel At\u0131\u015ft\u0131rmal\u0131k Torbalar\u0131 \u015eekilli Kese \u00dcreticisi"},"content":{"rendered":"<div class=\"wp-block-columns is-layout-flex wp-container-core-columns-is-layout-9d6595d7 wp-block-columns-is-layout-flex\">\n<div class=\"wp-block-column is-layout-flow wp-block-column-is-layout-flow\">\n<h3 class=\"wp-block-heading\">Y\u00fcksek Kaliteli Sak\u0131zl\u0131 \u015eeker Paketleme Torbas\u0131n\u0131n \u00d6zellikleri<\/h3>\n\n\n\n<p><\/p>\n\n\n\n<ul class=\"wp-block-list\">\n<li><strong>\u00d6zel \u015eekil Tasar\u0131m\u0131<\/strong>: Torbalar ihtiyaca g\u00f6re \u00f6zel \u015fekillerde haz\u0131rlan\u0131r, bu da at\u0131\u015ft\u0131rmal\u0131klar ve yumu\u015fak \u015fekerlemelerle dolu Noel At\u0131\u015ft\u0131rmal\u0131k Torbalar\u0131nda bayram \u00e7ekicili\u011fini art\u0131rmak i\u00e7in idealdir.<\/li>\n<\/ul>\n\n\n\n<p><\/p>\n\n\n\n<ul class=\"wp-block-list\">\n<li><strong>Peephole Pencere<\/strong>: Tek bir \u015feffaf pencere, i\u00e7indeki renkli \u015fekerlerin m\u00fc\u015fteriler taraf\u0131ndan g\u00f6r\u00fclmesini sa\u011flayarak Noel At\u0131\u015ft\u0131rmal\u0131k \u00c7antalar\u0131 i\u00e7in daha g\u00f6r\u00fcnt\u00fclenebilir ve sunulabilir hale getirir.<\/li>\n<\/ul>\n\n\n\n<p><\/p>\n\n\n\n<ul class=\"wp-block-list\">\n<li><strong>Y\u00fcksek Kaliteli Bask\u0131<\/strong>: \u00d6zel sak\u0131zl\u0131 \u015feker ambalaj po\u015fetlerinin \u00e7ok renkli, y\u00fcksek \u00e7\u00f6z\u00fcn\u00fcrl\u00fckl\u00fc bask\u0131s\u0131, Noel At\u0131\u015ft\u0131rmal\u0131k Po\u015fetlerinizin dikkat \u00e7ekmesini sa\u011flamak i\u00e7in tatil temalar\u0131n\u0131, logolar\u0131 ve marka kimliklerini g\u00f6sterebilir.<\/li>\n<\/ul>\n\n\n\n<p><\/p>\n\n\n\n<ul class=\"wp-block-list\">\n<li><strong>Dayan\u0131kl\u0131 Malzemeler<\/strong>: Sak\u0131zl\u0131 \u015feker paketleme po\u015fetlerimiz, sak\u0131zlar\u0131 nemden ve kirlenmeden daha uzun s\u00fcre korumak i\u00e7in g\u00fc\u00e7l\u00fc, g\u0131da s\u0131n\u0131f\u0131 malzemelerden yap\u0131lacakt\u0131r.<\/li>\n<\/ul>\n\n\n\n<p><\/p>\n\n\n\n<ul class=\"wp-block-list\">\n<li><strong>A\u00e7\u0131l\u0131p kapanabilir kapak<\/strong>: \u0130ste\u011fe ba\u011fl\u0131 yeniden kapat\u0131labilir fermuarlar veya kapaklar tazeli\u011fin korunmas\u0131na yard\u0131mc\u0131 olur ve m\u00fc\u015fterilere kolayl\u0131k sa\u011flar.<\/li>\n<\/ul>\n\n\n\n<p><\/p>\n\n\n\n<ul class=\"wp-block-list\">\n<li><strong>\u00d6zelle\u015ftirilebilir Boyutlar<\/strong>: Farkl\u0131 miktarlarda \u00fcr\u00fcn\u00fc tutmak i\u00e7in \u00e7e\u015fitli boyutlarda mevcuttur, toplu veya \u00f6zel tatil paketleme sipari\u015fleri i\u00e7in m\u00fckemmeldir.<\/li>\n<\/ul>\n<\/div>\n\n\n\n<div class=\"wp-block-column is-layout-flow wp-block-column-is-layout-flow\">\n<figure class=\"wp-block-image size-full\"><img fetchpriority=\"high\" decoding=\"async\" width=\"750\" height=\"750\" src=\"https:\/\/www.hyflexpack.com\/wp-content\/uploads\/2024\/08\/Custom-Gummy-Candy-Packaging1.webp\" alt=\"\u00d6zel Sak\u0131zl\u0131 \u015eeker Ambalaj\u0131\" class=\"wp-image-5238\" srcset=\"https:\/\/www.hyflexpack.com\/wp-content\/uploads\/2024\/08\/Custom-Gummy-Candy-Packaging1.webp 750w, https:\/\/www.hyflexpack.com\/wp-content\/uploads\/2024\/08\/Custom-Gummy-Candy-Packaging1-300x300.webp 300w, https:\/\/www.hyflexpack.com\/wp-content\/uploads\/2024\/08\/Custom-Gummy-Candy-Packaging1-150x150.webp 150w, https:\/\/www.hyflexpack.com\/wp-content\/uploads\/2024\/08\/Custom-Gummy-Candy-Packaging1-12x12.webp 12w, https:\/\/www.hyflexpack.com\/wp-content\/uploads\/2024\/08\/Custom-Gummy-Candy-Packaging1-285x285.webp 285w, https:\/\/www.hyflexpack.com\/wp-content\/uploads\/2024\/08\/Custom-Gummy-Candy-Packaging1-270x270.webp 270w, https:\/\/www.hyflexpack.com\/wp-content\/uploads\/2024\/08\/Custom-Gummy-Candy-Packaging1-540x540.webp 540w, https:\/\/www.hyflexpack.com\/wp-content\/uploads\/2024\/08\/Custom-Gummy-Candy-Packaging1-660x660.webp 660w\" sizes=\"(max-width: 750px) 100vw, 750px\" \/><\/figure>\n<\/div>\n<\/div>\n\n\n\n<p>Noel i\u00e7in at\u0131\u015ft\u0131rmal\u0131k \u00e7antalar\u0131<\/p>\n\n\n\n<div class=\"wp-block-columns is-layout-flex wp-container-core-columns-is-layout-9d6595d7 wp-block-columns-is-layout-flex\">\n<div class=\"wp-block-column is-layout-flow wp-block-column-is-layout-flow\">\n<figure class=\"wp-block-image size-full\"><img decoding=\"async\" width=\"750\" height=\"750\" src=\"https:\/\/www.hyflexpack.com\/wp-content\/uploads\/2024\/08\/Custom-Gummy-Candy-Packaging2.webp\" alt=\"\u00d6zel Sak\u0131zl\u0131 \u015eeker Ambalaj\u0131\" class=\"wp-image-5239\" srcset=\"https:\/\/www.hyflexpack.com\/wp-content\/uploads\/2024\/08\/Custom-Gummy-Candy-Packaging2.webp 750w, https:\/\/www.hyflexpack.com\/wp-content\/uploads\/2024\/08\/Custom-Gummy-Candy-Packaging2-300x300.webp 300w, https:\/\/www.hyflexpack.com\/wp-content\/uploads\/2024\/08\/Custom-Gummy-Candy-Packaging2-150x150.webp 150w, https:\/\/www.hyflexpack.com\/wp-content\/uploads\/2024\/08\/Custom-Gummy-Candy-Packaging2-12x12.webp 12w, https:\/\/www.hyflexpack.com\/wp-content\/uploads\/2024\/08\/Custom-Gummy-Candy-Packaging2-285x285.webp 285w, https:\/\/www.hyflexpack.com\/wp-content\/uploads\/2024\/08\/Custom-Gummy-Candy-Packaging2-270x270.webp 270w, https:\/\/www.hyflexpack.com\/wp-content\/uploads\/2024\/08\/Custom-Gummy-Candy-Packaging2-540x540.webp 540w, https:\/\/www.hyflexpack.com\/wp-content\/uploads\/2024\/08\/Custom-Gummy-Candy-Packaging2-660x660.webp 660w\" sizes=\"(max-width: 750px) 100vw, 750px\" \/><\/figure>\n<\/div>\n\n\n\n<div class=\"wp-block-column is-layout-flow wp-block-column-is-layout-flow\">\n<h2 class=\"wp-block-heading\">\u015eeker i\u00e7in Noel At\u0131\u015ft\u0131rmal\u0131k Torbalar\u0131n\u0131n Uygulama Senaryolar\u0131<\/h2>\n\n\n\n<p><\/p>\n\n\n\n<p>Parlak renkleri ve bask\u0131 tasar\u0131mlar\u0131yla Noel i\u00e7in at\u0131\u015ft\u0131rmal\u0131k \u00e7antalar\u0131m\u0131z m\u00fc\u015fterilerin dikkatini \u00e7ekebilir ve s\u00fcpermarketlerde, perakende ma\u011fazalar\u0131nda ve \u00f6zel ma\u011fazalarda promosyon faaliyetleri i\u00e7in uygundur.<\/p>\n\n\n\n<p><br>\u015eeker at\u0131\u015ft\u0131rmal\u0131klar\u0131n\u0131 bu g\u00fczel \u00e7antalarda paketlemek sadece \u015fekerlerin temizli\u011fini ve hijyenini sa\u011flamakla kalmaz, ayn\u0131 zamanda festival atmosferini geli\u015ftirir ve parti masas\u0131n\u0131n en \u00f6nemli \u00f6zelli\u011fi haline gelir.<\/p>\n\n\n\n<p><br>Tatil hediyesi paketlemek, \u00e7ikolata, \u015fekerleme veya di\u011fer k\u00fc\u00e7\u00fck hediyeleri sarmak i\u00e7in uygundur ve hediyelerinize benzersiz bir tatil cazibesi katar.<\/p>\n\n\n\n<p><br>\u00c7ekici tasar\u0131mlar\u0131 ve pratik i\u015flevleriyle bu y\u0131lba\u015f\u0131 \u015fekeri ambalaj po\u015fetleri, \u00e7e\u015fitli y\u0131lba\u015f\u0131 ihtiya\u00e7lar\u0131na m\u00fckemmel bir \u015fekilde uyarlanm\u0131\u015ft\u0131r ve y\u0131lba\u015f\u0131 sezonu pazarlaman\u0131z ve hediye paketlemeniz i\u00e7in idealdir.<\/p>\n<\/div>\n<\/div>\n\n\n\n<h2 class=\"wp-block-heading\">Huiyang Packaging Noel At\u0131\u015ft\u0131rmal\u0131k Ambalaj Torbalar\u0131 \u00dcretiyor<\/h2>\n\n\n\n<p><\/p>\n\n\n\n<p>Ambalaj end\u00fcstrisinde yirmi y\u0131l\u0131 a\u015fk\u0131n deneyime sahip olan Huiyang Packaging, m\u00fc\u015fterilerimiz i\u00e7in her zaman y\u00fcksek kaliteli \u00f6zelle\u015ftirilmi\u015f ambalaj \u00e7\u00f6z\u00fcmleri sunmay\u0131 taahh\u00fct etmi\u015ftir. \u00d6ne \u00e7\u0131kan Noel \u015fekeri ambalaj po\u015fetleri serisi dahil.<br>Yarat\u0131c\u0131 ve yenilik\u00e7i bir esnek ambalaj \u00fcreticisi olarak, yenilik\u00e7i tasar\u0131mlar ve \u00e7evre dostu malzemelerle y\u0131lba\u015f\u0131 \u015feker po\u015fetleri tasarl\u0131yor ve \u00fcretiyoruz, her m\u00fc\u015fteriye \u00f6zel bir tatil atmosferi getirmeyi ve al\u0131\u015fveri\u015f ve hediye verme deneyimlerini geli\u015ftirmeyi umuyoruz.<\/p>","protected":false},"excerpt":{"rendered":"<p>Sak\u0131zl\u0131 \u015feker paketleme po\u015fetlerimizin neme ve oksidasyona kar\u015f\u0131 diren\u00e7 sa\u011flayan kompozit malzemelerden, daha g\u00f6z al\u0131c\u0131 bir etki i\u00e7in \u015fekilli sap tasar\u0131m\u0131ndan ve m\u00fc\u015fterilerin po\u015fetin i\u00e7indeki \u00fcr\u00fcn\u00fc g\u00f6rmesini kolayla\u015ft\u0131rmak i\u00e7in yerle\u015fik pencere tasar\u0131m\u0131ndan yap\u0131ld\u0131\u011f\u0131n\u0131 ke\u015ffedin. Fiyat teklifi i\u00e7in bug\u00fcn bize ula\u015f\u0131n.<\/p>\n<h3>Sak\u0131zl\u0131 \u015eeker Paketleme Torbalar\u0131 \u00dcreticisinin Avantajlar\u0131<\/h3>\n<ul>\n<li><strong>\u00d6zel Tasar\u0131m<\/strong>: M\u00fc\u015fterilerin ihtiya\u00e7lar\u0131n\u0131 kar\u015f\u0131lamak i\u00e7in \u00f6zelle\u015ftirilmi\u015f malzeme, boyut ve bask\u0131 deseni \u00f6zelle\u015ftirmesi sa\u011fl\u0131yoruz ve <a href=\"https:\/\/www.hyflexpack.com\/tr\/ozel-esnek-ambalajlar\/\"><strong>OEM ve ODM deste\u011fi<\/strong><\/a>.<\/li>\n<li><strong>\u00dcretim<\/strong>: Geli\u015fmi\u015f ekipman ve teknoloji ile sipari\u015flerin \u00fcretimini y\u00fcksek verimlilik ve y\u00fcksek kalite ile tamamlayabilir ve zaman\u0131nda teslim edebiliriz.<\/li>\n<li><strong>Kalite Denetimi<\/strong>: \u00dcr\u00fcnlerin standartlar\u0131 kar\u015f\u0131lad\u0131\u011f\u0131ndan emin olmak i\u00e7in kalite standartlar\u0131n\u0131 ve g\u0131da g\u00fcvenli\u011fi gereksinimlerini s\u0131k\u0131 bir \u015fekilde takip edin.<\/li>\n<li><strong>Teknik Destek Ekibi<\/strong>: Ekibimiz zengin end\u00fcstri deneyimine ve profesyonel bilgiye sahiptir ve m\u00fc\u015fterilerimize teknik destek ve 24 saat dan\u0131\u015fmanl\u0131k hizmeti sa\u011flayabilir.<\/li>\n<li><strong>\u00dccretsiz \u00d6rnek<\/strong>: \u00dcr\u00fcnleri de\u011ferlendirmeniz i\u00e7in \u00fccretsiz numune hizmeti sa\u011flay\u0131n.<\/li>\n<\/ul>","protected":false},"featured_media":5238,"comment_status":"open","ping_status":"closed","template":"","meta":[],"product_brand":[],"product_cat":[51,107],"product_tag":[],"class_list":{"0":"post-5244","1":"product","2":"type-product","3":"status-publish","4":"has-post-thumbnail","6":"product_cat-custom-food-packaging-bags","7":"product_cat-candy-packaging-bags-wholesale","9":"first","10":"instock","11":"shipping-taxable","12":"product-type-simple"},"_links":{"self":[{"href":"https:\/\/www.hyflexpack.com\/tr\/wp-json\/wp\/v2\/product\/5244","targetHints":{"allow":["GET"]}}],"collection":[{"href":"https:\/\/www.hyflexpack.com\/tr\/wp-json\/wp\/v2\/product"}],"about":[{"href":"https:\/\/www.hyflexpack.com\/tr\/wp-json\/wp\/v2\/types\/product"}],"replies":[{"embeddable":true,"href":"https:\/\/www.hyflexpack.com\/tr\/wp-json\/wp\/v2\/comments?post=5244"}],"wp:featuredmedia":[{"embeddable":true,"href":"https:\/\/www.hyflexpack.com\/tr\/wp-json\/wp\/v2\/media\/5238"}],"wp:attachment":[{"href":"https:\/\/www.hyflexpack.com\/tr\/wp-json\/wp\/v2\/media?parent=5244"}],"wp:term":[{"taxonomy":"product_brand","embeddable":true,"href":"https:\/\/www.hyflexpack.com\/tr\/wp-json\/wp\/v2\/product_brand?post=5244"},{"taxonomy":"product_cat","embeddable":true,"href":"https:\/\/www.hyflexpack.com\/tr\/wp-json\/wp\/v2\/product_cat?post=5244"},{"taxonomy":"product_tag","embeddable":true,"href":"https:\/\/www.hyflexpack.com\/tr\/wp-json\/wp\/v2\/product_tag?post=5244"}],"curies":[{"name":"wp","href":"https:\/\/api.w.org\/{rel}","templated":true}]}}