{"id":5237,"date":"2024-08-30T17:30:36","date_gmt":"2024-08-30T17:30:36","guid":{"rendered":"https:\/\/www.hyflexpack.com\/?post_type=product&#038;p=5237"},"modified":"2025-11-04T08:21:13","modified_gmt":"2025-11-04T08:21:13","slug":"custom-candy-bar-packaging-bag","status":"publish","type":"product","link":"https:\/\/www.hyflexpack.com\/tr\/product\/custom-candy-bar-packaging-bag\/","title":{"rendered":"Fabrika \u00d6zel Candy Bar Ambalaj \u015eekilli Kese G\u0131da Ambalaj\u0131 \u0130malat\u0131"},"content":{"rendered":"<div class=\"wp-block-columns is-layout-flex wp-container-core-columns-is-layout-9d6595d7 wp-block-columns-is-layout-flex\">\n<div class=\"wp-block-column is-layout-flow wp-block-column-is-layout-flow\">\n<h3 class=\"wp-block-heading\">Y\u00fcksek Kaliteli \u015eeker \u00c7ubu\u011fu Ambalaj Torbas\u0131n\u0131n \u00d6zellikleri<\/h3>\n\n\n\n<ul class=\"wp-block-list\">\n<li>\u015eeffaf Pencere: \u00d6zel \u015feker \u00e7ubu\u011fu paketleme \u00e7antas\u0131, t\u00fcketicilerin \u015fekerin rengini ve \u015feklini do\u011frudan g\u00f6rmesini kolayla\u015ft\u0131ran ve sat\u0131n alma arzusunu art\u0131ran \u015feffaf bir pencere ile tasarlanm\u0131\u015ft\u0131r.<\/li>\n\n\n\n<li>Ta\u015f\u0131nabilir Sap Tasar\u0131m\u0131: Portatif kulplarla donat\u0131lm\u0131\u015ft\u0131r, ta\u015f\u0131mas\u0131 ve da\u011f\u0131tmas\u0131 kolayd\u0131r, \u00f6zellikle d\u0131\u015far\u0131 \u00e7\u0131kmak veya hediye paketleme kullan\u0131m\u0131 i\u00e7in uygundur.<\/li>\n\n\n\n<li>Tazelik s\u0131zd\u0131rmazl\u0131\u011f\u0131: \u015eeker \u00e7ubu\u011fu ambalaj po\u015fetleri, \u015fekerin tazeli\u011fini ve lezzetini korumak ve nemi veya bozulmay\u0131 \u00f6nlemek i\u00e7in m\u00fckemmel s\u0131zd\u0131rmazl\u0131k performans\u0131na sahip olmal\u0131d\u0131r.<\/li>\n\n\n\n<li>Sa\u011fl\u0131kl\u0131 G\u0131da S\u0131n\u0131f\u0131 Malzemeler: Ambalaj\u0131n \u015fekere zarars\u0131z olmas\u0131n\u0131 ve tad\u0131n\u0131 etkilememesini sa\u011flamak i\u00e7in g\u0131da g\u00fcvenli\u011fi standartlar\u0131n\u0131 kar\u015f\u0131layan y\u00fcksek kaliteli malzemeler kullan\u0131n.<\/li>\n\n\n\n<li>Nem ge\u00e7irmez ve toz ge\u00e7irmez: \u015eeker \u00e7ubu\u011fu ambalaj po\u015fetleri, nakliye ve depolama s\u0131ras\u0131nda \u015fekerlerin kalitesini korumak i\u00e7in neme ve toza dayan\u0131kl\u0131 olmal\u0131d\u0131r.<\/li>\n\n\n\n<li>\u00c7evre Dostu Malzemeler: S\u00fcrd\u00fcr\u00fclebilir kalk\u0131nmay\u0131 desteklemek ve markan\u0131n \u00e7evresel imaj\u0131n\u0131 geli\u015ftirmek i\u00e7in geri d\u00f6n\u00fc\u015ft\u00fcr\u00fclebilir veya \u00e7evre dostu malzemeler kullan\u0131n.<\/li>\n\n\n\n<li>Estetik Tasar\u0131m: G\u00f6r\u00fcn\u00fcm tasar\u0131m\u0131 g\u00f6z al\u0131c\u0131 olmal\u0131d\u0131r ve \u00fcr\u00fcn\u00fcn pazar rekabet g\u00fcc\u00fc renk ve desen yoluyla geli\u015ftirilebilir.<\/li>\n<\/ul>\n<\/div>\n\n\n\n<div class=\"wp-block-column is-layout-flow wp-block-column-is-layout-flow\">\n<figure class=\"wp-block-image size-full\"><img fetchpriority=\"high\" decoding=\"async\" width=\"750\" height=\"750\" src=\"https:\/\/www.hyflexpack.com\/wp-content\/uploads\/2024\/08\/Candy-Bar-Packaging-Manufacturer1.webp\" alt=\"\u015eekerleme Ambalaj\u0131 \u00dcreticisi\" class=\"wp-image-5233\" srcset=\"https:\/\/www.hyflexpack.com\/wp-content\/uploads\/2024\/08\/Candy-Bar-Packaging-Manufacturer1.webp 750w, https:\/\/www.hyflexpack.com\/wp-content\/uploads\/2024\/08\/Candy-Bar-Packaging-Manufacturer1-300x300.webp 300w, https:\/\/www.hyflexpack.com\/wp-content\/uploads\/2024\/08\/Candy-Bar-Packaging-Manufacturer1-150x150.webp 150w, https:\/\/www.hyflexpack.com\/wp-content\/uploads\/2024\/08\/Candy-Bar-Packaging-Manufacturer1-12x12.webp 12w, https:\/\/www.hyflexpack.com\/wp-content\/uploads\/2024\/08\/Candy-Bar-Packaging-Manufacturer1-285x285.webp 285w, https:\/\/www.hyflexpack.com\/wp-content\/uploads\/2024\/08\/Candy-Bar-Packaging-Manufacturer1-270x270.webp 270w, https:\/\/www.hyflexpack.com\/wp-content\/uploads\/2024\/08\/Candy-Bar-Packaging-Manufacturer1-540x540.webp 540w, https:\/\/www.hyflexpack.com\/wp-content\/uploads\/2024\/08\/Candy-Bar-Packaging-Manufacturer1-660x660.webp 660w\" sizes=\"(max-width: 750px) 100vw, 750px\" \/><\/figure>\n<\/div>\n<\/div>","protected":false},"excerpt":{"rendered":"<p>Toplu al\u0131c\u0131lar i\u00e7in \u00fcr\u00fcn \u00e7ekicili\u011fini ve rahatl\u0131\u011f\u0131n\u0131 art\u0131rmak \u00fczere tasarlanm\u0131\u015f, g\u00f6r\u00fcn\u00fcr pencerelere ve kulplara sahip birinci s\u0131n\u0131f bir \u00f6zel \u015feker \u00e7ubu\u011fu paketleme \u00e7antas\u0131n\u0131 ke\u015ffedin. \u00dccretsiz fiyat teklifi ve tasar\u0131m i\u00e7in bizimle ileti\u015fime ge\u00e7mekten \u00e7ekinmeyin!<\/p>\n<h3>Kahve \u00c7ekirde\u011fi Torbas\u0131 Tedarik\u00e7isinin Avantajlar\u0131<\/h3>\n<ul>\n<li><a href=\"https:\/\/www.hyflexpack.com\/tr\/ozel-esnek-ambalajlar\/\"><strong>\u00d6zel Tasar\u0131m<\/strong><\/a>: M\u00fc\u015fteri ihtiya\u00e7lar\u0131na g\u00f6re farkl\u0131 \u00f6zellikler, boyutlar ve bask\u0131 desenleri ile ki\u015fiselle\u015ftirilmi\u015f tasar\u0131m \u00e7\u00f6z\u00fcmleri sunmak.<\/li>\n<li><strong>Kalite G\u00fcvence<\/strong>: \u00dcretim s\u00fcrecini s\u0131k\u0131 bir \u015fekilde kontrol edin ve istikrarl\u0131 ve g\u00fcvenilir \u00fcr\u00fcn kalitesi sa\u011flamak i\u00e7in y\u00fcksek kaliteli malzemeler ve geli\u015fmi\u015f ekipman se\u00e7in.<\/li>\n<li><strong>Zaman\u0131nda Teslimat<\/strong>: \u00dcretim s\u00fcrecini optimize etmek, \u00fcretim verimlili\u011fini art\u0131rmak, m\u00fc\u015fteri sipari\u015flerinin zaman\u0131nda teslim edilmesini sa\u011flamak, m\u00fc\u015fterilerin acil ihtiya\u00e7lar\u0131n\u0131 kar\u015f\u0131lamak.<\/li>\n<li><strong>Profesyonel Teknik Destek<\/strong>: Talebe zaman\u0131nda yan\u0131t ve \u00e7\u00f6z\u00fcm sa\u011flamak i\u00e7in profesyonel teknik destek ve sat\u0131\u015f sonras\u0131 hizmet sa\u011flamak i\u00e7in deneyimli teknik ekip.<\/li>\n<li><strong>\u00dccretsiz \u00d6rnek<\/strong>: \u00dcr\u00fcnleri de\u011ferlendirmeniz i\u00e7in \u00fccretsiz numune hizmeti sa\u011flay\u0131n.<\/li>\n<\/ul>\n<p>Huiyang Packaging, m\u00fc\u015fterilerin \u00fcr\u00fcn imajlar\u0131n\u0131 iyile\u015ftirmelerine ve pazar rekabet g\u00fcc\u00fcn\u00fc art\u0131rmalar\u0131na yard\u0131mc\u0131 olmak i\u00e7in m\u00fc\u015fterilere y\u00fcksek kaliteli, \u00f6zel \u015feker \u00e7ubu\u011fu ambalaj po\u015fetleri sa\u011flamay\u0131 taahh\u00fct eder.<\/p>","protected":false},"featured_media":5233,"comment_status":"open","ping_status":"closed","template":"","meta":[],"product_brand":[],"product_cat":[51,107],"product_tag":[],"class_list":{"0":"post-5237","1":"product","2":"type-product","3":"status-publish","4":"has-post-thumbnail","6":"product_cat-custom-food-packaging-bags","7":"product_cat-candy-packaging-bags-wholesale","9":"first","10":"instock","11":"shipping-taxable","12":"product-type-simple"},"_links":{"self":[{"href":"https:\/\/www.hyflexpack.com\/tr\/wp-json\/wp\/v2\/product\/5237","targetHints":{"allow":["GET"]}}],"collection":[{"href":"https:\/\/www.hyflexpack.com\/tr\/wp-json\/wp\/v2\/product"}],"about":[{"href":"https:\/\/www.hyflexpack.com\/tr\/wp-json\/wp\/v2\/types\/product"}],"replies":[{"embeddable":true,"href":"https:\/\/www.hyflexpack.com\/tr\/wp-json\/wp\/v2\/comments?post=5237"}],"wp:featuredmedia":[{"embeddable":true,"href":"https:\/\/www.hyflexpack.com\/tr\/wp-json\/wp\/v2\/media\/5233"}],"wp:attachment":[{"href":"https:\/\/www.hyflexpack.com\/tr\/wp-json\/wp\/v2\/media?parent=5237"}],"wp:term":[{"taxonomy":"product_brand","embeddable":true,"href":"https:\/\/www.hyflexpack.com\/tr\/wp-json\/wp\/v2\/product_brand?post=5237"},{"taxonomy":"product_cat","embeddable":true,"href":"https:\/\/www.hyflexpack.com\/tr\/wp-json\/wp\/v2\/product_cat?post=5237"},{"taxonomy":"product_tag","embeddable":true,"href":"https:\/\/www.hyflexpack.com\/tr\/wp-json\/wp\/v2\/product_tag?post=5237"}],"curies":[{"name":"wp","href":"https:\/\/api.w.org\/{rel}","templated":true}]}}