{"id":5110,"date":"2024-08-18T16:06:08","date_gmt":"2024-08-18T16:06:08","guid":{"rendered":"https:\/\/www.hyflexpack.com\/?post_type=product&#038;p=5110"},"modified":"2025-05-12T07:54:30","modified_gmt":"2025-05-12T07:54:30","slug":"custom-laminated-pouches","status":"publish","type":"product","link":"https:\/\/www.hyflexpack.com\/tr\/product\/custom-laminated-pouches\/","title":{"rendered":"Logo Tedarik\u00e7isi ile Kavrulmu\u015f Tavuk A\u00e7\u0131l\u0131p Kapanabilir \u00c7anta i\u00e7in \u00d6zel Lamine Torbalar"},"content":{"rendered":"<div class=\"wp-block-columns is-layout-flex wp-container-core-columns-is-layout-9d6595d7 wp-block-columns-is-layout-flex\">\n<div class=\"wp-block-column is-layout-flow wp-block-column-is-layout-flow\">\n<h3 class=\"wp-block-heading\">\u00d6zel Lamine Torbalar\u0131n \u00d6zellikleri<\/h3>\n\n\n\n<ul class=\"wp-block-list\">\n<li><strong>\u015eeffaf Pencere Tasar\u0131m\u0131<\/strong>: \u00d6zel lamine po\u015fetler, t\u00fcketicilerin i\u00e7inde depolanan \u00fcr\u00fcnleri kolayca g\u00f6rebilecekleri \u015feffaf bir pencereye sahiptir.<\/li>\n\n\n\n<li><strong>\u0130yi Bariyer Performans\u0131<\/strong>: Tavuk paketleme torbas\u0131, havay\u0131 ve nemi d\u0131\u015far\u0131dan iyi bir \u015fekilde kapatabilen ve tavu\u011fu taze ve lezzetli tutan m\u00fckemmel bariyer performans\u0131na sahip kompozit malzemedir.<\/li>\n\n\n\n<li><strong>A\u00e7\u0131l\u0131p kapanabilir fermuar<\/strong>: Tavuk i\u00e7in lamine po\u015fetler, m\u00fc\u015fterilerin paketi kolayl\u0131kla birden fazla kez a\u00e7\u0131p kapatmas\u0131na olanak tan\u0131yan, uzun s\u00fcreli g\u0131da korumas\u0131 ve g\u00fcvenli\u011fi sunan yeniden kapat\u0131labilir bir fermuar i\u015flevselli\u011fi ile donat\u0131lm\u0131\u015ft\u0131r.<\/li>\n\n\n\n<li><strong>G\u00fc\u00e7l\u00fc ve Dayan\u0131kl\u0131<\/strong>: Tavuk paketleme torbas\u0131, delinmeye ve y\u0131rt\u0131lmaya kar\u015f\u0131 dayan\u0131kl\u0131, dolay\u0131s\u0131yla depolama ve nakliye s\u0131ras\u0131nda kolayca zarar g\u00f6rmeyen sa\u011flam bir yap\u0131ya sahiptir.<\/li>\n\n\n\n<li><strong>Asma Delik Tasar\u0131m\u0131<\/strong>: \u00c7anta asma deliklerine sahiptir, ma\u011fazada as\u0131lmas\u0131 ve sergilenmesi kolayd\u0131r, \u00fcr\u00fcn g\u00f6r\u00fcn\u00fcrl\u00fc\u011f\u00fcn\u00fc ve g\u00f6sterilebilirli\u011fini art\u0131r\u0131r.<\/li>\n\n\n\n<li><strong>Ayakta \u00c7anta Tasar\u0131m\u0131<\/strong>: Ayakta duran \u00e7anta \u015fekli, \u00e7antan\u0131n rafta veya vitrinde s\u0131k\u0131ca durmas\u0131n\u0131 sa\u011flamak i\u00e7in, daha az te\u015fhir alan\u0131 israf\u0131, daha iyi \u00fcr\u00fcn te\u015fhir etkisi.<\/li>\n<\/ul>\n<\/div>\n\n\n\n<div class=\"wp-block-column is-layout-flow wp-block-column-is-layout-flow\">\n<figure class=\"wp-block-image size-full\"><img fetchpriority=\"high\" decoding=\"async\" width=\"750\" height=\"750\" src=\"https:\/\/www.hyflexpack.com\/wp-content\/uploads\/2024\/08\/customize-chicken-packaging-bags\uff081\uff09-1.webp\" alt=\"\" class=\"wp-image-5116\" srcset=\"https:\/\/www.hyflexpack.com\/wp-content\/uploads\/2024\/08\/customize-chicken-packaging-bags\uff081\uff09-1.webp 750w, https:\/\/www.hyflexpack.com\/wp-content\/uploads\/2024\/08\/customize-chicken-packaging-bags\uff081\uff09-1-300x300.webp 300w, https:\/\/www.hyflexpack.com\/wp-content\/uploads\/2024\/08\/customize-chicken-packaging-bags\uff081\uff09-1-150x150.webp 150w, https:\/\/www.hyflexpack.com\/wp-content\/uploads\/2024\/08\/customize-chicken-packaging-bags\uff081\uff09-1-12x12.webp 12w, https:\/\/www.hyflexpack.com\/wp-content\/uploads\/2024\/08\/customize-chicken-packaging-bags\uff081\uff09-1-285x285.webp 285w, https:\/\/www.hyflexpack.com\/wp-content\/uploads\/2024\/08\/customize-chicken-packaging-bags\uff081\uff09-1-270x270.webp 270w, https:\/\/www.hyflexpack.com\/wp-content\/uploads\/2024\/08\/customize-chicken-packaging-bags\uff081\uff09-1-540x540.webp 540w, https:\/\/www.hyflexpack.com\/wp-content\/uploads\/2024\/08\/customize-chicken-packaging-bags\uff081\uff09-1-660x660.webp 660w\" sizes=\"(max-width: 750px) 100vw, 750px\" \/><\/figure>\n<\/div>\n<\/div>\n\n\n\n<div class=\"wp-block-columns is-layout-flex wp-container-core-columns-is-layout-9d6595d7 wp-block-columns-is-layout-flex\">\n<div class=\"wp-block-column is-layout-flow wp-block-column-is-layout-flow\">\n<figure class=\"wp-block-image size-full\"><img decoding=\"async\" width=\"750\" height=\"750\" src=\"https:\/\/www.hyflexpack.com\/wp-content\/uploads\/2024\/08\/customize-chicken-packaging-bags\uff085\uff09.webp\" alt=\"tavuk paketleme po\u015fetlerini \u00f6zelle\u015ftirin\uff085\uff09\" class=\"wp-image-5115\" srcset=\"https:\/\/www.hyflexpack.com\/wp-content\/uploads\/2024\/08\/customize-chicken-packaging-bags\uff085\uff09.webp 750w, https:\/\/www.hyflexpack.com\/wp-content\/uploads\/2024\/08\/customize-chicken-packaging-bags\uff085\uff09-300x300.webp 300w, https:\/\/www.hyflexpack.com\/wp-content\/uploads\/2024\/08\/customize-chicken-packaging-bags\uff085\uff09-150x150.webp 150w, https:\/\/www.hyflexpack.com\/wp-content\/uploads\/2024\/08\/customize-chicken-packaging-bags\uff085\uff09-12x12.webp 12w, https:\/\/www.hyflexpack.com\/wp-content\/uploads\/2024\/08\/customize-chicken-packaging-bags\uff085\uff09-285x285.webp 285w, https:\/\/www.hyflexpack.com\/wp-content\/uploads\/2024\/08\/customize-chicken-packaging-bags\uff085\uff09-270x270.webp 270w, https:\/\/www.hyflexpack.com\/wp-content\/uploads\/2024\/08\/customize-chicken-packaging-bags\uff085\uff09-540x540.webp 540w, https:\/\/www.hyflexpack.com\/wp-content\/uploads\/2024\/08\/customize-chicken-packaging-bags\uff085\uff09-660x660.webp 660w\" sizes=\"(max-width: 750px) 100vw, 750px\" \/><\/figure>\n<\/div>\n\n\n\n<div class=\"wp-block-column is-layout-flow wp-block-column-is-layout-flow\">\n<figure class=\"wp-block-image size-full\"><img decoding=\"async\" width=\"750\" height=\"750\" src=\"https:\/\/www.hyflexpack.com\/wp-content\/uploads\/2024\/08\/customize-chicken-packaging-bags\uff083\uff09.webp\" alt=\"tavuk paketleme po\u015fetlerini \u00f6zelle\u015ftirin\uff083\uff09\" class=\"wp-image-5113\" srcset=\"https:\/\/www.hyflexpack.com\/wp-content\/uploads\/2024\/08\/customize-chicken-packaging-bags\uff083\uff09.webp 750w, https:\/\/www.hyflexpack.com\/wp-content\/uploads\/2024\/08\/customize-chicken-packaging-bags\uff083\uff09-300x300.webp 300w, https:\/\/www.hyflexpack.com\/wp-content\/uploads\/2024\/08\/customize-chicken-packaging-bags\uff083\uff09-150x150.webp 150w, https:\/\/www.hyflexpack.com\/wp-content\/uploads\/2024\/08\/customize-chicken-packaging-bags\uff083\uff09-12x12.webp 12w, https:\/\/www.hyflexpack.com\/wp-content\/uploads\/2024\/08\/customize-chicken-packaging-bags\uff083\uff09-285x285.webp 285w, https:\/\/www.hyflexpack.com\/wp-content\/uploads\/2024\/08\/customize-chicken-packaging-bags\uff083\uff09-270x270.webp 270w, https:\/\/www.hyflexpack.com\/wp-content\/uploads\/2024\/08\/customize-chicken-packaging-bags\uff083\uff09-540x540.webp 540w, https:\/\/www.hyflexpack.com\/wp-content\/uploads\/2024\/08\/customize-chicken-packaging-bags\uff083\uff09-660x660.webp 660w\" sizes=\"(max-width: 750px) 100vw, 750px\" \/><\/figure>\n<\/div>\n<\/div>\n\n\n\n<p><\/p>","protected":false},"excerpt":{"rendered":"<p>Yeniden kapat\u0131labilir fermuarl\u0131, \u00e7evre dostu malzemeden yap\u0131lm\u0131\u015f lamine tavuk ambalaj po\u015fetlerimiz tazelik sa\u011flar. Lamine po\u015fetler g\u00fc\u00e7l\u00fc ve dayan\u0131kl\u0131d\u0131r, \u00e7e\u015fitlendirilmi\u015f ambalaj ihtiya\u00e7lar\u0131n\u0131 kar\u015f\u0131lamak i\u00e7in \u00f6zelle\u015ftirilmi\u015f logolar\u0131 destekler, ambalaj \u00e7\u00f6z\u00fcmleriniz i\u00e7in idealdir!<\/p>\n<p><strong>Lamine Torba Tedarik\u00e7isinin Avantajlar\u0131<\/strong><\/p>\n<ul>\n<li><a href=\"https:\/\/www.hyflexpack.com\/tr\/ozel-esnek-ambalajlar\/\"><strong>\u00d6zel Tasar\u0131m<\/strong><\/a>: M\u00fc\u015fteri ihtiya\u00e7lar\u0131n\u0131 kar\u015f\u0131lamak i\u00e7in malzeme, boyut ve bask\u0131 deseni \u00f6zelle\u015ftirmesi dahil olmak \u00fczere \u00f6zel tavuk paketleme \u00e7antas\u0131 hizmeti sa\u011fl\u0131yoruz ve OEM ve ODM'yi destekliyoruz.<\/li>\n<li><strong>\u00dcretim<\/strong>: Geli\u015fmi\u015f ekipman ve teknoloji ile sipari\u015f \u00fcretimini y\u00fcksek verimlilik ve y\u00fcksek kalite ile tamamlayabilir, zaman\u0131nda teslim edebiliriz.<\/li>\n<li><strong>Kalite Denetimi<\/strong>: \u00dcr\u00fcnlerin standartlar\u0131 kar\u015f\u0131lad\u0131\u011f\u0131ndan emin olmak i\u00e7in \u00fcretim i\u00e7in kalite standartlar\u0131n\u0131 ve g\u0131da g\u00fcvenli\u011fi gereksinimlerini s\u0131k\u0131 bir \u015fekilde takip edin.<\/li>\n<li><strong>M\u00fc\u015fteri Hizmetleri<\/strong>: H\u0131zl\u0131 yan\u0131t ve \u00f6zenli m\u00fc\u015fteri hizmetleri deste\u011fi sa\u011flamak i\u00e7in 24 saat.<\/li>\n<li><strong>\u00dccretsiz \u00d6rnek<\/strong>Tavuk paketleme po\u015fetlerini de\u011ferlendirmeniz i\u00e7in \u00fccretsiz numune hizmeti sa\u011flay\u0131n.<\/li>\n<\/ul>\n<p>Huiyang Packaging, m\u00fc\u015fterilerin \u00fcr\u00fcn imajlar\u0131n\u0131 geli\u015ftirmelerine ve pazar rekabet g\u00fcc\u00fcn\u00fc art\u0131rmalar\u0131na yard\u0131mc\u0131 olmak i\u00e7in m\u00fc\u015fterilere y\u00fcksek kaliteli, \u00f6zel lamine po\u015fetler sa\u011flamay\u0131 taahh\u00fct eder.<\/p>","protected":false},"featured_media":5111,"comment_status":"open","ping_status":"closed","template":"","meta":[],"product_brand":[],"product_cat":[51,79,88],"product_tag":[],"class_list":{"0":"post-5110","1":"product","2":"type-product","3":"status-publish","4":"has-post-thumbnail","6":"product_cat-custom-food-packaging-bags","7":"product_cat-custom-retort-pouch","8":"product_cat-roast-chicken-packaging-bag","10":"first","11":"instock","12":"shipping-taxable","13":"product-type-simple"},"_links":{"self":[{"href":"https:\/\/www.hyflexpack.com\/tr\/wp-json\/wp\/v2\/product\/5110","targetHints":{"allow":["GET"]}}],"collection":[{"href":"https:\/\/www.hyflexpack.com\/tr\/wp-json\/wp\/v2\/product"}],"about":[{"href":"https:\/\/www.hyflexpack.com\/tr\/wp-json\/wp\/v2\/types\/product"}],"replies":[{"embeddable":true,"href":"https:\/\/www.hyflexpack.com\/tr\/wp-json\/wp\/v2\/comments?post=5110"}],"wp:featuredmedia":[{"embeddable":true,"href":"https:\/\/www.hyflexpack.com\/tr\/wp-json\/wp\/v2\/media\/5111"}],"wp:attachment":[{"href":"https:\/\/www.hyflexpack.com\/tr\/wp-json\/wp\/v2\/media?parent=5110"}],"wp:term":[{"taxonomy":"product_brand","embeddable":true,"href":"https:\/\/www.hyflexpack.com\/tr\/wp-json\/wp\/v2\/product_brand?post=5110"},{"taxonomy":"product_cat","embeddable":true,"href":"https:\/\/www.hyflexpack.com\/tr\/wp-json\/wp\/v2\/product_cat?post=5110"},{"taxonomy":"product_tag","embeddable":true,"href":"https:\/\/www.hyflexpack.com\/tr\/wp-json\/wp\/v2\/product_tag?post=5110"}],"curies":[{"name":"wp","href":"https:\/\/api.w.org\/{rel}","templated":true}]}}