{"id":5084,"date":"2024-08-17T09:00:32","date_gmt":"2024-08-17T09:00:32","guid":{"rendered":"https:\/\/www.hyflexpack.com\/?post_type=product&#038;p=5084"},"modified":"2024-08-17T09:04:26","modified_gmt":"2024-08-17T09:04:26","slug":"custom-sugar-cookie-packaging-bags","status":"publish","type":"product","link":"https:\/\/www.hyflexpack.com\/tr\/product\/custom-sugar-cookie-packaging-bags\/","title":{"rendered":"\u00d6zel \u015eekerli Kurabiye Ambalaj Torbalar\u0131 Plastik Stand Up K\u0131l\u0131f\u0131"},"content":{"rendered":"<div class=\"wp-block-columns is-layout-flex wp-container-core-columns-is-layout-9d6595d7 wp-block-columns-is-layout-flex\">\n<div class=\"wp-block-column is-layout-flow wp-block-column-is-layout-flow\">\n<h3 class=\"wp-block-heading\">\u00d6zel \u015eekerli Kurabiye Ambalaj Po\u015fetlerinin \u00d6zellikleri<\/h3>\n\n\n\n<p><\/p>\n\n\n\n<ul class=\"wp-block-list\">\n<li>\u00c7evre dostu malzemeler: \u00e7evre \u00fczerindeki etkiyi azaltmak i\u00e7in biyolojik olarak par\u00e7alanabilen malzemeler veya geri d\u00f6n\u00fc\u015ft\u00fcr\u00fclebilir malzemeler gibi \u00e7evresel gereklilikleri kar\u015f\u0131layan \u00e7evre dostu malzemelerin kullan\u0131lmas\u0131. <\/li>\n<\/ul>\n\n\n\n<p><\/p>\n\n\n\n<ul class=\"wp-block-list\">\n<li>G\u0131da s\u0131n\u0131f\u0131 y\u00fcksek bariyerli malzemeler: Kakao tozunun tazeli\u011fini ve g\u00fcvenli\u011fini sa\u011flamak, neme dayan\u0131kl\u0131, oksidasyon \u00f6nleyici ve raf \u00f6mr\u00fcn\u00fc uzatmak i\u00e7in PET, PE, al\u00fcminyum folyo vb. gibi g\u0131da s\u0131n\u0131f\u0131 y\u00fcksek bariyerli antistatik malzemelere sahip \u00f6zel \u015fekerli kurabiye paketleme po\u015fetleri.<\/li>\n<\/ul>\n\n\n\n<p><\/p>\n\n\n\n<ul class=\"wp-block-list\">\n<li>Asma deli\u011fi tasar\u0131m\u0131: \u015fekerli kurabiye ambalaj po\u015fetleri, asma delikleri ile tasarlanm\u0131\u015ft\u0131r, ma\u011fazada as\u0131lmas\u0131 ve sergilenmesi kolayd\u0131r, \u00fcr\u00fcn g\u00f6r\u00fcn\u00fcrl\u00fc\u011f\u00fcn\u00fc ve \u00e7ekicili\u011fini art\u0131r\u0131r. <\/li>\n<\/ul>\n\n\n\n<p><\/p>\n\n\n\n<ul class=\"wp-block-list\">\n<li>Fermuar s\u0131zd\u0131rmazl\u0131\u011f\u0131: yerle\u015fik fermuar s\u0131zd\u0131rmazl\u0131\u011f\u0131, contay\u0131 bir\u00e7ok kez a\u00e7mak kolayd\u0131r, at\u0131\u015ft\u0131rmal\u0131klar\u0131 taze tutar, d\u0131\u015far\u0131daki havan\u0131n girmesini \u00f6nler. <\/li>\n<\/ul>\n\n\n\n<p><\/p>\n\n\n\n<ul class=\"wp-block-list\">\n<li>Ayakta duran \u00e7anta tasar\u0131m\u0131: ayakta duran \u00e7anta yap\u0131s\u0131, b\u00f6ylece \u00e7anta rafta veya vitrinde s\u0131k\u0131ca durur, te\u015fhir alan\u0131ndan tasarruf sa\u011flar ve \u00fcr\u00fcn te\u015fhir etkisini art\u0131r\u0131r.<\/li>\n<\/ul>\n<\/div>\n\n\n\n<div class=\"wp-block-column is-layout-flow wp-block-column-is-layout-flow\">\n<figure class=\"wp-block-image size-full\"><img fetchpriority=\"high\" decoding=\"async\" width=\"750\" height=\"750\" src=\"https:\/\/www.hyflexpack.com\/wp-content\/uploads\/2024\/08\/Custom-Sugar-Cookie-Packaging-Bags1.webp\" alt=\"\u00d6zel-\u015eeker-Kurabiye Ambalaj\u0131-\u00c7anta-\u00dcreticileri\" class=\"wp-image-5085\" srcset=\"https:\/\/www.hyflexpack.com\/wp-content\/uploads\/2024\/08\/Custom-Sugar-Cookie-Packaging-Bags1.webp 750w, https:\/\/www.hyflexpack.com\/wp-content\/uploads\/2024\/08\/Custom-Sugar-Cookie-Packaging-Bags1-300x300.webp 300w, https:\/\/www.hyflexpack.com\/wp-content\/uploads\/2024\/08\/Custom-Sugar-Cookie-Packaging-Bags1-150x150.webp 150w, https:\/\/www.hyflexpack.com\/wp-content\/uploads\/2024\/08\/Custom-Sugar-Cookie-Packaging-Bags1-12x12.webp 12w, https:\/\/www.hyflexpack.com\/wp-content\/uploads\/2024\/08\/Custom-Sugar-Cookie-Packaging-Bags1-285x285.webp 285w, https:\/\/www.hyflexpack.com\/wp-content\/uploads\/2024\/08\/Custom-Sugar-Cookie-Packaging-Bags1-270x270.webp 270w, https:\/\/www.hyflexpack.com\/wp-content\/uploads\/2024\/08\/Custom-Sugar-Cookie-Packaging-Bags1-540x540.webp 540w, https:\/\/www.hyflexpack.com\/wp-content\/uploads\/2024\/08\/Custom-Sugar-Cookie-Packaging-Bags1-660x660.webp 660w\" sizes=\"(max-width: 750px) 100vw, 750px\" \/><\/figure>\n<\/div>\n<\/div>","protected":false},"excerpt":{"rendered":"<p>\u015eekerleme ve kurabiyelerinizin tazeli\u011fini ve g\u00fcvenli\u011fini sa\u011flamak i\u00e7in \u00f6zel \u015fekerleme ambalaj po\u015fetlerimizin nas\u0131l g\u0131da s\u0131n\u0131f\u0131, \u00e7evre dostu lamine ambalaj filmi kulland\u0131\u011f\u0131n\u0131 \u00f6\u011frenin. Kompozit malzemelerin uygulanmas\u0131 iyi nem, oksijen ve \u0131\u015f\u0131k korumas\u0131 sa\u011flayabilir. Fiyat teklifi i\u00e7in bizimle ileti\u015fime ge\u00e7in, tek elden \u00e7evre dostu ve kaliteli ambalaj \u00e7\u00f6z\u00fcmleri sunmaya kararl\u0131y\u0131z.<\/p>\n<h3><strong>\u00d6zel \u015fekerli kurabiye ambalaj po\u015fetlerinin avantajlar\u0131 <\/strong><\/h3>\n<ul>\n<li><strong>\u00d6zel Tasar\u0131m<\/strong>: M\u00fc\u015fteri ihtiya\u00e7lar\u0131n\u0131 kar\u015f\u0131lamak i\u00e7in malzeme, boyut ve bask\u0131 deseni \u00f6zelle\u015ftirmesi dahil olmak \u00fczere \u00f6zel \u015fekerli kurabiye paketleme po\u015fetleri hizmeti veriyoruz ve OEM ve ODM'yi destekliyoruz.<\/li>\n<li><strong>\u00dcretim<\/strong>: Geli\u015fmi\u015f ekipman ve teknoloji ile sipari\u015f \u00fcretimini y\u00fcksek verimlilik ve y\u00fcksek kalite ile tamamlayabilir, zaman\u0131nda teslim edebiliriz.<\/li>\n<li><strong>Kalite Denetimi<\/strong>: \u00dcr\u00fcnlerin standartlar\u0131 kar\u015f\u0131lad\u0131\u011f\u0131ndan emin olmak i\u00e7in \u00fcretim i\u00e7in kalite standartlar\u0131n\u0131 ve g\u0131da g\u00fcvenli\u011fi gereksinimlerini s\u0131k\u0131 bir \u015fekilde takip edin.<\/li>\n<li><strong>M\u00fc\u015fteri Hizmetleri<\/strong>: H\u0131zl\u0131 yan\u0131t ve \u00f6zenli m\u00fc\u015fteri hizmetleri deste\u011fi sa\u011flamak i\u00e7in 24 saat.<\/li>\n<li><strong>\u00dccretsiz \u00d6rnek<\/strong>\u00dcr\u00fcnleri de\u011ferlendirmeniz i\u00e7in \u00fccretsiz numune hizmeti sa\u011flay\u0131n.<\/li>\n<\/ul>\n<p>&nbsp;<\/p>","protected":false},"featured_media":5085,"comment_status":"open","ping_status":"closed","template":"","meta":[],"product_brand":[],"product_cat":[51],"product_tag":[],"class_list":{"0":"post-5084","1":"product","2":"type-product","3":"status-publish","4":"has-post-thumbnail","6":"product_cat-custom-food-packaging-bags","8":"first","9":"instock","10":"shipping-taxable","11":"product-type-simple"},"_links":{"self":[{"href":"https:\/\/www.hyflexpack.com\/tr\/wp-json\/wp\/v2\/product\/5084","targetHints":{"allow":["GET"]}}],"collection":[{"href":"https:\/\/www.hyflexpack.com\/tr\/wp-json\/wp\/v2\/product"}],"about":[{"href":"https:\/\/www.hyflexpack.com\/tr\/wp-json\/wp\/v2\/types\/product"}],"replies":[{"embeddable":true,"href":"https:\/\/www.hyflexpack.com\/tr\/wp-json\/wp\/v2\/comments?post=5084"}],"wp:featuredmedia":[{"embeddable":true,"href":"https:\/\/www.hyflexpack.com\/tr\/wp-json\/wp\/v2\/media\/5085"}],"wp:attachment":[{"href":"https:\/\/www.hyflexpack.com\/tr\/wp-json\/wp\/v2\/media?parent=5084"}],"wp:term":[{"taxonomy":"product_brand","embeddable":true,"href":"https:\/\/www.hyflexpack.com\/tr\/wp-json\/wp\/v2\/product_brand?post=5084"},{"taxonomy":"product_cat","embeddable":true,"href":"https:\/\/www.hyflexpack.com\/tr\/wp-json\/wp\/v2\/product_cat?post=5084"},{"taxonomy":"product_tag","embeddable":true,"href":"https:\/\/www.hyflexpack.com\/tr\/wp-json\/wp\/v2\/product_tag?post=5084"}],"curies":[{"name":"wp","href":"https:\/\/api.w.org\/{rel}","templated":true}]}}