{"id":5073,"date":"2024-08-17T09:28:09","date_gmt":"2024-08-17T09:28:09","guid":{"rendered":"https:\/\/www.hyflexpack.com\/?post_type=product&#038;p=5073"},"modified":"2025-10-23T08:54:49","modified_gmt":"2025-10-23T08:54:49","slug":"custom-cocoa-powder-packaging","status":"publish","type":"product","link":"https:\/\/www.hyflexpack.com\/tr\/product\/custom-cocoa-powder-packaging\/","title":{"rendered":"High-End \u00d6zel Kakao Tozu Ambalaj\u0131 G\u0131da S\u0131n\u0131f\u0131 Stand Up K\u0131l\u0131f\u0131"},"content":{"rendered":"<div class=\"wp-block-columns is-layout-flex wp-container-core-columns-is-layout-9d6595d7 wp-block-columns-is-layout-flex\">\n<div class=\"wp-block-column is-layout-flow wp-block-column-is-layout-flow\">\n<div class=\"wp-block-columns is-layout-flex wp-container-core-columns-is-layout-9d6595d7 wp-block-columns-is-layout-flex\">\n<div class=\"wp-block-column is-layout-flow wp-block-column-is-layout-flow\">\n<h3 class=\"wp-block-heading\">Features of High Quality Cocoa Powder Packaging Bag<\/h3>\n\n\n\n<ul class=\"wp-block-list\">\n<li>\u00c7evre dostu malzemeler: \u00e7evre \u00fczerindeki etkiyi azaltmak i\u00e7in biyolojik olarak par\u00e7alanabilen malzemeler veya geri d\u00f6n\u00fc\u015ft\u00fcr\u00fclebilir malzemeler gibi \u00e7evresel gereklilikleri kar\u015f\u0131layan \u00e7evre dostu malzemelerin kullan\u0131lmas\u0131. <\/li>\n<\/ul>\n\n\n\n<p><\/p>\n\n\n\n<ul class=\"wp-block-list\">\n<li>Food grade high barrier materials: Custom cocoa powder packaging bags with food grade high barrier antistatic materials, such as PET, PE, aluminum foil, etc., to ensure the freshness and safety of cocoa powder, moisture-proof, anti-oxidation, and extend the shelf life. <\/li>\n<\/ul>\n\n\n\n<p><\/p>\n\n\n\n<ul class=\"wp-block-list\">\n<li>Hanging hole design: the cocoa powder packaging bag is designed with hanging holes, easy to hang and display in the store, improving product visibility and attractiveness. <\/li>\n<\/ul>\n\n\n\n<p><\/p>\n\n\n\n<ul class=\"wp-block-list\">\n<li>Fermuar s\u0131zd\u0131rmazl\u0131\u011f\u0131: yerle\u015fik fermuar s\u0131zd\u0131rmazl\u0131\u011f\u0131, contay\u0131 bir\u00e7ok kez a\u00e7mak kolayd\u0131r, at\u0131\u015ft\u0131rmal\u0131klar\u0131 taze tutar, d\u0131\u015far\u0131daki havan\u0131n girmesini \u00f6nler. <\/li>\n<\/ul>\n\n\n\n<p><\/p>\n\n\n\n<ul class=\"wp-block-list\">\n<li>Ayakta duran \u00e7anta tasar\u0131m\u0131: ayakta duran \u00e7anta yap\u0131s\u0131, b\u00f6ylece \u00e7anta rafta veya vitrinde s\u0131k\u0131ca durur, te\u015fhir alan\u0131ndan tasarruf sa\u011flar ve \u00fcr\u00fcn te\u015fhir etkisini art\u0131r\u0131r.<\/li>\n<\/ul>\n<\/div>\n\n\n\n<div class=\"wp-block-column is-layout-flow wp-block-column-is-layout-flow\">\n<figure class=\"wp-block-image size-full\"><img fetchpriority=\"high\" decoding=\"async\" width=\"750\" height=\"750\" src=\"https:\/\/www.hyflexpack.com\/wp-content\/uploads\/2024\/08\/customized-cocoa-powder-packaging-bag-manufacturer\uff081\uff09.webp\" alt=\"customized-cocoa-powder-packaging-bag-manufacturer\" class=\"wp-image-5066\" srcset=\"https:\/\/www.hyflexpack.com\/wp-content\/uploads\/2024\/08\/customized-cocoa-powder-packaging-bag-manufacturer\uff081\uff09.webp 750w, https:\/\/www.hyflexpack.com\/wp-content\/uploads\/2024\/08\/customized-cocoa-powder-packaging-bag-manufacturer\uff081\uff09-300x300.webp 300w, https:\/\/www.hyflexpack.com\/wp-content\/uploads\/2024\/08\/customized-cocoa-powder-packaging-bag-manufacturer\uff081\uff09-150x150.webp 150w, https:\/\/www.hyflexpack.com\/wp-content\/uploads\/2024\/08\/customized-cocoa-powder-packaging-bag-manufacturer\uff081\uff09-12x12.webp 12w, https:\/\/www.hyflexpack.com\/wp-content\/uploads\/2024\/08\/customized-cocoa-powder-packaging-bag-manufacturer\uff081\uff09-285x285.webp 285w, https:\/\/www.hyflexpack.com\/wp-content\/uploads\/2024\/08\/customized-cocoa-powder-packaging-bag-manufacturer\uff081\uff09-270x270.webp 270w, https:\/\/www.hyflexpack.com\/wp-content\/uploads\/2024\/08\/customized-cocoa-powder-packaging-bag-manufacturer\uff081\uff09-540x540.webp 540w, https:\/\/www.hyflexpack.com\/wp-content\/uploads\/2024\/08\/customized-cocoa-powder-packaging-bag-manufacturer\uff081\uff09-660x660.webp 660w\" sizes=\"(max-width: 750px) 100vw, 750px\" \/><\/figure>\n<\/div>\n<\/div>\n<\/div>\n<\/div>\n\n\n\n<p><\/p>","protected":false},"excerpt":{"rendered":"<p>Explore how our custom cocoa powder packaging bags are made with food-grade, eco-friendly materials to ensure your cocoa powder stays fresh and safe. Made of composite materials for excellent moisture and light resistance, they feature a zipper closure and a stand-up design for ease of use. Contact us today, we are committed to providing sustainable, high-quality packaging solutions.<\/p>\n<h3><strong>Advantages of Cocoa Powder Packaging Bag<\/strong><\/h3>\n<ul>\n<li><strong>\u00d6zel Tasar\u0131m<\/strong>: We provide custom design cocoa powder packaging bag service, including material, size, and printing pattern customization to meet customer needs, and support OEM and ODM.<\/li>\n<li><strong>\u00dcretim<\/strong>: Geli\u015fmi\u015f ekipman ve teknoloji ile sipari\u015f \u00fcretimini y\u00fcksek verimlilik ve y\u00fcksek kalite ile tamamlayabilir, zaman\u0131nda teslim edebiliriz.<\/li>\n<li><strong>Kalite Denetimi<\/strong>: \u00dcr\u00fcnlerin standartlar\u0131 kar\u015f\u0131lad\u0131\u011f\u0131ndan emin olmak i\u00e7in \u00fcretim i\u00e7in kalite standartlar\u0131n\u0131 ve g\u0131da g\u00fcvenli\u011fi gereksinimlerini s\u0131k\u0131 bir \u015fekilde takip edin.<\/li>\n<li><strong>M\u00fc\u015fteri Hizmetleri<\/strong>: H\u0131zl\u0131 yan\u0131t ve \u00f6zenli m\u00fc\u015fteri hizmetleri deste\u011fi sa\u011flamak i\u00e7in 24 saat.<\/li>\n<li><strong>\u00dccretsiz \u00d6rnek<\/strong>\uff1a Provide free sample service for you to evaluate the cocoa powder packaging bag.<\/li>\n<\/ul>","protected":false},"featured_media":5066,"comment_status":"open","ping_status":"closed","template":"","meta":[],"product_brand":[],"product_cat":[100],"product_tag":[],"class_list":{"0":"post-5073","1":"product","2":"type-product","3":"status-publish","4":"has-post-thumbnail","6":"product_cat-powder-packaging-bags-custom","8":"first","9":"instock","10":"shipping-taxable","11":"product-type-simple"},"_links":{"self":[{"href":"https:\/\/www.hyflexpack.com\/tr\/wp-json\/wp\/v2\/product\/5073","targetHints":{"allow":["GET"]}}],"collection":[{"href":"https:\/\/www.hyflexpack.com\/tr\/wp-json\/wp\/v2\/product"}],"about":[{"href":"https:\/\/www.hyflexpack.com\/tr\/wp-json\/wp\/v2\/types\/product"}],"replies":[{"embeddable":true,"href":"https:\/\/www.hyflexpack.com\/tr\/wp-json\/wp\/v2\/comments?post=5073"}],"wp:featuredmedia":[{"embeddable":true,"href":"https:\/\/www.hyflexpack.com\/tr\/wp-json\/wp\/v2\/media\/5066"}],"wp:attachment":[{"href":"https:\/\/www.hyflexpack.com\/tr\/wp-json\/wp\/v2\/media?parent=5073"}],"wp:term":[{"taxonomy":"product_brand","embeddable":true,"href":"https:\/\/www.hyflexpack.com\/tr\/wp-json\/wp\/v2\/product_brand?post=5073"},{"taxonomy":"product_cat","embeddable":true,"href":"https:\/\/www.hyflexpack.com\/tr\/wp-json\/wp\/v2\/product_cat?post=5073"},{"taxonomy":"product_tag","embeddable":true,"href":"https:\/\/www.hyflexpack.com\/tr\/wp-json\/wp\/v2\/product_tag?post=5073"}],"curies":[{"name":"wp","href":"https:\/\/api.w.org\/{rel}","templated":true}]}}