{"id":5010,"date":"2024-08-03T17:44:33","date_gmt":"2024-08-03T17:44:33","guid":{"rendered":"https:\/\/www.hyflexpack.com\/?post_type=product&#038;p=5010"},"modified":"2024-08-03T17:44:34","modified_gmt":"2024-08-03T17:44:34","slug":"wholesale-film-roll-plastic-packing-film","status":"publish","type":"product","link":"https:\/\/www.hyflexpack.com\/tr\/product\/wholesale-film-roll-plastic-packing-film\/","title":{"rendered":"Premium Bal Ambalaj\u0131 \u0130\u00e7in Toptan Film Rulosu Plastik Ambalaj Filmi"},"content":{"rendered":"<div class=\"wp-block-columns is-layout-flex wp-container-core-columns-is-layout-9d6595d7 wp-block-columns-is-layout-flex\">\n<div class=\"wp-block-column is-layout-flow wp-block-column-is-layout-flow\">\n<h3 class=\"wp-block-heading\">Y\u00fcksek Kaliteli Film Rulo Plastik Ambalaj\u0131n \u00d6zellikleri<\/h3>\n\n\n\n<ul class=\"wp-block-list\">\n<li>Premium Malzeme: Film rulo plastik ambalaj, bal\u0131n safl\u0131\u011f\u0131n\u0131 ve g\u00fcvenli\u011fini sa\u011flamak i\u00e7in g\u0131da s\u0131n\u0131f\u0131 g\u00fcvenli plastik malzeme kullan\u0131r.<\/li>\n\n\n\n<li>\u00dcst\u00fcn bask\u0131 etkisi: Bal ambalaj filmi, \u00fcr\u00fcn\u00fcn g\u00f6rsel \u00e7ekicili\u011fini art\u0131rmak i\u00e7in net desenler ve parlak renklerle y\u00fcksek \u00e7\u00f6z\u00fcn\u00fcrl\u00fckl\u00fc bask\u0131y\u0131 destekler.<\/li>\n\n\n\n<li>Y\u00fcksek Mukavemetli Koruma: \u00dcst\u00fcn nem, toz ve y\u0131rt\u0131lma direnci, bal\u0131n ta\u015f\u0131ma ve depolama s\u0131ras\u0131nda bozulmadan kalmas\u0131n\u0131 sa\u011flar.<\/li>\n\n\n\n<li>\u00c7evre Dostu Se\u00e7enekler: \u00c7evre standartlar\u0131n\u0131 kar\u015f\u0131lamak ve \u00e7evresel etkiyi azaltmak i\u00e7in geri d\u00f6n\u00fc\u015ft\u00fcr\u00fclebilir malzeme se\u00e7enekleri sunar.<\/li>\n\n\n\n<li>Otomasyon uyumludur: Bal paketleme filmi otomatik paketleme ekipmanlar\u0131nda kullan\u0131ma uygundur, paketleme verimlili\u011fini art\u0131r\u0131r ve i\u015f\u00e7ilik maliyetlerini azalt\u0131r.<\/li>\n\n\n\n<li>\u00dcst\u00fcn s\u0131zd\u0131rmazl\u0131k: Kolay \u0131s\u0131yla yap\u0131\u015ft\u0131rma, paketin s\u0131k\u0131ca kapat\u0131lmas\u0131n\u0131 sa\u011flayarak bal s\u0131z\u0131nt\u0131s\u0131n\u0131 ve kontaminasyonu \u00f6nler.<\/li>\n\n\n\n<li>Kullan\u0131m\u0131 kolay: rulo film tasar\u0131m\u0131, paketleme i\u015flemi s\u0131ras\u0131nda h\u0131zl\u0131 de\u011fi\u015fim ve kullan\u0131m\u0131 kolayla\u015ft\u0131rarak zamandan tasarruf sa\u011flar ve \u00fcretkenli\u011fi art\u0131r\u0131r.<\/li>\n<\/ul>\n<\/div>\n\n\n\n<div class=\"wp-block-column is-layout-flow wp-block-column-is-layout-flow\">\n<figure class=\"wp-block-image size-full\"><img fetchpriority=\"high\" decoding=\"async\" width=\"750\" height=\"750\" src=\"https:\/\/www.hyflexpack.com\/wp-content\/uploads\/2024\/08\/Wholesale-Film-Roll-for-honey-packaging-film-1.webp\" alt=\"Bal paketleme filmi i\u00e7in Toptan Film Rulosu \" class=\"wp-image-5021\" srcset=\"https:\/\/www.hyflexpack.com\/wp-content\/uploads\/2024\/08\/Wholesale-Film-Roll-for-honey-packaging-film-1.webp 750w, https:\/\/www.hyflexpack.com\/wp-content\/uploads\/2024\/08\/Wholesale-Film-Roll-for-honey-packaging-film-1-300x300.webp 300w, https:\/\/www.hyflexpack.com\/wp-content\/uploads\/2024\/08\/Wholesale-Film-Roll-for-honey-packaging-film-1-150x150.webp 150w, https:\/\/www.hyflexpack.com\/wp-content\/uploads\/2024\/08\/Wholesale-Film-Roll-for-honey-packaging-film-1-12x12.webp 12w, https:\/\/www.hyflexpack.com\/wp-content\/uploads\/2024\/08\/Wholesale-Film-Roll-for-honey-packaging-film-1-285x285.webp 285w, https:\/\/www.hyflexpack.com\/wp-content\/uploads\/2024\/08\/Wholesale-Film-Roll-for-honey-packaging-film-1-270x270.webp 270w, https:\/\/www.hyflexpack.com\/wp-content\/uploads\/2024\/08\/Wholesale-Film-Roll-for-honey-packaging-film-1-540x540.webp 540w, https:\/\/www.hyflexpack.com\/wp-content\/uploads\/2024\/08\/Wholesale-Film-Roll-for-honey-packaging-film-1-660x660.webp 660w\" sizes=\"(max-width: 750px) 100vw, 750px\" \/><\/figure>\n<\/div>\n<\/div>","protected":false},"excerpt":{"rendered":"<p>Film rulo plastik ambalajlar\u0131m\u0131z\u0131 \u00fcst d\u00fczey bal ambalajlar\u0131 i\u00e7in ideal k\u0131lan \u00f6zellikleri \u00f6\u011frenin ve \u00fcr\u00fcn\u00fcn\u00fcz\u00fcn pazarda \u00f6ne \u00e7\u0131kmas\u0131n\u0131 sa\u011flay\u0131n. Herhangi bir sorunuz varsa, esnek ambalaj \u00e7\u00f6z\u00fcmlerimizin ayr\u0131nt\u0131lar\u0131 i\u00e7in l\u00fctfen bizimle ileti\u015fime ge\u00e7in.<\/p>\n<h3>Film Rulosu Plastik Ambalaj Tedarik\u00e7isinin Avantajlar\u0131<\/h3>\n<ul>\n<li><strong>\u00d6zel Tasar\u0131m<\/strong>: Ki\u015fiselle\u015ftirilmi\u015f tasar\u0131m \u00e7\u00f6z\u00fcmleri sa\u011flay\u0131n, OEM \/ ODM'yi destekleyin, farkl\u0131 \u00f6zellikler, boyutlar, bask\u0131 desenleri vb. ile \u00f6zelle\u015ftirin.<\/li>\n<li><strong>Kalite G\u00fcvence<\/strong>: \u00dcretim s\u00fcrecini kontrol edin ve \u00fcr\u00fcn kalitesini sa\u011flamak i\u00e7in y\u00fcksek kaliteli malzemelere ve geli\u015fmi\u015f ekipmanlara sahip olun.<\/li>\n<li><strong>Zaman\u0131nda Teslimat<\/strong>: Zaman\u0131nda teslimat sa\u011flamak ve m\u00fc\u015fterilerin acil ihtiya\u00e7lar\u0131n\u0131 kar\u015f\u0131lamak i\u00e7in \u00fcretim s\u00fcrecini optimize etmek ve \u00fcretim verimlili\u011fini art\u0131rmak.<\/li>\n<li><strong>Profesyonel Teknik Destek<\/strong>: Deneyimli teknik ekip, profesyonel teknik destek ve 24 saat sat\u0131\u015f sonras\u0131 dan\u0131\u015fmanl\u0131k hizmeti sa\u011flar.<\/li>\n<li><strong>\u00dccretsiz \u00d6rnek<\/strong>: \u00dcr\u00fcnleri de\u011ferlendirmeniz i\u00e7in \u00fccretsiz numune hizmeti sa\u011flay\u0131n.<\/li>\n<\/ul>\n<p>Huiyang Packaging, m\u00fc\u015fterilerin \u00fcr\u00fcn imajlar\u0131n\u0131 geli\u015ftirmelerine ve pazar rekabetini art\u0131rmalar\u0131na yard\u0131mc\u0131 olmak i\u00e7in m\u00fc\u015fterilere y\u00fcksek kaliteli ve \u00f6zel bal ambalaj filmi sa\u011flamay\u0131 taahh\u00fct eder.<\/p>\n<p>&nbsp;<\/p>","protected":false},"featured_media":5025,"comment_status":"open","ping_status":"closed","template":"","meta":[],"product_brand":[],"product_cat":[53],"product_tag":[],"class_list":{"0":"post-5010","1":"product","2":"type-product","3":"status-publish","4":"has-post-thumbnail","6":"product_cat-packaging-film-supplier","8":"first","9":"instock","10":"shipping-taxable","11":"product-type-simple"},"_links":{"self":[{"href":"https:\/\/www.hyflexpack.com\/tr\/wp-json\/wp\/v2\/product\/5010","targetHints":{"allow":["GET"]}}],"collection":[{"href":"https:\/\/www.hyflexpack.com\/tr\/wp-json\/wp\/v2\/product"}],"about":[{"href":"https:\/\/www.hyflexpack.com\/tr\/wp-json\/wp\/v2\/types\/product"}],"replies":[{"embeddable":true,"href":"https:\/\/www.hyflexpack.com\/tr\/wp-json\/wp\/v2\/comments?post=5010"}],"wp:featuredmedia":[{"embeddable":true,"href":"https:\/\/www.hyflexpack.com\/tr\/wp-json\/wp\/v2\/media\/5025"}],"wp:attachment":[{"href":"https:\/\/www.hyflexpack.com\/tr\/wp-json\/wp\/v2\/media?parent=5010"}],"wp:term":[{"taxonomy":"product_brand","embeddable":true,"href":"https:\/\/www.hyflexpack.com\/tr\/wp-json\/wp\/v2\/product_brand?post=5010"},{"taxonomy":"product_cat","embeddable":true,"href":"https:\/\/www.hyflexpack.com\/tr\/wp-json\/wp\/v2\/product_cat?post=5010"},{"taxonomy":"product_tag","embeddable":true,"href":"https:\/\/www.hyflexpack.com\/tr\/wp-json\/wp\/v2\/product_tag?post=5010"}],"curies":[{"name":"wp","href":"https:\/\/api.w.org\/{rel}","templated":true}]}}