{"id":4936,"date":"2024-07-25T06:32:13","date_gmt":"2024-07-25T06:32:13","guid":{"rendered":"https:\/\/www.hyflexpack.com\/?post_type=product&#038;p=4936"},"modified":"2024-07-25T06:32:15","modified_gmt":"2024-07-25T06:32:15","slug":"supply-automatic-packaging-film","status":"publish","type":"product","link":"https:\/\/www.hyflexpack.com\/tr\/product\/supply-automatic-packaging-film\/","title":{"rendered":"\u015eeker G\u0131da Ambalaj\u0131 i\u00e7in Otomatik Ambalaj Filmi Al\u00fcminyum Folyo Bariyer G\u0131da S\u0131n\u0131f\u0131 Tedarik"},"content":{"rendered":"<div class=\"wp-block-columns is-layout-flex wp-container-core-columns-is-layout-9d6595d7 wp-block-columns-is-layout-flex\">\n<div class=\"wp-block-column is-layout-flow wp-block-column-is-layout-flow\">\n<h3 class=\"wp-block-heading\">Y\u00fcksek Kaliteli Otomatik Ambalaj Filminin \u00d6zellikleri<\/h3>\n\n\n\n<ul class=\"wp-block-list\">\n<li>Otomatik paketleme: Bu paketleme, verimlili\u011fi art\u0131rmak ve \u00fcretim h\u0131z\u0131n\u0131 art\u0131rmak i\u00e7in otomatik paketleme makineleri i\u00e7in uygundur.<\/li>\n<\/ul>\n\n\n\n<p><\/p>\n\n\n\n<ul class=\"wp-block-list\">\n<li>Al\u00fcminyum folyo bariyer katman\u0131: Y\u00fcksek verimli al\u00fcminyum folyo katman m\u00fckemmel bariyer performans\u0131 sa\u011flayarak nem, oksijen ve \u0131\u015f\u0131\u011f\u0131n \u015fekerleri etkilemesini etkili bir \u015fekilde \u00f6nler, taze ve lezzetli kalmalar\u0131n\u0131 sa\u011flar.<\/li>\n<\/ul>\n\n\n\n<p><\/p>\n\n\n\n<ul class=\"wp-block-list\">\n<li>G\u0131da s\u0131n\u0131f\u0131 g\u00fcvenlik: Otomatik ambalaj filmi, ambalaj\u0131n g\u00fcvenli\u011fini ve \u015fekerlerin hijyenini sa\u011flamak i\u00e7in uluslararas\u0131 g\u0131da g\u00fcvenli\u011fi standartlar\u0131n\u0131 kar\u015f\u0131layan ve t\u00fcketicilerin sa\u011fl\u0131\u011f\u0131n\u0131 koruyan g\u0131da s\u0131n\u0131f\u0131 malzemelerden yap\u0131lm\u0131\u015ft\u0131r.<\/li>\n<\/ul>\n\n\n\n<p><\/p>\n\n\n\n<ul class=\"wp-block-list\">\n<li>Dayan\u0131kl\u0131d\u0131r: \u00c7ok katmanl\u0131 kompozit yap\u0131, m\u00fckemmel dayan\u0131kl\u0131l\u0131k ve y\u0131rt\u0131lma direnci sa\u011flayarak nakliye ve depolama s\u0131ras\u0131nda paketin b\u00fct\u00fcnl\u00fc\u011f\u00fcn\u00fc garanti eder.<\/li>\n<\/ul>\n\n\n\n<p><\/p>\n\n\n\n<ul class=\"wp-block-list\">\n<li>\u00c7evre dostu se\u00e7enekler: Ye\u015fil ambalaj standartlar\u0131na uymak, \u00e7evre \u00fczerindeki etkiyi azaltmak ve \u00e7evresel e\u011filime yan\u0131t vermek i\u00e7in geri d\u00f6n\u00fc\u015ft\u00fcr\u00fclebilir ve \u00e7evre dostu malzeme se\u00e7enekleri sunun.<\/li>\n<\/ul>\n<\/div>\n\n\n\n<div class=\"wp-block-column is-layout-flow wp-block-column-is-layout-flow\">\n<figure class=\"wp-block-image size-full\"><img fetchpriority=\"high\" decoding=\"async\" width=\"750\" height=\"750\" src=\"https:\/\/www.hyflexpack.com\/wp-content\/uploads\/2024\/07\/Supply-Automatic-Packaging-Film-3.webp\" alt=\"Otomatik Ambalaj Filmi Temini\" class=\"wp-image-4939\" srcset=\"https:\/\/www.hyflexpack.com\/wp-content\/uploads\/2024\/07\/Supply-Automatic-Packaging-Film-3.webp 750w, https:\/\/www.hyflexpack.com\/wp-content\/uploads\/2024\/07\/Supply-Automatic-Packaging-Film-3-300x300.webp 300w, https:\/\/www.hyflexpack.com\/wp-content\/uploads\/2024\/07\/Supply-Automatic-Packaging-Film-3-150x150.webp 150w, https:\/\/www.hyflexpack.com\/wp-content\/uploads\/2024\/07\/Supply-Automatic-Packaging-Film-3-12x12.webp 12w, https:\/\/www.hyflexpack.com\/wp-content\/uploads\/2024\/07\/Supply-Automatic-Packaging-Film-3-285x285.webp 285w, https:\/\/www.hyflexpack.com\/wp-content\/uploads\/2024\/07\/Supply-Automatic-Packaging-Film-3-270x270.webp 270w, https:\/\/www.hyflexpack.com\/wp-content\/uploads\/2024\/07\/Supply-Automatic-Packaging-Film-3-540x540.webp 540w, https:\/\/www.hyflexpack.com\/wp-content\/uploads\/2024\/07\/Supply-Automatic-Packaging-Film-3-660x660.webp 660w\" sizes=\"(max-width: 750px) 100vw, 750px\" \/><\/figure>\n<\/div>\n<\/div>","protected":false},"excerpt":{"rendered":"<p>Taze ve g\u00fcvenli \u015fekerler sa\u011flamak i\u00e7in etkili bariyer \u00f6zelliklerine sahip, otomatik ekipmanlara uygun ve esnek \u00f6zelle\u015ftirmeyi destekleyen otomatik ambalaj filmlerimizi ke\u015ffedin. \u00d6zelle\u015ftirme ve toptan sat\u0131\u015f hakk\u0131nda daha fazla bilgi i\u00e7in bizimle ileti\u015fime ge\u00e7in ve \u00fccretsiz bir tasar\u0131m al\u0131n!<\/p>\n<h3>Otomatik Ambalaj Filmi \u00dcreticisinin Avantajlar\u0131<\/h3>\n<ul>\n<li><strong>\u00d6zel Tasar\u0131m<\/strong>: M\u00fc\u015fterilerin ihtiya\u00e7lar\u0131n\u0131 kar\u015f\u0131lamak i\u00e7in malzeme, boyut ve bask\u0131 deseni \u00f6zelle\u015ftirmesi dahil olmak \u00fczere \u00f6zelle\u015ftirilmi\u015f tasar\u0131m otomatik ambalaj filmi hizmeti sa\u011fl\u0131yoruz ve OEM ve ODM'yi destekliyoruz.<\/li>\n<li><strong>\u00dcretim<\/strong>: Geli\u015fmi\u015f ekipman ve teknoloji ile sipari\u015fleri y\u00fcksek verimlilik ve kalitede \u00fcretebiliyor ve zaman\u0131nda teslim edebiliyoruz.<\/li>\n<li><strong>Kalite Denetimi<\/strong>: \u00dcr\u00fcnlerimizin standartlar\u0131 kar\u015f\u0131lad\u0131\u011f\u0131ndan emin olmak i\u00e7in kalite standartlar\u0131na ve g\u0131da g\u00fcvenli\u011fi gerekliliklerine kesinlikle uyuyoruz.<\/li>\n<li><strong>Teknik Destek Ekibi<\/strong>: Ekibimiz, m\u00fc\u015fterilerimize teknik destek ve 24 saat dan\u0131\u015fmanl\u0131k hizmetleri sunmak i\u00e7in zengin end\u00fcstri deneyimine ve profesyonel bilgiye sahiptir.<\/li>\n<li><strong>\u00dccretsiz \u00d6rnekler<\/strong>: \u00dcr\u00fcnlerimizi de\u011ferlendirmeniz i\u00e7in \u00fccretsiz numune sa\u011fl\u0131yoruz.<\/li>\n<\/ul>\n<p>Huiyang Packaging, m\u00fc\u015fterilerin \u00fcr\u00fcn imajlar\u0131n\u0131 iyile\u015ftirmelerine ve pazar rekabet g\u00fcc\u00fcn\u00fc art\u0131rmalar\u0131na yard\u0131mc\u0131 olmak i\u00e7in m\u00fc\u015fterilere y\u00fcksek kaliteli ve \u00f6zel otomatik ambalaj filmi sa\u011flamay\u0131 taahh\u00fct eder.<\/p>","protected":false},"featured_media":4940,"comment_status":"open","ping_status":"closed","template":"","meta":[],"product_brand":[],"product_cat":[53],"product_tag":[],"class_list":{"0":"post-4936","1":"product","2":"type-product","3":"status-publish","4":"has-post-thumbnail","6":"product_cat-packaging-film-supplier","8":"first","9":"instock","10":"shipping-taxable","11":"product-type-simple"},"_links":{"self":[{"href":"https:\/\/www.hyflexpack.com\/tr\/wp-json\/wp\/v2\/product\/4936","targetHints":{"allow":["GET"]}}],"collection":[{"href":"https:\/\/www.hyflexpack.com\/tr\/wp-json\/wp\/v2\/product"}],"about":[{"href":"https:\/\/www.hyflexpack.com\/tr\/wp-json\/wp\/v2\/types\/product"}],"replies":[{"embeddable":true,"href":"https:\/\/www.hyflexpack.com\/tr\/wp-json\/wp\/v2\/comments?post=4936"}],"wp:featuredmedia":[{"embeddable":true,"href":"https:\/\/www.hyflexpack.com\/tr\/wp-json\/wp\/v2\/media\/4940"}],"wp:attachment":[{"href":"https:\/\/www.hyflexpack.com\/tr\/wp-json\/wp\/v2\/media?parent=4936"}],"wp:term":[{"taxonomy":"product_brand","embeddable":true,"href":"https:\/\/www.hyflexpack.com\/tr\/wp-json\/wp\/v2\/product_brand?post=4936"},{"taxonomy":"product_cat","embeddable":true,"href":"https:\/\/www.hyflexpack.com\/tr\/wp-json\/wp\/v2\/product_cat?post=4936"},{"taxonomy":"product_tag","embeddable":true,"href":"https:\/\/www.hyflexpack.com\/tr\/wp-json\/wp\/v2\/product_tag?post=4936"}],"curies":[{"name":"wp","href":"https:\/\/api.w.org\/{rel}","templated":true}]}}