{"id":4919,"date":"2024-07-25T03:43:11","date_gmt":"2024-07-25T03:43:11","guid":{"rendered":"https:\/\/www.hyflexpack.com\/?post_type=product&#038;p=4919"},"modified":"2024-07-25T03:43:12","modified_gmt":"2024-07-25T03:43:12","slug":"laminating-roll-film-custom","status":"publish","type":"product","link":"https:\/\/www.hyflexpack.com\/tr\/product\/laminating-roll-film-custom\/","title":{"rendered":"\u015eeker i\u00e7in PET\/AL\/PE Laminasyon Rulo Film \u00d6zel G\u0131da Ambalaj\u0131"},"content":{"rendered":"<div class=\"wp-block-columns is-layout-flex wp-container-core-columns-is-layout-9d6595d7 wp-block-columns-is-layout-flex\">\n<div class=\"wp-block-column is-layout-flow wp-block-column-is-layout-flow\">\n<h3 class=\"wp-block-heading\">Y\u00fcksek Kaliteli Laminasyon Rulo Filminin \u00d6zellikleri<\/h3>\n\n\n\n<ul class=\"wp-block-list\">\n<li>\u00dc\u00e7 katmanl\u0131 kompozit yap\u0131: PET, al\u00fcminyum folyo ve PE'den olu\u015fan \u00fc\u00e7 katmanl\u0131 kompozit malzeme, m\u00fckemmel bariyer \u00f6zellikleri sa\u011flamak ve \u015fekerleri nem, oksijen ve \u0131\u015f\u0131ktan korumak i\u00e7in kullan\u0131l\u0131r.<\/li>\n<\/ul>\n\n\n\n<p><\/p>\n\n\n\n<ul class=\"wp-block-list\">\n<li>\u00dcst\u00fcn tazelik: Al\u00fcminyum folyo tabakas\u0131 hava ve nemi etkili bir \u015fekilde yal\u0131tarak \u015fekerin taze ve lezzetli kalmas\u0131n\u0131 sa\u011flar ve raf \u00f6mr\u00fcn\u00fc uzat\u0131r.<\/li>\n<\/ul>\n\n\n\n<p><\/p>\n\n\n\n<ul class=\"wp-block-list\">\n<li>G\u0131da s\u0131n\u0131f\u0131 g\u00fcvenlik: Lamine rulo film, g\u0131da s\u0131n\u0131f\u0131 standartlar\u0131n\u0131 kar\u015f\u0131layarak \u015fekerler i\u00e7in ambalaj malzemesinin g\u00fcvenli\u011fini ve hijyenini sa\u011flar ve t\u00fcketicilerin sa\u011fl\u0131\u011f\u0131n\u0131 korur.<\/li>\n<\/ul>\n\n\n\n<p><\/p>\n\n\n\n<ul class=\"wp-block-list\">\n<li>G\u00fc\u00e7l\u00fc dayan\u0131kl\u0131l\u0131k: PET ve PE katmanlar\u0131 ekstra dayan\u0131kl\u0131l\u0131k sa\u011flayarak ambalaj\u0131n nakliye ve depolama s\u0131ras\u0131nda k\u0131r\u0131lmas\u0131n\u0131 \u00f6nler.<\/li>\n<\/ul>\n\n\n\n<p><\/p>\n\n\n\n<ul class=\"wp-block-list\">\n<li>\u00c7evre dostu se\u00e7enekler: \u00c7evre dostu ambalaj standartlar\u0131na uymak ve \u00e7evre \u00fczerindeki etkiyi azaltmak i\u00e7in geri d\u00f6n\u00fc\u015ft\u00fcr\u00fclebilir malzeme se\u00e7enekleri sunun.<\/li>\n<\/ul>\n<\/div>\n\n\n\n<div class=\"wp-block-column is-layout-flow wp-block-column-is-layout-flow\">\n<figure class=\"wp-block-image size-full\"><img fetchpriority=\"high\" decoding=\"async\" width=\"750\" height=\"750\" src=\"https:\/\/www.hyflexpack.com\/wp-content\/uploads\/2024\/07\/Roll-Film-Custom-5.webp\" alt=\"Rulo Film \u00d6zel\" class=\"wp-image-4924\" srcset=\"https:\/\/www.hyflexpack.com\/wp-content\/uploads\/2024\/07\/Roll-Film-Custom-5.webp 750w, https:\/\/www.hyflexpack.com\/wp-content\/uploads\/2024\/07\/Roll-Film-Custom-5-300x300.webp 300w, https:\/\/www.hyflexpack.com\/wp-content\/uploads\/2024\/07\/Roll-Film-Custom-5-150x150.webp 150w, https:\/\/www.hyflexpack.com\/wp-content\/uploads\/2024\/07\/Roll-Film-Custom-5-12x12.webp 12w, https:\/\/www.hyflexpack.com\/wp-content\/uploads\/2024\/07\/Roll-Film-Custom-5-285x285.webp 285w, https:\/\/www.hyflexpack.com\/wp-content\/uploads\/2024\/07\/Roll-Film-Custom-5-270x270.webp 270w, https:\/\/www.hyflexpack.com\/wp-content\/uploads\/2024\/07\/Roll-Film-Custom-5-540x540.webp 540w, https:\/\/www.hyflexpack.com\/wp-content\/uploads\/2024\/07\/Roll-Film-Custom-5-660x660.webp 660w\" sizes=\"(max-width: 750px) 100vw, 750px\" \/><\/figure>\n<\/div>\n<\/div>","protected":false},"excerpt":{"rendered":"<p>\u00dc\u00e7 kompozit katmana sahip lamine rulo film, m\u00fckemmel tazelik ve g\u0131da g\u00fcvenli\u011fi sa\u011flarken markan\u0131z\u0131n ihtiya\u00e7lar\u0131n\u0131 kar\u015f\u0131lamak i\u00e7in ki\u015fiselle\u015ftirmeyi destekler. \u015eekerlemenizi pazarda \u00f6ne \u00e7\u0131karmak i\u00e7in daha fazla \u00f6zelle\u015ftirme ve toptan sat\u0131\u015f bilgisi i\u00e7in bug\u00fcn bize ula\u015f\u0131n!<\/p>\n<h3>Rulo Film Tedarik\u00e7isinin Avantajlar\u0131<\/h3>\n<ul>\n<li><strong>\u00d6zel Tasar\u0131m<\/strong>: Ki\u015fiselle\u015ftirilmi\u015f tasar\u0131m \u00e7\u00f6z\u00fcmleri sa\u011flay\u0131n, OEM \/ ODM'yi destekleyin, farkl\u0131 \u00f6zellikler, boyutlar, bask\u0131 desenleri vb. ile \u00f6zelle\u015ftirin.<\/li>\n<li><strong>Kalite G\u00fcvence<\/strong>: \u00dcretim s\u00fcrecini kontrol edin ve \u00fcr\u00fcn kalitesini sa\u011flamak i\u00e7in y\u00fcksek kaliteli malzemelere ve geli\u015fmi\u015f ekipmanlara sahip olun.<\/li>\n<li><strong>Zaman\u0131nda Teslimat<\/strong>: Zaman\u0131nda teslimat sa\u011flamak ve m\u00fc\u015fterilerin acil ihtiya\u00e7lar\u0131n\u0131 kar\u015f\u0131lamak i\u00e7in \u00fcretim s\u00fcrecini optimize etmek ve \u00fcretim verimlili\u011fini art\u0131rmak.<\/li>\n<li><strong>Profesyonel Teknik Destek<\/strong>: Deneyimli teknik ekip, profesyonel teknik destek ve 24 saat sat\u0131\u015f sonras\u0131 dan\u0131\u015fmanl\u0131k hizmeti sa\u011flar.<\/li>\n<li><strong>\u00dccretsiz \u00d6rnek<\/strong>: \u00dcr\u00fcnleri de\u011ferlendirmeniz i\u00e7in \u00fccretsiz numune hizmeti sa\u011flay\u0131n.<\/li>\n<\/ul>\n<p>Huiyang Packaging, m\u00fc\u015fterilerin \u00fcr\u00fcn imajlar\u0131n\u0131 iyile\u015ftirmelerine ve pazar rekabetini art\u0131rmalar\u0131na yard\u0131mc\u0131 olmak i\u00e7in m\u00fc\u015fterilere y\u00fcksek kaliteli ve \u00f6zel rulo film sa\u011flamay\u0131 taahh\u00fct eder.<\/p>\n<p>&nbsp;<\/p>","protected":false},"featured_media":4924,"comment_status":"open","ping_status":"closed","template":"","meta":[],"product_brand":[],"product_cat":[53],"product_tag":[],"class_list":{"0":"post-4919","1":"product","2":"type-product","3":"status-publish","4":"has-post-thumbnail","6":"product_cat-packaging-film-supplier","8":"first","9":"instock","10":"shipping-taxable","11":"product-type-simple"},"_links":{"self":[{"href":"https:\/\/www.hyflexpack.com\/tr\/wp-json\/wp\/v2\/product\/4919","targetHints":{"allow":["GET"]}}],"collection":[{"href":"https:\/\/www.hyflexpack.com\/tr\/wp-json\/wp\/v2\/product"}],"about":[{"href":"https:\/\/www.hyflexpack.com\/tr\/wp-json\/wp\/v2\/types\/product"}],"replies":[{"embeddable":true,"href":"https:\/\/www.hyflexpack.com\/tr\/wp-json\/wp\/v2\/comments?post=4919"}],"wp:featuredmedia":[{"embeddable":true,"href":"https:\/\/www.hyflexpack.com\/tr\/wp-json\/wp\/v2\/media\/4924"}],"wp:attachment":[{"href":"https:\/\/www.hyflexpack.com\/tr\/wp-json\/wp\/v2\/media?parent=4919"}],"wp:term":[{"taxonomy":"product_brand","embeddable":true,"href":"https:\/\/www.hyflexpack.com\/tr\/wp-json\/wp\/v2\/product_brand?post=4919"},{"taxonomy":"product_cat","embeddable":true,"href":"https:\/\/www.hyflexpack.com\/tr\/wp-json\/wp\/v2\/product_cat?post=4919"},{"taxonomy":"product_tag","embeddable":true,"href":"https:\/\/www.hyflexpack.com\/tr\/wp-json\/wp\/v2\/product_tag?post=4919"}],"curies":[{"name":"wp","href":"https:\/\/api.w.org\/{rel}","templated":true}]}}