{"id":4899,"date":"2024-07-24T16:12:53","date_gmt":"2024-07-24T16:12:53","guid":{"rendered":"https:\/\/www.hyflexpack.com\/?post_type=product&#038;p=4899"},"modified":"2025-10-23T08:53:47","modified_gmt":"2025-10-23T08:53:47","slug":"factory-custom-cookie-bag","status":"publish","type":"product","link":"https:\/\/www.hyflexpack.com\/tr\/product\/factory-custom-cookie-bag\/","title":{"rendered":"Fabrika \u00d6zel Kurabiye Torbalar\u0131 Ambalaj Kahverengi \u015eeker S\u00fctl\u00fc \u00c7ikolatal\u0131 Kurabiye K\u0131l\u0131f\u0131"},"content":{"rendered":"<div class=\"wp-block-columns is-layout-flex wp-container-core-columns-is-layout-9d6595d7 wp-block-columns-is-layout-flex\">\n<div class=\"wp-block-column is-layout-flow wp-block-column-is-layout-flow\">\n<h3 class=\"wp-block-heading\">\u015eekilli Kurabiye Torbas\u0131 Ambalaj\u0131n\u0131n \u00d6zellikleri ve Avantajlar\u0131<\/h3>\n\n\n\n<ul class=\"wp-block-list\">\n<li><strong>G\u0131da S\u0131n\u0131f\u0131 G\u00fcvenli Malzemeler<\/strong>: Esmer \u015fekerli s\u00fctl\u00fc \u00e7ikolatal\u0131 kurabiyelerin g\u00fcvenli\u011fini ve kalitesini sa\u011flamak i\u00e7in kurabiye po\u015fetlerinin yap\u0131m\u0131nda \u00fcst\u00fcn kaliteli g\u0131da s\u0131n\u0131f\u0131 malzeme kullan\u0131l\u0131r.<\/li>\n\n\n\n<li><strong>Y\u00fcksek Kaliteli Bask\u0131<\/strong>: Y\u00fcksek ma\u011faza i\u00e7i marka \u00e7ekicili\u011fi i\u00e7in ger\u00e7ek\u00e7i renkler ve g\u00f6z al\u0131c\u0131 tasar\u0131m ile geli\u015fmi\u015f y\u00fcksek \u00e7\u00f6z\u00fcn\u00fcrl\u00fckl\u00fc y\u00fcksek kaliteli bask\u0131 kullan\u0131l\u0131r.<\/li>\n\n\n\n<li><strong>Tam Tasar\u0131m \u00d6zel Se\u00e7enekler<\/strong> - logo yerle\u015fimi, renk ve tasar\u0131m - tam olarak markan\u0131za g\u00f6re.<\/li>\n\n\n\n<li><strong>\u00dcst\u00fcn Tazelik Korumas\u0131<\/strong>: \u00c7ok katmanl\u0131 kompozit yap\u0131, m\u00fckemmel nem ve r\u00fczgar direnci sa\u011flayarak kurabiyelerin daha uzun s\u00fcre taze ve lezzetli kalmas\u0131n\u0131 sa\u011flar.<\/li>\n\n\n\n<li><strong>\u00c7evre Dostu Se\u00e7enekler<\/strong>: At\u0131klar\u0131 en aza indirmek ve \u00e7evresel s\u00fcrd\u00fcr\u00fclebilirli\u011fi sa\u011flamak amac\u0131yla biyolojik olarak par\u00e7alanabilir veya geri d\u00f6n\u00fc\u015ft\u00fcr\u00fclebilir malzemeler mevcuttur.<\/li>\n\n\n\n<li><strong>Kolay A\u00e7ma Fonksiyonu<\/strong>: S\u00fctl\u00fc \u00e7ikolatal\u0131 kurabiye po\u015fetlerinin ambalaj\u0131, t\u00fcketicilerin kolay eri\u015fimi ve art\u0131 bir deneyim noktas\u0131 i\u00e7in dahili bir kolay y\u0131rtma a\u00e7\u0131kl\u0131\u011f\u0131 ile yap\u0131lm\u0131\u015ft\u0131r.<\/li>\n\n\n\n<li><strong>Benzersiz \u015eekilli Kese<\/strong>: Kahverengi \u015fekerli s\u00fctl\u00fc \u00e7ikolata gibi \u00f6zel aromal\u0131 kurabiyeler i\u00e7in uygun, t\u00fcketicilerin dikkatini \u00e7ekecek nadir bir \u015fekil ile tasarlanm\u0131\u015ft\u0131r.<\/li>\n\n\n\n<li><strong>Dayan\u0131kl\u0131, A\u00e7\u0131l\u0131p Kapanabilir<\/strong>: Dayan\u0131kl\u0131 malzemeden \u00fcretilmi\u015ftir ve iste\u011fe ba\u011fl\u0131 olarak yeniden kapat\u0131labilir fermuar ile a\u00e7\u0131ld\u0131ktan sonra taze kal\u0131r ve kullan\u0131ma haz\u0131rd\u0131r.<\/li>\n<\/ul>\n<\/div>\n\n\n\n<div class=\"wp-block-column is-layout-flow wp-block-column-is-layout-flow\">\n<figure class=\"wp-block-image size-full\"><img fetchpriority=\"high\" decoding=\"async\" width=\"750\" height=\"750\" src=\"https:\/\/www.hyflexpack.com\/wp-content\/uploads\/2024\/07\/Factory-Custom-Cookie-Bag-1.webp\" alt=\"Fabrika \u00d6zel Kurabiye \u00c7antas\u0131\" class=\"wp-image-4900\" srcset=\"https:\/\/www.hyflexpack.com\/wp-content\/uploads\/2024\/07\/Factory-Custom-Cookie-Bag-1.webp 750w, https:\/\/www.hyflexpack.com\/wp-content\/uploads\/2024\/07\/Factory-Custom-Cookie-Bag-1-300x300.webp 300w, https:\/\/www.hyflexpack.com\/wp-content\/uploads\/2024\/07\/Factory-Custom-Cookie-Bag-1-150x150.webp 150w, https:\/\/www.hyflexpack.com\/wp-content\/uploads\/2024\/07\/Factory-Custom-Cookie-Bag-1-12x12.webp 12w, https:\/\/www.hyflexpack.com\/wp-content\/uploads\/2024\/07\/Factory-Custom-Cookie-Bag-1-285x285.webp 285w, https:\/\/www.hyflexpack.com\/wp-content\/uploads\/2024\/07\/Factory-Custom-Cookie-Bag-1-270x270.webp 270w, https:\/\/www.hyflexpack.com\/wp-content\/uploads\/2024\/07\/Factory-Custom-Cookie-Bag-1-540x540.webp 540w, https:\/\/www.hyflexpack.com\/wp-content\/uploads\/2024\/07\/Factory-Custom-Cookie-Bag-1-660x660.webp 660w\" sizes=\"(max-width: 750px) 100vw, 750px\" \/><\/figure>\n<\/div>\n<\/div>","protected":false},"excerpt":{"rendered":"<p>At\u0131\u015ft\u0131rmal\u0131k ambalajlar\u0131n\u0131z\u0131n kalitesini art\u0131r\u0131n, kremal\u0131 kurabiye po\u015feti ambalajlar\u0131m\u0131z\u0131 se\u00e7in! \u00dccretsiz tasar\u0131m ve \u00fccretsiz numune i\u00e7in bug\u00fcn bize ula\u015f\u0131n!<\/p>\n<h3>\u00c7erez Torbas\u0131 Tedarik\u00e7isinin Avantajlar\u0131<\/h3>\n<ul>\n<li><strong>\u00d6zel Tasar\u0131m<\/strong>: M\u00fc\u015fterilerin ihtiya\u00e7lar\u0131n\u0131 kar\u015f\u0131lamak i\u00e7in malzeme, boyut ve bask\u0131 deseni \u00f6zelle\u015ftirme dahil olmak \u00fczere \u00f6zelle\u015ftirilmi\u015f karikat\u00fcr \u00e7erez \u00e7antas\u0131 hizmeti sunuyoruz ve OEM ve ODM'yi destekliyoruz.<\/li>\n<li><strong>\u00dcretim<\/strong>: Geli\u015fmi\u015f ekipman ve teknoloji ile sipari\u015fleri y\u00fcksek verimlilik ve y\u00fcksek kalitede tamamlayabilir ve zaman\u0131nda teslim edebiliriz.<\/li>\n<li><strong>Kalite Denetimi<\/strong>: \u00dcr\u00fcnlerin standartlar\u0131 kar\u015f\u0131lad\u0131\u011f\u0131ndan emin olmak i\u00e7in kalite standartlar\u0131n\u0131 ve g\u0131da g\u00fcvenli\u011fi gereksinimlerini s\u0131k\u0131 bir \u015fekilde takip edin.<\/li>\n<li><strong>Teknik Destek Ekibi<\/strong>: Ekibimiz zengin end\u00fcstri deneyimine ve profesyonel bilgiye sahiptir ve m\u00fc\u015fterilerimize teknik destek ve 24 saat dan\u0131\u015fmanl\u0131k hizmeti sa\u011flayabilir.<\/li>\n<li><strong>\u00dccretsiz \u00d6rnek<\/strong>: \u00dcr\u00fcnleri de\u011ferlendirmeniz i\u00e7in \u00fccretsiz numune hizmeti sa\u011flay\u0131n.<\/li>\n<\/ul>\n<p>Huiyang Packaging, m\u00fc\u015fterilerin \u00fcr\u00fcn imajlar\u0131n\u0131 iyile\u015ftirmelerine ve pazar rekabet g\u00fcc\u00fcn\u00fc art\u0131rmalar\u0131na yard\u0131mc\u0131 olmak i\u00e7in m\u00fc\u015fterilere y\u00fcksek kaliteli ve \u00f6zel \u00e7erez torbas\u0131 ambalaj\u0131 sa\u011flamay\u0131 taahh\u00fct eder.<\/p>","protected":false},"featured_media":4901,"comment_status":"open","ping_status":"closed","template":"","meta":[],"product_brand":[],"product_cat":[57],"product_tag":[],"class_list":{"0":"post-4899","1":"product","2":"type-product","3":"status-publish","4":"has-post-thumbnail","6":"product_cat-snack-packaging-bags-wholesale","8":"first","9":"instock","10":"shipping-taxable","11":"product-type-simple"},"_links":{"self":[{"href":"https:\/\/www.hyflexpack.com\/tr\/wp-json\/wp\/v2\/product\/4899","targetHints":{"allow":["GET"]}}],"collection":[{"href":"https:\/\/www.hyflexpack.com\/tr\/wp-json\/wp\/v2\/product"}],"about":[{"href":"https:\/\/www.hyflexpack.com\/tr\/wp-json\/wp\/v2\/types\/product"}],"replies":[{"embeddable":true,"href":"https:\/\/www.hyflexpack.com\/tr\/wp-json\/wp\/v2\/comments?post=4899"}],"wp:featuredmedia":[{"embeddable":true,"href":"https:\/\/www.hyflexpack.com\/tr\/wp-json\/wp\/v2\/media\/4901"}],"wp:attachment":[{"href":"https:\/\/www.hyflexpack.com\/tr\/wp-json\/wp\/v2\/media?parent=4899"}],"wp:term":[{"taxonomy":"product_brand","embeddable":true,"href":"https:\/\/www.hyflexpack.com\/tr\/wp-json\/wp\/v2\/product_brand?post=4899"},{"taxonomy":"product_cat","embeddable":true,"href":"https:\/\/www.hyflexpack.com\/tr\/wp-json\/wp\/v2\/product_cat?post=4899"},{"taxonomy":"product_tag","embeddable":true,"href":"https:\/\/www.hyflexpack.com\/tr\/wp-json\/wp\/v2\/product_tag?post=4899"}],"curies":[{"name":"wp","href":"https:\/\/api.w.org\/{rel}","templated":true}]}}