{"id":4893,"date":"2024-07-24T15:53:37","date_gmt":"2024-07-24T15:53:37","guid":{"rendered":"https:\/\/www.hyflexpack.com\/?post_type=product&#038;p=4893"},"modified":"2025-10-23T06:37:46","modified_gmt":"2025-10-23T06:37:46","slug":"china-wholesale-cookie-bags-packaging","status":"publish","type":"product","link":"https:\/\/www.hyflexpack.com\/tr\/product\/china-wholesale-cookie-bags-packaging\/","title":{"rendered":"\u00c7in Toptan Kurabiye Torbalar\u0131 Ambalaj Hayvan \u015eekli Kurabiye Fermuar Stand Up Torbalar"},"content":{"rendered":"<div class=\"wp-block-columns is-layout-flex wp-container-core-columns-is-layout-9d6595d7 wp-block-columns-is-layout-flex\">\n<div class=\"wp-block-column is-layout-flow wp-block-column-is-layout-flow\">\n<h3 class=\"wp-block-heading\">Y\u00fcksek Kaliteli \u00c7erez Torbalar\u0131 Ambalaj\u0131n\u0131n \u00d6zellikleri<\/h3>\n\n\n\n<ul class=\"wp-block-list\">\n<li><strong>Kurabiyeler i\u00e7in \u00f6zel hayvan \u015fekilli tasar\u0131m<\/strong>: Kurabiye po\u015fetlerinin \u00f6zel hayvan \u015fekillerindeki tasar\u0131m\u0131, \u00f6zellikle \u00e7ocuk ve aile pazarlar\u0131n\u0131 hedefleyen t\u00fcketiciyi cezbetmektedir.<\/li>\n\n\n\n<li><strong>Fermuar kapatma<\/strong>: Tasar\u0131m, i\u00e7indeki kurabiyelerin tazeli\u011finden \u00f6d\u00fcn vermeden \u00e7antay\u0131 birden \u00e7ok kez a\u00e7\u0131p kapatmay\u0131 kolayla\u015ft\u0131ran kullan\u0131\u015fl\u0131 bir fermuar i\u00e7erir.<\/li>\n\n\n\n<li><strong>Ayakta duran yap\u0131<\/strong>: Kurabiye torbas\u0131n\u0131n ayakta duran tasar\u0131m\u0131, daha iyi \u00fcr\u00fcn te\u015fhiri ve raf alan\u0131 kullan\u0131m\u0131 i\u00e7in rafta sa\u011flam bir \u015fekilde durmas\u0131n\u0131 sa\u011flar.<\/li>\n\n\n\n<li><strong>Y\u00fcksek kaliteli malzeme<\/strong>: Kurabiye torbalar\u0131n\u0131n yap\u0131laca\u011f\u0131 g\u0131da s\u0131n\u0131f\u0131 g\u00fcvenli malzeme, kurabiyeler i\u00e7in tazelik ve g\u00fcvenlik sa\u011flayacak, b\u00f6ylece t\u00fcketicilere bir garanti verecektir.<\/li>\n\n\n\n<li><strong>Kullan\u0131m \u00e7e\u015fitlili\u011fi<\/strong>: Hayvan \u015fekilli kurabiyeler, di\u011fer \u015fekilli kurabiyeler ve at\u0131\u015ft\u0131rmal\u0131klar dahil ancak bunlarla s\u0131n\u0131rl\u0131 olmamak \u00fczere her t\u00fcrl\u00fc kurabiyenin ambalajlanmas\u0131nda uygulanabilir.<\/li>\n\n\n\n<li><strong>\u00c7evre koruma<\/strong>: Biyolojik olarak par\u00e7alanabilir veya geri d\u00f6n\u00fc\u015ft\u00fcr\u00fclebilir malzeme se\u00e7enekleri sunun.<\/li>\n<\/ul>\n<\/div>\n\n\n\n<div class=\"wp-block-column is-layout-flow wp-block-column-is-layout-flow\">\n<figure class=\"wp-block-image size-full\"><img fetchpriority=\"high\" decoding=\"async\" width=\"750\" height=\"750\" src=\"https:\/\/www.hyflexpack.com\/wp-content\/uploads\/2024\/07\/China-Wholesale-Cookie-Bags-2.webp\" alt=\"\u00c7in Toptan Kurabiye Torbalar\u0131\" class=\"wp-image-4895\" srcset=\"https:\/\/www.hyflexpack.com\/wp-content\/uploads\/2024\/07\/China-Wholesale-Cookie-Bags-2.webp 750w, https:\/\/www.hyflexpack.com\/wp-content\/uploads\/2024\/07\/China-Wholesale-Cookie-Bags-2-300x300.webp 300w, https:\/\/www.hyflexpack.com\/wp-content\/uploads\/2024\/07\/China-Wholesale-Cookie-Bags-2-150x150.webp 150w, https:\/\/www.hyflexpack.com\/wp-content\/uploads\/2024\/07\/China-Wholesale-Cookie-Bags-2-12x12.webp 12w, https:\/\/www.hyflexpack.com\/wp-content\/uploads\/2024\/07\/China-Wholesale-Cookie-Bags-2-285x285.webp 285w, https:\/\/www.hyflexpack.com\/wp-content\/uploads\/2024\/07\/China-Wholesale-Cookie-Bags-2-270x270.webp 270w, https:\/\/www.hyflexpack.com\/wp-content\/uploads\/2024\/07\/China-Wholesale-Cookie-Bags-2-540x540.webp 540w, https:\/\/www.hyflexpack.com\/wp-content\/uploads\/2024\/07\/China-Wholesale-Cookie-Bags-2-660x660.webp 660w\" sizes=\"(max-width: 750px) 100vw, 750px\" \/><\/figure>\n<\/div>\n<\/div>","protected":false},"excerpt":{"rendered":"<p>Bu kurabiye po\u015fetleri, \u00e7ocuklar\u0131n ve aile m\u00fc\u015fterilerinin dikkatini \u00e7ekmek i\u00e7in benzersiz hayvan \u015fekilleriyle tasarlanm\u0131\u015ft\u0131r. Daha fazla \u00f6zelle\u015ftirilmi\u015f \u00e7\u00f6z\u00fcm\u00fcn yan\u0131 s\u0131ra \u00fccretsiz tasar\u0131mlar ve numuneler i\u00e7in \u015fimdi bize ula\u015f\u0131n!<\/p>\n<h3>\u00d6zel Kurabiye Torbalar\u0131 Tedarik\u00e7isinin Avantajlar\u0131<\/h3>\n<ul>\n<li><strong>\u00d6zel Tasar\u0131m<\/strong>: Ki\u015fiselle\u015ftirilmi\u015f tasar\u0131m \u00e7\u00f6z\u00fcmleri sa\u011flay\u0131n, OEM \/ ODM'yi destekleyin, farkl\u0131 \u00f6zellikler, boyutlar, bask\u0131 desenleri vb. ile \u00f6zelle\u015ftirin.<\/li>\n<li><strong>Kalite G\u00fcvence<\/strong>: \u00dcretim s\u00fcrecini kontrol edin ve \u00fcr\u00fcn kalitesini sa\u011flamak i\u00e7in y\u00fcksek kaliteli malzemelere ve geli\u015fmi\u015f ekipmanlara sahip olun.<\/li>\n<li><strong>Zaman\u0131nda Teslimat<\/strong>: Zaman\u0131nda teslimat sa\u011flamak ve m\u00fc\u015fterilerin acil ihtiya\u00e7lar\u0131n\u0131 kar\u015f\u0131lamak i\u00e7in \u00fcretim s\u00fcrecini optimize etmek ve \u00fcretim verimlili\u011fini art\u0131rmak.<\/li>\n<li><strong>Profesyonel Teknik Destek<\/strong>: Deneyimli teknik ekip, profesyonel teknik destek ve 24 saat sat\u0131\u015f sonras\u0131 dan\u0131\u015fmanl\u0131k hizmeti sa\u011flar.<\/li>\n<li><strong>\u00dccretsiz \u00d6rnek<\/strong>: Esnek ambalaj po\u015fetlerini de\u011ferlendirmeniz i\u00e7in \u00fccretsiz numune hizmeti sa\u011flay\u0131n.<\/li>\n<\/ul>\n<p><a href=\"https:\/\/www.hyflexpack.com\/tr\/\"><strong>Huiyang Ambalaj<\/strong><\/a> m\u00fc\u015fterilerine y\u00fcksek kaliteli ve kaliteli \u00fcr\u00fcnler sunmay\u0131 taahh\u00fct eder. <strong>\u00f6zel kurabiye po\u015feti ambalaj\u0131<\/strong> M\u00fc\u015fterilerin \u00fcr\u00fcn imajlar\u0131n\u0131 geli\u015ftirmelerine ve pazar rekabet g\u00fc\u00e7lerini art\u0131rmalar\u0131na yard\u0131mc\u0131 olmak<\/p>","protected":false},"featured_media":4896,"comment_status":"open","ping_status":"closed","template":"","meta":[],"product_brand":[],"product_cat":[57],"product_tag":[],"class_list":{"0":"post-4893","1":"product","2":"type-product","3":"status-publish","4":"has-post-thumbnail","6":"product_cat-snack-packaging-bags-wholesale","8":"first","9":"instock","10":"shipping-taxable","11":"product-type-simple"},"_links":{"self":[{"href":"https:\/\/www.hyflexpack.com\/tr\/wp-json\/wp\/v2\/product\/4893","targetHints":{"allow":["GET"]}}],"collection":[{"href":"https:\/\/www.hyflexpack.com\/tr\/wp-json\/wp\/v2\/product"}],"about":[{"href":"https:\/\/www.hyflexpack.com\/tr\/wp-json\/wp\/v2\/types\/product"}],"replies":[{"embeddable":true,"href":"https:\/\/www.hyflexpack.com\/tr\/wp-json\/wp\/v2\/comments?post=4893"}],"wp:featuredmedia":[{"embeddable":true,"href":"https:\/\/www.hyflexpack.com\/tr\/wp-json\/wp\/v2\/media\/4896"}],"wp:attachment":[{"href":"https:\/\/www.hyflexpack.com\/tr\/wp-json\/wp\/v2\/media?parent=4893"}],"wp:term":[{"taxonomy":"product_brand","embeddable":true,"href":"https:\/\/www.hyflexpack.com\/tr\/wp-json\/wp\/v2\/product_brand?post=4893"},{"taxonomy":"product_cat","embeddable":true,"href":"https:\/\/www.hyflexpack.com\/tr\/wp-json\/wp\/v2\/product_cat?post=4893"},{"taxonomy":"product_tag","embeddable":true,"href":"https:\/\/www.hyflexpack.com\/tr\/wp-json\/wp\/v2\/product_tag?post=4893"}],"curies":[{"name":"wp","href":"https:\/\/api.w.org\/{rel}","templated":true}]}}