{"id":4872,"date":"2024-07-24T14:39:23","date_gmt":"2024-07-24T14:39:23","guid":{"rendered":"https:\/\/www.hyflexpack.com\/?post_type=product&#038;p=4872"},"modified":"2024-07-24T14:39:25","modified_gmt":"2024-07-24T14:39:25","slug":"custom-snack-packaging","status":"publish","type":"product","link":"https:\/\/www.hyflexpack.com\/tr\/product\/custom-snack-packaging\/","title":{"rendered":"\u00d6zel At\u0131\u015ft\u0131rmal\u0131k Ambalaj\u0131 \u00c7ikolatal\u0131 Kurabiye Torbalar\u0131 Fermuarl\u0131 Stand Up Torbalar"},"content":{"rendered":"<div class=\"wp-block-columns is-layout-flex wp-container-core-columns-is-layout-9d6595d7 wp-block-columns-is-layout-flex\">\n<div class=\"wp-block-column is-layout-flow wp-block-column-is-layout-flow\">\n<h3 class=\"wp-block-heading\">Y\u00fcksek Kaliteli \u00d6zel At\u0131\u015ft\u0131rmal\u0131k Ambalajlar\u0131n\u0131n \u00d6zellikleri<\/h3>\n\n\n\n<ul class=\"wp-block-list\">\n<li>Kaliteli Malzeme: \u00d6zelle\u015ftirilmi\u015f at\u0131\u015ft\u0131rmal\u0131k ambalaj\u0131, \u00e7ikolatal\u0131 kurabiyeler i\u00e7in dayan\u0131kl\u0131l\u0131k ve tazelik korumas\u0131 sa\u011flamak i\u00e7in y\u00fcksek kaliteli g\u0131da s\u0131n\u0131f\u0131 malzemeden yap\u0131lm\u0131\u015ft\u0131r.<\/li>\n<\/ul>\n\n\n\n<p><\/p>\n\n\n\n<ul class=\"wp-block-list\">\n<li>Tazelik ve Nem Korumas\u0131: \u00c7ok katmanl\u0131 kompozit malzeme, \u00e7ikolatal\u0131 kurabiyelerin raf \u00f6mr\u00fcn\u00fc uzatmak i\u00e7in nem ve tazelik korumas\u0131 sa\u011flar.<\/li>\n<\/ul>\n\n\n\n<p><\/p>\n\n\n\n<ul class=\"wp-block-list\">\n<li>Kullan\u0131\u015fl\u0131 Fermuar: Yiyeceklerin tazeli\u011fini ve rahat saklanmas\u0131n\u0131 sa\u011flamak i\u00e7in kolay a\u00e7\u0131l\u0131r ve tekrar kapan\u0131r fermuar tasar\u0131m\u0131 ile donat\u0131lm\u0131\u015ft\u0131r.<\/li>\n<\/ul>\n\n\n\n<p><\/p>\n\n\n\n<ul class=\"wp-block-list\">\n<li>Stand-Up Tasar\u0131m: Benzersiz dik duran yap\u0131, \u00e7antay\u0131 rafta daha \u00e7ekici hale getirerek kolay sergileme ve saklama olana\u011f\u0131 sa\u011flar.<\/li>\n<\/ul>\n\n\n\n<p><\/p>\n\n\n\n<ul class=\"wp-block-list\">\n<li>\u00c7evre Dostu Se\u00e7enekler: \u00c7evresel ihtiya\u00e7lar\u0131 kar\u015f\u0131lamak ve \u00e7evresel etkiyi en aza indirmek i\u00e7in biyolojik olarak par\u00e7alanabilir veya geri d\u00f6n\u00fc\u015ft\u00fcr\u00fclebilir malzemeler mevcuttur.<\/li>\n<\/ul>\n\n\n\n<p><\/p>\n\n\n\n<ul class=\"wp-block-list\">\n<li>\u00c7ok y\u00f6nl\u00fcl\u00fck: Her t\u00fcrl\u00fc at\u0131\u015ft\u0131rmal\u0131k ambalaj\u0131 i\u00e7in uygundur, sadece \u00e7ikolatal\u0131 kurabiyelerle s\u0131n\u0131rl\u0131 de\u011fildir, ayn\u0131 zamanda kuruyemi\u015fler, \u015fekerler, tah\u0131llar ve di\u011fer bir\u00e7ok g\u0131da \u00fcr\u00fcn\u00fc i\u00e7in de uygundur.<\/li>\n<\/ul>\n<\/div>\n\n\n\n<div class=\"wp-block-column is-layout-flow wp-block-column-is-layout-flow\">\n<figure class=\"wp-block-image size-full\"><img fetchpriority=\"high\" decoding=\"async\" width=\"750\" height=\"750\" src=\"https:\/\/www.hyflexpack.com\/wp-content\/uploads\/2024\/07\/Custom-Snack-Packaging-5.webp\" alt=\"\u00d6zel At\u0131\u015ft\u0131rmal\u0131k Ambalajlar\u0131\" class=\"wp-image-4877\" srcset=\"https:\/\/www.hyflexpack.com\/wp-content\/uploads\/2024\/07\/Custom-Snack-Packaging-5.webp 750w, https:\/\/www.hyflexpack.com\/wp-content\/uploads\/2024\/07\/Custom-Snack-Packaging-5-300x300.webp 300w, https:\/\/www.hyflexpack.com\/wp-content\/uploads\/2024\/07\/Custom-Snack-Packaging-5-150x150.webp 150w, https:\/\/www.hyflexpack.com\/wp-content\/uploads\/2024\/07\/Custom-Snack-Packaging-5-12x12.webp 12w, https:\/\/www.hyflexpack.com\/wp-content\/uploads\/2024\/07\/Custom-Snack-Packaging-5-285x285.webp 285w, https:\/\/www.hyflexpack.com\/wp-content\/uploads\/2024\/07\/Custom-Snack-Packaging-5-270x270.webp 270w, https:\/\/www.hyflexpack.com\/wp-content\/uploads\/2024\/07\/Custom-Snack-Packaging-5-540x540.webp 540w, https:\/\/www.hyflexpack.com\/wp-content\/uploads\/2024\/07\/Custom-Snack-Packaging-5-660x660.webp 660w\" sizes=\"(max-width: 750px) 100vw, 750px\" \/><\/figure>\n<\/div>\n<\/div>","protected":false},"excerpt":{"rendered":"<p>\u0130ster yeni m\u00fc\u015fteriler \u00e7ekmek ister markan\u0131z\u0131n imaj\u0131n\u0131 geli\u015ftirmek i\u00e7in olsun, \u00f6zel at\u0131\u015ft\u0131rmal\u0131k ambalajlar\u0131n\u0131z i\u00e7in ideal \u00e7\u00f6z\u00fcm\u00fc sunan \u00e7antalar\u0131m\u0131z sizi bekliyor. \u0130\u015fletmenizin y\u00fckselmesine yard\u0131mc\u0131 olacak toptan sat\u0131\u015f ve \u00f6zelle\u015ftirme se\u00e7enekleri hakk\u0131nda bilgi almak i\u00e7in bug\u00fcn Huiyang Packaging ile ileti\u015fime ge\u00e7in!<\/p>\n<h3>\u00d6zel At\u0131\u015ft\u0131rmal\u0131k Ambalaj Tedarik\u00e7isinin Avantajlar\u0131<\/h3>\n<ul>\n<li><strong>\u00d6zel Tasar\u0131m<\/strong>: Ki\u015fiselle\u015ftirilmi\u015f tasar\u0131m \u00e7\u00f6z\u00fcmleri sa\u011flay\u0131n, OEM \/ ODM'yi destekleyin, farkl\u0131 \u00f6zellikler, boyutlar, bask\u0131 desenleri vb. ile \u00f6zelle\u015ftirin.<\/li>\n<li><strong>Kalite G\u00fcvence<\/strong>: \u00dcretim s\u00fcrecini kontrol edin ve \u00fcr\u00fcn kalitesini sa\u011flamak i\u00e7in y\u00fcksek kaliteli malzemelere ve geli\u015fmi\u015f ekipmanlara sahip olun.<\/li>\n<li><strong>Zaman\u0131nda Teslimat<\/strong>: Zaman\u0131nda teslimat sa\u011flamak ve m\u00fc\u015fterilerin acil ihtiya\u00e7lar\u0131n\u0131 kar\u015f\u0131lamak i\u00e7in \u00fcretim s\u00fcrecini optimize etmek ve \u00fcretim verimlili\u011fini art\u0131rmak.<\/li>\n<li><strong>Profesyonel Teknik Destek<\/strong>: Deneyimli teknik ekip, profesyonel teknik destek ve 24 saat sat\u0131\u015f sonras\u0131 dan\u0131\u015fmanl\u0131k hizmeti sa\u011flar.<\/li>\n<li><strong>\u00dccretsiz \u00d6rnek<\/strong>: \u00dcr\u00fcnleri de\u011ferlendirmeniz i\u00e7in \u00fccretsiz numune hizmeti sa\u011flay\u0131n.<\/li>\n<\/ul>\n<p>Huiyang Packaging, m\u00fc\u015fterilerin \u00fcr\u00fcn imajlar\u0131n\u0131 iyile\u015ftirmelerine ve pazar rekabetlerini art\u0131rmalar\u0131na yard\u0131mc\u0131 olmak i\u00e7in m\u00fc\u015fterilere y\u00fcksek kaliteli ve \u00f6zel at\u0131\u015ft\u0131rmal\u0131k ambalajlar\u0131 sa\u011flamay\u0131 taahh\u00fct eder.<\/p>","protected":false},"featured_media":4873,"comment_status":"open","ping_status":"closed","template":"","meta":[],"product_brand":[],"product_cat":[51],"product_tag":[],"class_list":{"0":"post-4872","1":"product","2":"type-product","3":"status-publish","4":"has-post-thumbnail","6":"product_cat-custom-food-packaging-bags","8":"first","9":"instock","10":"shipping-taxable","11":"product-type-simple"},"_links":{"self":[{"href":"https:\/\/www.hyflexpack.com\/tr\/wp-json\/wp\/v2\/product\/4872","targetHints":{"allow":["GET"]}}],"collection":[{"href":"https:\/\/www.hyflexpack.com\/tr\/wp-json\/wp\/v2\/product"}],"about":[{"href":"https:\/\/www.hyflexpack.com\/tr\/wp-json\/wp\/v2\/types\/product"}],"replies":[{"embeddable":true,"href":"https:\/\/www.hyflexpack.com\/tr\/wp-json\/wp\/v2\/comments?post=4872"}],"wp:featuredmedia":[{"embeddable":true,"href":"https:\/\/www.hyflexpack.com\/tr\/wp-json\/wp\/v2\/media\/4873"}],"wp:attachment":[{"href":"https:\/\/www.hyflexpack.com\/tr\/wp-json\/wp\/v2\/media?parent=4872"}],"wp:term":[{"taxonomy":"product_brand","embeddable":true,"href":"https:\/\/www.hyflexpack.com\/tr\/wp-json\/wp\/v2\/product_brand?post=4872"},{"taxonomy":"product_cat","embeddable":true,"href":"https:\/\/www.hyflexpack.com\/tr\/wp-json\/wp\/v2\/product_cat?post=4872"},{"taxonomy":"product_tag","embeddable":true,"href":"https:\/\/www.hyflexpack.com\/tr\/wp-json\/wp\/v2\/product_tag?post=4872"}],"curies":[{"name":"wp","href":"https:\/\/api.w.org\/{rel}","templated":true}]}}