{"id":4846,"date":"2024-07-20T02:40:34","date_gmt":"2024-07-20T02:40:34","guid":{"rendered":"https:\/\/www.hyflexpack.com\/?post_type=product&#038;p=4846"},"modified":"2025-10-23T08:54:09","modified_gmt":"2025-10-23T08:54:09","slug":"factory-wholesale-snack-packs-for-biscuit","status":"publish","type":"product","link":"https:\/\/www.hyflexpack.com\/tr\/product\/factory-wholesale-snack-packs-for-biscuit\/","title":{"rendered":"Bisk\u00fcvi Asma Delik Kolay G\u00f6zya\u015f\u0131 Stand-Up Torbalar i\u00e7in Fabrika Toptan Snack Paketleri"},"content":{"rendered":"<div class=\"wp-block-columns is-layout-flex wp-container-core-columns-is-layout-9d6595d7 wp-block-columns-is-layout-flex\">\n<div class=\"wp-block-column is-layout-flow wp-block-column-is-layout-flow\">\n<h3 class=\"wp-block-heading\"><strong>Y\u00fcksek Kalite \u00d6zellikleri <\/strong>Bisk\u00fcvi i\u00e7in At\u0131\u015ft\u0131rmal\u0131k Paketleri<\/h3>\n\n\n\n<ul class=\"wp-block-list\">\n<li>Toptan tedarik: perakendecilerin ve distrib\u00fct\u00f6rlerin ihtiya\u00e7lar\u0131n\u0131 kar\u015f\u0131lamak i\u00e7in b\u00fcy\u00fck miktarlarda \u00e7erez at\u0131\u015ft\u0131rmal\u0131k po\u015fetleri sa\u011flay\u0131n.<\/li>\n<\/ul>\n\n\n\n<p><\/p>\n\n\n\n<ul class=\"wp-block-list\">\n<li>Asma Delikli Tasar\u0131m: Her bir po\u015fet, \u00fcr\u00fcn g\u00f6r\u00fcn\u00fcrl\u00fc\u011f\u00fcn\u00fc art\u0131rmak amac\u0131yla ma\u011faza raflar\u0131nda kolay te\u015fhir i\u00e7in asma delikleriyle tasarlanm\u0131\u015ft\u0131r.<\/li>\n<\/ul>\n\n\n\n<p><\/p>\n\n\n\n<ul class=\"wp-block-list\">\n<li>Kolay y\u0131rt\u0131labilir tasar\u0131m: Torbalar, t\u00fcketicilerin paketi kolayca a\u00e7abilmeleri ve at\u0131\u015ft\u0131rmal\u0131klar\u0131n tad\u0131n\u0131 \u00e7\u0131karabilmeleri i\u00e7in kolay y\u0131rt\u0131labilir bir a\u00e7\u0131kl\u0131kla donat\u0131lm\u0131\u015ft\u0131r.<\/li>\n<\/ul>\n\n\n\n<p><\/p>\n\n\n\n<ul class=\"wp-block-list\">\n<li>Dik duran po\u015fet tasar\u0131m\u0131: Dik duran po\u015fet yap\u0131s\u0131, ambalaj\u0131n rafta sabit ve dik durmas\u0131n\u0131 sa\u011flayarak sergileme etkisini art\u0131r\u0131r.<\/li>\n<\/ul>\n\n\n\n<p><\/p>\n\n\n\n<ul class=\"wp-block-list\">\n<li>Tazelik i\u00e7in s\u0131zd\u0131rmaz: at\u0131\u015ft\u0131rmal\u0131k paketleri, hava ve nemin girmesini etkili bir \u015fekilde \u00f6nleyen ve \u00e7erezleri taze ve gevrek tutan y\u00fcksek kaliteli bir s\u0131zd\u0131rmazl\u0131k i\u015flevi ile donat\u0131lm\u0131\u015ft\u0131r.<\/li>\n<\/ul>\n\n\n\n<p><\/p>\n\n\n\n<ul class=\"wp-block-list\">\n<li>Y\u00fcksek kaliteli ve \u00e7evre dostu malzemeler: \u00dcr\u00fcn g\u00fcvenli\u011fini ve kalitesini sa\u011flamak i\u00e7in dayan\u0131kl\u0131 ve g\u0131da s\u0131n\u0131f\u0131 malzemeler kullan\u0131l\u0131r. Bu arada, modern t\u00fcketicilerin \u00e7evre koruma ihtiya\u00e7lar\u0131n\u0131 kar\u015f\u0131lar.<\/li>\n<\/ul>\n<\/div>\n\n\n\n<div class=\"wp-block-column is-layout-flow wp-block-column-is-layout-flow\">\n<figure class=\"wp-block-image size-full\"><img fetchpriority=\"high\" decoding=\"async\" width=\"750\" height=\"750\" src=\"https:\/\/www.hyflexpack.com\/wp-content\/uploads\/2024\/07\/Factory-Wholesale-Snack-Packs-2.webp\" alt=\"Fabrika Toptan At\u0131\u015ft\u0131rmal\u0131k Paketleri\" class=\"wp-image-4848\" srcset=\"https:\/\/www.hyflexpack.com\/wp-content\/uploads\/2024\/07\/Factory-Wholesale-Snack-Packs-2.webp 750w, https:\/\/www.hyflexpack.com\/wp-content\/uploads\/2024\/07\/Factory-Wholesale-Snack-Packs-2-300x300.webp 300w, https:\/\/www.hyflexpack.com\/wp-content\/uploads\/2024\/07\/Factory-Wholesale-Snack-Packs-2-150x150.webp 150w, https:\/\/www.hyflexpack.com\/wp-content\/uploads\/2024\/07\/Factory-Wholesale-Snack-Packs-2-12x12.webp 12w, https:\/\/www.hyflexpack.com\/wp-content\/uploads\/2024\/07\/Factory-Wholesale-Snack-Packs-2-285x285.webp 285w, https:\/\/www.hyflexpack.com\/wp-content\/uploads\/2024\/07\/Factory-Wholesale-Snack-Packs-2-270x270.webp 270w, https:\/\/www.hyflexpack.com\/wp-content\/uploads\/2024\/07\/Factory-Wholesale-Snack-Packs-2-540x540.webp 540w, https:\/\/www.hyflexpack.com\/wp-content\/uploads\/2024\/07\/Factory-Wholesale-Snack-Packs-2-660x660.webp 660w\" sizes=\"(max-width: 750px) 100vw, 750px\" \/><\/figure>\n<\/div>\n<\/div>","protected":false},"excerpt":{"rendered":"<p>M\u00fckemmel \u00e7\u00f6z\u00fcm i\u00e7in toptan bisk\u00fcvi at\u0131\u015ft\u0131rmal\u0131k paketlerimizi ke\u015ffedin. \u00dcr\u00fcnlerinizi pazarda \u00f6ne \u00e7\u0131karmak i\u00e7in daha fazla bilgi ve \u00f6zelle\u015ftirilmi\u015f \u00e7\u00f6z\u00fcmler i\u00e7in bug\u00fcn bize ula\u015f\u0131n!<\/p>\n<h3>Bisk\u00fcvi i\u00e7in At\u0131\u015ft\u0131rmal\u0131k Paketlerinin Avantajlar\u0131<strong>\u00a0<\/strong>Tedarik\u00e7i<\/h3>\n<ul>\n<li><strong>\u00d6zel Tasar\u0131m<\/strong>: M\u00fc\u015fteri ihtiya\u00e7lar\u0131na g\u00f6re farkl\u0131 \u00f6zellikleri, boyutlar\u0131 ve 10 renge kadar bask\u0131 gereksinimlerini kar\u015f\u0131lamak i\u00e7in ki\u015fiselle\u015ftirilmi\u015f tasar\u0131m \u00e7\u00f6z\u00fcmleri sa\u011flay\u0131n, OEM ve ODM \u00f6zelle\u015ftirmesini destekleyin.<\/li>\n<li><strong>Kalite G\u00fcvence<\/strong>: \u0130stikrarl\u0131 ve g\u00fcvenilir \u00fcr\u00fcn kalitesi sa\u011flamak i\u00e7in y\u00fcksek kaliteli hammaddeler ve geli\u015fmi\u015f \u00fcretim ekipmanlar\u0131 kullanarak \u00fcretim s\u00fcrecini s\u0131k\u0131 bir \u015fekilde kontrol edin.<\/li>\n<li><strong>Profesyonel Teknik Destek<\/strong>: Deneyimli teknik ekibimizle, m\u00fc\u015fterilerin ihtiya\u00e7lar\u0131n\u0131n derhal yan\u0131tlanmas\u0131n\u0131 ve \u00e7\u00f6z\u00fclmesini sa\u011flamak i\u00e7in profesyonel teknik destek ve sat\u0131\u015f sonras\u0131 hizmet sa\u011fl\u0131yoruz.<\/li>\n<li><strong>\u00dccretsiz \u00d6rnek<\/strong>: \u00dcr\u00fcnleri de\u011ferlendirebilmeniz i\u00e7in \u00fccretsiz numune hizmeti sa\u011flay\u0131n.<\/li>\n<\/ul>\n<p>Huiyang Packaging, \u00fcr\u00fcn imaj\u0131n\u0131 geli\u015ftiren ve m\u00fc\u015fterilerimiz i\u00e7in pazar rekabet\u00e7ili\u011fini art\u0131ran bisk\u00fcvi i\u00e7in y\u00fcksek kaliteli, \u00f6zelle\u015ftirilmi\u015f at\u0131\u015ft\u0131rmal\u0131k paketleri sunmaya kendini adam\u0131\u015ft\u0131r.<\/p>","protected":false},"featured_media":4849,"comment_status":"open","ping_status":"closed","template":"","meta":[],"product_brand":[],"product_cat":[57],"product_tag":[],"class_list":{"0":"post-4846","1":"product","2":"type-product","3":"status-publish","4":"has-post-thumbnail","6":"product_cat-snack-packaging-bags-wholesale","8":"first","9":"instock","10":"shipping-taxable","11":"product-type-simple"},"_links":{"self":[{"href":"https:\/\/www.hyflexpack.com\/tr\/wp-json\/wp\/v2\/product\/4846","targetHints":{"allow":["GET"]}}],"collection":[{"href":"https:\/\/www.hyflexpack.com\/tr\/wp-json\/wp\/v2\/product"}],"about":[{"href":"https:\/\/www.hyflexpack.com\/tr\/wp-json\/wp\/v2\/types\/product"}],"replies":[{"embeddable":true,"href":"https:\/\/www.hyflexpack.com\/tr\/wp-json\/wp\/v2\/comments?post=4846"}],"wp:featuredmedia":[{"embeddable":true,"href":"https:\/\/www.hyflexpack.com\/tr\/wp-json\/wp\/v2\/media\/4849"}],"wp:attachment":[{"href":"https:\/\/www.hyflexpack.com\/tr\/wp-json\/wp\/v2\/media?parent=4846"}],"wp:term":[{"taxonomy":"product_brand","embeddable":true,"href":"https:\/\/www.hyflexpack.com\/tr\/wp-json\/wp\/v2\/product_brand?post=4846"},{"taxonomy":"product_cat","embeddable":true,"href":"https:\/\/www.hyflexpack.com\/tr\/wp-json\/wp\/v2\/product_cat?post=4846"},{"taxonomy":"product_tag","embeddable":true,"href":"https:\/\/www.hyflexpack.com\/tr\/wp-json\/wp\/v2\/product_tag?post=4846"}],"curies":[{"name":"wp","href":"https:\/\/api.w.org\/{rel}","templated":true}]}}