{"id":4750,"date":"2024-07-12T07:45:52","date_gmt":"2024-07-12T07:45:52","guid":{"rendered":"https:\/\/www.hyflexpack.com\/?post_type=product&#038;p=4750"},"modified":"2025-10-23T08:56:17","modified_gmt":"2025-10-23T08:56:17","slug":"snacks-nuts-packaging-wholesale","status":"publish","type":"product","link":"https:\/\/www.hyflexpack.com\/tr\/product\/snacks-nuts-packaging-wholesale\/","title":{"rendered":"At\u0131\u015ft\u0131rmal\u0131klar ve Kuruyemi\u015f Ambalajlar\u0131 Toptan F\u0131st\u0131k Bask\u0131 Ayakta Durmaya Dayan\u0131kl\u0131 K\u0131r\u0131k Torbalar"},"content":{"rendered":"<div class=\"wp-block-columns is-layout-flex wp-container-core-columns-is-layout-9d6595d7 wp-block-columns-is-layout-flex\">\n<div class=\"wp-block-column is-layout-flow wp-block-column-is-layout-flow\">\n<h3 class=\"wp-block-heading\">Features of High Quality Nuts Packaging Bags<\/h3>\n\n\n\n<ul class=\"wp-block-list\">\n<li>Quality materials: The nuts packaging bag uses food-grade materials and has barrier properties to ensure the freshness and safety of nuts.<\/li>\n<\/ul>\n\n\n\n<p><\/p>\n\n\n\n<ul class=\"wp-block-list\">\n<li>Moisture-proof design: moisture-proof, anti-oxidation, the use of hygroscopic agents to control humidity, and the use of gas regulation technology to protect products from moisture, effectively extend the shelf life of nuts.<\/li>\n<\/ul>\n\n\n\n<p><\/p>\n\n\n\n<ul class=\"wp-block-list\">\n<li>Breakage-resistant design: High-quality materials are used to ensure that the packaging is not easily damaged during transportation and display, maintaining product integrity.<\/li>\n<\/ul>\n\n\n\n<p><\/p>\n\n\n\n<ul class=\"wp-block-list\">\n<li>Diverse customization: Wholesale packaging solutions designed for snacks and nuts for a wide range of market needs.<\/li>\n\n\n\n<li>Strong and durable: The bag body is tough, has excellent tear resistance, suitable for long-distance transportation and storage.<\/li>\n<\/ul>\n<\/div>\n\n\n\n<div class=\"wp-block-column is-layout-flow wp-block-column-is-layout-flow\">\n<figure class=\"wp-block-image size-full\"><img fetchpriority=\"high\" decoding=\"async\" width=\"750\" height=\"750\" src=\"https:\/\/www.hyflexpack.com\/wp-content\/uploads\/2024\/07\/Nuts-Packaging-Wholesale-3.webp\" alt=\"Kuruyemi\u015f Ambalaj\u0131 Toptan Sat\u0131\u015f\" class=\"wp-image-4753\" srcset=\"https:\/\/www.hyflexpack.com\/wp-content\/uploads\/2024\/07\/Nuts-Packaging-Wholesale-3.webp 750w, https:\/\/www.hyflexpack.com\/wp-content\/uploads\/2024\/07\/Nuts-Packaging-Wholesale-3-300x300.webp 300w, https:\/\/www.hyflexpack.com\/wp-content\/uploads\/2024\/07\/Nuts-Packaging-Wholesale-3-150x150.webp 150w, https:\/\/www.hyflexpack.com\/wp-content\/uploads\/2024\/07\/Nuts-Packaging-Wholesale-3-12x12.webp 12w, https:\/\/www.hyflexpack.com\/wp-content\/uploads\/2024\/07\/Nuts-Packaging-Wholesale-3-285x285.webp 285w, https:\/\/www.hyflexpack.com\/wp-content\/uploads\/2024\/07\/Nuts-Packaging-Wholesale-3-270x270.webp 270w, https:\/\/www.hyflexpack.com\/wp-content\/uploads\/2024\/07\/Nuts-Packaging-Wholesale-3-540x540.webp 540w, https:\/\/www.hyflexpack.com\/wp-content\/uploads\/2024\/07\/Nuts-Packaging-Wholesale-3-660x660.webp 660w\" sizes=\"(max-width: 750px) 100vw, 750px\" \/><\/figure>\n<\/div>\n<\/div>","protected":false},"excerpt":{"rendered":"<p>Our wholesale nuts packaging bags for peanut snacks are individually printed to ensure breakage resistance and are ideal for displaying and protecting the product. Learn about our professional team and get free design!<\/p>\n<h3>Advantages of Nuts Packaging Bags Supplier<\/h3>\n<ul>\n<li><strong>\u00d6zel Tasar\u0131m<\/strong>: Provide personalized design solutions according to customer\u2019s needs, meet different specifications, sizes, and printing up to 10 colors, and support OEM and ODM customization.<\/li>\n<li><strong>H\u0131zl\u0131 Teslimat<\/strong>: With efficient production capacity and supply chain management system, we can respond to customer orders in time to ensure the timely delivery of products.<\/li>\n<li><strong>\u00c7ok Y\u00f6nl\u00fc Destek<\/strong>: Profesyonel bir teknik ekip ve sat\u0131\u015f sonras\u0131 servis ekibi, m\u00fc\u015fterilere teknik destek ve \u00e7\u00f6z\u00fcmler sa\u011flamak i\u00e7in \u00e7ok y\u00f6nl\u00fc sat\u0131\u015f \u00f6ncesi dan\u0131\u015fmanl\u0131k ve sat\u0131\u015f sonras\u0131 destek sa\u011flar.<\/li>\n<li><strong>\u00dccretsiz \u00d6rnek<\/strong>: \u00dcr\u00fcnleri de\u011ferlendirmeniz i\u00e7in \u00fccretsiz numune hizmeti sa\u011flay\u0131n.<\/li>\n<\/ul>\n<p>Huiyang Packaging is devoted to offering high-quality, bespoke nuts packaging bags that not only elevate product appeal but also strengthen market positioning for our clients.<\/p>","protected":false},"featured_media":4755,"comment_status":"open","ping_status":"closed","template":"","meta":[],"product_brand":[],"product_cat":[57],"product_tag":[],"class_list":{"0":"post-4750","1":"product","2":"type-product","3":"status-publish","4":"has-post-thumbnail","6":"product_cat-snack-packaging-bags-wholesale","8":"first","9":"instock","10":"shipping-taxable","11":"product-type-simple"},"_links":{"self":[{"href":"https:\/\/www.hyflexpack.com\/tr\/wp-json\/wp\/v2\/product\/4750","targetHints":{"allow":["GET"]}}],"collection":[{"href":"https:\/\/www.hyflexpack.com\/tr\/wp-json\/wp\/v2\/product"}],"about":[{"href":"https:\/\/www.hyflexpack.com\/tr\/wp-json\/wp\/v2\/types\/product"}],"replies":[{"embeddable":true,"href":"https:\/\/www.hyflexpack.com\/tr\/wp-json\/wp\/v2\/comments?post=4750"}],"wp:featuredmedia":[{"embeddable":true,"href":"https:\/\/www.hyflexpack.com\/tr\/wp-json\/wp\/v2\/media\/4755"}],"wp:attachment":[{"href":"https:\/\/www.hyflexpack.com\/tr\/wp-json\/wp\/v2\/media?parent=4750"}],"wp:term":[{"taxonomy":"product_brand","embeddable":true,"href":"https:\/\/www.hyflexpack.com\/tr\/wp-json\/wp\/v2\/product_brand?post=4750"},{"taxonomy":"product_cat","embeddable":true,"href":"https:\/\/www.hyflexpack.com\/tr\/wp-json\/wp\/v2\/product_cat?post=4750"},{"taxonomy":"product_tag","embeddable":true,"href":"https:\/\/www.hyflexpack.com\/tr\/wp-json\/wp\/v2\/product_tag?post=4750"}],"curies":[{"name":"wp","href":"https:\/\/api.w.org\/{rel}","templated":true}]}}