{"id":4741,"date":"2024-07-12T04:04:14","date_gmt":"2024-07-12T04:04:14","guid":{"rendered":"https:\/\/www.hyflexpack.com\/?post_type=product&#038;p=4741"},"modified":"2024-07-12T04:04:16","modified_gmt":"2024-07-12T04:04:16","slug":"supply-bulk-cup-sealing-film","status":"publish","type":"product","link":"https:\/\/www.hyflexpack.com\/tr\/product\/supply-bulk-cup-sealing-film\/","title":{"rendered":"Tedarik Toplu Bardak S\u0131zd\u0131rmazl\u0131k Filmi PP Plastik S\u00fct \u00c7ay Barda\u011f\u0131 M\u00fch\u00fcrleyen Film"},"content":{"rendered":"<div class=\"wp-block-columns is-layout-flex wp-container-core-columns-is-layout-9d6595d7 wp-block-columns-is-layout-flex\">\n<div class=\"wp-block-column is-layout-flow wp-block-column-is-layout-flow\">\n<h3 class=\"wp-block-heading\">Features of High Quality Cup Sealing Film<\/h3>\n\n\n\n<ul class=\"wp-block-list\">\n<li>High quality material: The cup sealing film is made of high-quality PP plastic material to ensure food safety and hygiene.<\/li>\n<\/ul>\n\n\n\n<p><\/p>\n\n\n\n<ul class=\"wp-block-list\">\n<li>Good sealing: effectively seals the cup or container, prevents food leakage and oxygen entry, and extends the freshness of food.<\/li>\n<\/ul>\n\n\n\n<p><\/p>\n\n\n\n<ul class=\"wp-block-list\">\n<li>Easy to use: easy to design, easy to operate, suitable for fast production environments, and efficient packaging.<\/li>\n<\/ul>\n\n\n\n<p><\/p>\n\n\n\n<ul class=\"wp-block-list\">\n<li>Wide applicability: Suitable for sealing all kinds of milk tea, drinks, and other cup drinks, to ensure the freshness and quality of products.<\/li>\n<\/ul>\n\n\n\n<p><\/p>\n\n\n\n<ul class=\"wp-block-list\">\n<li>Easy to pair with the machine: The product is designed for easy use with automatic sealers, ensuring an efficient production process.<\/li>\n<\/ul>\n<\/div>\n\n\n\n<div class=\"wp-block-column is-layout-flow wp-block-column-is-layout-flow\">\n<figure class=\"wp-block-image size-full\"><img fetchpriority=\"high\" decoding=\"async\" width=\"750\" height=\"750\" src=\"https:\/\/www.hyflexpack.com\/wp-content\/uploads\/2024\/07\/Supply-Bulk-Cup-Sealing-Film-4.webp\" alt=\"D\u00f6kme Bardak S\u0131zd\u0131rmazl\u0131k Filmi Temini\" class=\"wp-image-4745\" srcset=\"https:\/\/www.hyflexpack.com\/wp-content\/uploads\/2024\/07\/Supply-Bulk-Cup-Sealing-Film-4.webp 750w, https:\/\/www.hyflexpack.com\/wp-content\/uploads\/2024\/07\/Supply-Bulk-Cup-Sealing-Film-4-300x300.webp 300w, https:\/\/www.hyflexpack.com\/wp-content\/uploads\/2024\/07\/Supply-Bulk-Cup-Sealing-Film-4-150x150.webp 150w, https:\/\/www.hyflexpack.com\/wp-content\/uploads\/2024\/07\/Supply-Bulk-Cup-Sealing-Film-4-12x12.webp 12w, https:\/\/www.hyflexpack.com\/wp-content\/uploads\/2024\/07\/Supply-Bulk-Cup-Sealing-Film-4-285x285.webp 285w, https:\/\/www.hyflexpack.com\/wp-content\/uploads\/2024\/07\/Supply-Bulk-Cup-Sealing-Film-4-270x270.webp 270w, https:\/\/www.hyflexpack.com\/wp-content\/uploads\/2024\/07\/Supply-Bulk-Cup-Sealing-Film-4-540x540.webp 540w, https:\/\/www.hyflexpack.com\/wp-content\/uploads\/2024\/07\/Supply-Bulk-Cup-Sealing-Film-4-660x660.webp 660w\" sizes=\"(max-width: 750px) 100vw, 750px\" \/><\/figure>\n<\/div>\n<\/div>","protected":false},"excerpt":{"rendered":"<p>The cup sealing film is suitable for paper cups and PP cup sealing is suitable for manual, semi-automatic, and automatic cup sealing machines. The two light bands on both sides of the cup seal film can help the electro-optical sensor to accurately locate the position, and the sealing property is excellent, which is suitable for pharmaceutical, beverage, food, and other industries.<\/p>\n<h3>Advantages of Cup Sealing Film Supplier<\/h3>\n<ul>\n<li><strong>\u00d6zel Tasar\u0131m<\/strong>: M\u00fc\u015fteri ihtiya\u00e7lar\u0131na g\u00f6re farkl\u0131 \u00f6zellikleri, boyutlar\u0131 ve 10 renge kadar bask\u0131 gereksinimlerini kar\u015f\u0131lamak i\u00e7in ki\u015fiselle\u015ftirilmi\u015f tasar\u0131m \u00e7\u00f6z\u00fcmleri sa\u011flay\u0131n, OEM ve ODM \u00f6zelle\u015ftirmesini destekleyin.<\/li>\n<li><strong>Kalite G\u00fcvence<\/strong>: \u0130stikrarl\u0131 ve g\u00fcvenilir \u00fcr\u00fcn kalitesi sa\u011flamak i\u00e7in y\u00fcksek kaliteli hammaddeler ve geli\u015fmi\u015f \u00fcretim ekipmanlar\u0131 kullanarak \u00fcretim s\u00fcrecini s\u0131k\u0131 bir \u015fekilde kontrol edin.<\/li>\n<li><strong>Profesyonel Teknik Destek<\/strong>: With experienced technical team, we provide professional technical support and after-sales service to ensure that customers\u2019 needs are promptly responded to and solved.<\/li>\n<li><strong>\u00dccretsiz \u00d6rnek<\/strong>: \u00dcr\u00fcnleri de\u011ferlendirmeniz i\u00e7in \u00fccretsiz numune hizmeti sa\u011flay\u0131n.<\/li>\n<\/ul>\n<p>Huiyang Packaging is committed to providing customers with high-quality, customized cup sealing film to help customers improve product image and enhance market competitiveness.<\/p>","protected":false},"featured_media":4744,"comment_status":"open","ping_status":"closed","template":"","meta":[],"product_brand":[],"product_cat":[53],"product_tag":[],"class_list":{"0":"post-4741","1":"product","2":"type-product","3":"status-publish","4":"has-post-thumbnail","6":"product_cat-packaging-film-supplier","8":"first","9":"instock","10":"shipping-taxable","11":"product-type-simple"},"_links":{"self":[{"href":"https:\/\/www.hyflexpack.com\/tr\/wp-json\/wp\/v2\/product\/4741","targetHints":{"allow":["GET"]}}],"collection":[{"href":"https:\/\/www.hyflexpack.com\/tr\/wp-json\/wp\/v2\/product"}],"about":[{"href":"https:\/\/www.hyflexpack.com\/tr\/wp-json\/wp\/v2\/types\/product"}],"replies":[{"embeddable":true,"href":"https:\/\/www.hyflexpack.com\/tr\/wp-json\/wp\/v2\/comments?post=4741"}],"wp:featuredmedia":[{"embeddable":true,"href":"https:\/\/www.hyflexpack.com\/tr\/wp-json\/wp\/v2\/media\/4744"}],"wp:attachment":[{"href":"https:\/\/www.hyflexpack.com\/tr\/wp-json\/wp\/v2\/media?parent=4741"}],"wp:term":[{"taxonomy":"product_brand","embeddable":true,"href":"https:\/\/www.hyflexpack.com\/tr\/wp-json\/wp\/v2\/product_brand?post=4741"},{"taxonomy":"product_cat","embeddable":true,"href":"https:\/\/www.hyflexpack.com\/tr\/wp-json\/wp\/v2\/product_cat?post=4741"},{"taxonomy":"product_tag","embeddable":true,"href":"https:\/\/www.hyflexpack.com\/tr\/wp-json\/wp\/v2\/product_tag?post=4741"}],"curies":[{"name":"wp","href":"https:\/\/api.w.org\/{rel}","templated":true}]}}