{"id":4694,"date":"2024-07-04T07:49:12","date_gmt":"2024-07-04T07:49:12","guid":{"rendered":"https:\/\/www.hyflexpack.com\/?post_type=product&#038;p=4694"},"modified":"2025-11-04T09:11:51","modified_gmt":"2025-11-04T09:11:51","slug":"wholesale-dried-fruit-packaging","status":"publish","type":"product","link":"https:\/\/www.hyflexpack.com\/tr\/product\/wholesale-dried-fruit-packaging\/","title":{"rendered":"Toptan Kurutulmu\u015f Meyve Paketleme K\u0131z\u0131lc\u0131k Fermuar Kolay G\u00f6zya\u015f\u0131 Torbalar\u0131 G\u0131da Ambalaj Torbalar\u0131"},"content":{"rendered":"<div class=\"wp-block-columns is-layout-flex wp-container-core-columns-is-layout-9d6595d7 wp-block-columns-is-layout-flex\">\n<div class=\"wp-block-column is-layout-flow wp-block-column-is-layout-flow\">\n<h3 class=\"wp-block-heading\">Y\u00fcksek Kaliteli Kuru Meyve Ambalajlar\u0131n\u0131n \u00d6zellikleri<\/h3>\n\n\n\n<ul class=\"wp-block-list\">\n<li>Y\u00fcksek kaliteli malzeme: Bask\u0131l\u0131 kuru meyve ambalaj\u0131, kuru meyvelerin g\u00fcvenli\u011fini ve tazeli\u011fini sa\u011flamak i\u00e7in g\u0131da s\u0131n\u0131f\u0131 malzemeden yap\u0131lm\u0131\u015ft\u0131r.<\/li>\n<\/ul>\n\n\n\n<p><\/p>\n\n\n\n<ul class=\"wp-block-list\">\n<li>Kullan\u0131\u015fl\u0131 fermuar tasar\u0131m\u0131: \u00dcr\u00fcn\u00fc taze tutmak i\u00e7in tekrar tekrar a\u00e7\u0131l\u0131p kapanmas\u0131 kolay, neme dayan\u0131kl\u0131 s\u0131zd\u0131rmaz fermuar ile donat\u0131lm\u0131\u015ft\u0131r.<\/li>\n<\/ul>\n\n\n\n<p><\/p>\n\n\n\n<ul class=\"wp-block-list\">\n<li>Kolay y\u0131rt\u0131labilir tasar\u0131m: Benzersiz kolay y\u0131rt\u0131labilir a\u00e7ma tasar\u0131m\u0131, kullan\u0131m\u0131 kolay, makas gerektirmez.<\/li>\n<\/ul>\n\n\n\n<p><\/p>\n\n\n\n<ul class=\"wp-block-list\">\n<li>Nem ve oksidasyon direnci: \u00c7ok katmanl\u0131 yap\u0131, nem ve oksijen giri\u015fini etkili bir \u015fekilde \u00f6nleyerek kurutulmu\u015f meyvelerin raf \u00f6mr\u00fcn\u00fc uzat\u0131r.<\/li>\n<\/ul>\n\n\n\n<p><\/p>\n\n\n\n<ul class=\"wp-block-list\">\n<li>\u00c7evre dostu: Malzeme geri d\u00f6n\u00fc\u015ft\u00fcr\u00fclebilir ve \u00e7evre standartlar\u0131n\u0131 kar\u015f\u0131layarak \u00e7evre kirlili\u011fini azalt\u0131r.<\/li>\n<\/ul>\n<\/div>\n\n\n\n<div class=\"wp-block-column is-layout-flow wp-block-column-is-layout-flow\">\n<figure class=\"wp-block-image size-full\"><img fetchpriority=\"high\" decoding=\"async\" width=\"750\" height=\"750\" src=\"https:\/\/www.hyflexpack.com\/wp-content\/uploads\/2024\/07\/Wholesale-Dried-Fruit-Packaging-4.webp\" alt=\"Toptan Kuru Meyve Paketleme\" class=\"wp-image-4702\" srcset=\"https:\/\/www.hyflexpack.com\/wp-content\/uploads\/2024\/07\/Wholesale-Dried-Fruit-Packaging-4.webp 750w, https:\/\/www.hyflexpack.com\/wp-content\/uploads\/2024\/07\/Wholesale-Dried-Fruit-Packaging-4-300x300.webp 300w, https:\/\/www.hyflexpack.com\/wp-content\/uploads\/2024\/07\/Wholesale-Dried-Fruit-Packaging-4-150x150.webp 150w, https:\/\/www.hyflexpack.com\/wp-content\/uploads\/2024\/07\/Wholesale-Dried-Fruit-Packaging-4-12x12.webp 12w, https:\/\/www.hyflexpack.com\/wp-content\/uploads\/2024\/07\/Wholesale-Dried-Fruit-Packaging-4-285x285.webp 285w, https:\/\/www.hyflexpack.com\/wp-content\/uploads\/2024\/07\/Wholesale-Dried-Fruit-Packaging-4-270x270.webp 270w, https:\/\/www.hyflexpack.com\/wp-content\/uploads\/2024\/07\/Wholesale-Dried-Fruit-Packaging-4-540x540.webp 540w, https:\/\/www.hyflexpack.com\/wp-content\/uploads\/2024\/07\/Wholesale-Dried-Fruit-Packaging-4-660x660.webp 660w\" sizes=\"(max-width: 750px) 100vw, 750px\" \/><\/figure>\n<\/div>\n<\/div>","protected":false},"excerpt":{"rendered":"<p>Bask\u0131l\u0131 kuru meyve ambalaj po\u015fetleriyle sa\u011fl\u0131kl\u0131 at\u0131\u015ft\u0131rmal\u0131k kalabal\u0131\u011f\u0131n\u0131n aras\u0131nda \u00f6ne \u00e7\u0131karak, at\u0131\u015ft\u0131rmal\u0131klar\u0131 koku buhar\u0131, nem ve \u0131\u015f\u0131k gibi tehlikelerden korumak i\u00e7in bariyer filmler ve hatta laminatlar sunuyoruz. Benzersiz tasar\u0131m\u0131m\u0131z lezzeti ve tazeli\u011fi hapseder! \u0130stedi\u011finiz zaman bilgi almaktan \u00e7ekinmeyin.<\/p>\n<h3>Kuru Meyve Paketleme Tedarik\u00e7isinin Avantajlar\u0131<\/h3>\n<ul>\n<li><strong>\u00d6zel Tasar\u0131m<\/strong>: Ki\u015fiselle\u015ftirilmi\u015f tasar\u0131m \u00e7\u00f6z\u00fcmleri sa\u011flay\u0131n, OEM \/ ODM'yi destekleyin, farkl\u0131 \u00f6zellikler, boyutlar, bask\u0131 desenleri vb. ile \u00f6zelle\u015ftirin.<\/li>\n<li><strong>Kalite G\u00fcvence<\/strong>: \u00dcretim s\u00fcrecini kontrol edin ve \u00fcr\u00fcn kalitesini sa\u011flamak i\u00e7in y\u00fcksek kaliteli malzemelere ve geli\u015fmi\u015f ekipmanlara sahip olun.<\/li>\n<li><strong>Zaman\u0131nda Teslimat<\/strong>: Zaman\u0131nda teslimat sa\u011flamak ve m\u00fc\u015fterilerin acil ihtiya\u00e7lar\u0131n\u0131 kar\u015f\u0131lamak i\u00e7in \u00fcretim s\u00fcrecini optimize etmek ve \u00fcretim verimlili\u011fini art\u0131rmak.<\/li>\n<li><strong>Profesyonel Teknik Destek<\/strong>: Deneyimli teknik ekip, profesyonel teknik destek ve 24 saat sat\u0131\u015f sonras\u0131 dan\u0131\u015fmanl\u0131k hizmeti sa\u011flar.<\/li>\n<li><strong>\u00dccretsiz \u00d6rnek<\/strong>: \u00dcr\u00fcnleri de\u011ferlendirmeniz i\u00e7in \u00fccretsiz numune hizmeti sa\u011flay\u0131n.<\/li>\n<\/ul>\n<p>Huiyang Packaging, m\u00fc\u015fterilerin \u00fcr\u00fcn imajlar\u0131n\u0131 iyile\u015ftirmelerine ve pazar rekabet g\u00fcc\u00fcn\u00fc art\u0131rmalar\u0131na yard\u0131mc\u0131 olmak i\u00e7in m\u00fc\u015fterilere y\u00fcksek kaliteli ve \u00f6zel kuru meyve ambalajlar\u0131 sa\u011flamay\u0131 taahh\u00fct eder.<\/p>\n<p>&nbsp;<\/p>","protected":false},"featured_media":4708,"comment_status":"open","ping_status":"closed","template":"","meta":[],"product_brand":[],"product_cat":[51,87],"product_tag":[],"class_list":{"0":"post-4694","1":"product","2":"type-product","3":"status-publish","4":"has-post-thumbnail","6":"product_cat-custom-food-packaging-bags","7":"product_cat-dried-fruit-packaging-bags-wholesale","9":"first","10":"instock","11":"shipping-taxable","12":"product-type-simple"},"_links":{"self":[{"href":"https:\/\/www.hyflexpack.com\/tr\/wp-json\/wp\/v2\/product\/4694","targetHints":{"allow":["GET"]}}],"collection":[{"href":"https:\/\/www.hyflexpack.com\/tr\/wp-json\/wp\/v2\/product"}],"about":[{"href":"https:\/\/www.hyflexpack.com\/tr\/wp-json\/wp\/v2\/types\/product"}],"replies":[{"embeddable":true,"href":"https:\/\/www.hyflexpack.com\/tr\/wp-json\/wp\/v2\/comments?post=4694"}],"wp:featuredmedia":[{"embeddable":true,"href":"https:\/\/www.hyflexpack.com\/tr\/wp-json\/wp\/v2\/media\/4708"}],"wp:attachment":[{"href":"https:\/\/www.hyflexpack.com\/tr\/wp-json\/wp\/v2\/media?parent=4694"}],"wp:term":[{"taxonomy":"product_brand","embeddable":true,"href":"https:\/\/www.hyflexpack.com\/tr\/wp-json\/wp\/v2\/product_brand?post=4694"},{"taxonomy":"product_cat","embeddable":true,"href":"https:\/\/www.hyflexpack.com\/tr\/wp-json\/wp\/v2\/product_cat?post=4694"},{"taxonomy":"product_tag","embeddable":true,"href":"https:\/\/www.hyflexpack.com\/tr\/wp-json\/wp\/v2\/product_tag?post=4694"}],"curies":[{"name":"wp","href":"https:\/\/api.w.org\/{rel}","templated":true}]}}