{"id":4660,"date":"2024-06-28T07:18:39","date_gmt":"2024-06-28T07:18:39","guid":{"rendered":"https:\/\/www.hyflexpack.com\/?post_type=product&#038;p=4660"},"modified":"2024-06-28T07:18:40","modified_gmt":"2024-06-28T07:18:40","slug":"custom-stand-up-pouch-packaging","status":"publish","type":"product","link":"https:\/\/www.hyflexpack.com\/tr\/product\/custom-stand-up-pouch-packaging\/","title":{"rendered":"\u00d6zel Stand Up Kese Ambalaj\u0131 Kurutulmu\u015f K\u0131z\u0131lc\u0131k At\u0131\u015ft\u0131rmal\u0131k Ambalaj\u0131 Biyobozunur Fermuarl\u0131 Torbalar"},"content":{"rendered":"<div class=\"wp-block-columns is-layout-flex wp-container-core-columns-is-layout-9d6595d7 wp-block-columns-is-layout-flex\">\n<div class=\"wp-block-column is-layout-flow wp-block-column-is-layout-flow\">\n<h3 class=\"wp-block-heading\">Y\u00fcksek Kaliteli Stand Up Po\u015fet Ambalaj\u0131n \u00d6zellikleri<\/h3>\n\n\n\n<ul class=\"wp-block-list\">\n<li>Biyolojik olarak par\u00e7alanabilir: Stand Up Po\u015fet Ambalaj \u00e7evre dostu malzemelerden yap\u0131lm\u0131\u015ft\u0131r, bu kilitli po\u015fetler biyolojik olarak par\u00e7alanabilir ve \u00e7evre \u00fczerindeki etkiyi azalt\u0131r.<\/li>\n<\/ul>\n\n\n\n<p><\/p>\n\n\n\n<ul class=\"wp-block-list\">\n<li>Yeniden Kapat\u0131labilir Tasar\u0131m: Y\u00fcksek kaliteli fermuar tasar\u0131m\u0131, at\u0131\u015ft\u0131rmal\u0131klar\u0131 taze ve lezzetli tutmak i\u00e7in birden \u00e7ok kez a\u00e7\u0131p kapatmay\u0131 kolayla\u015ft\u0131r\u0131r.<\/li>\n<\/ul>\n\n\n\n<p><\/p>\n\n\n\n<ul class=\"wp-block-list\">\n<li>Kendinden destekli tasar\u0131m: alttan kendinden destekli tasar\u0131m, \u00e7antalar\u0131n sergilenirken daha dengeli olmas\u0131n\u0131 sa\u011flar ve \u00fcr\u00fcn sunumunu geli\u015ftirir.<\/li>\n<\/ul>\n\n\n\n<p><\/p>\n\n\n\n<ul class=\"wp-block-list\">\n<li>Y\u00fcksek Bariyer: \u00c7ok katmanl\u0131 yap\u0131 m\u00fckemmel nem, oksijen ve \u0131\u015f\u0131k direnci sa\u011flayarak kurutulmu\u015f k\u0131z\u0131lc\u0131klar\u0131n uzun s\u00fcre korunmas\u0131n\u0131 sa\u011flar.<\/li>\n<\/ul>\n\n\n\n<p><\/p>\n\n\n\n<ul class=\"wp-block-list\">\n<li>\u00d6zel Bask\u0131: Marka tan\u0131n\u0131rl\u0131\u011f\u0131n\u0131 art\u0131rmak ve t\u00fcketicinin dikkatini \u00e7ekmek i\u00e7in markal\u0131 ki\u015fiselle\u015ftirilmi\u015f bask\u0131y\u0131 destekler.<\/li>\n<\/ul>\n<\/div>\n\n\n\n<div class=\"wp-block-column is-layout-flow wp-block-column-is-layout-flow\">\n<figure class=\"wp-block-image size-full\"><img fetchpriority=\"high\" decoding=\"async\" width=\"750\" height=\"750\" src=\"https:\/\/www.hyflexpack.com\/wp-content\/uploads\/2024\/06\/Custom-Stand-Up-Pouch-Packaging-5.webp\" alt=\"\u00d6zel Stand Up Po\u015fet Ambalajlar\u0131\" class=\"wp-image-4665\" srcset=\"https:\/\/www.hyflexpack.com\/wp-content\/uploads\/2024\/06\/Custom-Stand-Up-Pouch-Packaging-5.webp 750w, https:\/\/www.hyflexpack.com\/wp-content\/uploads\/2024\/06\/Custom-Stand-Up-Pouch-Packaging-5-300x300.webp 300w, https:\/\/www.hyflexpack.com\/wp-content\/uploads\/2024\/06\/Custom-Stand-Up-Pouch-Packaging-5-150x150.webp 150w, https:\/\/www.hyflexpack.com\/wp-content\/uploads\/2024\/06\/Custom-Stand-Up-Pouch-Packaging-5-12x12.webp 12w, https:\/\/www.hyflexpack.com\/wp-content\/uploads\/2024\/06\/Custom-Stand-Up-Pouch-Packaging-5-285x285.webp 285w, https:\/\/www.hyflexpack.com\/wp-content\/uploads\/2024\/06\/Custom-Stand-Up-Pouch-Packaging-5-270x270.webp 270w, https:\/\/www.hyflexpack.com\/wp-content\/uploads\/2024\/06\/Custom-Stand-Up-Pouch-Packaging-5-540x540.webp 540w, https:\/\/www.hyflexpack.com\/wp-content\/uploads\/2024\/06\/Custom-Stand-Up-Pouch-Packaging-5-660x660.webp 660w\" sizes=\"(max-width: 750px) 100vw, 750px\" \/><\/figure>\n<\/div>\n<\/div>","protected":false},"excerpt":{"rendered":"<p>Kurutulmu\u015f k\u0131z\u0131lc\u0131k at\u0131\u015ft\u0131rmal\u0131klar\u0131 i\u00e7in dik duran po\u015fet ambalajlar\u0131n nas\u0131l daha \u00e7evre dostu ve \u00e7ekici olabilece\u011fini \u00f6\u011frenin. Ki\u015fiselle\u015ftirilmi\u015f bask\u0131 ve yeniden kapat\u0131labilir tasar\u0131mlarla sa\u011fl\u0131kl\u0131 at\u0131\u015ft\u0131rmal\u0131k \u00fcr\u00fcnlerinize daha fazla t\u00fcketici \u00e7ekin.<\/p>\n<h3>Stand Up Po\u015fet Ambalaj Tedarik\u00e7isinin Avantajlar\u0131<\/h3>\n<ul>\n<li><strong>\u00d6zel Tasar\u0131m<\/strong>: Ki\u015fiselle\u015ftirilmi\u015f tasar\u0131m \u00e7\u00f6z\u00fcmleri sa\u011flay\u0131n, OEM \/ ODM'yi destekleyin, farkl\u0131 \u00f6zellikler, boyutlar, bask\u0131 desenleri vb. ile \u00f6zelle\u015ftirin.<\/li>\n<li><strong>Kalite G\u00fcvence<\/strong>: \u00dcretim s\u00fcrecini kontrol edin ve \u00fcr\u00fcn kalitesini sa\u011flamak i\u00e7in y\u00fcksek kaliteli malzemelere ve geli\u015fmi\u015f ekipmanlara sahip olun.<\/li>\n<li><strong>Zaman\u0131nda Teslimat<\/strong>: Zaman\u0131nda teslimat sa\u011flamak ve m\u00fc\u015fterilerin acil ihtiya\u00e7lar\u0131n\u0131 kar\u015f\u0131lamak i\u00e7in \u00fcretim s\u00fcrecini optimize etmek ve \u00fcretim verimlili\u011fini art\u0131rmak.<\/li>\n<li><strong>Profesyonel Teknik Destek<\/strong>: Deneyimli teknik ekip, profesyonel teknik destek ve 24 saat sat\u0131\u015f sonras\u0131 dan\u0131\u015fmanl\u0131k hizmeti sa\u011flar.<\/li>\n<li><strong>\u00dccretsiz \u00d6rnek<\/strong>: \u00dcr\u00fcnleri de\u011ferlendirmeniz i\u00e7in \u00fccretsiz numune hizmeti sa\u011flay\u0131n.<\/li>\n<\/ul>\n<p>Huiyang Packaging, m\u00fc\u015fterilerin \u00fcr\u00fcn imajlar\u0131n\u0131 iyile\u015ftirmelerine ve pazar rekabet g\u00fcc\u00fcn\u00fc art\u0131rmalar\u0131na yard\u0131mc\u0131 olmak i\u00e7in m\u00fc\u015fterilere y\u00fcksek kaliteli ve \u00f6zel dik duran po\u015fet ambalajlar sa\u011flamay\u0131 taahh\u00fct eder.<\/p>","protected":false},"featured_media":4661,"comment_status":"open","ping_status":"closed","template":"","meta":[],"product_brand":[],"product_cat":[51],"product_tag":[],"class_list":{"0":"post-4660","1":"product","2":"type-product","3":"status-publish","4":"has-post-thumbnail","6":"product_cat-custom-food-packaging-bags","8":"first","9":"instock","10":"shipping-taxable","11":"product-type-simple"},"_links":{"self":[{"href":"https:\/\/www.hyflexpack.com\/tr\/wp-json\/wp\/v2\/product\/4660","targetHints":{"allow":["GET"]}}],"collection":[{"href":"https:\/\/www.hyflexpack.com\/tr\/wp-json\/wp\/v2\/product"}],"about":[{"href":"https:\/\/www.hyflexpack.com\/tr\/wp-json\/wp\/v2\/types\/product"}],"replies":[{"embeddable":true,"href":"https:\/\/www.hyflexpack.com\/tr\/wp-json\/wp\/v2\/comments?post=4660"}],"wp:featuredmedia":[{"embeddable":true,"href":"https:\/\/www.hyflexpack.com\/tr\/wp-json\/wp\/v2\/media\/4661"}],"wp:attachment":[{"href":"https:\/\/www.hyflexpack.com\/tr\/wp-json\/wp\/v2\/media?parent=4660"}],"wp:term":[{"taxonomy":"product_brand","embeddable":true,"href":"https:\/\/www.hyflexpack.com\/tr\/wp-json\/wp\/v2\/product_brand?post=4660"},{"taxonomy":"product_cat","embeddable":true,"href":"https:\/\/www.hyflexpack.com\/tr\/wp-json\/wp\/v2\/product_cat?post=4660"},{"taxonomy":"product_tag","embeddable":true,"href":"https:\/\/www.hyflexpack.com\/tr\/wp-json\/wp\/v2\/product_tag?post=4660"}],"curies":[{"name":"wp","href":"https:\/\/api.w.org\/{rel}","templated":true}]}}