{"id":4653,"date":"2024-06-28T04:06:46","date_gmt":"2024-06-28T04:06:46","guid":{"rendered":"https:\/\/www.hyflexpack.com\/?post_type=product&#038;p=4653"},"modified":"2025-11-04T09:10:11","modified_gmt":"2025-11-04T09:10:11","slug":"custom-printed-healthy-snack-packages","status":"publish","type":"product","link":"https:\/\/www.hyflexpack.com\/tr\/product\/custom-printed-healthy-snack-packages\/","title":{"rendered":"\u00d6zel Bask\u0131l\u0131 Sa\u011fl\u0131kl\u0131 At\u0131\u015ft\u0131rmal\u0131k Paketleri Kuru Erik ve Di\u011fer Kuru Meyve G\u0131da Ambalajlar\u0131 i\u00e7in A\u00e7\u0131l\u0131p Kapanabilir Al\u00fcminyum Folyo"},"content":{"rendered":"<div class=\"wp-block-columns is-layout-flex wp-container-core-columns-is-layout-9d6595d7 wp-block-columns-is-layout-flex\">\n<div class=\"wp-block-column is-layout-flow wp-block-column-is-layout-flow\">\n<h3 class=\"wp-block-heading\">Y\u00fcksek Kaliteli Sa\u011fl\u0131kl\u0131 At\u0131\u015ft\u0131rmal\u0131k Paketlerinin \u00d6zellikleri<\/h3>\n\n\n\n<ul class=\"wp-block-list\">\n<li>\u00c7evre Dostu Malzeme: Sa\u011fl\u0131kl\u0131 at\u0131\u015ft\u0131rmal\u0131k paketleri, modern \u00e7evre gerekliliklerine uygun olarak hem \u00e7evre dostu hem de g\u00fcvenli olan geri d\u00f6n\u00fc\u015ft\u00fcr\u00fclebilir al\u00fcminyum folyodan yap\u0131lm\u0131\u015ft\u0131r.<\/li>\n<\/ul>\n\n\n\n<p><\/p>\n\n\n\n<ul class=\"wp-block-list\">\n<li>A\u00e7\u0131l\u0131p Kapanabilir Tasar\u0131m: Birden fazla porsiyon i\u00e7in at\u0131\u015ft\u0131rmal\u0131klar\u0131n tazeli\u011fini ve tad\u0131n\u0131 sa\u011flamak i\u00e7in yeniden kapat\u0131labilir bir tasar\u0131mla donat\u0131lm\u0131\u015ft\u0131r.<\/li>\n<\/ul>\n\n\n\n<p><\/p>\n\n\n\n<ul class=\"wp-block-list\">\n<li>Y\u00fcksek bariyer \u00f6zellikleri: al\u00fcminyum folyo malzemesi, kurutulmu\u015f meyvelerin raf \u00f6mr\u00fcn\u00fc uzatan m\u00fckemmel nem, oksijen ve \u0131\u015f\u0131k direnci \u00f6zelliklerine sahiptir.<\/li>\n<\/ul>\n\n\n\n<p><\/p>\n\n\n\n<ul class=\"wp-block-list\">\n<li>\u00c7ok y\u00f6nl\u00fcl\u00fck: Kuru erik ve di\u011fer kuru meyve t\u00fcrleri i\u00e7in uygundur, farkl\u0131 \u00fcr\u00fcnlerin paketleme ihtiya\u00e7lar\u0131n\u0131 kar\u015f\u0131lar.<\/li>\n<\/ul>\n\n\n\n<p><\/p>\n\n\n\n<ul class=\"wp-block-list\">\n<li>Kolayl\u0131k: Hafif ve ta\u015f\u0131mas\u0131 kolay, i\u015f, seyahat ve a\u00e7\u0131k hava etkinlikleri i\u00e7in uygun, t\u00fcketicilerin her zaman sa\u011fl\u0131kl\u0131 at\u0131\u015ft\u0131rmal\u0131klar\u0131n tad\u0131n\u0131 \u00e7\u0131karmas\u0131 i\u00e7in uygun.<\/li>\n<\/ul>\n<\/div>\n\n\n\n<div class=\"wp-block-column is-layout-flow wp-block-column-is-layout-flow\">\n<figure class=\"wp-block-image size-full\"><img fetchpriority=\"high\" decoding=\"async\" width=\"750\" height=\"750\" src=\"https:\/\/www.hyflexpack.com\/wp-content\/uploads\/2024\/06\/Custom-printed-healthy-snack-packages-2.webp\" alt=\"\u00d6zel bask\u0131l\u0131 sa\u011fl\u0131kl\u0131 at\u0131\u015ft\u0131rmal\u0131k paketleri\" class=\"wp-image-4655\" srcset=\"https:\/\/www.hyflexpack.com\/wp-content\/uploads\/2024\/06\/Custom-printed-healthy-snack-packages-2.webp 750w, https:\/\/www.hyflexpack.com\/wp-content\/uploads\/2024\/06\/Custom-printed-healthy-snack-packages-2-300x300.webp 300w, https:\/\/www.hyflexpack.com\/wp-content\/uploads\/2024\/06\/Custom-printed-healthy-snack-packages-2-150x150.webp 150w, https:\/\/www.hyflexpack.com\/wp-content\/uploads\/2024\/06\/Custom-printed-healthy-snack-packages-2-12x12.webp 12w, https:\/\/www.hyflexpack.com\/wp-content\/uploads\/2024\/06\/Custom-printed-healthy-snack-packages-2-285x285.webp 285w, https:\/\/www.hyflexpack.com\/wp-content\/uploads\/2024\/06\/Custom-printed-healthy-snack-packages-2-270x270.webp 270w, https:\/\/www.hyflexpack.com\/wp-content\/uploads\/2024\/06\/Custom-printed-healthy-snack-packages-2-540x540.webp 540w, https:\/\/www.hyflexpack.com\/wp-content\/uploads\/2024\/06\/Custom-printed-healthy-snack-packages-2-660x660.webp 660w\" sizes=\"(max-width: 750px) 100vw, 750px\" \/><\/figure>\n<\/div>\n<\/div>\n\n\n\n<p><\/p>","protected":false},"excerpt":{"rendered":"<p>Sa\u011fl\u0131kl\u0131 at\u0131\u015ft\u0131rmal\u0131k paketleri ile marka imaj\u0131n\u0131z\u0131 geli\u015ftirin ve kuru erik ve di\u011fer kuru meyvelerin tazeli\u011fini ve lezzetini sa\u011flay\u0131n. Sa\u011fl\u0131kl\u0131 at\u0131\u015ft\u0131rmal\u0131klar\u0131 sergilemeniz ve satman\u0131z i\u00e7in en iyi se\u00e7imdir.<\/p>\n<h3>Sa\u011fl\u0131kl\u0131 At\u0131\u015ft\u0131rmal\u0131k Paketleri Tedarik\u00e7isinin Avantajlar\u0131<\/h3>\n<div class=\"elementor-element elementor-element-665ef9f elementor-widget elementor-widget-text-editor\" data-id=\"665ef9f\" data-element_type=\"widget\" data-widget_type=\"text-editor.default\">\n<div class=\"elementor-widget-container\">\n<ul>\n<li><strong>\u00d6zel Tasar\u0131m<\/strong>: Ki\u015fiselle\u015ftirilmi\u015f tasar\u0131m \u00e7\u00f6z\u00fcmleri sa\u011flay\u0131n, OEM \/ ODM'yi destekleyin, farkl\u0131 \u00f6zellikler, boyutlar, bask\u0131 desenleri vb. ile \u00f6zelle\u015ftirin.<\/li>\n<li><strong>Kalite G\u00fcvence<\/strong>: \u00dcretim s\u00fcrecini kontrol edin ve \u00fcr\u00fcn kalitesini sa\u011flamak i\u00e7in y\u00fcksek kaliteli malzemelere ve geli\u015fmi\u015f ekipmanlara sahip olun.<\/li>\n<li><strong>Zaman\u0131nda Teslimat<\/strong>: Zaman\u0131nda teslimat sa\u011flamak ve m\u00fc\u015fterilerin acil ihtiya\u00e7lar\u0131n\u0131 kar\u015f\u0131lamak i\u00e7in \u00fcretim s\u00fcrecini optimize etmek ve \u00fcretim verimlili\u011fini art\u0131rmak.<\/li>\n<li><strong>Profesyonel Teknik Destek<\/strong>: Deneyimli teknik ekip, profesyonel teknik destek ve 24 saat sat\u0131\u015f sonras\u0131 dan\u0131\u015fmanl\u0131k hizmeti sa\u011flar.<\/li>\n<li><strong>\u00dccretsiz \u00d6rnek<\/strong>: \u00dcr\u00fcnleri de\u011ferlendirmeniz i\u00e7in \u00fccretsiz numune hizmeti sa\u011flay\u0131n.<\/li>\n<\/ul>\n<p>Huiyang Packaging, m\u00fc\u015fterilerin \u00fcr\u00fcn imajlar\u0131n\u0131 iyile\u015ftirmelerine ve pazar rekabet g\u00fcc\u00fcn\u00fc art\u0131rmalar\u0131na yard\u0131mc\u0131 olmak i\u00e7in m\u00fc\u015fterilere y\u00fcksek kaliteli ve \u00f6zel sa\u011fl\u0131kl\u0131 at\u0131\u015ft\u0131rmal\u0131k paketleri sa\u011flamay\u0131 taahh\u00fct eder.<\/p><\/div>\n<\/div>","protected":false},"featured_media":4654,"comment_status":"open","ping_status":"closed","template":"","meta":[],"product_brand":[],"product_cat":[51,87],"product_tag":[],"class_list":{"0":"post-4653","1":"product","2":"type-product","3":"status-publish","4":"has-post-thumbnail","6":"product_cat-custom-food-packaging-bags","7":"product_cat-dried-fruit-packaging-bags-wholesale","9":"first","10":"instock","11":"shipping-taxable","12":"product-type-simple"},"_links":{"self":[{"href":"https:\/\/www.hyflexpack.com\/tr\/wp-json\/wp\/v2\/product\/4653","targetHints":{"allow":["GET"]}}],"collection":[{"href":"https:\/\/www.hyflexpack.com\/tr\/wp-json\/wp\/v2\/product"}],"about":[{"href":"https:\/\/www.hyflexpack.com\/tr\/wp-json\/wp\/v2\/types\/product"}],"replies":[{"embeddable":true,"href":"https:\/\/www.hyflexpack.com\/tr\/wp-json\/wp\/v2\/comments?post=4653"}],"wp:featuredmedia":[{"embeddable":true,"href":"https:\/\/www.hyflexpack.com\/tr\/wp-json\/wp\/v2\/media\/4654"}],"wp:attachment":[{"href":"https:\/\/www.hyflexpack.com\/tr\/wp-json\/wp\/v2\/media?parent=4653"}],"wp:term":[{"taxonomy":"product_brand","embeddable":true,"href":"https:\/\/www.hyflexpack.com\/tr\/wp-json\/wp\/v2\/product_brand?post=4653"},{"taxonomy":"product_cat","embeddable":true,"href":"https:\/\/www.hyflexpack.com\/tr\/wp-json\/wp\/v2\/product_cat?post=4653"},{"taxonomy":"product_tag","embeddable":true,"href":"https:\/\/www.hyflexpack.com\/tr\/wp-json\/wp\/v2\/product_tag?post=4653"}],"curies":[{"name":"wp","href":"https:\/\/api.w.org\/{rel}","templated":true}]}}