{"id":4647,"date":"2024-06-28T02:00:27","date_gmt":"2024-06-28T02:00:27","guid":{"rendered":"https:\/\/www.hyflexpack.com\/?post_type=product&#038;p=4647"},"modified":"2025-11-04T09:10:23","modified_gmt":"2025-11-04T09:10:23","slug":"china-supply-dried-fruit-packaging-bags","status":"publish","type":"product","link":"https:\/\/www.hyflexpack.com\/tr\/product\/china-supply-dried-fruit-packaging-bags\/","title":{"rendered":"\u00c7in Tedarik Kurutulmu\u015f Meyve Paketleme Torbalar\u0131 Laminasyon Torbalar\u0131 Geri D\u00f6n\u00fc\u015ft\u00fcr\u00fclebilir Fermuarl\u0131 Stand-up Torbalar"},"content":{"rendered":"<div class=\"wp-block-columns is-layout-flex wp-container-core-columns-is-layout-9d6595d7 wp-block-columns-is-layout-flex\">\n<div class=\"wp-block-column is-layout-flow wp-block-column-is-layout-flow\">\n<h3 class=\"wp-block-heading\">Y\u00fcksek Kaliteli Kuru Meyve Ambalaj Torbalar\u0131n\u0131n \u00d6zellikleri<\/h3>\n\n\n\n<ul class=\"wp-block-list\">\n<li>\u00c7evre dostu ve geri d\u00f6n\u00fc\u015ft\u00fcr\u00fclebilir: Bu kuru meyve ambalaj po\u015fetleri, \u00e7evre standartlar\u0131n\u0131 kar\u015f\u0131layan ve \u00e7evre \u00fczerindeki etkiyi azaltmaya yard\u0131mc\u0131 olan geri d\u00f6n\u00fc\u015ft\u00fcr\u00fclebilir malzemelerden yap\u0131lm\u0131\u015ft\u0131r.<\/li>\n\n\n\n<li>G\u00fc\u00e7l\u00fc s\u0131zd\u0131rmazl\u0131k performans\u0131: Torban\u0131n i\u00e7indeki g\u0131dan\u0131n tazeli\u011fini sa\u011flamak ve nemi ve kontaminasyonu \u00f6nlemek i\u00e7in bir fermuar tasar\u0131m\u0131 ile donat\u0131lm\u0131\u015ft\u0131r.<\/li>\n\n\n\n<li>Kendinden destekli tasar\u0131m: alttan kendinden destekli tasar\u0131m, \u00e7antay\u0131 sergilerken daha dengeli hale getirir, sergilemesi ve saklamas\u0131 kolayd\u0131r ve \u00fcr\u00fcn\u00fcn g\u00f6rsel etkisini art\u0131r\u0131r.<\/li>\n\n\n\n<li>\u00c7ok katmanl\u0131 kompozit malzeme: \u00c7ok katmanl\u0131 kompozit malzemenin benimsenmesi, \u00fcr\u00fcnlerin uzun s\u00fcreli korunmas\u0131n\u0131 sa\u011flayan m\u00fckemmel nem ge\u00e7irmez, oksijen yal\u0131t\u0131m\u0131 ve UV ge\u00e7irmez performansa sahiptir.<\/li>\n\n\n\n<li>\u015eeffaf pencere: Baz\u0131 stiller, t\u00fcketicilerin \u00e7antan\u0131n i\u00e7indeki \u00fcr\u00fcnleri g\u00f6rmesi ve sat\u0131n alma iste\u011fini art\u0131rmas\u0131 i\u00e7in uygun olan \u015feffaf pencerelerle tasarlanm\u0131\u015ft\u0131r.<\/li>\n\n\n\n<li>\u00c7e\u015fitlendirilmi\u015f \u00f6zelle\u015ftirme: \u00c7e\u015fitli markalar\u0131n bireysel gereksinimlerini kar\u015f\u0131lamak i\u00e7in m\u00fc\u015fterinin ihtiya\u00e7lar\u0131na g\u00f6re farkl\u0131 boyut, desen ve renklerde \u00f6zelle\u015ftirilmi\u015f hizmet sa\u011flanabilir.<\/li>\n<\/ul>\n<\/div>\n\n\n\n<div class=\"wp-block-column is-layout-flow wp-block-column-is-layout-flow\">\n<figure class=\"wp-block-image size-full\"><img fetchpriority=\"high\" decoding=\"async\" width=\"750\" height=\"750\" src=\"https:\/\/www.hyflexpack.com\/wp-content\/uploads\/2024\/06\/China-Supply-Dried-Fruit-Packaging-Bags-2.webp\" alt=\"\u00c7in Tedarik Kurutulmu\u015f Meyve Paketleme Torbalar\u0131\" class=\"wp-image-4649\" srcset=\"https:\/\/www.hyflexpack.com\/wp-content\/uploads\/2024\/06\/China-Supply-Dried-Fruit-Packaging-Bags-2.webp 750w, https:\/\/www.hyflexpack.com\/wp-content\/uploads\/2024\/06\/China-Supply-Dried-Fruit-Packaging-Bags-2-300x300.webp 300w, https:\/\/www.hyflexpack.com\/wp-content\/uploads\/2024\/06\/China-Supply-Dried-Fruit-Packaging-Bags-2-150x150.webp 150w, https:\/\/www.hyflexpack.com\/wp-content\/uploads\/2024\/06\/China-Supply-Dried-Fruit-Packaging-Bags-2-12x12.webp 12w, https:\/\/www.hyflexpack.com\/wp-content\/uploads\/2024\/06\/China-Supply-Dried-Fruit-Packaging-Bags-2-285x285.webp 285w, https:\/\/www.hyflexpack.com\/wp-content\/uploads\/2024\/06\/China-Supply-Dried-Fruit-Packaging-Bags-2-270x270.webp 270w, https:\/\/www.hyflexpack.com\/wp-content\/uploads\/2024\/06\/China-Supply-Dried-Fruit-Packaging-Bags-2-540x540.webp 540w, https:\/\/www.hyflexpack.com\/wp-content\/uploads\/2024\/06\/China-Supply-Dried-Fruit-Packaging-Bags-2-660x660.webp 660w\" sizes=\"(max-width: 750px) 100vw, 750px\" \/><\/figure>\n<\/div>\n<\/div>","protected":false},"excerpt":{"rendered":"<p>Kuru meyve \u00fcr\u00fcnleriniz i\u00e7in en kaliteli kuru meyve paketleme \u00e7\u00f6z\u00fcm\u00fcn\u00fc sa\u011flay\u0131n. \u00dcr\u00fcnlerinizin marka etkisini art\u0131rman\u0131za yard\u0131mc\u0131 olur. \u0130ster te\u015fhir ister depolama i\u00e7in olsun, \u00e7antalar\u0131m\u0131z en iyi se\u00e7iminizdir.<\/p>\n<h3>Kurutulmu\u015f Meyve Paketleme Torbalar\u0131 Tedarik\u00e7isinin Avantajlar\u0131<\/h3>\n<ul>\n<li><strong>\u00d6zel Tasar\u0131m<\/strong>: Ki\u015fiselle\u015ftirilmi\u015f tasar\u0131m \u00e7\u00f6z\u00fcmleri sa\u011flay\u0131n, OEM \/ ODM'yi destekleyin, farkl\u0131 \u00f6zellikler, boyutlar, bask\u0131 desenleri vb. ile \u00f6zelle\u015ftirin.<\/li>\n<li><strong>Kalite G\u00fcvence<\/strong>: \u00dcretim s\u00fcrecini kontrol edin ve \u00fcr\u00fcn kalitesini sa\u011flamak i\u00e7in y\u00fcksek kaliteli malzemelere ve geli\u015fmi\u015f ekipmanlara sahip olun.<\/li>\n<li><strong>Zaman\u0131nda Teslimat<\/strong>: Zaman\u0131nda teslimat\u0131 sa\u011flamak ve m\u00fc\u015fterilerin acil ihtiya\u00e7lar\u0131n\u0131 kar\u015f\u0131lamak i\u00e7in \u00fcretim s\u00fcrecini optimize etmek ve \u00fcretim verimlili\u011fini art\u0131rmak.<\/li>\n<li><strong>Profesyonel Teknik Destek<\/strong>: Deneyimli teknik ekip, profesyonel teknik destek ve 24 saat sat\u0131\u015f sonras\u0131 dan\u0131\u015fmanl\u0131k hizmeti sa\u011flar.<\/li>\n<li><strong>\u00dccretsiz \u00d6rnek<\/strong>: \u00dcr\u00fcnleri de\u011ferlendirmeniz i\u00e7in \u00fccretsiz numune hizmeti sa\u011flay\u0131n.<\/li>\n<\/ul>\n<p>Huiyang Packaging, m\u00fc\u015fterilerin \u00fcr\u00fcn imajlar\u0131n\u0131 iyile\u015ftirmelerine ve pazar rekabet g\u00fcc\u00fcn\u00fc art\u0131rmalar\u0131na yard\u0131mc\u0131 olmak i\u00e7in m\u00fc\u015fterilere y\u00fcksek kaliteli ve \u00f6zel kurutulmu\u015f meyve paketleme po\u015fetleri sa\u011flamay\u0131 taahh\u00fct eder.<\/p>","protected":false},"featured_media":4648,"comment_status":"open","ping_status":"closed","template":"","meta":[],"product_brand":[],"product_cat":[51,87],"product_tag":[],"class_list":{"0":"post-4647","1":"product","2":"type-product","3":"status-publish","4":"has-post-thumbnail","6":"product_cat-custom-food-packaging-bags","7":"product_cat-dried-fruit-packaging-bags-wholesale","9":"first","10":"instock","11":"shipping-taxable","12":"product-type-simple"},"_links":{"self":[{"href":"https:\/\/www.hyflexpack.com\/tr\/wp-json\/wp\/v2\/product\/4647","targetHints":{"allow":["GET"]}}],"collection":[{"href":"https:\/\/www.hyflexpack.com\/tr\/wp-json\/wp\/v2\/product"}],"about":[{"href":"https:\/\/www.hyflexpack.com\/tr\/wp-json\/wp\/v2\/types\/product"}],"replies":[{"embeddable":true,"href":"https:\/\/www.hyflexpack.com\/tr\/wp-json\/wp\/v2\/comments?post=4647"}],"wp:featuredmedia":[{"embeddable":true,"href":"https:\/\/www.hyflexpack.com\/tr\/wp-json\/wp\/v2\/media\/4648"}],"wp:attachment":[{"href":"https:\/\/www.hyflexpack.com\/tr\/wp-json\/wp\/v2\/media?parent=4647"}],"wp:term":[{"taxonomy":"product_brand","embeddable":true,"href":"https:\/\/www.hyflexpack.com\/tr\/wp-json\/wp\/v2\/product_brand?post=4647"},{"taxonomy":"product_cat","embeddable":true,"href":"https:\/\/www.hyflexpack.com\/tr\/wp-json\/wp\/v2\/product_cat?post=4647"},{"taxonomy":"product_tag","embeddable":true,"href":"https:\/\/www.hyflexpack.com\/tr\/wp-json\/wp\/v2\/product_tag?post=4647"}],"curies":[{"name":"wp","href":"https:\/\/api.w.org\/{rel}","templated":true}]}}