{"id":4646,"date":"2024-06-27T16:40:45","date_gmt":"2024-06-27T16:40:45","guid":{"rendered":"https:\/\/www.hyflexpack.com\/?post_type=product&#038;p=4646"},"modified":"2025-11-04T09:10:35","modified_gmt":"2025-11-04T09:10:35","slug":"custom-zipper-fruit-bag","status":"publish","type":"product","link":"https:\/\/www.hyflexpack.com\/tr\/product\/custom-zipper-fruit-bag\/","title":{"rendered":"Taze Meyve Ambalaj\u0131 \u0130\u00e7in Hava Delikli \u00d6zel Fermuarl\u0131 Meyve Torbas\u0131"},"content":{"rendered":"<div class=\"wp-block-columns is-layout-flex wp-container-core-columns-is-layout-9d6595d7 wp-block-columns-is-layout-flex\">\n<div class=\"wp-block-column is-layout-flow wp-block-column-is-layout-flow\">\n<h3 class=\"wp-block-heading\">Y\u00fcksek Kaliteli Kilitli Meyve Torbas\u0131n\u0131n \u00d6zellikleri<\/h3>\n\n\n\n<ul class=\"wp-block-list\">\n<li>Fermuarl\u0131 M\u00fch\u00fcr: Meyvelerin tazeli\u011fini sa\u011flamak i\u00e7in a\u00e7\u0131lmas\u0131 ve tekrar kapat\u0131lmas\u0131 kolay, kullan\u0131\u015fl\u0131 bir fermuar ile donat\u0131lm\u0131\u015ft\u0131r.<\/li>\n<\/ul>\n\n\n\n<p><\/p>\n\n\n\n<ul class=\"wp-block-list\">\n<li>Havaland\u0131rma Delikli Tasar\u0131m: Meyve torbas\u0131, meyvelerin havaland\u0131r\u0131lmas\u0131na ve taze kalmas\u0131na yard\u0131mc\u0131 olmak ve nem birikimini \u00f6nlemek i\u00e7in havaland\u0131rma delikleriyle donat\u0131lm\u0131\u015ft\u0131r.<\/li>\n<\/ul>\n\n\n\n<p><\/p>\n\n\n\n<ul class=\"wp-block-list\">\n<li>Y\u00fcksek \u015eeffafl\u0131k: \u015eeffaf tasar\u0131m meyvelerin kalitesini ve tazeli\u011fini g\u00f6stermeyi kolayla\u015ft\u0131r\u0131r.<\/li>\n<\/ul>\n\n\n\n<p><\/p>\n\n\n\n<ul class=\"wp-block-list\">\n<li>Dayan\u0131kl\u0131 Malzeme: Meyvelerin uzun s\u00fcre taze kalmas\u0131n\u0131 sa\u011flamak i\u00e7in dayan\u0131kl\u0131 ve neme dayan\u0131kl\u0131 y\u00fcksek kaliteli plastik malzemeden yap\u0131lm\u0131\u015ft\u0131r.<\/li>\n<\/ul>\n\n\n\n<p><\/p>\n\n\n\n<ul class=\"wp-block-list\">\n<li>Kendili\u011finden duran Tasar\u0131m: \u00c7anta kendi ba\u015f\u0131na durabilir, bu da rafta sergileme ve depolama i\u00e7in uygundur ve \u00fcr\u00fcn sergileme etkisini art\u0131r\u0131r.<\/li>\n<\/ul>\n\n\n\n<p><\/p>\n\n\n\n<ul class=\"wp-block-list\">\n<li>\u00c7oklu Boyut Se\u00e7enekleri: Farkl\u0131 paketleme ihtiya\u00e7lar\u0131n\u0131 kar\u015f\u0131lamak i\u00e7in birden fazla boyut sa\u011flay\u0131n.<\/li>\n<\/ul>\n\n\n\n<p><\/p>\n\n\n\n<ul class=\"wp-block-list\">\n<li>\u00c7evre G\u00fcvenli\u011fi: g\u0131da s\u0131n\u0131f\u0131 malzeme, g\u00fcvenli ve toksik olmayan, \u00e7evre dostu ve geri d\u00f6n\u00fc\u015ft\u00fcr\u00fclebilir.<\/li>\n<\/ul>\n<\/div>\n\n\n\n<div class=\"wp-block-column is-layout-flow wp-block-column-is-layout-flow\">\n<figure class=\"wp-block-image size-full\"><img fetchpriority=\"high\" decoding=\"async\" width=\"750\" height=\"750\" src=\"https:\/\/www.hyflexpack.com\/wp-content\/uploads\/2024\/06\/Fruit-Bags-Wholesale-1.webp\" alt=\"\u00d6zel Meyve Torbas\u0131\" class=\"wp-image-4640\" srcset=\"https:\/\/www.hyflexpack.com\/wp-content\/uploads\/2024\/06\/Fruit-Bags-Wholesale-1.webp 750w, https:\/\/www.hyflexpack.com\/wp-content\/uploads\/2024\/06\/Fruit-Bags-Wholesale-1-300x300.webp 300w, https:\/\/www.hyflexpack.com\/wp-content\/uploads\/2024\/06\/Fruit-Bags-Wholesale-1-150x150.webp 150w, https:\/\/www.hyflexpack.com\/wp-content\/uploads\/2024\/06\/Fruit-Bags-Wholesale-1-12x12.webp 12w, https:\/\/www.hyflexpack.com\/wp-content\/uploads\/2024\/06\/Fruit-Bags-Wholesale-1-285x285.webp 285w, https:\/\/www.hyflexpack.com\/wp-content\/uploads\/2024\/06\/Fruit-Bags-Wholesale-1-270x270.webp 270w, https:\/\/www.hyflexpack.com\/wp-content\/uploads\/2024\/06\/Fruit-Bags-Wholesale-1-540x540.webp 540w, https:\/\/www.hyflexpack.com\/wp-content\/uploads\/2024\/06\/Fruit-Bags-Wholesale-1-660x660.webp 660w\" sizes=\"(max-width: 750px) 100vw, 750px\" \/><\/figure>\n<\/div>\n<\/div>","protected":false},"excerpt":{"rendered":"<p>Meyvelerin uzun s\u00fcre taze kalmas\u0131n\u0131 sa\u011flamak i\u00e7in tasarlanm\u0131\u015f havaland\u0131rma deliklerine sahip \u015feffaf ve y\u00fcksek kaliteli malzemeden yap\u0131lm\u0131\u015f bu meyve paketleme \u00e7antas\u0131n\u0131 ke\u015ffedin. \u00dccretsiz numune i\u00e7in bize dan\u0131\u015fabilirsiniz!<\/p>\n<h3>Kilitli Meyve Po\u015feti Tedarik\u00e7isinin Avantajlar\u0131<\/h3>\n<ul>\n<li><strong>\u00d6zel Tasar\u0131m<\/strong>: M\u00fc\u015fteri ihtiya\u00e7lar\u0131n\u0131 kar\u015f\u0131lamak i\u00e7in malzeme, boyut ve bask\u0131 deseni \u00f6zelle\u015ftirmesi dahil olmak \u00fczere \u00f6zelle\u015ftirilmi\u015f tasar\u0131m plastik meyve po\u015feti hizmeti sa\u011fl\u0131yoruz ve OEM ve ODM'yi destekliyoruz.<\/li>\n<li><strong>\u00dcretim<\/strong>: Geli\u015fmi\u015f ekipman ve teknoloji ile sipari\u015f \u00fcretimini y\u00fcksek verimlilik ve y\u00fcksek kalite ile tamamlayabilir, zaman\u0131nda teslim edebiliriz.<\/li>\n<li><strong>Kalite Denetimi<\/strong>: \u00dcr\u00fcnlerin standartlar\u0131 kar\u015f\u0131lad\u0131\u011f\u0131ndan emin olmak i\u00e7in \u00fcretim i\u00e7in kalite standartlar\u0131n\u0131 ve g\u0131da g\u00fcvenli\u011fi gereksinimlerini s\u0131k\u0131 bir \u015fekilde takip edin.<\/li>\n<li><strong>M\u00fc\u015fteri Hizmetleri<\/strong>: H\u0131zl\u0131 yan\u0131t ve \u00f6zenli m\u00fc\u015fteri hizmetleri deste\u011fi sa\u011flamak i\u00e7in 24 saat.<\/li>\n<li><strong>\u00dccretsiz \u00d6rnek<\/strong>\u00dcr\u00fcnleri de\u011ferlendirmeniz i\u00e7in \u00fccretsiz numune hizmeti sa\u011flay\u0131n.<\/li>\n<\/ul>\n<p>Huiyang Packaging, m\u00fc\u015fterilerin \u00fcr\u00fcn imajlar\u0131n\u0131 geli\u015ftirmelerine ve pazar rekabet g\u00fcc\u00fcn\u00fc art\u0131rmalar\u0131na yard\u0131mc\u0131 olmak i\u00e7in m\u00fc\u015fterilere y\u00fcksek kaliteli, \u00f6zel meyve po\u015fetleri sa\u011flamay\u0131 taahh\u00fct eder.<\/p>","protected":false},"featured_media":4640,"comment_status":"open","ping_status":"closed","template":"","meta":[],"product_brand":[],"product_cat":[51,106],"product_tag":[],"class_list":{"0":"post-4646","1":"product","2":"type-product","3":"status-publish","4":"has-post-thumbnail","6":"product_cat-custom-food-packaging-bags","7":"product_cat-vegetable-packaging-bags-wholesale","9":"first","10":"instock","11":"shipping-taxable","12":"product-type-simple"},"_links":{"self":[{"href":"https:\/\/www.hyflexpack.com\/tr\/wp-json\/wp\/v2\/product\/4646","targetHints":{"allow":["GET"]}}],"collection":[{"href":"https:\/\/www.hyflexpack.com\/tr\/wp-json\/wp\/v2\/product"}],"about":[{"href":"https:\/\/www.hyflexpack.com\/tr\/wp-json\/wp\/v2\/types\/product"}],"replies":[{"embeddable":true,"href":"https:\/\/www.hyflexpack.com\/tr\/wp-json\/wp\/v2\/comments?post=4646"}],"wp:featuredmedia":[{"embeddable":true,"href":"https:\/\/www.hyflexpack.com\/tr\/wp-json\/wp\/v2\/media\/4640"}],"wp:attachment":[{"href":"https:\/\/www.hyflexpack.com\/tr\/wp-json\/wp\/v2\/media?parent=4646"}],"wp:term":[{"taxonomy":"product_brand","embeddable":true,"href":"https:\/\/www.hyflexpack.com\/tr\/wp-json\/wp\/v2\/product_brand?post=4646"},{"taxonomy":"product_cat","embeddable":true,"href":"https:\/\/www.hyflexpack.com\/tr\/wp-json\/wp\/v2\/product_cat?post=4646"},{"taxonomy":"product_tag","embeddable":true,"href":"https:\/\/www.hyflexpack.com\/tr\/wp-json\/wp\/v2\/product_tag?post=4646"}],"curies":[{"name":"wp","href":"https:\/\/api.w.org\/{rel}","templated":true}]}}