{"id":4639,"date":"2024-06-27T15:17:33","date_gmt":"2024-06-27T15:17:33","guid":{"rendered":"https:\/\/www.hyflexpack.com\/?post_type=product&#038;p=4639"},"modified":"2025-11-04T09:10:51","modified_gmt":"2025-11-04T09:10:51","slug":"clear-plastic-grape-fruit-bags-wholesale","status":"publish","type":"product","link":"https:\/\/www.hyflexpack.com\/tr\/product\/clear-plastic-grape-fruit-bags-wholesale\/","title":{"rendered":"\u015eeffaf Plastik \u00dcz\u00fcm Meyve Torbalar\u0131, G\u0131da Ambalaj\u0131 i\u00e7in Sebze Paketleme Torbalar\u0131 Lamine Bask\u0131 Daimi Torbalar Toptan Sat\u0131\u015f"},"content":{"rendered":"<div class=\"wp-block-columns is-layout-flex wp-container-core-columns-is-layout-9d6595d7 wp-block-columns-is-layout-flex\">\n<div class=\"wp-block-column is-layout-flow wp-block-column-is-layout-flow\">\n<h3 class=\"wp-block-heading\">Y\u00fcksek Kaliteli \u00dcz\u00fcm Meyve Torbalar\u0131n\u0131n \u00d6zellikleri<\/h3>\n\n\n\n<ul class=\"wp-block-list\">\n<li><strong>Y\u00fcksek \u015eeffafl\u0131k<\/strong>: \u015eeffaf tasar\u0131m meyvelerin tazeli\u011fini ve kalitesini g\u00f6stermeyi kolayla\u015ft\u0131r\u0131r.<\/li>\n<\/ul>\n\n\n\n<p><\/p>\n\n\n\n<ul class=\"wp-block-list\">\n<li><strong>Lamine Malzeme<\/strong>: Sebze paketleme po\u015fetlerimiz ve meyve po\u015fetlerimiz, po\u015fetlerin dayan\u0131kl\u0131l\u0131\u011f\u0131n\u0131 ve nem ge\u00e7irmezlik performans\u0131n\u0131 art\u0131ran y\u00fcksek kaliteli lamine malzemeden yap\u0131lm\u0131\u015ft\u0131r.<\/li>\n<\/ul>\n\n\n\n<p><\/p>\n\n\n\n<ul class=\"wp-block-list\">\n<li><strong>Kendi Kendini Destekleyen Tasar\u0131m<\/strong>: Ayakta duran \u00e7anta yap\u0131s\u0131, raflarda sergilenmesi kolayd\u0131r ve \u00fcr\u00fcn sergileme etkisini art\u0131r\u0131r.<\/li>\n<\/ul>\n\n\n\n<p><\/p>\n\n\n\n<ul class=\"wp-block-list\">\n<li><strong>G\u00fcvenli ve \u00c7evresel Koruma<\/strong>n: G\u0131da s\u0131n\u0131f\u0131 malzeme, g\u00fcvenli ve toksik olmayan, \u00e7evre dostu ve geri d\u00f6n\u00fc\u015ft\u00fcr\u00fclebilir.<\/li>\n<\/ul>\n\n\n\n<p><\/p>\n\n\n\n<ul class=\"wp-block-list\">\n<li><strong>\u00c7oklu Boyut Se\u00e7enekleri<\/strong>: \u00c7e\u015fitli paketleme ihtiya\u00e7lar\u0131n\u0131 kar\u015f\u0131lamak i\u00e7in farkl\u0131 boyutlar mevcuttur.<\/li>\n<\/ul>\n\n\n\n<p><\/p>\n\n\n\n<ul class=\"wp-block-list\">\n<li><strong>Yeniden kapat\u0131labilir<\/strong>: A\u00e7\u0131lmas\u0131 ve kapat\u0131lmas\u0131 kolay, t\u00fcketiciler i\u00e7in uygun.<\/li>\n<\/ul>\n<\/div>\n\n\n\n<div class=\"wp-block-column is-layout-flow wp-block-column-is-layout-flow\">\n<figure class=\"wp-block-image size-full\"><img fetchpriority=\"high\" decoding=\"async\" width=\"750\" height=\"750\" src=\"https:\/\/www.hyflexpack.com\/wp-content\/uploads\/2024\/06\/Fruit-Bags-Wholesale-4.webp\" alt=\"Meyve Torbalar\u0131 Toptan Sat\u0131\u015f\" class=\"wp-image-4643\" srcset=\"https:\/\/www.hyflexpack.com\/wp-content\/uploads\/2024\/06\/Fruit-Bags-Wholesale-4.webp 750w, https:\/\/www.hyflexpack.com\/wp-content\/uploads\/2024\/06\/Fruit-Bags-Wholesale-4-300x300.webp 300w, https:\/\/www.hyflexpack.com\/wp-content\/uploads\/2024\/06\/Fruit-Bags-Wholesale-4-150x150.webp 150w, https:\/\/www.hyflexpack.com\/wp-content\/uploads\/2024\/06\/Fruit-Bags-Wholesale-4-12x12.webp 12w, https:\/\/www.hyflexpack.com\/wp-content\/uploads\/2024\/06\/Fruit-Bags-Wholesale-4-285x285.webp 285w, https:\/\/www.hyflexpack.com\/wp-content\/uploads\/2024\/06\/Fruit-Bags-Wholesale-4-270x270.webp 270w, https:\/\/www.hyflexpack.com\/wp-content\/uploads\/2024\/06\/Fruit-Bags-Wholesale-4-540x540.webp 540w, https:\/\/www.hyflexpack.com\/wp-content\/uploads\/2024\/06\/Fruit-Bags-Wholesale-4-660x660.webp 660w\" sizes=\"(max-width: 750px) 100vw, 750px\" \/><\/figure>\n<\/div>\n<\/div>","protected":false},"excerpt":{"rendered":"<p>\u015eeffaf plastik sebze paketleme po\u015fetlerimizi ve meyve po\u015fetlerimizi ke\u015ffedin, g\u00fcvenli g\u0131da s\u0131n\u0131f\u0131 malzemelerden yap\u0131lm\u0131\u015ft\u0131r, \u00e7evre dostu ve geri d\u00f6n\u00fc\u015ft\u00fcr\u00fclebilir, \u00e7e\u015fitli meyve paketleme ihtiya\u00e7lar\u0131 i\u00e7in uygundur ve ideal g\u0131da paketleme \u00e7\u00f6z\u00fcm\u00fcd\u00fcr.<\/p>\n<h3>Sebze Paketleme Torbalar\u0131 ve Meyve Torbalar\u0131 Tedarik\u00e7isinin Avantajlar\u0131<\/h3>\n<ul>\n<li><strong>\u00d6zel Tasar\u0131m<\/strong>: M\u00fc\u015fteri ihtiya\u00e7lar\u0131n\u0131 kar\u015f\u0131lamak i\u00e7in malzeme, boyut ve bask\u0131 deseni \u00f6zelle\u015ftirmesi dahil olmak \u00fczere \u00f6zelle\u015ftirilmi\u015f tasar\u0131m plastik meyve po\u015fetleri hizmeti veriyoruz ve OEM ve ODM'yi destekliyoruz.<\/li>\n<li><strong>\u00dcretim<\/strong>: Geli\u015fmi\u015f ekipman ve teknoloji ile sipari\u015f \u00fcretimini y\u00fcksek verimlilik ve y\u00fcksek kalite ile tamamlayabilir, zaman\u0131nda teslim edebiliriz.<\/li>\n<li><strong>Kalite Denetimi<\/strong>: \u00dcr\u00fcnlerin standartlar\u0131 kar\u015f\u0131lad\u0131\u011f\u0131ndan emin olmak i\u00e7in \u00fcretim i\u00e7in kalite standartlar\u0131n\u0131 ve g\u0131da g\u00fcvenli\u011fi gereksinimlerini s\u0131k\u0131 bir \u015fekilde takip edin.<\/li>\n<li><strong>M\u00fc\u015fteri Hizmetleri<\/strong>: H\u0131zl\u0131 yan\u0131t ve \u00f6zenli m\u00fc\u015fteri hizmetleri deste\u011fi sa\u011flamak i\u00e7in 24 saat.<\/li>\n<li><strong>\u00dccretsiz \u00d6rnek<\/strong>\u00dcr\u00fcnleri de\u011ferlendirmeniz i\u00e7in \u00fccretsiz numune hizmeti sa\u011flay\u0131n.<\/li>\n<\/ul>\n<p>Huiyang Packaging, m\u00fc\u015fterilerin \u00fcr\u00fcn imajlar\u0131n\u0131 iyile\u015ftirmelerine ve pazar rekabet g\u00fcc\u00fcn\u00fc art\u0131rmalar\u0131na yard\u0131mc\u0131 olmak i\u00e7in m\u00fc\u015fterilere y\u00fcksek kaliteli, \u00f6zelle\u015ftirilmi\u015f \u015feffaf plastik meyve po\u015fetleri sa\u011flamay\u0131 taahh\u00fct eder.<\/p>","protected":false},"featured_media":4644,"comment_status":"open","ping_status":"closed","template":"","meta":[],"product_brand":[],"product_cat":[51,106],"product_tag":[],"class_list":{"0":"post-4639","1":"product","2":"type-product","3":"status-publish","4":"has-post-thumbnail","6":"product_cat-custom-food-packaging-bags","7":"product_cat-vegetable-packaging-bags-wholesale","9":"first","10":"instock","11":"shipping-taxable","12":"product-type-simple"},"_links":{"self":[{"href":"https:\/\/www.hyflexpack.com\/tr\/wp-json\/wp\/v2\/product\/4639","targetHints":{"allow":["GET"]}}],"collection":[{"href":"https:\/\/www.hyflexpack.com\/tr\/wp-json\/wp\/v2\/product"}],"about":[{"href":"https:\/\/www.hyflexpack.com\/tr\/wp-json\/wp\/v2\/types\/product"}],"replies":[{"embeddable":true,"href":"https:\/\/www.hyflexpack.com\/tr\/wp-json\/wp\/v2\/comments?post=4639"}],"wp:featuredmedia":[{"embeddable":true,"href":"https:\/\/www.hyflexpack.com\/tr\/wp-json\/wp\/v2\/media\/4644"}],"wp:attachment":[{"href":"https:\/\/www.hyflexpack.com\/tr\/wp-json\/wp\/v2\/media?parent=4639"}],"wp:term":[{"taxonomy":"product_brand","embeddable":true,"href":"https:\/\/www.hyflexpack.com\/tr\/wp-json\/wp\/v2\/product_brand?post=4639"},{"taxonomy":"product_cat","embeddable":true,"href":"https:\/\/www.hyflexpack.com\/tr\/wp-json\/wp\/v2\/product_cat?post=4639"},{"taxonomy":"product_tag","embeddable":true,"href":"https:\/\/www.hyflexpack.com\/tr\/wp-json\/wp\/v2\/product_tag?post=4639"}],"curies":[{"name":"wp","href":"https:\/\/api.w.org\/{rel}","templated":true}]}}