{"id":4604,"date":"2024-06-22T03:36:59","date_gmt":"2024-06-22T03:36:59","guid":{"rendered":"https:\/\/www.hyflexpack.com\/?post_type=product&#038;p=4604"},"modified":"2024-06-22T03:37:01","modified_gmt":"2024-06-22T03:37:01","slug":"wholesale-liquid-packaging-pouch","status":"publish","type":"product","link":"https:\/\/www.hyflexpack.com\/tr\/product\/wholesale-liquid-packaging-pouch\/","title":{"rendered":"Bacal\u0131 \u00c7ama\u015f\u0131r Deterjan\u0131 Dolum Torbas\u0131 \u0130\u00e7in Toptan S\u0131v\u0131 Ambalaj Torbas\u0131"},"content":{"rendered":"<div class=\"wp-block-columns is-layout-flex wp-container-core-columns-is-layout-9d6595d7 wp-block-columns-is-layout-flex\">\n<div class=\"wp-block-column is-layout-flow wp-block-column-is-layout-flow\">\n<h3 class=\"wp-block-heading\">Y\u00fcksek Kaliteli S\u0131v\u0131 Ambalaj Torbas\u0131n\u0131n \u00d6zellikleri<\/h3>\n\n\n\n<ul class=\"wp-block-list\">\n<li>Yeniden Doldurma Tasar\u0131m\u0131: \u0130sraf\u0131 en aza indirmek i\u00e7in \u00e7ama\u015f\u0131r deterjan\u0131n\u0131n kolayca eklenmesi i\u00e7in tasarlanm\u0131\u015ft\u0131r.<\/li>\n<\/ul>\n\n\n\n<p><\/p>\n\n\n\n<ul class=\"wp-block-list\">\n<li>A\u011f\u0131zl\u0131k ile: Kolay d\u00f6kme ve hassas da\u011f\u0131t\u0131m i\u00e7in kullan\u0131\u015fl\u0131 bir d\u00f6kme a\u011fz\u0131 ile d\u00f6k\u00fclmeleri ve da\u011f\u0131n\u0131kl\u0131\u011f\u0131 en aza indirir.<\/li>\n<\/ul>\n\n\n\n<p><\/p>\n\n\n\n<ul class=\"wp-block-list\">\n<li>Yer tasarrufu sa\u011flar: Esnek torba tasar\u0131m\u0131, geleneksel \u00e7ama\u015f\u0131r deterjan\u0131 \u015fi\u015felerine g\u00f6re daha az yer kaplayarak depolama ve ta\u015f\u0131ma verimlili\u011fini optimize eder.<\/li>\n<\/ul>\n\n\n\n<p><\/p>\n\n\n\n<ul class=\"wp-block-list\">\n<li>G\u00fcvenli M\u00fch\u00fcr: S\u0131z\u0131nt\u0131y\u0131 \u00f6nlemek ve uzun s\u00fcreli etkinlik sa\u011flamak i\u00e7in \u00fcr\u00fcn tazeli\u011fini korumak i\u00e7in g\u00fcvenli bir s\u0131zd\u0131rmazl\u0131k sa\u011flar.<\/li>\n<\/ul>\n\n\n\n<p><\/p>\n\n\n\n<ul class=\"wp-block-list\">\n<li>\u00c7evre Dostu: Bu s\u0131v\u0131 ambalaj geri d\u00f6n\u00fc\u015ft\u00fcr\u00fclm\u00fc\u015f veya geri kazan\u0131lm\u0131\u015f malzemelerden \u00fcretilmi\u015ftir ve s\u00fcrd\u00fcr\u00fclebilir kalk\u0131nmaya katk\u0131da bulunur.<\/li>\n<\/ul>\n\n\n\n<p><\/p>\n\n\n\n<ul class=\"wp-block-list\">\n<li>\u00d6zelle\u015ftirilebilir Bask\u0131: Markay\u0131, \u00fcr\u00fcn bilgilerini ve talimatlar\u0131 sergilemek i\u00e7in \u00f6zelle\u015ftirilmi\u015f bask\u0131 se\u00e7enekleri sunarak marka bilinirli\u011fini ve t\u00fcketici kat\u0131l\u0131m\u0131n\u0131 art\u0131r\u0131r.<\/li>\n<\/ul>\n<\/div>\n\n\n\n<div class=\"wp-block-column is-layout-flow wp-block-column-is-layout-flow\">\n<figure class=\"wp-block-image size-full\"><img fetchpriority=\"high\" decoding=\"async\" width=\"750\" height=\"750\" src=\"https:\/\/www.hyflexpack.com\/wp-content\/uploads\/2024\/06\/Wholesale-Liquid-Packaging-Pouch-4.webp\" alt=\"Toptan S\u0131v\u0131 Ambalaj Torbas\u0131\" class=\"wp-image-4608\" srcset=\"https:\/\/www.hyflexpack.com\/wp-content\/uploads\/2024\/06\/Wholesale-Liquid-Packaging-Pouch-4.webp 750w, https:\/\/www.hyflexpack.com\/wp-content\/uploads\/2024\/06\/Wholesale-Liquid-Packaging-Pouch-4-300x300.webp 300w, https:\/\/www.hyflexpack.com\/wp-content\/uploads\/2024\/06\/Wholesale-Liquid-Packaging-Pouch-4-150x150.webp 150w, https:\/\/www.hyflexpack.com\/wp-content\/uploads\/2024\/06\/Wholesale-Liquid-Packaging-Pouch-4-12x12.webp 12w, https:\/\/www.hyflexpack.com\/wp-content\/uploads\/2024\/06\/Wholesale-Liquid-Packaging-Pouch-4-285x285.webp 285w, https:\/\/www.hyflexpack.com\/wp-content\/uploads\/2024\/06\/Wholesale-Liquid-Packaging-Pouch-4-270x270.webp 270w, https:\/\/www.hyflexpack.com\/wp-content\/uploads\/2024\/06\/Wholesale-Liquid-Packaging-Pouch-4-540x540.webp 540w, https:\/\/www.hyflexpack.com\/wp-content\/uploads\/2024\/06\/Wholesale-Liquid-Packaging-Pouch-4-660x660.webp 660w\" sizes=\"(max-width: 750px) 100vw, 750px\" \/><\/figure>\n<\/div>\n<\/div>","protected":false},"excerpt":{"rendered":"<p>A\u011f\u0131zl\u0131 s\u0131v\u0131 ambalaj po\u015fetimiz, \u00e7ama\u015f\u0131r deterjan\u0131 i\u00e7in kullan\u0131\u015fl\u0131, \u00e7evre dostu ve verimli bir ambalaj \u00e7\u00f6z\u00fcm\u00fc arayan t\u00fcketiciler i\u00e7in ideal bir se\u00e7im haline gelmi\u015ftir. \u0130leti\u015fim kurmaktan \u00e7ekinmeyin<\/p>\n<h3>S\u0131v\u0131 Ambalaj Torbas\u0131 Tedarik\u00e7isinin Avantajlar\u0131<\/h3>\n<ul>\n<li><strong>\u00d6zel Tasar\u0131m<\/strong>: M\u00fc\u015fterilerin ihtiya\u00e7lar\u0131n\u0131 kar\u015f\u0131lamak i\u00e7in malzeme, boyut ve bask\u0131 deseni \u00f6zelle\u015ftirmesi dahil olmak \u00fczere \u00f6zelle\u015ftirilmi\u015f tasar\u0131m s\u0131v\u0131 ambalaj po\u015feti hizmeti sa\u011fl\u0131yoruz ve OEM ve ODM'yi destekliyoruz.<\/li>\n<li><strong>\u00dcretim<\/strong>: Geli\u015fmi\u015f ekipman ve teknoloji ile sipari\u015fleri y\u00fcksek verimlilik ve y\u00fcksek kalitede tamamlayabilir ve zaman\u0131nda teslim edebiliriz.<\/li>\n<li><strong>Kalite Denetimi<\/strong>: \u00dcr\u00fcnlerin standartlar\u0131 kar\u015f\u0131lad\u0131\u011f\u0131ndan emin olmak i\u00e7in kalite standartlar\u0131n\u0131 ve g\u0131da g\u00fcvenli\u011fi gereksinimlerini s\u0131k\u0131 bir \u015fekilde takip edin.<\/li>\n<li><strong>Teknik Destek Ekibi<\/strong>: Ekibimiz zengin end\u00fcstri deneyimine ve profesyonel bilgiye sahiptir ve m\u00fc\u015fterilerimize teknik destek ve 24 saat dan\u0131\u015fmanl\u0131k hizmeti sa\u011flayabilir.<\/li>\n<li><strong>\u00dccretsiz \u00d6rnek<\/strong>: \u00dcr\u00fcnleri de\u011ferlendirmeniz i\u00e7in \u00fccretsiz numune hizmeti sa\u011flay\u0131n.<\/li>\n<\/ul>\n<p>Huiyang Ambalaj, m\u00fc\u015fterilerin \u00fcr\u00fcn imajlar\u0131n\u0131 iyile\u015ftirmelerine ve pazar rekabet g\u00fcc\u00fcn\u00fc art\u0131rmalar\u0131na yard\u0131mc\u0131 olmak i\u00e7in m\u00fc\u015fterilere y\u00fcksek kaliteli ve \u00f6zel s\u0131v\u0131 ambalaj po\u015feti sa\u011flamay\u0131 taahh\u00fct eder. \u00fccretsiz numune i\u00e7in bize!<\/p>","protected":false},"featured_media":4605,"comment_status":"open","ping_status":"closed","template":"","meta":[],"product_brand":[],"product_cat":[52],"product_tag":[],"class_list":{"0":"post-4604","1":"product","2":"type-product","3":"status-publish","4":"has-post-thumbnail","6":"product_cat-custom-daily-chemical-packaging","8":"first","9":"instock","10":"shipping-taxable","11":"product-type-simple"},"_links":{"self":[{"href":"https:\/\/www.hyflexpack.com\/tr\/wp-json\/wp\/v2\/product\/4604","targetHints":{"allow":["GET"]}}],"collection":[{"href":"https:\/\/www.hyflexpack.com\/tr\/wp-json\/wp\/v2\/product"}],"about":[{"href":"https:\/\/www.hyflexpack.com\/tr\/wp-json\/wp\/v2\/types\/product"}],"replies":[{"embeddable":true,"href":"https:\/\/www.hyflexpack.com\/tr\/wp-json\/wp\/v2\/comments?post=4604"}],"wp:featuredmedia":[{"embeddable":true,"href":"https:\/\/www.hyflexpack.com\/tr\/wp-json\/wp\/v2\/media\/4605"}],"wp:attachment":[{"href":"https:\/\/www.hyflexpack.com\/tr\/wp-json\/wp\/v2\/media?parent=4604"}],"wp:term":[{"taxonomy":"product_brand","embeddable":true,"href":"https:\/\/www.hyflexpack.com\/tr\/wp-json\/wp\/v2\/product_brand?post=4604"},{"taxonomy":"product_cat","embeddable":true,"href":"https:\/\/www.hyflexpack.com\/tr\/wp-json\/wp\/v2\/product_cat?post=4604"},{"taxonomy":"product_tag","embeddable":true,"href":"https:\/\/www.hyflexpack.com\/tr\/wp-json\/wp\/v2\/product_tag?post=4604"}],"curies":[{"name":"wp","href":"https:\/\/api.w.org\/{rel}","templated":true}]}}