{"id":4526,"date":"2024-06-14T10:42:17","date_gmt":"2024-06-14T10:42:17","guid":{"rendered":"https:\/\/www.hyflexpack.com\/?post_type=product&#038;p=4526"},"modified":"2026-01-23T06:27:51","modified_gmt":"2026-01-23T06:27:51","slug":"surdurulebilir-evcil-hayvan-mamasi-ambalaj-posetleri","status":"publish","type":"product","link":"https:\/\/www.hyflexpack.com\/tr\/product\/sustainable-pet-food-packaging-bags\/","title":{"rendered":"S\u00fcrd\u00fcr\u00fclebilir Evcil Hayvan G\u0131da Ambalaj Torbalar\u0131 K\u00fc\u00e7\u00fck Pencereli Ayakta Torbalar ile Toptan Fermuar"},"content":{"rendered":"<div class=\"wp-block-columns is-layout-flex wp-container-core-columns-is-layout-9d6595d7 wp-block-columns-is-layout-flex\">\n<div class=\"wp-block-column is-layout-flow wp-block-column-is-layout-flow\">\n<h3 class=\"wp-block-heading\">Y\u00fcksek Kaliteli S\u00fcrd\u00fcr\u00fclebilir Evcil Hayvan Mamas\u0131 Ambalaj Torbalar\u0131n\u0131n \u00d6zellikleri<\/h3>\n\n\n\n<ul class=\"wp-block-list\">\n<li>S\u00fcrd\u00fcr\u00fclebilir Malzemeler: \u00c7evre \u00fczerindeki etkiyi azaltmak i\u00e7in biyolojik olarak par\u00e7alanabilen veya geri d\u00f6n\u00fc\u015ft\u00fcr\u00fclebilen malzemeler gibi s\u00fcrd\u00fcr\u00fclebilir malzemeler kullan\u0131n.<\/li>\n<\/ul>\n\n\n\n<p><\/p>\n\n\n\n<ul class=\"wp-block-list\">\n<li>G\u0131da s\u0131n\u0131f\u0131 Y\u00fcksek Bariyer Malzemeleri: PET, PE ve al\u00fcminyum folyo gibi g\u0131da s\u0131n\u0131f\u0131 y\u00fcksek bariyer malzemeleri, evcil hayvan mamas\u0131n\u0131n tazeli\u011fini ve g\u00fcvenli\u011fini sa\u011flamak, nemi ve oksidasyonu \u00f6nlemek ve raf \u00f6mr\u00fcn\u00fc uzatmak i\u00e7in kullan\u0131l\u0131r.<\/li>\n<\/ul>\n\n\n\n<p><\/p>\n\n\n\n<ul class=\"wp-block-list\">\n<li>K\u00fc\u00e7\u00fck Pencereli Tasar\u0131m: K\u00fc\u00e7\u00fck pencereli tasar\u0131m, t\u00fcketicilerin \u00fcr\u00fcn i\u00e7eri\u011fini g\u00f6r\u00fcnt\u00fclemesini kolayla\u015ft\u0131rarak etkile\u015fimi ve \u00e7ekicili\u011fi art\u0131r\u0131r.<\/li>\n<\/ul>\n\n\n\n<p><\/p>\n\n\n\n<ul class=\"wp-block-list\">\n<li>Fermuarl\u0131 M\u00fch\u00fcr: Yerle\u015fik fermuar contas\u0131, bir\u00e7ok kez yeniden a\u00e7\u0131lmas\u0131 ve kapat\u0131lmas\u0131 kolayd\u0131r, yiyecekleri taze tutar ve oksidasyonu \u00f6nler.<\/li>\n<\/ul>\n\n\n\n<p><\/p>\n\n\n\n<ul class=\"wp-block-list\">\n<li>Ayakl\u0131 Po\u015fet Tasar\u0131m\u0131: Ayakta duran po\u015fet yap\u0131s\u0131, po\u015fetin raflarda veya vitrinlerde sa\u011flam bir \u015fekilde durmas\u0131n\u0131 sa\u011flayarak te\u015fhir alan\u0131ndan tasarruf sa\u011flar ve \u00fcr\u00fcn sunumunu geli\u015ftirir.<\/li>\n<\/ul>\n<\/div>\n\n\n\n<div class=\"wp-block-column is-layout-flow wp-block-column-is-layout-flow\">\n<figure class=\"wp-block-image size-full\"><img fetchpriority=\"high\" decoding=\"async\" width=\"750\" height=\"750\" src=\"https:\/\/www.hyflexpack.com\/wp-content\/uploads\/2024\/06\/Sustainable-Pet-Food-Packaging-Bags-Wholesale-11.webp\" alt=\"S\u00fcrd\u00fcr\u00fclebilir Evcil Hayvan Mamas\u0131 Ambalaj Torbalar\u0131 Toptan Sat\u0131\u015f\" class=\"wp-image-4550\" srcset=\"https:\/\/www.hyflexpack.com\/wp-content\/uploads\/2024\/06\/Sustainable-Pet-Food-Packaging-Bags-Wholesale-11.webp 750w, https:\/\/www.hyflexpack.com\/wp-content\/uploads\/2024\/06\/Sustainable-Pet-Food-Packaging-Bags-Wholesale-11-300x300.webp 300w, https:\/\/www.hyflexpack.com\/wp-content\/uploads\/2024\/06\/Sustainable-Pet-Food-Packaging-Bags-Wholesale-11-150x150.webp 150w, https:\/\/www.hyflexpack.com\/wp-content\/uploads\/2024\/06\/Sustainable-Pet-Food-Packaging-Bags-Wholesale-11-12x12.webp 12w, https:\/\/www.hyflexpack.com\/wp-content\/uploads\/2024\/06\/Sustainable-Pet-Food-Packaging-Bags-Wholesale-11-285x285.webp 285w, https:\/\/www.hyflexpack.com\/wp-content\/uploads\/2024\/06\/Sustainable-Pet-Food-Packaging-Bags-Wholesale-11-270x270.webp 270w, https:\/\/www.hyflexpack.com\/wp-content\/uploads\/2024\/06\/Sustainable-Pet-Food-Packaging-Bags-Wholesale-11-540x540.webp 540w, https:\/\/www.hyflexpack.com\/wp-content\/uploads\/2024\/06\/Sustainable-Pet-Food-Packaging-Bags-Wholesale-11-660x660.webp 660w\" sizes=\"(max-width: 750px) 100vw, 750px\" \/><\/figure>\n<\/div>\n<\/div>","protected":false},"excerpt":{"rendered":"<p>S\u00fcrd\u00fcr\u00fclebilir evcil hayvan mamas\u0131 ambalaj po\u015fetlerimiz, evcil hayvan mamas\u0131 g\u00fcvenli\u011fini sa\u011flamak i\u00e7in PET, PE ve al\u00fcminyum folyo gibi g\u0131da s\u0131n\u0131f\u0131 y\u00fcksek bariyerli ambalaj malzemeleriyle birle\u015ftirilmi\u015f s\u00fcrd\u00fcr\u00fclebilir malzemelerden yap\u0131lm\u0131\u015ft\u0131r. \u00dccretsiz numune ve tasar\u0131mlar i\u00e7in bug\u00fcn bize ula\u015f\u0131n.<\/p>\n<h3>S\u00fcrd\u00fcr\u00fclebilir Evcil Hayvan Mamas\u0131 Ambalaj Torbalar\u0131 Tedarik\u00e7isinin Avantajlar\u0131<\/h3>\n<ul>\n<li><strong>\u00d6zel Tasar\u0131m<\/strong>: M\u00fc\u015fteri ihtiya\u00e7lar\u0131n\u0131 kar\u015f\u0131lamak i\u00e7in malzeme, boyut ve bask\u0131 deseni \u00f6zelle\u015ftirmesi dahil olmak \u00fczere \u00f6zelle\u015ftirilmi\u015f sa\u011fl\u0131yoruz ve OEM ve ODM'yi destekliyoruz.<\/li>\n<li><strong>\u00dcretim<\/strong>: Geli\u015fmi\u015f ekipman ve teknoloji ile sipari\u015f \u00fcretimini y\u00fcksek verimlilik ve y\u00fcksek kalite ile tamamlayabilir, zaman\u0131nda teslim edebiliriz.<\/li>\n<li><strong>Kalite Denetimi<\/strong>: \u00dcr\u00fcnlerin standartlar\u0131 kar\u015f\u0131lad\u0131\u011f\u0131ndan emin olmak i\u00e7in \u00fcretim i\u00e7in kalite standartlar\u0131n\u0131 ve g\u0131da g\u00fcvenli\u011fi gereksinimlerini s\u0131k\u0131 bir \u015fekilde takip edin.<\/li>\n<li><strong>M\u00fc\u015fteri Hizmetleri<\/strong>: H\u0131zl\u0131 yan\u0131t ve \u00f6zenli m\u00fc\u015fteri hizmetleri deste\u011fi sa\u011flamak i\u00e7in 24 saat.<\/li>\n<li><strong>\u00dccretsiz \u00d6rnek<\/strong>\u00dcr\u00fcnleri de\u011ferlendirmeniz i\u00e7in \u00fccretsiz numune hizmeti sa\u011flay\u0131n.<\/li>\n<\/ul>\n<p>Huiyang Packaging, m\u00fc\u015fterilerin \u00fcr\u00fcn imajlar\u0131n\u0131 iyile\u015ftirmelerine ve pazar rekabet g\u00fcc\u00fcn\u00fc art\u0131rmalar\u0131na yard\u0131mc\u0131 olmak i\u00e7in m\u00fc\u015fterilere y\u00fcksek kaliteli, \u00f6zel s\u00fcrd\u00fcr\u00fclebilir evcil hayvan mamas\u0131 ambalaj po\u015fetleri sa\u011flamay\u0131 taahh\u00fct eder. dik duran po\u015fet tasar\u0131m\u0131, kullan\u0131m kolayl\u0131\u011f\u0131n\u0131 ve pazarlanabilirli\u011fi art\u0131r\u0131r. \u00dccretsiz numune ve tasar\u0131mlar i\u00e7in bug\u00fcn bize ula\u015f\u0131n.<\/p>","protected":false},"featured_media":4540,"comment_status":"open","ping_status":"closed","template":"","meta":[],"product_brand":[],"product_cat":[56],"product_tag":[],"class_list":{"0":"post-4526","1":"product","2":"type-product","3":"status-publish","4":"has-post-thumbnail","6":"product_cat-custom-pet-food-packaging","8":"first","9":"instock","10":"shipping-taxable","11":"product-type-simple"},"_links":{"self":[{"href":"https:\/\/www.hyflexpack.com\/tr\/wp-json\/wp\/v2\/product\/4526","targetHints":{"allow":["GET"]}}],"collection":[{"href":"https:\/\/www.hyflexpack.com\/tr\/wp-json\/wp\/v2\/product"}],"about":[{"href":"https:\/\/www.hyflexpack.com\/tr\/wp-json\/wp\/v2\/types\/product"}],"replies":[{"embeddable":true,"href":"https:\/\/www.hyflexpack.com\/tr\/wp-json\/wp\/v2\/comments?post=4526"}],"wp:featuredmedia":[{"embeddable":true,"href":"https:\/\/www.hyflexpack.com\/tr\/wp-json\/wp\/v2\/media\/4540"}],"wp:attachment":[{"href":"https:\/\/www.hyflexpack.com\/tr\/wp-json\/wp\/v2\/media?parent=4526"}],"wp:term":[{"taxonomy":"product_brand","embeddable":true,"href":"https:\/\/www.hyflexpack.com\/tr\/wp-json\/wp\/v2\/product_brand?post=4526"},{"taxonomy":"product_cat","embeddable":true,"href":"https:\/\/www.hyflexpack.com\/tr\/wp-json\/wp\/v2\/product_cat?post=4526"},{"taxonomy":"product_tag","embeddable":true,"href":"https:\/\/www.hyflexpack.com\/tr\/wp-json\/wp\/v2\/product_tag?post=4526"}],"curies":[{"name":"wp","href":"https:\/\/api.w.org\/{rel}","templated":true}]}}