{"id":4495,"date":"2024-06-14T08:38:35","date_gmt":"2024-06-14T08:38:35","guid":{"rendered":"https:\/\/www.hyflexpack.com\/?post_type=product&#038;p=4495"},"modified":"2024-06-14T08:38:38","modified_gmt":"2024-06-14T08:38:38","slug":"ozel-evcil-hayvan-mamasi-ambalaji","status":"publish","type":"product","link":"https:\/\/www.hyflexpack.com\/tr\/product\/custom-pet-food-packaging\/","title":{"rendered":"\u00d6zel Evcil Hayvan Mamas\u0131 Ambalaj \u00c7\u00f6z\u00fcmleri Fermuarl\u0131 Asma Delikli Kolay Y\u0131rt\u0131labilir Ayakta Kese"},"content":{"rendered":"<div class=\"wp-block-columns is-layout-flex wp-container-core-columns-is-layout-9d6595d7 wp-block-columns-is-layout-flex\">\n<div class=\"wp-block-column is-layout-flow wp-block-column-is-layout-flow\">\n<h3 class=\"wp-block-heading\">Y\u00fcksek Kaliteli Evcil Hayvan Mamas\u0131 Ambalaj\u0131n\u0131n \u00d6zellikleri<\/h3>\n\n\n\n<ul class=\"wp-block-list\">\n<li>Premium Malzeme: Evcil hayvan mamas\u0131n\u0131n tazeli\u011fini ve g\u00fcvenli\u011fini sa\u011flamak i\u00e7in PET, PE, al\u00fcminyum folyo vb. gibi y\u00fcksek bariyerli g\u0131da s\u0131n\u0131f\u0131 malzemeler kullan\u0131l\u0131r. Bu malzemeler, \u00fcr\u00fcnlerin raf \u00f6mr\u00fcn\u00fc etkili bir \u015fekilde uzatan ve evcil hayvanlar\u0131n sa\u011fl\u0131\u011f\u0131n\u0131 koruyan m\u00fckemmel nem ve oksidasyon direncine sahiptir.<\/li>\n\n\n\n<li>Asma Delikli Tasar\u0131m: Evcil hayvan mamas\u0131 paketi, ma\u011fazada as\u0131lmas\u0131 ve sergilenmesi kolay olan, \u00fcr\u00fcn\u00fcn g\u00f6r\u00fcn\u00fcrl\u00fc\u011f\u00fcn\u00fc ve \u00e7ekicili\u011fini art\u0131ran, t\u00fcketicilerin sat\u0131n almas\u0131n\u0131 kolayla\u015ft\u0131ran ve sat\u0131\u015f f\u0131rsatlar\u0131n\u0131 art\u0131ran Asma Deli\u011fi ile tasarlanm\u0131\u015ft\u0131r.<\/li>\n\n\n\n<li>Fermuar Kapatma: Dahili fermuar kapatma sadece iyi bir s\u0131zd\u0131rmazl\u0131k performans\u0131na sahip olmakla kalmaz, ayn\u0131 zamanda tekrar tekrar a\u00e7may\u0131 ve kapatmay\u0131 kolayla\u015ft\u0131rarak g\u0131dan\u0131n her kullan\u0131mdan sonra taze kalmas\u0131n\u0131 sa\u011flar ve t\u00fcketicilerin deneyimini geli\u015ftirir.<\/li>\n\n\n\n<li>Kolay Y\u0131rt\u0131labilir Tasar\u0131m: Easy Tear ile donat\u0131lan t\u00fcketiciler, paketi alet kullanmadan kolayca a\u00e7abilir, bu da kullan\u0131m kolayl\u0131\u011f\u0131n\u0131 art\u0131r\u0131r ve modern t\u00fcketicilerin h\u0131zl\u0131 talebini kar\u015f\u0131lar.<\/li>\n\n\n\n<li>Ayakl\u0131 Po\u015fet Tasar\u0131m\u0131: Ayakl\u0131 Kese yap\u0131s\u0131, \u00e7antan\u0131n rafta veya vitrinde s\u0131k\u0131ca durmas\u0131n\u0131 sa\u011flar, bu da sadece te\u015fhir alan\u0131ndan tasarruf etmekle kalmaz, ayn\u0131 zamanda \u00fcr\u00fcn\u00fcn daha temiz ve g\u00fczel g\u00f6r\u00fcnmesini sa\u011flayarak daha fazla dikkat \u00e7eker.<\/li>\n<\/ul>\n<\/div>\n\n\n\n<div class=\"wp-block-column is-layout-flow wp-block-column-is-layout-flow\">\n<figure class=\"wp-block-image size-full\"><img fetchpriority=\"high\" decoding=\"async\" width=\"750\" height=\"750\" src=\"https:\/\/www.hyflexpack.com\/wp-content\/uploads\/2024\/06\/Custom-Pet-Food-Packaging-6.webp\" alt=\"\u00d6zel Evcil Hayvan Mamas\u0131 Ambalajlar\u0131\" class=\"wp-image-4500\" srcset=\"https:\/\/www.hyflexpack.com\/wp-content\/uploads\/2024\/06\/Custom-Pet-Food-Packaging-6.webp 750w, https:\/\/www.hyflexpack.com\/wp-content\/uploads\/2024\/06\/Custom-Pet-Food-Packaging-6-300x300.webp 300w, https:\/\/www.hyflexpack.com\/wp-content\/uploads\/2024\/06\/Custom-Pet-Food-Packaging-6-150x150.webp 150w, https:\/\/www.hyflexpack.com\/wp-content\/uploads\/2024\/06\/Custom-Pet-Food-Packaging-6-12x12.webp 12w, https:\/\/www.hyflexpack.com\/wp-content\/uploads\/2024\/06\/Custom-Pet-Food-Packaging-6-285x285.webp 285w, https:\/\/www.hyflexpack.com\/wp-content\/uploads\/2024\/06\/Custom-Pet-Food-Packaging-6-270x270.webp 270w, https:\/\/www.hyflexpack.com\/wp-content\/uploads\/2024\/06\/Custom-Pet-Food-Packaging-6-540x540.webp 540w, https:\/\/www.hyflexpack.com\/wp-content\/uploads\/2024\/06\/Custom-Pet-Food-Packaging-6-660x660.webp 660w\" sizes=\"(max-width: 750px) 100vw, 750px\" \/><\/figure>\n<\/div>\n<\/div>","protected":false},"excerpt":{"rendered":"<p>\u00d6zel evcil hayvan mamas\u0131 paketleme \u00e7\u00f6z\u00fcmlerimiz, evcil hayvan maman\u0131z\u0131n tazeli\u011fini ve g\u00fcvenli\u011fini sa\u011flamak i\u00e7in y\u00fcksek bariyerli g\u0131da s\u0131n\u0131f\u0131 malzemeler kullan\u0131r. Asma delikleri kolay te\u015fhir i\u00e7in tasarlanm\u0131\u015ft\u0131r, dahili fermuar kapatma ve kolay y\u0131rtma kapatma kullan\u0131c\u0131 rahatl\u0131\u011f\u0131n\u0131 art\u0131r\u0131r ve dik duran po\u015fet yap\u0131s\u0131 sabit te\u015fhir sa\u011flar. Ambalaj \u00e7\u00f6z\u00fcmlerimizin \u00fccretsiz \u00f6rnekleri ve tasar\u0131mlar\u0131 i\u00e7in bizimle ileti\u015fime ge\u00e7in.<\/p>\n<h3>Evcil Hayvan Mamas\u0131 Paketleme Tedarik\u00e7isinin Avantajlar\u0131<\/h3>\n<ul>\n<li><strong>\u00d6zel Tasar\u0131m<\/strong>: M\u00fc\u015fterilerin ihtiya\u00e7lar\u0131n\u0131 kar\u015f\u0131lamak i\u00e7in \u00f6zelle\u015ftirilmi\u015f malzeme, boyut ve bask\u0131 deseni \u00f6zelle\u015ftirmesi sa\u011fl\u0131yoruz ve OEM ve ODM'yi destekliyoruz.<\/li>\n<li><strong>\u00dcretim<\/strong>: Geli\u015fmi\u015f ekipman ve teknoloji ile sipari\u015flerin \u00fcretimini y\u00fcksek verimlilik ve y\u00fcksek kalite ile tamamlayabilir ve zaman\u0131nda teslim edebiliriz.<\/li>\n<li><strong>Kalite Denetimi<\/strong>: \u00dcr\u00fcnlerin standartlar\u0131 kar\u015f\u0131lad\u0131\u011f\u0131ndan emin olmak i\u00e7in kalite standartlar\u0131n\u0131 ve g\u0131da g\u00fcvenli\u011fi gereksinimlerini s\u0131k\u0131 bir \u015fekilde takip edin.<\/li>\n<li><strong>Teknik Destek Ekibi<\/strong>: Ekibimiz zengin end\u00fcstri deneyimine ve profesyonel bilgiye sahiptir ve m\u00fc\u015fterilerimize teknik destek ve 24 saat dan\u0131\u015fmanl\u0131k hizmeti sa\u011flayabilir.<\/li>\n<li><strong>\u00dccretsiz \u00d6rnek<\/strong>: \u00dcr\u00fcnleri de\u011ferlendirmeniz i\u00e7in \u00fccretsiz numune hizmeti sa\u011flay\u0131n.<\/li>\n<\/ul>\n<p>Huiyang Packaging, m\u00fc\u015fterilerin \u00fcr\u00fcn imajlar\u0131n\u0131 geli\u015ftirmelerine ve pazar rekabet g\u00fcc\u00fcn\u00fc art\u0131rmalar\u0131na yard\u0131mc\u0131 olmak i\u00e7in m\u00fc\u015fterilere y\u00fcksek kaliteli ve \u00f6zel evcil hayvan mamas\u0131 ambalajlar\u0131 sa\u011flamay\u0131 taahh\u00fct eder.<\/p>","protected":false},"featured_media":4501,"comment_status":"open","ping_status":"closed","template":"","meta":[],"product_brand":[],"product_cat":[51],"product_tag":[],"class_list":{"0":"post-4495","1":"product","2":"type-product","3":"status-publish","4":"has-post-thumbnail","6":"product_cat-custom-food-packaging-bags","8":"first","9":"instock","10":"shipping-taxable","11":"product-type-simple"},"_links":{"self":[{"href":"https:\/\/www.hyflexpack.com\/tr\/wp-json\/wp\/v2\/product\/4495","targetHints":{"allow":["GET"]}}],"collection":[{"href":"https:\/\/www.hyflexpack.com\/tr\/wp-json\/wp\/v2\/product"}],"about":[{"href":"https:\/\/www.hyflexpack.com\/tr\/wp-json\/wp\/v2\/types\/product"}],"replies":[{"embeddable":true,"href":"https:\/\/www.hyflexpack.com\/tr\/wp-json\/wp\/v2\/comments?post=4495"}],"wp:featuredmedia":[{"embeddable":true,"href":"https:\/\/www.hyflexpack.com\/tr\/wp-json\/wp\/v2\/media\/4501"}],"wp:attachment":[{"href":"https:\/\/www.hyflexpack.com\/tr\/wp-json\/wp\/v2\/media?parent=4495"}],"wp:term":[{"taxonomy":"product_brand","embeddable":true,"href":"https:\/\/www.hyflexpack.com\/tr\/wp-json\/wp\/v2\/product_brand?post=4495"},{"taxonomy":"product_cat","embeddable":true,"href":"https:\/\/www.hyflexpack.com\/tr\/wp-json\/wp\/v2\/product_cat?post=4495"},{"taxonomy":"product_tag","embeddable":true,"href":"https:\/\/www.hyflexpack.com\/tr\/wp-json\/wp\/v2\/product_tag?post=4495"}],"curies":[{"name":"wp","href":"https:\/\/api.w.org\/{rel}","templated":true}]}}