{"id":4478,"date":"2024-06-14T07:34:21","date_gmt":"2024-06-14T07:34:21","guid":{"rendered":"https:\/\/www.hyflexpack.com\/?post_type=product&#038;p=4478"},"modified":"2025-03-14T07:00:18","modified_gmt":"2025-03-14T07:00:18","slug":"ozel-kahve-posetleri%cc%87","status":"publish","type":"product","link":"https:\/\/www.hyflexpack.com\/tr\/product\/custom-coffee-pouches\/","title":{"rendered":"\u00d6zel Kahve Torbalar\u0131 Valfli Fermuarl\u0131 Torbal\u0131 D\u00fcz Tabanl\u0131 Torba Fabrikas\u0131"},"content":{"rendered":"<div class=\"wp-block-columns is-layout-flex wp-container-core-columns-is-layout-9d6595d7 wp-block-columns-is-layout-flex\">\n<div class=\"wp-block-column is-layout-flow wp-block-column-is-layout-flow\">\n<h3 class=\"wp-block-heading\">Y\u00fcksek Kaliteli Kahve Torbalar\u0131 Toptan Sat\u0131\u015f\u0131n\u0131n \u00d6zellikleri<\/h3>\n\n\n\n<ul class=\"wp-block-list\">\n<li><strong>Premium Malzeme<\/strong>Kahve po\u015fetleri, kahvenin uzun s\u00fcre korunmas\u0131n\u0131 sa\u011flamak i\u00e7in al\u00fcminyum folyo, polietilen (PE), polyester (PET) vb. gibi y\u00fcksek bariyerli malzemelerden yap\u0131lm\u0131\u015ft\u0131r. \u00c7ok katmanl\u0131 kompozit yap\u0131, neme, oksidasyona ve UV \u0131\u015f\u0131nlar\u0131na kar\u015f\u0131 etkili bir \u015fekilde koruma sa\u011flayarak kahveyi d\u0131\u015f ortamdan korur.<\/li>\n<\/ul>\n\n\n\n<p><\/p>\n\n\n\n<ul class=\"wp-block-list\">\n<li><strong>D\u00fcz Tabanl\u0131 Kese Tasar\u0131m\u0131<\/strong>: D\u00fcz Tabanl\u0131 tasar\u0131m, \u00e7antan\u0131n sa\u011flam bir \u015fekilde durmas\u0131n\u0131 sa\u011flar, bu da sergileme ve depolama i\u00e7in uygundur ve t\u00fcketicilerin sat\u0131n almas\u0131 i\u00e7in uygun olan raf g\u00f6r\u00fcnt\u00fcleme etkisini art\u0131r\u0131r.<\/li>\n<\/ul>\n\n\n\n<p><\/p>\n\n\n\n<ul class=\"wp-block-list\">\n<li><strong>Tek Y\u00f6nl\u00fc Hava Menfezi<\/strong>: Tek y\u00f6nl\u00fc bir hava deli\u011fi (Valf) ile donat\u0131lm\u0131\u015f olup, kahve \u00e7ekirdeklerinden sal\u0131nan gaz\u0131 etkili bir \u015fekilde d\u0131\u015far\u0131 atabilir, torban\u0131n i\u00e7indeki hava bas\u0131nc\u0131n\u0131n artmas\u0131 nedeniyle torban\u0131n patlamas\u0131n\u0131 \u00f6nler ve kahvenin en iyi tazeli\u011fini korumak i\u00e7in d\u0131\u015far\u0131dan hava giri\u015fini \u00f6nler.<\/li>\n<\/ul>\n\n\n\n<p><\/p>\n\n\n\n<ul class=\"wp-block-list\">\n<li><strong>\u00c7evre Dostu Malzeme Se\u00e7enekleri<\/strong>: Ye\u015fil trend do\u011frultusunda \u00e7evre koruma ve s\u00fcrd\u00fcr\u00fclebilir kalk\u0131nma ihtiya\u00e7lar\u0131n\u0131 kar\u015f\u0131lamak i\u00e7in biyolojik olarak par\u00e7alanabilir ve geri d\u00f6n\u00fc\u015ft\u00fcr\u00fclebilir malzemeler gibi \u00e7evre dostu malzeme se\u00e7enekleri mevcuttur.<\/li>\n<\/ul>\n<\/div>\n\n\n\n<div class=\"wp-block-column is-layout-flow wp-block-column-is-layout-flow\">\n<figure class=\"wp-block-image size-full\"><img fetchpriority=\"high\" decoding=\"async\" width=\"750\" height=\"750\" src=\"https:\/\/www.hyflexpack.com\/wp-content\/uploads\/2024\/06\/Custom-Coffee-Pouches-Quad-Seal-Pouch-3-1.webp\" alt=\"\u00d6zel Kahve Torbalar\u0131 D\u00f6rtl\u00fc M\u00fch\u00fcrl\u00fc Torba\" class=\"wp-image-4492\" srcset=\"https:\/\/www.hyflexpack.com\/wp-content\/uploads\/2024\/06\/Custom-Coffee-Pouches-Quad-Seal-Pouch-3-1.webp 750w, https:\/\/www.hyflexpack.com\/wp-content\/uploads\/2024\/06\/Custom-Coffee-Pouches-Quad-Seal-Pouch-3-1-300x300.webp 300w, https:\/\/www.hyflexpack.com\/wp-content\/uploads\/2024\/06\/Custom-Coffee-Pouches-Quad-Seal-Pouch-3-1-150x150.webp 150w, https:\/\/www.hyflexpack.com\/wp-content\/uploads\/2024\/06\/Custom-Coffee-Pouches-Quad-Seal-Pouch-3-1-12x12.webp 12w, https:\/\/www.hyflexpack.com\/wp-content\/uploads\/2024\/06\/Custom-Coffee-Pouches-Quad-Seal-Pouch-3-1-285x285.webp 285w, https:\/\/www.hyflexpack.com\/wp-content\/uploads\/2024\/06\/Custom-Coffee-Pouches-Quad-Seal-Pouch-3-1-270x270.webp 270w, https:\/\/www.hyflexpack.com\/wp-content\/uploads\/2024\/06\/Custom-Coffee-Pouches-Quad-Seal-Pouch-3-1-540x540.webp 540w, https:\/\/www.hyflexpack.com\/wp-content\/uploads\/2024\/06\/Custom-Coffee-Pouches-Quad-Seal-Pouch-3-1-660x660.webp 660w\" sizes=\"(max-width: 750px) 100vw, 750px\" \/><\/figure>\n<\/div>\n<\/div>\n\n\n\n<p><\/p>","protected":false},"excerpt":{"rendered":"<p>Kahve po\u015fetlerimiz, uzun s\u00fcreli kahve tazeli\u011fi sa\u011flamak i\u00e7in y\u00fcksek bariyerli malzemeden \u00fcretilmi\u015ftir. D\u00fcz tabanl\u0131 tasar\u0131m, torbalar\u0131n g\u00fcc\u00fcn\u00fc ve sunumunu art\u0131r\u0131r ve markan\u0131z\u0131 geli\u015ftirmeye yard\u0131mc\u0131 olmak i\u00e7in \u00e7evre dostu malzeme se\u00e7enekleri ve \u00e7e\u015fitli \u00f6zelle\u015ftirme hizmetleri sunuyoruz. Kaliteyi ve rekabet g\u00fcc\u00fcn\u00fc garanti etmek i\u00e7in kahve po\u015fetlerimizi se\u00e7in.<\/p>\n<h3>Kahve Torbalar\u0131 Tedarik\u00e7isinin Avantajlar\u0131<\/h3>\n<ul>\n<li><strong>\u00d6zel Tasar\u0131m<\/strong>: M\u00fc\u015fterilerin ihtiya\u00e7lar\u0131n\u0131 kar\u015f\u0131lamak i\u00e7in malzeme, boyut ve bask\u0131 deseni \u00f6zelle\u015ftirmesi dahil olmak \u00fczere \u00f6zelle\u015ftirilmi\u015f tasar\u0131m kahve paketleme po\u015fetleri hizmeti sa\u011fl\u0131yoruz ve OEM ve ODM'yi destekliyoruz.<\/li>\n<li><strong>\u00dcretim<\/strong>: Geli\u015fmi\u015f ekipman ve teknoloji ile sipari\u015flerin \u00fcretimini y\u00fcksek verimlilik ve y\u00fcksek kalite ile tamamlayabilir ve zaman\u0131nda teslim edebiliriz.<\/li>\n<li><strong>Kalite Denetimi<\/strong>: \u00dcr\u00fcnlerin standartlar\u0131 kar\u015f\u0131lad\u0131\u011f\u0131ndan emin olmak i\u00e7in kalite standartlar\u0131n\u0131 ve g\u0131da g\u00fcvenli\u011fi gereksinimlerini s\u0131k\u0131 bir \u015fekilde takip edin.<\/li>\n<li><strong>Teknik Destek Ekibi<\/strong>: Ekibimiz zengin end\u00fcstri deneyimine ve profesyonel bilgiye sahiptir ve m\u00fc\u015fterilerimize teknik destek ve 24 saat dan\u0131\u015fmanl\u0131k hizmeti sa\u011flayabilir.<\/li>\n<li><strong>\u00dccretsiz \u00d6rnek<\/strong>: \u00dcr\u00fcnleri de\u011ferlendirmeniz i\u00e7in \u00fccretsiz numune hizmeti sa\u011flay\u0131n.<\/li>\n<\/ul>\n<p><strong>Huiyang Ambalaj<\/strong> m\u00fc\u015fterilerin \u00fcr\u00fcn imajlar\u0131n\u0131 iyile\u015ftirmelerine ve pazar rekabet g\u00fcc\u00fcn\u00fc art\u0131rmalar\u0131na yard\u0131mc\u0131 olmak i\u00e7in m\u00fc\u015fterilere y\u00fcksek kaliteli ve \u00f6zel kahve po\u015fetleri sa\u011flamay\u0131 taahh\u00fct eder.<\/p>","protected":false},"featured_media":4493,"comment_status":"open","ping_status":"closed","template":"","meta":[],"product_brand":[],"product_cat":[55],"product_tag":[],"class_list":{"0":"post-4478","1":"product","2":"type-product","3":"status-publish","4":"has-post-thumbnail","6":"product_cat-custom-coffee-packaging","8":"first","9":"instock","10":"shipping-taxable","11":"product-type-simple"},"_links":{"self":[{"href":"https:\/\/www.hyflexpack.com\/tr\/wp-json\/wp\/v2\/product\/4478","targetHints":{"allow":["GET"]}}],"collection":[{"href":"https:\/\/www.hyflexpack.com\/tr\/wp-json\/wp\/v2\/product"}],"about":[{"href":"https:\/\/www.hyflexpack.com\/tr\/wp-json\/wp\/v2\/types\/product"}],"replies":[{"embeddable":true,"href":"https:\/\/www.hyflexpack.com\/tr\/wp-json\/wp\/v2\/comments?post=4478"}],"wp:featuredmedia":[{"embeddable":true,"href":"https:\/\/www.hyflexpack.com\/tr\/wp-json\/wp\/v2\/media\/4493"}],"wp:attachment":[{"href":"https:\/\/www.hyflexpack.com\/tr\/wp-json\/wp\/v2\/media?parent=4478"}],"wp:term":[{"taxonomy":"product_brand","embeddable":true,"href":"https:\/\/www.hyflexpack.com\/tr\/wp-json\/wp\/v2\/product_brand?post=4478"},{"taxonomy":"product_cat","embeddable":true,"href":"https:\/\/www.hyflexpack.com\/tr\/wp-json\/wp\/v2\/product_cat?post=4478"},{"taxonomy":"product_tag","embeddable":true,"href":"https:\/\/www.hyflexpack.com\/tr\/wp-json\/wp\/v2\/product_tag?post=4478"}],"curies":[{"name":"wp","href":"https:\/\/api.w.org\/{rel}","templated":true}]}}