{"id":4461,"date":"2024-06-07T02:55:42","date_gmt":"2024-06-07T02:55:42","guid":{"rendered":"https:\/\/www.hyflexpack.com\/?post_type=product&#038;p=4461"},"modified":"2024-11-10T17:05:05","modified_gmt":"2024-11-10T17:05:05","slug":"custom-cold-seal-film-aluminum-foil","status":"publish","type":"product","link":"https:\/\/www.hyflexpack.com\/tr\/product\/custom-cold-seal-film-aluminum-foil\/","title":{"rendered":"\u00d6zel So\u011fuk M\u00fch\u00fcr Filmi Al\u00fcminyum Folyo Somun Ambalaj\u0131 Metalize So\u011fuk M\u00fch\u00fcr Rulo Filmi"},"content":{"rendered":"<div class=\"wp-block-columns is-layout-flex wp-container-core-columns-is-layout-9d6595d7 wp-block-columns-is-layout-flex\">\n<div class=\"wp-block-column is-layout-flow wp-block-column-is-layout-flow\">\n<h3 class=\"wp-block-heading\">Features of High Quality Cold Seal Film Aluminum Foil<\/h3>\n\n\n\n<ul class=\"wp-block-list\">\n<li><strong>Excellent Cold Seal Performance<\/strong>: Cold seal refers to the fact that films for sealing do not need any heat but instead just need pressure to effectively seal various applications in packaging.<\/li>\n<\/ul>\n\n\n\n<p><\/p>\n\n\n\n<ul class=\"wp-block-list\">\n<li><strong>Premium Aluminum Foil Layer<\/strong>: The aluminum foil layer provides an excellent barrier against oxygen, moisture, and light, maintaining the freshness and taste of nuts.<\/li>\n<\/ul>\n\n\n\n<p><\/p>\n\n\n\n<ul class=\"wp-block-list\">\n<li>The metallic coating increases the package&#8217;s strength and rigidity. This enhances its appearance, making it more attractive and giving it a premium feel.<\/li>\n<\/ul>\n\n\n\n<p><\/p>\n\n\n\n<ul class=\"wp-block-list\">\n<li><strong>Y\u00fcksek Bariyer Performans\u0131<\/strong>: Thanks to a multi-layer composite material design, excellent barrier performance protects the product against outside factors, therefore extending the product&#8217;s shelf life.<\/li>\n<\/ul>\n\n\n\n<p><\/p>\n\n\n\n<ul class=\"wp-block-list\">\n<li><strong>Green Building Material<\/strong>: Use internationally recognized environmentally friendly material, nonpoisonous and harmless, to achieve the purpose of sustainable development.<\/li>\n<\/ul>\n<\/div>\n\n\n\n<div class=\"wp-block-column is-layout-flow wp-block-column-is-layout-flow\">\n<figure class=\"wp-block-image size-full\"><img fetchpriority=\"high\" decoding=\"async\" width=\"750\" height=\"750\" src=\"https:\/\/www.hyflexpack.com\/wp-content\/uploads\/2024\/06\/Custom-Cold-Seal-Film-4.webp\" alt=\"\u00d6zel So\u011fuk M\u00fch\u00fcr Filmi\" class=\"wp-image-4465\" srcset=\"https:\/\/www.hyflexpack.com\/wp-content\/uploads\/2024\/06\/Custom-Cold-Seal-Film-4.webp 750w, https:\/\/www.hyflexpack.com\/wp-content\/uploads\/2024\/06\/Custom-Cold-Seal-Film-4-300x300.webp 300w, https:\/\/www.hyflexpack.com\/wp-content\/uploads\/2024\/06\/Custom-Cold-Seal-Film-4-150x150.webp 150w, https:\/\/www.hyflexpack.com\/wp-content\/uploads\/2024\/06\/Custom-Cold-Seal-Film-4-12x12.webp 12w, https:\/\/www.hyflexpack.com\/wp-content\/uploads\/2024\/06\/Custom-Cold-Seal-Film-4-285x285.webp 285w, https:\/\/www.hyflexpack.com\/wp-content\/uploads\/2024\/06\/Custom-Cold-Seal-Film-4-270x270.webp 270w, https:\/\/www.hyflexpack.com\/wp-content\/uploads\/2024\/06\/Custom-Cold-Seal-Film-4-540x540.webp 540w, https:\/\/www.hyflexpack.com\/wp-content\/uploads\/2024\/06\/Custom-Cold-Seal-Film-4-660x660.webp 660w\" sizes=\"(max-width: 750px) 100vw, 750px\" \/><\/figure>\n<\/div>\n<\/div>","protected":false},"excerpt":{"rendered":"<p>Explore our customized cold seal film packages with superior cold seal performance and premium aluminum foil layer, providing excellent barrier properties to ensure the freshness and taste of nuts. It supports environmentally friendly materials and OEM\/ODM personalized customization services, which are ideal for high-quality packaging. Welcome to inquire anytime!<\/p>\n<h3>Advantages of<span style=\"color: #00ccff;\"><a href=\"https:\/\/www.hyflexpack.com\/tr\/cold-seal-film-the-silent-guardian-of-the-packaging-world\/\"> So\u011fuk M\u00fch\u00fcr Film<\/a> <\/span>Tedarik\u00e7i<\/h3>\n<ul>\n<li><strong>\u00d6zel Tasar\u0131m<\/strong>: We provide customized design coffee package service, including material, size, and printing pattern customization to meet customers\u2019 needs, and support OEM and ODM.<\/li>\n<li><strong>\u00dcretim<\/strong>: Geli\u015fmi\u015f ekipman ve teknoloji ile sipari\u015fleri y\u00fcksek verimlilik ve kalitede \u00fcretebiliyor ve zaman\u0131nda teslim edebiliyoruz.<\/li>\n<li><strong>Kalite Denetimi<\/strong>: \u00dcr\u00fcnlerimizin standartlar\u0131 kar\u015f\u0131lad\u0131\u011f\u0131ndan emin olmak i\u00e7in kalite standartlar\u0131na ve g\u0131da g\u00fcvenli\u011fi gerekliliklerine kesinlikle uyuyoruz.<\/li>\n<li><strong>Teknik Destek Ekibi<\/strong>: Ekibimiz, m\u00fc\u015fterilerimize teknik destek ve 24 saat dan\u0131\u015fmanl\u0131k hizmetleri sunmak i\u00e7in zengin end\u00fcstri deneyimine ve profesyonel bilgiye sahiptir.<\/li>\n<li><strong>\u00dccretsiz \u00d6rnekler<\/strong>: \u00dcr\u00fcnlerimizi de\u011ferlendirmeniz i\u00e7in \u00fccretsiz numune sa\u011fl\u0131yoruz.<\/li>\n<\/ul>\n<p><a href=\"https:\/\/www.hyflexpack.com\/tr\/\"><strong>Huiyang Ambalaj<\/strong><\/a> is committed to providing customers with high-quality and custom cold seal film packages to help customers improve their product image and enhance market competitiveness.<\/p>","protected":false},"featured_media":4463,"comment_status":"open","ping_status":"closed","template":"","meta":[],"product_brand":[],"product_cat":[53],"product_tag":[],"class_list":{"0":"post-4461","1":"product","2":"type-product","3":"status-publish","4":"has-post-thumbnail","6":"product_cat-packaging-film-supplier","8":"first","9":"instock","10":"shipping-taxable","11":"product-type-simple"},"_links":{"self":[{"href":"https:\/\/www.hyflexpack.com\/tr\/wp-json\/wp\/v2\/product\/4461","targetHints":{"allow":["GET"]}}],"collection":[{"href":"https:\/\/www.hyflexpack.com\/tr\/wp-json\/wp\/v2\/product"}],"about":[{"href":"https:\/\/www.hyflexpack.com\/tr\/wp-json\/wp\/v2\/types\/product"}],"replies":[{"embeddable":true,"href":"https:\/\/www.hyflexpack.com\/tr\/wp-json\/wp\/v2\/comments?post=4461"}],"wp:featuredmedia":[{"embeddable":true,"href":"https:\/\/www.hyflexpack.com\/tr\/wp-json\/wp\/v2\/media\/4463"}],"wp:attachment":[{"href":"https:\/\/www.hyflexpack.com\/tr\/wp-json\/wp\/v2\/media?parent=4461"}],"wp:term":[{"taxonomy":"product_brand","embeddable":true,"href":"https:\/\/www.hyflexpack.com\/tr\/wp-json\/wp\/v2\/product_brand?post=4461"},{"taxonomy":"product_cat","embeddable":true,"href":"https:\/\/www.hyflexpack.com\/tr\/wp-json\/wp\/v2\/product_cat?post=4461"},{"taxonomy":"product_tag","embeddable":true,"href":"https:\/\/www.hyflexpack.com\/tr\/wp-json\/wp\/v2\/product_tag?post=4461"}],"curies":[{"name":"wp","href":"https:\/\/api.w.org\/{rel}","templated":true}]}}