{"id":4453,"date":"2024-06-07T02:32:49","date_gmt":"2024-06-07T02:32:49","guid":{"rendered":"https:\/\/www.hyflexpack.com\/?post_type=product&#038;p=4453"},"modified":"2025-11-04T09:22:10","modified_gmt":"2025-11-04T09:22:10","slug":"soguk-muhur-fi%cc%87lm-cozumleri%cc%87","status":"publish","type":"product","link":"https:\/\/www.hyflexpack.com\/tr\/product\/cold-seal-film-solutions\/","title":{"rendered":"UV Kaplama So\u011fuk M\u00fch\u00fcr Film \u00c7\u00f6z\u00fcmleri Y\u00fcksek Bariyerli Shrink Wrap Plastik Film\u00a0"},"content":{"rendered":"<div class=\"wp-block-columns is-layout-flex wp-container-core-columns-is-layout-9d6595d7 wp-block-columns-is-layout-flex\">\n<div class=\"wp-block-column is-layout-flow wp-block-column-is-layout-flow\">\n<h3 class=\"wp-block-heading\">Y\u00fcksek Kaliteli UV Kaplama So\u011fuk M\u00fch\u00fcr Filminin \u00d6zellikleri<\/h3>\n\n\n\n<ul class=\"wp-block-list\">\n<li>\u00dcst\u00fcn UV Kaplama \u0130\u015flemi: Cold Seal filmler, filmin a\u015f\u0131nma direncini ve parlakl\u0131\u011f\u0131n\u0131 art\u0131rmak i\u00e7in geli\u015fmi\u015f UV kaplama teknolojisinden yararlanarak daha iyi g\u00f6rsel efektler ve koruyucu \u00f6zellikler sa\u011flar.<\/li>\n<\/ul>\n\n\n\n<p><\/p>\n\n\n\n<ul class=\"wp-block-list\">\n<li>Verimli So\u011fuk M\u00fch\u00fcr: Is\u0131tmadan s\u0131zd\u0131rmazl\u0131k sa\u011flar, kullan\u0131m\u0131 kolayd\u0131r, s\u0131k\u0131 s\u0131zd\u0131rmazl\u0131k sa\u011flamak i\u00e7in sadece bas\u0131n\u00e7 uygulamak gerekir, \u00e7e\u015fitli ambalaj uygulamalar\u0131 i\u00e7in uygundur.<\/li>\n<\/ul>\n\n\n\n<p><\/p>\n\n\n\n<ul class=\"wp-block-list\">\n<li>Y\u00fcksek Bariyer Performans\u0131: Y\u00fcksek kaliteli malzemeler, \u00fcr\u00fcn tazeli\u011fini ve kalitesini korumak i\u00e7in oksijen, nem vb. giri\u015fini etkili bir \u015fekilde \u00f6nleyerek m\u00fckemmel bariyer performans\u0131 sa\u011flar.<\/li>\n<\/ul>\n\n\n\n<p><\/p>\n\n\n\n<ul class=\"wp-block-list\">\n<li>OEM\/ODM Hizmeti: M\u00fc\u015fterilerin benzersiz ihtiya\u00e7lar\u0131n\u0131 kar\u015f\u0131lamak ve marka tasar\u0131m\u0131n\u0131 ve pazar konumland\u0131rmas\u0131n\u0131 desteklemek i\u00e7in ki\u015fiselle\u015ftirilmi\u015f ve \u00f6zelle\u015ftirilmi\u015f hizmet sa\u011flay\u0131n.<\/li>\n<\/ul>\n\n\n\n<p><\/p>\n\n\n\n<ul class=\"wp-block-list\">\n<li>\u00c7evre Dostu Malzemeler: Uluslararas\u0131 standartlar\u0131 kar\u015f\u0131layan, g\u00fcvenli ve toksik olmayan ve s\u00fcrd\u00fcr\u00fclebilir kalk\u0131nma hedefine katk\u0131da bulunan \u00e7evre dostu malzemeler kullan\u0131n.<\/li>\n<\/ul>\n<\/div>\n\n\n\n<div class=\"wp-block-column is-layout-flow wp-block-column-is-layout-flow\">\n<figure class=\"wp-block-image size-full\"><img fetchpriority=\"high\" decoding=\"async\" width=\"750\" height=\"750\" src=\"https:\/\/www.hyflexpack.com\/wp-content\/uploads\/2024\/06\/wholesale-Cold-Seal-Film-OEMODM-3.webp\" alt=\"toptan So\u011fuk M\u00fch\u00fcr Filmi OEMODM\" class=\"wp-image-4456\" srcset=\"https:\/\/www.hyflexpack.com\/wp-content\/uploads\/2024\/06\/wholesale-Cold-Seal-Film-OEMODM-3.webp 750w, https:\/\/www.hyflexpack.com\/wp-content\/uploads\/2024\/06\/wholesale-Cold-Seal-Film-OEMODM-3-300x300.webp 300w, https:\/\/www.hyflexpack.com\/wp-content\/uploads\/2024\/06\/wholesale-Cold-Seal-Film-OEMODM-3-150x150.webp 150w, https:\/\/www.hyflexpack.com\/wp-content\/uploads\/2024\/06\/wholesale-Cold-Seal-Film-OEMODM-3-12x12.webp 12w, https:\/\/www.hyflexpack.com\/wp-content\/uploads\/2024\/06\/wholesale-Cold-Seal-Film-OEMODM-3-285x285.webp 285w, https:\/\/www.hyflexpack.com\/wp-content\/uploads\/2024\/06\/wholesale-Cold-Seal-Film-OEMODM-3-270x270.webp 270w, https:\/\/www.hyflexpack.com\/wp-content\/uploads\/2024\/06\/wholesale-Cold-Seal-Film-OEMODM-3-540x540.webp 540w, https:\/\/www.hyflexpack.com\/wp-content\/uploads\/2024\/06\/wholesale-Cold-Seal-Film-OEMODM-3-660x660.webp 660w\" sizes=\"(max-width: 750px) 100vw, 750px\" \/><\/figure>\n<\/div>\n<\/div>","protected":false},"excerpt":{"rendered":"<p>UV kaplamal\u0131 so\u011fuk yap\u0131\u015ft\u0131rma filmlerimiz m\u00fckemmel a\u015f\u0131nma direnci ve parlakl\u0131k sunar ve verimli yap\u0131\u015ft\u0131rma i\u00e7in \u0131s\u0131 gerektirmez, bu da onlar\u0131 \u00e7ok \u00e7e\u015fitli ambalaj uygulamalar\u0131 i\u00e7in uygun hale getirir. OEM\/ODM ki\u015fiselle\u015ftirilmi\u015f \u00f6zelle\u015ftirme hizmetlerini destekleyen ve g\u00fcvenli ve toksik olmayan \u00e7evre dostu malzemeler kullanan bu filmler, y\u00fcksek kalite i\u00e7in idealdir.<\/p>\n<h3>UV Kaplama So\u011fuk M\u00fch\u00fcr Film Tedarik\u00e7isinin Avantajlar\u0131<\/h3>\n<ul>\n<li><strong>\u00d6zel Tasar\u0131m<\/strong>: M\u00fc\u015fterilerin ihtiya\u00e7lar\u0131n\u0131 kar\u015f\u0131lamak i\u00e7in OEM ve ODM'yi destekleyen malzeme, boyut ve bask\u0131 deseni \u00f6zelle\u015ftirmesi dahil olmak \u00fczere \u00f6zelle\u015ftirilmi\u015f tasar\u0131m \u00e7ay po\u015fetleri hizmeti sunuyoruz.<\/li>\n<li><strong>Rekabet Avantaj\u0131<\/strong>: Bu \u00e7ay po\u015fetleri, \u00e7ok i\u015flevli tasar\u0131mlar\u0131 (kendinden s\u0131zd\u0131rmaz ve metal telli kapatma gibi) ve y\u00fcksek kaliteli bask\u0131lar\u0131 sayesinde \u00fcr\u00fcnlerin pazardaki rekabet g\u00fcc\u00fcn\u00fc \u00f6nemli \u00f6l\u00e7\u00fcde art\u0131rabilir.<\/li>\n<li><strong>\u00c7evre Dostu Malzemeler<\/strong>: Biyolojik olarak par\u00e7alanabilen veya geri d\u00f6n\u00fc\u015ft\u00fcr\u00fclebilen kompozit malzemeler gibi \u00e7evre dostu malzemelerin kullan\u0131lmas\u0131. Bu, t\u00fcketicilerin \u00e7evresel ihtiya\u00e7lar\u0131n\u0131 kar\u015f\u0131lar ve \u015firketlerin ye\u015fil bir marka imaj\u0131 olu\u015fturmas\u0131na yard\u0131mc\u0131 olur.<\/li>\n<li><strong>\u00dcretim Verimlili\u011fi<\/strong>: Modern \u00fcretim ekipmanlar\u0131 ve teknikleri \u00fcretim verimlili\u011fini art\u0131rabilir, birim maliyetleri azaltabilir ve y\u00fcksek kaliteli \u00fcr\u00fcnlerin tutarl\u0131 bir \u015fekilde tedarik edilmesini sa\u011flayabilir.<\/li>\n<li><strong>\u00dccretsiz \u00d6rnek<\/strong>: \u00dcr\u00fcnleri de\u011ferlendirebilmeniz i\u00e7in \u00fccretsiz numune hizmeti verilmektedir.<\/li>\n<\/ul>\n<p>Huiyang Packaging, m\u00fc\u015fterilerin \u00fcr\u00fcn imajlar\u0131n\u0131 ve \u00e7evre koruma ihtiya\u00e7lar\u0131n\u0131 iyile\u015ftirmelerine ve pazar rekabet g\u00fcc\u00fcn\u00fc art\u0131rmalar\u0131na yard\u0131mc\u0131 olmak i\u00e7in m\u00fc\u015fterilere y\u00fcksek kaliteli, \u00f6zel so\u011fuk m\u00fch\u00fcr filmi sa\u011flamay\u0131 taahh\u00fct eder.<\/p>","protected":false},"featured_media":4455,"comment_status":"open","ping_status":"closed","template":"","meta":[],"product_brand":[],"product_cat":[53,86],"product_tag":[],"class_list":{"0":"post-4453","1":"product","2":"type-product","3":"status-publish","4":"has-post-thumbnail","6":"product_cat-packaging-film-supplier","7":"product_cat-cold-seal-film","9":"first","10":"instock","11":"shipping-taxable","12":"product-type-simple"},"_links":{"self":[{"href":"https:\/\/www.hyflexpack.com\/tr\/wp-json\/wp\/v2\/product\/4453","targetHints":{"allow":["GET"]}}],"collection":[{"href":"https:\/\/www.hyflexpack.com\/tr\/wp-json\/wp\/v2\/product"}],"about":[{"href":"https:\/\/www.hyflexpack.com\/tr\/wp-json\/wp\/v2\/types\/product"}],"replies":[{"embeddable":true,"href":"https:\/\/www.hyflexpack.com\/tr\/wp-json\/wp\/v2\/comments?post=4453"}],"wp:featuredmedia":[{"embeddable":true,"href":"https:\/\/www.hyflexpack.com\/tr\/wp-json\/wp\/v2\/media\/4455"}],"wp:attachment":[{"href":"https:\/\/www.hyflexpack.com\/tr\/wp-json\/wp\/v2\/media?parent=4453"}],"wp:term":[{"taxonomy":"product_brand","embeddable":true,"href":"https:\/\/www.hyflexpack.com\/tr\/wp-json\/wp\/v2\/product_brand?post=4453"},{"taxonomy":"product_cat","embeddable":true,"href":"https:\/\/www.hyflexpack.com\/tr\/wp-json\/wp\/v2\/product_cat?post=4453"},{"taxonomy":"product_tag","embeddable":true,"href":"https:\/\/www.hyflexpack.com\/tr\/wp-json\/wp\/v2\/product_tag?post=4453"}],"curies":[{"name":"wp","href":"https:\/\/api.w.org\/{rel}","templated":true}]}}