{"id":4437,"date":"2024-06-06T04:04:49","date_gmt":"2024-06-06T04:04:49","guid":{"rendered":"https:\/\/www.hyflexpack.com\/?post_type=product&#038;p=4437"},"modified":"2024-06-06T06:06:29","modified_gmt":"2024-06-06T06:06:29","slug":"custom-printed-roll-stock-film","status":"publish","type":"product","link":"https:\/\/www.hyflexpack.com\/tr\/product\/custom-printed-roll-stock-film\/","title":{"rendered":"\u015eeker Paketleme Lolipop Po\u015feti i\u00e7in \u00d6zel Bask\u0131l\u0131 Rulo Stok Filmler"},"content":{"rendered":"<div class=\"wp-block-columns is-layout-flex wp-container-core-columns-is-layout-9d6595d7 wp-block-columns-is-layout-flex\">\n<div class=\"wp-block-column is-layout-flow wp-block-column-is-layout-flow\">\n<h3 class=\"wp-block-heading\">Y\u00fcksek Kaliteli Bask\u0131l\u0131 Rulo Stok Filmlerin \u00d6zellikleri<\/h3>\n\n\n\n<ul class=\"wp-block-list\">\n<li>Y\u00fcksek Kaliteli Bask\u0131: \u00f6zel bask\u0131l\u0131 rulo stok filmi, marka imaj\u0131n\u0131 geli\u015ftirmek i\u00e7in parlak renkler ve net desenlerle en geli\u015fmi\u015f bask\u0131 teknolojisini benimser.<\/li>\n<\/ul>\n\n\n\n<p><\/p>\n\n\n\n<ul class=\"wp-block-list\">\n<li>M\u00fckemmel Koruma: Y\u00fcksek kaliteli lamine malzemeler, \u015fekerin nakliye ve depolama s\u0131ras\u0131nda taze kalmas\u0131n\u0131 sa\u011flamak i\u00e7in m\u00fckemmel nem, toz ve UV korumas\u0131 sa\u011flar.<\/li>\n<\/ul>\n\n\n\n<p><\/p>\n\n\n\n<ul class=\"wp-block-list\">\n<li>Y\u00fcksek Verimli Otomasyon: \u00c7e\u015fitli otomatik paketleme makineleri i\u00e7in uygun olacak \u015fekilde tasarlanan bu \u00fcr\u00fcn, \u00fcretim verimlili\u011fini \u00f6nemli \u00f6l\u00e7\u00fcde art\u0131r\u0131r, manuel i\u015flemleri azalt\u0131r, \u00fcretim maliyetlerinden tasarruf sa\u011flar ve genel \u00fcretim verimlili\u011fini art\u0131r\u0131r.<\/li>\n<\/ul>\n\n\n\n<p><\/p>\n\n\n\n<ul class=\"wp-block-list\">\n<li>\u00c7evre Dostu Malzemeler: Uluslararas\u0131 standartlara uygun, g\u00fcvenli ve toksik olmayan \u00e7evre dostu malzemelerin kullan\u0131lmas\u0131, \u00fcr\u00fcn ambalaj\u0131n\u0131n t\u00fcketicilere ve \u00e7evreye dost olmas\u0131n\u0131 sa\u011flar ve s\u00fcrd\u00fcr\u00fclebilir kalk\u0131nmaya katk\u0131da bulunur.<\/li>\n<\/ul>\n<\/div>\n\n\n\n<div class=\"wp-block-column is-layout-flow wp-block-column-is-layout-flow\">\n<figure class=\"wp-block-image size-full\"><img fetchpriority=\"high\" decoding=\"async\" width=\"750\" height=\"750\" src=\"https:\/\/www.hyflexpack.com\/wp-content\/uploads\/2024\/06\/Custom-Printed-Roll-Stock-14.webp\" alt=\"\u00d6zel Bask\u0131l\u0131 Rulo Stoku \" class=\"wp-image-4446\" srcset=\"https:\/\/www.hyflexpack.com\/wp-content\/uploads\/2024\/06\/Custom-Printed-Roll-Stock-14.webp 750w, https:\/\/www.hyflexpack.com\/wp-content\/uploads\/2024\/06\/Custom-Printed-Roll-Stock-14-300x300.webp 300w, https:\/\/www.hyflexpack.com\/wp-content\/uploads\/2024\/06\/Custom-Printed-Roll-Stock-14-150x150.webp 150w, https:\/\/www.hyflexpack.com\/wp-content\/uploads\/2024\/06\/Custom-Printed-Roll-Stock-14-12x12.webp 12w, https:\/\/www.hyflexpack.com\/wp-content\/uploads\/2024\/06\/Custom-Printed-Roll-Stock-14-285x285.webp 285w, https:\/\/www.hyflexpack.com\/wp-content\/uploads\/2024\/06\/Custom-Printed-Roll-Stock-14-270x270.webp 270w, https:\/\/www.hyflexpack.com\/wp-content\/uploads\/2024\/06\/Custom-Printed-Roll-Stock-14-540x540.webp 540w, https:\/\/www.hyflexpack.com\/wp-content\/uploads\/2024\/06\/Custom-Printed-Roll-Stock-14-660x660.webp 660w\" sizes=\"(max-width: 750px) 100vw, 750px\" \/><\/figure>\n<\/div>\n<\/div>","protected":false},"excerpt":{"rendered":"<p>\u015eeker ambalajlar\u0131 ve lolipop po\u015fetleri i\u00e7in tasarlanm\u0131\u015f, \u00fcst\u00fcn koruma sa\u011flayan ve \u015fekeri taze tutan birinci s\u0131n\u0131f malzemelere sahip \u00f6zel bask\u0131l\u0131 rulo stok film hakk\u0131nda bilgi edinin. \u00c7e\u015fitli otomatik paketleme makineleri ile uyumludur, verimli otomatik \u00fcretim ger\u00e7ekle\u015ftirir ve maliyet tasarrufu sa\u011flar. En iyi paketleme \u00e7\u00f6z\u00fcm\u00fcn\u00fcz i\u00e7in bizi se\u00e7in.<\/p>\n<h3>Bask\u0131l\u0131 Rulo Stok Film Tedarik\u00e7isinin Avantajlar\u0131<\/h3>\n<ul>\n<li><strong>\u00d6zel Tasar\u0131m<\/strong>: M\u00fc\u015fteri ihtiya\u00e7lar\u0131na g\u00f6re farkl\u0131 \u00f6zellikler, boyutlar ve bask\u0131 desenleri ile ki\u015fiselle\u015ftirilmi\u015f tasar\u0131m \u00e7\u00f6z\u00fcmleri ve \u00f6zelle\u015ftirilmi\u015f ambalajlar sa\u011flay\u0131n.<\/li>\n<li><strong>Kalite G\u00fcvence<\/strong>: \u00dcretim s\u00fcrecini s\u0131k\u0131 bir \u015fekilde kontrol edin ve istikrarl\u0131 ve g\u00fcvenilir \u00fcr\u00fcn kalitesi sa\u011flamak i\u00e7in y\u00fcksek kaliteli malzemeler ve geli\u015fmi\u015f ekipman se\u00e7in.<\/li>\n<li><strong>Zaman\u0131nda Teslimat<\/strong>: \u00dcretim s\u00fcrecini optimize etmek, \u00fcretim verimlili\u011fini art\u0131rmak, m\u00fc\u015fteri sipari\u015flerinin zaman\u0131nda teslim edilmesini sa\u011flamak, m\u00fc\u015fterilerin acil ihtiya\u00e7lar\u0131n\u0131 kar\u015f\u0131lamak.<\/li>\n<li><strong>Profesyonel Teknik Destek<\/strong>: Talebe zaman\u0131nda yan\u0131t ve \u00e7\u00f6z\u00fcm sa\u011flamak i\u00e7in profesyonel teknik destek ve sat\u0131\u015f sonras\u0131 hizmet sa\u011flamak i\u00e7in deneyimli teknik ekip.<\/li>\n<li><strong>\u00dccretsiz \u00d6rnek<\/strong>: \u00dcr\u00fcnleri de\u011ferlendirmeniz i\u00e7in \u00fccretsiz numune hizmeti sa\u011flay\u0131n.<\/li>\n<\/ul>\n<p>Huiyang Packaging, m\u00fc\u015fterilerine \u00fcr\u00fcn imajlar\u0131n\u0131 ve pazar rekabet g\u00fc\u00e7lerini art\u0131rmalar\u0131na yard\u0131mc\u0131 olmak i\u00e7in y\u00fcksek kaliteli, \u00f6zel bask\u0131l\u0131 rulo stok filmi sa\u011flamay\u0131 taahh\u00fct eder. \u00fcr\u00fcnlerine olan talep.<\/p>","protected":false},"featured_media":4438,"comment_status":"open","ping_status":"closed","template":"","meta":[],"product_brand":[],"product_cat":[53],"product_tag":[],"class_list":{"0":"post-4437","1":"product","2":"type-product","3":"status-publish","4":"has-post-thumbnail","6":"product_cat-packaging-film-supplier","8":"first","9":"instock","10":"shipping-taxable","11":"product-type-simple"},"_links":{"self":[{"href":"https:\/\/www.hyflexpack.com\/tr\/wp-json\/wp\/v2\/product\/4437","targetHints":{"allow":["GET"]}}],"collection":[{"href":"https:\/\/www.hyflexpack.com\/tr\/wp-json\/wp\/v2\/product"}],"about":[{"href":"https:\/\/www.hyflexpack.com\/tr\/wp-json\/wp\/v2\/types\/product"}],"replies":[{"embeddable":true,"href":"https:\/\/www.hyflexpack.com\/tr\/wp-json\/wp\/v2\/comments?post=4437"}],"wp:featuredmedia":[{"embeddable":true,"href":"https:\/\/www.hyflexpack.com\/tr\/wp-json\/wp\/v2\/media\/4438"}],"wp:attachment":[{"href":"https:\/\/www.hyflexpack.com\/tr\/wp-json\/wp\/v2\/media?parent=4437"}],"wp:term":[{"taxonomy":"product_brand","embeddable":true,"href":"https:\/\/www.hyflexpack.com\/tr\/wp-json\/wp\/v2\/product_brand?post=4437"},{"taxonomy":"product_cat","embeddable":true,"href":"https:\/\/www.hyflexpack.com\/tr\/wp-json\/wp\/v2\/product_cat?post=4437"},{"taxonomy":"product_tag","embeddable":true,"href":"https:\/\/www.hyflexpack.com\/tr\/wp-json\/wp\/v2\/product_tag?post=4437"}],"curies":[{"name":"wp","href":"https:\/\/api.w.org\/{rel}","templated":true}]}}