{"id":3799,"date":"2024-05-25T03:47:47","date_gmt":"2024-05-25T03:47:47","guid":{"rendered":"https:\/\/hyflexpack.com\/?post_type=product&#038;p=3799"},"modified":"2024-05-25T03:54:57","modified_gmt":"2024-05-25T03:54:57","slug":"fabrika-dogrudan-cerez-ambalaj-filmi","status":"publish","type":"product","link":"https:\/\/www.hyflexpack.com\/tr\/product\/factory-direct-cookie-packaging-film\/","title":{"rendered":"G\u0131da Ambalaj Malzemesi i\u00e7in Fabrika Do\u011frudan \u00c7erez Ambalaj Filmi Mat Y\u00fczey Laminasyon Filmi"},"content":{"rendered":"<div class=\"wp-block-columns is-layout-flex wp-container-core-columns-is-layout-9d6595d7 wp-block-columns-is-layout-flex\">\n<div class=\"wp-block-column is-layout-flow wp-block-column-is-layout-flow\">\n<h3 class=\"wp-block-heading\">Y\u00fcksek Kaliteli \u00c7erez Ambalaj Filminin \u00d6zellikleri<\/h3>\n\n\n\n<ul class=\"wp-block-list\">\n<li>Kurabiye Ambalaj\u0131 i\u00e7in Tasarland\u0131: Bu film, kurabiyelerin ve di\u011fer unlu mamullerin ambalaj ihtiya\u00e7lar\u0131 i\u00e7in \u00f6zel olarak tasarlanm\u0131\u015ft\u0131r ve yiyeceklerin taze ve lezzetli kalmas\u0131n\u0131 sa\u011flar.<\/li>\n<\/ul>\n\n\n\n<p><\/p>\n\n\n\n<ul class=\"wp-block-list\">\n<li>Mat Y\u00fczey \u0130\u015flemi: Mat y\u00fczey i\u015fleme teknolojisi, ambalaj\u0131n g\u00f6r\u00fcn\u00fcm\u00fcn\u00fc daha hassas ve daha iyi bir doku haline getirerek t\u00fcketicilerin dikkatini \u00e7ekmek i\u00e7in kullan\u0131l\u0131r.<\/li>\n<\/ul>\n\n\n\n<p><\/p>\n\n\n\n<ul class=\"wp-block-list\">\n<li>Kaliteli Malzeme Garantisi: Kurabiye paketleme po\u015fetlerinin, g\u0131dan\u0131n tazelik s\u00fcresini uzatan \u00e7ok katmanl\u0131 kompozit teknolojisi sayesinde iyi antioksidan ve neme dayan\u0131kl\u0131 \u00f6zelliklere sahip olmas\u0131n\u0131 sa\u011flamak i\u00e7in y\u00fcksek kaliteli g\u0131da s\u0131n\u0131f\u0131 malzemeler kullan\u0131l\u0131r.<\/li>\n<\/ul>\n\n\n\n<p><\/p>\n\n\n\n<ul class=\"wp-block-list\">\n<li>Marka Konumland\u0131rma: \u00d6zel tasar\u0131m ve bask\u0131, daha fazla t\u00fcketiciyi \u00e7ekmek i\u00e7in marka imaj\u0131n\u0131 ve mesaj\u0131n\u0131 vurgulamak i\u00e7in kullan\u0131labilir.<\/li>\n<\/ul>\n\n\n\n<p><\/p>\n\n\n\n<ul class=\"wp-block-list\">\n<li>S\u00fcrd\u00fcr\u00fclebilirlik: T\u00fcketicilerin \u00e7evre dostu \u00fcr\u00fcnlere y\u00f6nelik tercihlerini kar\u015f\u0131lamak i\u00e7in biyolojik olarak par\u00e7alanabilen malzemeler kullan\u0131n veya geri d\u00f6n\u00fc\u015ft\u00fcr\u00fclebilir po\u015fetler sunun.<\/li>\n<\/ul>\n<\/div>\n\n\n\n<div class=\"wp-block-column is-layout-flow wp-block-column-is-layout-flow\">\n<figure class=\"wp-block-image size-full\"><img fetchpriority=\"high\" decoding=\"async\" width=\"750\" height=\"750\" src=\"https:\/\/hyflexpack.com\/wp-content\/uploads\/2024\/05\/Factory-Direct-Cookie-Packaging-Film-2.webp\" alt=\"Fabrika Do\u011frudan \u00c7erez Ambalaj Filmi\" class=\"wp-image-3803\" srcset=\"https:\/\/www.hyflexpack.com\/wp-content\/uploads\/2024\/05\/Factory-Direct-Cookie-Packaging-Film-2.webp 750w, https:\/\/www.hyflexpack.com\/wp-content\/uploads\/2024\/05\/Factory-Direct-Cookie-Packaging-Film-2-300x300.webp 300w, https:\/\/www.hyflexpack.com\/wp-content\/uploads\/2024\/05\/Factory-Direct-Cookie-Packaging-Film-2-150x150.webp 150w, https:\/\/www.hyflexpack.com\/wp-content\/uploads\/2024\/05\/Factory-Direct-Cookie-Packaging-Film-2-285x285.webp 285w, https:\/\/www.hyflexpack.com\/wp-content\/uploads\/2024\/05\/Factory-Direct-Cookie-Packaging-Film-2-270x270.webp 270w, https:\/\/www.hyflexpack.com\/wp-content\/uploads\/2024\/05\/Factory-Direct-Cookie-Packaging-Film-2-540x540.webp 540w, https:\/\/www.hyflexpack.com\/wp-content\/uploads\/2024\/05\/Factory-Direct-Cookie-Packaging-Film-2-660x660.webp 660w\" sizes=\"(max-width: 750px) 100vw, 750px\" \/><\/figure>\n<\/div>\n<\/div>","protected":false},"excerpt":{"rendered":"<p>Y\u00fcksek kaliteli \u00f6zelle\u015ftirilmi\u015f kurabiye ambalaj filmi rulolar\u0131 i\u00e7in Huiyang Packaging'i se\u00e7in. Kurabiye \u00fcr\u00fcnlerinizin taze ve g\u00fcvenli olmas\u0131n\u0131 sa\u011flamak i\u00e7in profesyonel \u00f6zelle\u015ftirilmi\u015f bask\u0131 \u00e7\u00f6z\u00fcmleri sunuyoruz.<\/p>\n<h3>\u00c7erez Ambalaj Filminin Avantajlar\u0131<\/h3>\n<ul>\n<li><strong>\u00d6zel Tasar\u0131m<\/strong>: M\u00fc\u015fterilerin ihtiya\u00e7lar\u0131na g\u00f6re ki\u015fiselle\u015ftirilmi\u015f tasar\u0131m \u00e7\u00f6z\u00fcmleri sa\u011flay\u0131n, farkl\u0131 \u00f6zellikleri, boyutlar\u0131 ve 10 renge kadar bask\u0131y\u0131 kar\u015f\u0131lay\u0131n, OEM ve ODM \u00f6zelle\u015ftirmesini destekleyin.<\/li>\n<li><strong>H\u0131zl\u0131 Teslimat<\/strong>: Verimli \u00fcretim kapasitesi ve tedarik zinciri y\u00f6netim sistemi ile, \u00fcr\u00fcnlerin zaman\u0131nda teslim edilmesini sa\u011flamak i\u00e7in m\u00fc\u015fteri sipari\u015flerine zaman\u0131nda cevap verebiliyoruz.<\/li>\n<li><strong>\u00c7ok Y\u00f6nl\u00fc Destek<\/strong>: Profesyonel teknik ekip ve sat\u0131\u015f sonras\u0131 servis ekibi, m\u00fc\u015fterilere teknik destek ve \u00e7\u00f6z\u00fcmler sunmak i\u00e7in \u00e7ok y\u00f6nl\u00fc sat\u0131\u015f \u00f6ncesi dan\u0131\u015fmanl\u0131k ve sat\u0131\u015f sonras\u0131 destek sa\u011flar.<\/li>\n<li><strong>\u00dccretsiz \u00d6rnek<\/strong>: \u00dcr\u00fcnleri de\u011ferlendirmeniz i\u00e7in \u00fccretsiz numune hizmeti sa\u011flay\u0131n.<\/li>\n<\/ul>\n<p>Huiyang Packaging, m\u00fc\u015fterilerine \u00fcr\u00fcn imajlar\u0131n\u0131 ve pazar rekabet g\u00fc\u00e7lerini art\u0131rmalar\u0131na yard\u0131mc\u0131 olmak i\u00e7in y\u00fcksek kaliteli, \u00f6zelle\u015ftirilmi\u015f \u00e7erez ambalaj po\u015fetleri sa\u011flamay\u0131 taahh\u00fct eder. \u00fcr\u00fcnlerine olan talep.<\/p>","protected":false},"featured_media":3807,"comment_status":"open","ping_status":"closed","template":"","meta":[],"product_brand":[],"product_cat":[53],"product_tag":[],"class_list":{"0":"post-3799","1":"product","2":"type-product","3":"status-publish","4":"has-post-thumbnail","6":"product_cat-packaging-film-supplier","8":"first","9":"instock","10":"shipping-taxable","11":"product-type-simple"},"_links":{"self":[{"href":"https:\/\/www.hyflexpack.com\/tr\/wp-json\/wp\/v2\/product\/3799","targetHints":{"allow":["GET"]}}],"collection":[{"href":"https:\/\/www.hyflexpack.com\/tr\/wp-json\/wp\/v2\/product"}],"about":[{"href":"https:\/\/www.hyflexpack.com\/tr\/wp-json\/wp\/v2\/types\/product"}],"replies":[{"embeddable":true,"href":"https:\/\/www.hyflexpack.com\/tr\/wp-json\/wp\/v2\/comments?post=3799"}],"wp:featuredmedia":[{"embeddable":true,"href":"https:\/\/www.hyflexpack.com\/tr\/wp-json\/wp\/v2\/media\/3807"}],"wp:attachment":[{"href":"https:\/\/www.hyflexpack.com\/tr\/wp-json\/wp\/v2\/media?parent=3799"}],"wp:term":[{"taxonomy":"product_brand","embeddable":true,"href":"https:\/\/www.hyflexpack.com\/tr\/wp-json\/wp\/v2\/product_brand?post=3799"},{"taxonomy":"product_cat","embeddable":true,"href":"https:\/\/www.hyflexpack.com\/tr\/wp-json\/wp\/v2\/product_cat?post=3799"},{"taxonomy":"product_tag","embeddable":true,"href":"https:\/\/www.hyflexpack.com\/tr\/wp-json\/wp\/v2\/product_tag?post=3799"}],"curies":[{"name":"wp","href":"https:\/\/api.w.org\/{rel}","templated":true}]}}