{"id":3790,"date":"2024-05-25T03:03:49","date_gmt":"2024-05-25T03:03:49","guid":{"rendered":"https:\/\/hyflexpack.com\/?post_type=product&#038;p=3790"},"modified":"2024-05-25T03:03:51","modified_gmt":"2024-05-25T03:03:51","slug":"wholesale-cake-packaging-film","status":"publish","type":"product","link":"https:\/\/www.hyflexpack.com\/tr\/product\/wholesale-cake-packaging-film\/","title":{"rendered":"Toptan Kek Ambalaj Filmi Al\u00fcminyum Folyo G\u0131da Ambalaj Malzemesi Laminasyon Filmi 35mm"},"content":{"rendered":"<div class=\"wp-block-columns is-layout-flex wp-container-core-columns-is-layout-9d6595d7 wp-block-columns-is-layout-flex\">\n<div class=\"wp-block-column is-layout-flow wp-block-column-is-layout-flow\">\n<h3 class=\"wp-block-heading\">Y\u00fcksek Kaliteli Kek Ambalaj Filminin \u00d6zellikleri<\/h3>\n\n\n\n<ul class=\"wp-block-list\">\n<li>Y\u00fcksek Kaliteli Al\u00fcminyum Folyo Malzemesi: Kek ambalaj filmi, g\u0131da ambalaj\u0131n\u0131n g\u00fcvenli\u011fini ve dayan\u0131kl\u0131l\u0131\u011f\u0131n\u0131 sa\u011flayan ve kek ve di\u011fer g\u0131da \u00fcr\u00fcnlerinin tazeli\u011fini ve kalitesini etkili bir \u015fekilde koruyan y\u00fcksek kaliteli al\u00fcminyum folyodan yap\u0131lm\u0131\u015ft\u0131r.<\/li>\n<\/ul>\n\n\n\n<p><\/p>\n\n\n\n<ul class=\"wp-block-list\">\n<li>\u00c7ok Katmanl\u0131 Laminasyon Teknolojisi: Filmin m\u00fckemmel anti-oksidasyon, nem ve kir direnci \u00f6zelliklerine sahip olmas\u0131n\u0131 sa\u011flayan ve g\u0131dan\u0131n tad\u0131n\u0131 ve g\u00f6r\u00fcn\u00fcm\u00fcn\u00fc koruyan geli\u015fmi\u015f \u00e7ok katmanl\u0131 laminasyon teknolojisi benimsenmi\u015ftir.<\/li>\n<\/ul>\n\n\n\n<p><\/p>\n\n\n\n<ul class=\"wp-block-list\">\n<li>35mm Kal\u0131nl\u0131k: Tam 35 mm kal\u0131nl\u0131k, paketin a\u011f\u0131rl\u0131\u011f\u0131n\u0131 ve maliyetini art\u0131rmadan filmin sa\u011flaml\u0131\u011f\u0131n\u0131 ve stabilitesini sa\u011flayarak m\u00fc\u015fterilere ekonomik bir \u00e7\u00f6z\u00fcm sunar.<\/li>\n<\/ul>\n\n\n\n<p><\/p>\n\n\n\n<ul class=\"wp-block-list\">\n<li>Marka Konumland\u0131rma: \u00d6zel tasar\u0131m ve bask\u0131, daha fazla t\u00fcketiciyi \u00e7ekmek i\u00e7in marka imaj\u0131n\u0131 ve mesaj\u0131n\u0131 vurgulamak i\u00e7in kullan\u0131labilir.<\/li>\n<\/ul>\n\n\n\n<p><\/p>\n\n\n\n<ul class=\"wp-block-list\">\n<li>S\u00fcrd\u00fcr\u00fclebilirlik: T\u00fcketicilerin \u00e7evre dostu \u00fcr\u00fcnlere y\u00f6nelik tercihlerini kar\u015f\u0131lamak i\u00e7in biyolojik olarak par\u00e7alanabilen malzemeler kullan\u0131n veya geri d\u00f6n\u00fc\u015ft\u00fcr\u00fclebilir po\u015fetler sunun.<\/li>\n<\/ul>\n<\/div>\n\n\n\n<div class=\"wp-block-column is-layout-flow wp-block-column-is-layout-flow\">\n<figure class=\"wp-block-image size-full\"><img fetchpriority=\"high\" decoding=\"async\" width=\"750\" height=\"750\" src=\"https:\/\/hyflexpack.com\/wp-content\/uploads\/2024\/05\/Wholesale-Cake-Packaging-Film-7.webp\" alt=\"Toptan Pasta Paketleme Filmi\" class=\"wp-image-3797\" srcset=\"https:\/\/www.hyflexpack.com\/wp-content\/uploads\/2024\/05\/Wholesale-Cake-Packaging-Film-7.webp 750w, https:\/\/www.hyflexpack.com\/wp-content\/uploads\/2024\/05\/Wholesale-Cake-Packaging-Film-7-300x300.webp 300w, https:\/\/www.hyflexpack.com\/wp-content\/uploads\/2024\/05\/Wholesale-Cake-Packaging-Film-7-150x150.webp 150w, https:\/\/www.hyflexpack.com\/wp-content\/uploads\/2024\/05\/Wholesale-Cake-Packaging-Film-7-285x285.webp 285w, https:\/\/www.hyflexpack.com\/wp-content\/uploads\/2024\/05\/Wholesale-Cake-Packaging-Film-7-270x270.webp 270w, https:\/\/www.hyflexpack.com\/wp-content\/uploads\/2024\/05\/Wholesale-Cake-Packaging-Film-7-540x540.webp 540w, https:\/\/www.hyflexpack.com\/wp-content\/uploads\/2024\/05\/Wholesale-Cake-Packaging-Film-7-660x660.webp 660w\" sizes=\"(max-width: 750px) 100vw, 750px\" \/><\/figure>\n<\/div>\n<\/div>","protected":false},"excerpt":{"rendered":"<p>G\u0131dalar\u0131n tazeli\u011fini ve kalitesini sa\u011flamak i\u00e7in m\u00fc\u015fterilere g\u00fcvenli ve g\u00fcvenilir esnek ambalaj \u00e7\u00f6z\u00fcmleri sunmak \u00fczere y\u00fcksek kaliteli malzemeler, ileri teknoloji ve ki\u015fiselle\u015ftirilmi\u015f \u00f6zelle\u015ftirilmi\u015f hizmetler i\u00e7eren kek ambalaj filmlerimizi ke\u015ffedin. \u00d6zel ambalaj \u00e7\u00f6z\u00fcmlerini \u00f6zelle\u015ftirmek i\u00e7in bug\u00fcn bize ula\u015f\u0131n!<\/p>\n<h3>Kek Ambalaj Filminin Avantajlar\u0131<\/h3>\n<ul>\n<li><strong>\u00d6zelle\u015ftirilmi\u015f Hizmet<\/strong>: M\u00fc\u015fterilerin ihtiya\u00e7lar\u0131na g\u00f6re boyut, renk ve 10 renge kadar bask\u0131 gibi detaylar\u0131 \u00f6zelle\u015ftirerek farkl\u0131 m\u00fc\u015fterilerin \u00f6zel ihtiya\u00e7lar\u0131n\u0131 kar\u015f\u0131lamak i\u00e7in ki\u015fiselle\u015ftirilmi\u015f \u00f6zelle\u015ftirilmi\u015f hizmet sunmak.<\/li>\n<li><strong>Verimli \u00dcretim<\/strong>: Geli\u015fmi\u015f \u00fcretim ekipmanlar\u0131 ve teknik ekibimizle, m\u00fc\u015fteri sipari\u015flerine h\u0131zl\u0131 bir \u015fekilde cevap verebiliyor ve \u00fcr\u00fcnlerin y\u00fcksek kalitede ve zaman\u0131nda teslim edilmesini sa\u011flayabiliyoruz.<\/li>\n<li><strong>Profesyonel Teknik Destek<\/strong>: Talebe zaman\u0131nda yan\u0131t ve \u00e7\u00f6z\u00fcm sa\u011flamak i\u00e7in profesyonel teknik destek ve sat\u0131\u015f sonras\u0131 hizmet sa\u011flamak i\u00e7in deneyimli teknik ekip.<\/li>\n<li><strong>\u00dccretsiz \u00d6rnek<\/strong>: \u00dcr\u00fcnleri de\u011ferlendirmeniz i\u00e7in \u00fccretsiz numune hizmeti sa\u011flay\u0131n.<\/li>\n<\/ul>\n<p>Huiyang Packaging, m\u00fc\u015fterilerine \u00fcr\u00fcn imajlar\u0131n\u0131 ve pazar rekabet g\u00fc\u00e7lerini art\u0131rmalar\u0131na yard\u0131mc\u0131 olmak i\u00e7in y\u00fcksek kaliteli, \u00f6zelle\u015ftirilmi\u015f kek ambalaj filmleri sa\u011flamay\u0131 taahh\u00fct eder. \u00fcr\u00fcnlerine olan talep.<\/p>","protected":false},"featured_media":3793,"comment_status":"open","ping_status":"closed","template":"","meta":[],"product_brand":[],"product_cat":[53],"product_tag":[],"class_list":{"0":"post-3790","1":"product","2":"type-product","3":"status-publish","4":"has-post-thumbnail","6":"product_cat-packaging-film-supplier","8":"first","9":"instock","10":"shipping-taxable","11":"product-type-simple"},"_links":{"self":[{"href":"https:\/\/www.hyflexpack.com\/tr\/wp-json\/wp\/v2\/product\/3790","targetHints":{"allow":["GET"]}}],"collection":[{"href":"https:\/\/www.hyflexpack.com\/tr\/wp-json\/wp\/v2\/product"}],"about":[{"href":"https:\/\/www.hyflexpack.com\/tr\/wp-json\/wp\/v2\/types\/product"}],"replies":[{"embeddable":true,"href":"https:\/\/www.hyflexpack.com\/tr\/wp-json\/wp\/v2\/comments?post=3790"}],"wp:featuredmedia":[{"embeddable":true,"href":"https:\/\/www.hyflexpack.com\/tr\/wp-json\/wp\/v2\/media\/3793"}],"wp:attachment":[{"href":"https:\/\/www.hyflexpack.com\/tr\/wp-json\/wp\/v2\/media?parent=3790"}],"wp:term":[{"taxonomy":"product_brand","embeddable":true,"href":"https:\/\/www.hyflexpack.com\/tr\/wp-json\/wp\/v2\/product_brand?post=3790"},{"taxonomy":"product_cat","embeddable":true,"href":"https:\/\/www.hyflexpack.com\/tr\/wp-json\/wp\/v2\/product_cat?post=3790"},{"taxonomy":"product_tag","embeddable":true,"href":"https:\/\/www.hyflexpack.com\/tr\/wp-json\/wp\/v2\/product_tag?post=3790"}],"curies":[{"name":"wp","href":"https:\/\/api.w.org\/{rel}","templated":true}]}}