{"id":3660,"date":"2024-05-24T10:27:10","date_gmt":"2024-05-24T10:27:10","guid":{"rendered":"https:\/\/hyflexpack.com\/?post_type=product&#038;p=3660"},"modified":"2024-05-24T10:27:11","modified_gmt":"2024-05-24T10:27:11","slug":"wholesale-automatic-roll-film-packaging","status":"publish","type":"product","link":"https:\/\/www.hyflexpack.com\/tr\/product\/wholesale-automatic-roll-film-packaging\/","title":{"rendered":"Toptan Rulo Film Ambalaj Otomatik Po\u015fet Bask\u0131l\u0131 Lamine \u015eekerli Kurabiye Ambalaj\u0131"},"content":{"rendered":"<div class=\"wp-block-columns is-layout-flex wp-container-core-columns-is-layout-9d6595d7 wp-block-columns-is-layout-flex\">\n<div class=\"wp-block-column is-layout-flow wp-block-column-is-layout-flow\">\n<h3 class=\"wp-block-heading\">Y\u00fcksek Kaliteli Rulo Film Ambalaj\u0131n \u00d6zellikleri<\/h3>\n\n\n\n<ul class=\"wp-block-list\">\n<li>Film Haddeleyerek Otomatik Torba Yap\u0131m\u0131: otomatik torba yap\u0131m\u0131n\u0131 ger\u00e7ekle\u015ftirmek ve paketleme verimlili\u011fini ve \u00fcretim h\u0131z\u0131n\u0131 art\u0131rmak i\u00e7in geli\u015fmi\u015f film haddeleme teknolojisini benimser.<\/li>\n<\/ul>\n\n\n\n<p><\/p>\n\n\n\n<ul class=\"wp-block-list\">\n<li>Bask\u0131 ve Laminasyon Teknolojisi: Geli\u015fmi\u015f bask\u0131 ve laminasyon teknolojisini benimseyen ambalaj, renk ve g\u00f6rsel efektler a\u00e7\u0131s\u0131ndan zengindir, \u00fcr\u00fcn imaj\u0131n\u0131 ve \u00e7ekicili\u011fini art\u0131r\u0131r.<\/li>\n<\/ul>\n\n\n\n<p><\/p>\n\n\n\n<ul class=\"wp-block-list\">\n<li>\u015eekerli Bisk\u00fcviler i\u00e7in \u00d6zel Ambalajlar: \u015eekerli kurabiyeler i\u00e7in tasarlanm\u0131\u015f, \u00fcr\u00fcn \u00f6zelliklerini m\u00fckemmel bir \u015fekilde g\u00f6stermek i\u00e7in \u00f6zelle\u015ftirilmi\u015f boyut, \u015fekil ve tasar\u0131ma sahip ambalajlar sunuyoruz.<\/li>\n<\/ul>\n\n\n\n<p><\/p>\n\n\n\n<ul class=\"wp-block-list\">\n<li>Marka Konumland\u0131rma: \u00d6zel tasar\u0131m ve bask\u0131, daha fazla t\u00fcketiciyi \u00e7ekmek i\u00e7in marka imaj\u0131n\u0131 ve mesaj\u0131n\u0131 vurgulamak i\u00e7in kullan\u0131labilir.<\/li>\n\n\n\n<li><\/li>\n\n\n\n<li>S\u00fcrd\u00fcr\u00fclebilirlik: \u00c7evre dostu \u00fcr\u00fcnlere y\u00f6nelik t\u00fcketici tercihleri do\u011frultusunda biyolojik olarak par\u00e7alanabilen malzemeler kullanmay\u0131 veya geri d\u00f6n\u00fc\u015ft\u00fcr\u00fclebilir po\u015fetler piyasaya s\u00fcrmeyi d\u00fc\u015f\u00fcn\u00fcn.<\/li>\n<\/ul>\n<\/div>\n\n\n\n<div class=\"wp-block-column is-layout-flow wp-block-column-is-layout-flow\">\n<figure class=\"wp-block-image size-full\"><img fetchpriority=\"high\" decoding=\"async\" width=\"750\" height=\"750\" src=\"https:\/\/hyflexpack.com\/wp-content\/uploads\/2024\/05\/Wholesale-Roll-Film-Packaging-7.webp\" alt=\"Toptan Rulo Film Ambalaj\u0131\" class=\"wp-image-3682\" srcset=\"https:\/\/www.hyflexpack.com\/wp-content\/uploads\/2024\/05\/Wholesale-Roll-Film-Packaging-7.webp 750w, https:\/\/www.hyflexpack.com\/wp-content\/uploads\/2024\/05\/Wholesale-Roll-Film-Packaging-7-300x300.webp 300w, https:\/\/www.hyflexpack.com\/wp-content\/uploads\/2024\/05\/Wholesale-Roll-Film-Packaging-7-150x150.webp 150w, https:\/\/www.hyflexpack.com\/wp-content\/uploads\/2024\/05\/Wholesale-Roll-Film-Packaging-7-285x285.webp 285w, https:\/\/www.hyflexpack.com\/wp-content\/uploads\/2024\/05\/Wholesale-Roll-Film-Packaging-7-270x270.webp 270w, https:\/\/www.hyflexpack.com\/wp-content\/uploads\/2024\/05\/Wholesale-Roll-Film-Packaging-7-540x540.webp 540w, https:\/\/www.hyflexpack.com\/wp-content\/uploads\/2024\/05\/Wholesale-Roll-Film-Packaging-7-660x660.webp 660w\" sizes=\"(max-width: 750px) 100vw, 750px\" \/><\/figure>\n<\/div>\n<\/div>","protected":false},"excerpt":{"rendered":"<p>Bizi tan\u0131y\u0131n Rulo Film Ambalaj, rulo film \u00fczerine otomatik po\u015fet yap\u0131m\u0131 ile Bask\u0131l\u0131 Lamine \u015eekerli Kurabiye Ambalaj\u0131, ki\u015fiselle\u015ftirilmi\u015f \u00f6zelle\u015ftirme, kalite g\u00fcvencesi ve h\u0131zl\u0131 yan\u0131t kurumsal hizmet avantajlar\u0131 ile sunmaktad\u0131r. M\u00fc\u015fterilere y\u00fcksek kaliteli, \u00e7ekici \u00f6zelle\u015ftirilmi\u015f ambalaj \u00e7\u00f6z\u00fcmleri sunmaya adanm\u0131\u015ft\u0131r.<\/p>\n<h3>Rulo Film Ambalaj\u0131n Avantajlar\u0131<\/h3>\n<ul>\n<li><strong>\u00d6zel Tasar\u0131m<\/strong>: M\u00fc\u015fteri ihtiya\u00e7lar\u0131na g\u00f6re farkl\u0131 \u00f6zellikleri, boyutlar\u0131 ve 10 renge kadar bask\u0131 gereksinimlerini kar\u015f\u0131lamak i\u00e7in ki\u015fiselle\u015ftirilmi\u015f tasar\u0131m \u00e7\u00f6z\u00fcmleri sa\u011flay\u0131n, OEM ve ODM \u00f6zelle\u015ftirmesini destekleyin.<\/li>\n<li><strong>\u00dcretim<\/strong>:Geli\u015fmi\u015f ekipman ve teknoloji ile sipari\u015f \u00fcretimini y\u00fcksek verimlilik ve y\u00fcksek kalite ile tamamlayabilir ve zaman\u0131nda teslim edebiliriz.<\/li>\n<li><strong>Kalite Denetimi<\/strong>: \u00dcr\u00fcnlerin standartlar\u0131 kar\u015f\u0131lad\u0131\u011f\u0131ndan emin olmak i\u00e7in \u00fcretim i\u00e7in kalite standartlar\u0131n\u0131 ve g\u0131da g\u00fcvenli\u011fi gereksinimlerini s\u0131k\u0131 bir \u015fekilde takip edin.<\/li>\n<li><strong>M\u00fc\u015fteri Hizmetleri<\/strong>: H\u0131zl\u0131 yan\u0131t ve \u00f6zenli m\u00fc\u015fteri hizmetleri deste\u011fi sa\u011flamak i\u00e7in 24 saat.<\/li>\n<li><strong>\u00dccretsiz \u00d6rnek<\/strong>\uff1a \u00dcr\u00fcnleri de\u011ferlendirmeniz i\u00e7in \u00fccretsiz numune hizmeti sa\u011flay\u0131n.<\/li>\n<\/ul>\n<p>Huiyang Packaging, m\u00fc\u015fterilerin \u00fcr\u00fcn imaj\u0131n\u0131 iyile\u015ftirmesine ve pazar rekabet g\u00fcc\u00fcn\u00fc art\u0131rmas\u0131na yard\u0131mc\u0131 olmak i\u00e7in m\u00fc\u015fterilere y\u00fcksek kaliteli, \u00f6zelle\u015ftirilmi\u015f rulo film ambalaj\u0131 sa\u011flamay\u0131 taahh\u00fct eder.<\/p>","protected":false},"featured_media":3678,"comment_status":"open","ping_status":"closed","template":"","meta":[],"product_brand":[],"product_cat":[53],"product_tag":[],"class_list":{"0":"post-3660","1":"product","2":"type-product","3":"status-publish","4":"has-post-thumbnail","6":"product_cat-packaging-film-supplier","8":"first","9":"instock","10":"shipping-taxable","11":"product-type-simple"},"_links":{"self":[{"href":"https:\/\/www.hyflexpack.com\/tr\/wp-json\/wp\/v2\/product\/3660","targetHints":{"allow":["GET"]}}],"collection":[{"href":"https:\/\/www.hyflexpack.com\/tr\/wp-json\/wp\/v2\/product"}],"about":[{"href":"https:\/\/www.hyflexpack.com\/tr\/wp-json\/wp\/v2\/types\/product"}],"replies":[{"embeddable":true,"href":"https:\/\/www.hyflexpack.com\/tr\/wp-json\/wp\/v2\/comments?post=3660"}],"wp:featuredmedia":[{"embeddable":true,"href":"https:\/\/www.hyflexpack.com\/tr\/wp-json\/wp\/v2\/media\/3678"}],"wp:attachment":[{"href":"https:\/\/www.hyflexpack.com\/tr\/wp-json\/wp\/v2\/media?parent=3660"}],"wp:term":[{"taxonomy":"product_brand","embeddable":true,"href":"https:\/\/www.hyflexpack.com\/tr\/wp-json\/wp\/v2\/product_brand?post=3660"},{"taxonomy":"product_cat","embeddable":true,"href":"https:\/\/www.hyflexpack.com\/tr\/wp-json\/wp\/v2\/product_cat?post=3660"},{"taxonomy":"product_tag","embeddable":true,"href":"https:\/\/www.hyflexpack.com\/tr\/wp-json\/wp\/v2\/product_tag?post=3660"}],"curies":[{"name":"wp","href":"https:\/\/api.w.org\/{rel}","templated":true}]}}